{"id":2599,"date":"2017-11-13T12:41:19","date_gmt":"2017-11-13T12:41:19","guid":{"rendered":"http:\/\/www.pro-vo.at\/?page_id=2599"},"modified":"2017-11-13T12:41:19","modified_gmt":"2017-11-13T12:41:19","slug":"martha-2008","status":"publish","type":"page","link":"https:\/\/www.pro-vo.at\/index.php\/chronik\/martha-2008\/","title":{"rendered":"Martha 2008"},"content":{"rendered":"<h1>Klassenabend<\/h1>\n<p>Sch\u00fcler und Sch\u00fclerinnen<br \/>\nvon Martha Hammerer<\/p>\n<p>Samstag, 7. Juni 2008<br \/>\n15:00<\/p>\n<p><a href=\"http:\/\/www.pro-vo.at\/wp-content\/uploads\/2017\/11\/K1.jpg\" data-rel=\"lightbox-gallery-umxiKWM3\" data-rl_title=\"K1\" data-rl_caption=\"\" title=\"K1\"><img loading=\"lazy\" decoding=\"async\" class=\"alignnone size-thumbnail wp-image-2600\" src=\"http:\/\/www.pro-vo.at\/wp-content\/uploads\/2017\/11\/K1-150x150.jpg\" alt=\"\" width=\"150\" height=\"150\" \/><\/a> <a href=\"http:\/\/www.pro-vo.at\/wp-content\/uploads\/2017\/11\/K2.jpg\" data-rel=\"lightbox-gallery-umxiKWM3\" data-rl_title=\"K2\" data-rl_caption=\"\" title=\"K2\"><img loading=\"lazy\" decoding=\"async\" class=\"alignnone size-thumbnail wp-image-2601\" src=\"http:\/\/www.pro-vo.at\/wp-content\/uploads\/2017\/11\/K2-150x150.jpg\" alt=\"\" width=\"150\" height=\"150\" \/><\/a> <a href=\"http:\/\/www.pro-vo.at\/wp-content\/uploads\/2017\/11\/K3.jpg\" data-rel=\"lightbox-gallery-umxiKWM3\" data-rl_title=\"K3\" data-rl_caption=\"\" title=\"K3\"><img loading=\"lazy\" decoding=\"async\" class=\"alignnone size-thumbnail wp-image-2602\" src=\"http:\/\/www.pro-vo.at\/wp-content\/uploads\/2017\/11\/K3-150x150.jpg\" alt=\"\" width=\"150\" height=\"150\" \/><\/a> <a href=\"http:\/\/www.pro-vo.at\/wp-content\/uploads\/2017\/11\/K4.jpg\" data-rel=\"lightbox-gallery-umxiKWM3\" data-rl_title=\"K4\" data-rl_caption=\"\" title=\"K4\"><img loading=\"lazy\" decoding=\"async\" class=\"alignnone size-thumbnail wp-image-2603\" src=\"http:\/\/www.pro-vo.at\/wp-content\/uploads\/2017\/11\/K4-150x150.jpg\" alt=\"\" width=\"150\" height=\"150\" \/><\/a> <a href=\"http:\/\/www.pro-vo.at\/wp-content\/uploads\/2017\/11\/K5.jpg\" data-rel=\"lightbox-gallery-umxiKWM3\" data-rl_title=\"K5\" data-rl_caption=\"\" title=\"K5\"><img loading=\"lazy\" decoding=\"async\" class=\"alignnone size-thumbnail wp-image-2604\" src=\"http:\/\/www.pro-vo.at\/wp-content\/uploads\/2017\/11\/K5-150x150.jpg\" alt=\"\" width=\"150\" height=\"150\" \/><\/a> <a href=\"http:\/\/www.pro-vo.at\/wp-content\/uploads\/2017\/11\/K6.jpg\" data-rel=\"lightbox-gallery-umxiKWM3\" data-rl_title=\"K6\" data-rl_caption=\"\" title=\"K6\"><img loading=\"lazy\" decoding=\"async\" class=\"alignnone size-thumbnail wp-image-2605\" src=\"http:\/\/www.pro-vo.at\/wp-content\/uploads\/2017\/11\/K6-150x150.jpg\" alt=\"\" width=\"150\" height=\"150\" \/><\/a> <a href=\"http:\/\/www.pro-vo.at\/wp-content\/uploads\/2017\/11\/K7.jpg\" data-rel=\"lightbox-gallery-umxiKWM3\" data-rl_title=\"K7\" data-rl_caption=\"\" title=\"K7\"><img loading=\"lazy\" decoding=\"async\" class=\"alignnone size-thumbnail wp-image-2606\" src=\"http:\/\/www.pro-vo.at\/wp-content\/uploads\/2017\/11\/K7-150x150.jpg\" alt=\"\" width=\"150\" height=\"150\" \/><\/a> <a href=\"http:\/\/www.pro-vo.at\/wp-content\/uploads\/2017\/11\/K8.jpg\" data-rel=\"lightbox-gallery-umxiKWM3\" data-rl_title=\"K8\" data-rl_caption=\"\" title=\"K8\"><img loading=\"lazy\" decoding=\"async\" class=\"alignnone size-thumbnail wp-image-2607\" src=\"http:\/\/www.pro-vo.at\/wp-content\/uploads\/2017\/11\/K8-150x150.jpg\" alt=\"\" width=\"150\" height=\"150\" \/><\/a> <a href=\"http:\/\/www.pro-vo.at\/wp-content\/uploads\/2017\/11\/K9.jpg\" data-rel=\"lightbox-gallery-umxiKWM3\" data-rl_title=\"K9\" data-rl_caption=\"\" title=\"K9\"><img loading=\"lazy\" decoding=\"async\" class=\"alignnone size-thumbnail wp-image-2608\" src=\"http:\/\/www.pro-vo.at\/wp-content\/uploads\/2017\/11\/K9-150x150.jpg\" alt=\"\" width=\"150\" height=\"150\" \/><\/a> <a href=\"http:\/\/www.pro-vo.at\/wp-content\/uploads\/2017\/11\/K10.jpg\" data-rel=\"lightbox-gallery-umxiKWM3\" data-rl_title=\"K10\" data-rl_caption=\"\" title=\"K10\"><img loading=\"lazy\" decoding=\"async\" class=\"alignnone size-thumbnail wp-image-2609\" src=\"http:\/\/www.pro-vo.at\/wp-content\/uploads\/2017\/11\/K10-150x150.jpg\" alt=\"\" width=\"150\" height=\"150\" \/><\/a> <a href=\"http:\/\/www.pro-vo.at\/wp-content\/uploads\/2017\/11\/K11.jpg\" data-rel=\"lightbox-gallery-umxiKWM3\" data-rl_title=\"K11\" data-rl_caption=\"\" title=\"K11\"><img loading=\"lazy\" decoding=\"async\" class=\"alignnone size-thumbnail wp-image-2610\" src=\"http:\/\/www.pro-vo.at\/wp-content\/uploads\/2017\/11\/K11-150x150.jpg\" alt=\"\" width=\"150\" height=\"150\" \/><\/a> <a href=\"http:\/\/www.pro-vo.at\/wp-content\/uploads\/2017\/11\/K12.jpg\" data-rel=\"lightbox-gallery-umxiKWM3\" data-rl_title=\"K12\" data-rl_caption=\"\" title=\"K12\"><img loading=\"lazy\" decoding=\"async\" class=\"alignnone size-thumbnail wp-image-2611\" src=\"http:\/\/www.pro-vo.at\/wp-content\/uploads\/2017\/11\/K12-150x150.jpg\" alt=\"\" width=\"150\" height=\"150\" \/><\/a> <a href=\"http:\/\/www.pro-vo.at\/wp-content\/uploads\/2017\/11\/K13.jpg\" data-rel=\"lightbox-gallery-umxiKWM3\" data-rl_title=\"K13\" data-rl_caption=\"\" title=\"K13\"><img loading=\"lazy\" decoding=\"async\" class=\"alignnone size-thumbnail wp-image-2612\" src=\"http:\/\/www.pro-vo.at\/wp-content\/uploads\/2017\/11\/K13-150x150.jpg\" alt=\"\" width=\"150\" height=\"150\" \/><\/a> <a href=\"http:\/\/www.pro-vo.at\/wp-content\/uploads\/2017\/11\/K14.jpg\" data-rel=\"lightbox-gallery-umxiKWM3\" data-rl_title=\"K14\" data-rl_caption=\"\" title=\"K14\"><img loading=\"lazy\" decoding=\"async\" class=\"alignnone size-thumbnail wp-image-2613\" src=\"http:\/\/www.pro-vo.at\/wp-content\/uploads\/2017\/11\/K14-150x150.jpg\" alt=\"\" width=\"150\" height=\"150\" \/><\/a> <a href=\"http:\/\/www.pro-vo.at\/wp-content\/uploads\/2017\/11\/K15.jpg\" data-rel=\"lightbox-gallery-umxiKWM3\" data-rl_title=\"K15\" data-rl_caption=\"\" title=\"K15\"><img loading=\"lazy\" decoding=\"async\" class=\"alignnone size-thumbnail wp-image-2614\" src=\"http:\/\/www.pro-vo.at\/wp-content\/uploads\/2017\/11\/K15-150x150.jpg\" alt=\"\" width=\"150\" height=\"150\" \/><\/a><\/p>\n<p>Aline<br \/>\nAnnegret-Walzer<br \/>\nEin Elefant ging ohne Hetz<\/p>\n<p>Fabian<br \/>\nSascha liebt nicht gro\u00dfe Worte<\/p>\n<p>Agatha<br \/>\nMy first Boogie<\/p>\n<p>G\u00fcnter und Nina<br \/>\nSchau Schatzi<\/p>\n<p>Christina<br \/>\nIch lieb den Fr\u00fchling<br \/>\nDracula-Rock<\/p>\n<p>Andreas<br \/>\nNonesuch<\/p>\n<p>Pia und Barbara<br \/>\nWhen you\u2019re gone<\/p>\n<p>Anna<br \/>\nIn the Hall of the Mountain King<\/p>\n<p>Barbara<br \/>\nBossa-Nova-Breeze<\/p>\n<p>Ensemble mit der Unterst\u00fctzung des Publikums:<br \/>\nWake me up when September ends<\/p>\n<p><a href=\"http:\/\/www.pro-vo.at\/index.php\/chronik\/\">Zur\u00fcck zur Chronik<\/a><\/p>\n","protected":false},"excerpt":{"rendered":"<p>Klassenabend Sch\u00fcler und Sch\u00fclerinnen von Martha Hammerer Samstag, 7. Juni 2008 15:00 Aline Annegret-Walzer Ein Elefant ging ohne Hetz Fabian Sascha liebt nicht gro\u00dfe Worte Agatha My first Boogie G\u00fcnter und Nina Schau Schatzi Christina Ich lieb den Fr\u00fchling Dracula-Rock Andreas Nonesuch Pia und Barbara When you\u2019re gone Anna In the Hall of the Mountain &#8230; <a title=\"Martha 2008\" class=\"read-more\" href=\"https:\/\/www.pro-vo.at\/index.php\/chronik\/martha-2008\/\" aria-label=\"Mehr Informationen \u00fcber Martha 2008\">Weiterlesen<\/a><\/p>\n","protected":false},"author":1,"featured_media":0,"parent":28,"menu_order":0,"comment_status":"closed","ping_status":"closed","template":"","meta":{"footnotes":""},"class_list":["post-2599","page","type-page","status-publish"],"_links":{"self":[{"href":"https:\/\/www.pro-vo.at\/index.php\/wp-json\/wp\/v2\/pages\/2599","targetHints":{"allow":["GET"]}}],"collection":[{"href":"https:\/\/www.pro-vo.at\/index.php\/wp-json\/wp\/v2\/pages"}],"about":[{"href":"https:\/\/www.pro-vo.at\/index.php\/wp-json\/wp\/v2\/types\/page"}],"author":[{"embeddable":true,"href":"https:\/\/www.pro-vo.at\/index.php\/wp-json\/wp\/v2\/users\/1"}],"replies":[{"embeddable":true,"href":"https:\/\/www.pro-vo.at\/index.php\/wp-json\/wp\/v2\/comments?post=2599"}],"version-history":[{"count":1,"href":"https:\/\/www.pro-vo.at\/index.php\/wp-json\/wp\/v2\/pages\/2599\/revisions"}],"predecessor-version":[{"id":2615,"href":"https:\/\/www.pro-vo.at\/index.php\/wp-json\/wp\/v2\/pages\/2599\/revisions\/2615"}],"up":[{"embeddable":true,"href":"https:\/\/www.pro-vo.at\/index.php\/wp-json\/wp\/v2\/pages\/28"}],"wp:attachment":[{"href":"https:\/\/www.pro-vo.at\/index.php\/wp-json\/wp\/v2\/media?parent=2599"}],"curies":[{"name":"wp","href":"https:\/\/api.w.org\/{rel}","templated":true}]}}