{"id":2554,"date":"2017-11-11T11:58:27","date_gmt":"2017-11-11T11:58:27","guid":{"rendered":"http:\/\/www.pro-vo.at\/?page_id=2554"},"modified":"2017-11-11T11:58:27","modified_gmt":"2017-11-11T11:58:27","slug":"advent-2007","status":"publish","type":"page","link":"https:\/\/www.pro-vo.at\/index.php\/chronik\/advent-2007\/","title":{"rendered":"Advent 2007"},"content":{"rendered":"<h1>Adventfeier 2007 in der pro-vo<\/h1>\n<p>am Samstag, 8. Dezember 2007 um 17 Uhr<\/p>\n<p>Eine stimmungsvolle Adventfeier in der pro-vo, gleichzeitig feiert die Sektion Musizieren &amp; Malen des<br \/>\nFreizeit- und Sportvereins der Erste Bank den ersten Geburtstag.<br \/>\nBei Punsch und weihnachtlichen Leckereien spielen die Sch\u00fclerinnen und Sch\u00fcler der pro-vo<br \/>\nein adventliches Programm.<\/p>\n<p><a href=\"http:\/\/www.pro-vo.at\/wp-content\/uploads\/2017\/11\/adv1.jpg\" data-rel=\"lightbox-gallery-HPoPZS6L\" data-rl_title=\"adv1\" data-rl_caption=\"\" title=\"adv1\"><img loading=\"lazy\" decoding=\"async\" class=\"alignnone size-thumbnail wp-image-2555\" src=\"http:\/\/www.pro-vo.at\/wp-content\/uploads\/2017\/11\/adv1-150x150.jpg\" alt=\"\" width=\"150\" height=\"150\" \/><\/a> <a href=\"http:\/\/www.pro-vo.at\/wp-content\/uploads\/2017\/11\/adv2.jpg\" data-rel=\"lightbox-gallery-HPoPZS6L\" data-rl_title=\"adv2\" data-rl_caption=\"\" title=\"adv2\"><img loading=\"lazy\" decoding=\"async\" class=\"alignnone size-thumbnail wp-image-2556\" src=\"http:\/\/www.pro-vo.at\/wp-content\/uploads\/2017\/11\/adv2-150x150.jpg\" alt=\"\" width=\"150\" height=\"150\" \/><\/a> <a href=\"http:\/\/www.pro-vo.at\/wp-content\/uploads\/2017\/11\/adv3.jpg\" data-rel=\"lightbox-gallery-HPoPZS6L\" data-rl_title=\"adv3\" data-rl_caption=\"\" title=\"adv3\"><img loading=\"lazy\" decoding=\"async\" class=\"alignnone size-thumbnail wp-image-2557\" src=\"http:\/\/www.pro-vo.at\/wp-content\/uploads\/2017\/11\/adv3-150x150.jpg\" alt=\"\" width=\"150\" height=\"150\" \/><\/a> <a href=\"http:\/\/www.pro-vo.at\/wp-content\/uploads\/2017\/11\/adv4.jpg\" data-rel=\"lightbox-gallery-HPoPZS6L\" data-rl_title=\"adv4\" data-rl_caption=\"\" title=\"adv4\"><img loading=\"lazy\" decoding=\"async\" class=\"alignnone size-thumbnail wp-image-2558\" src=\"http:\/\/www.pro-vo.at\/wp-content\/uploads\/2017\/11\/adv4-150x150.jpg\" alt=\"\" width=\"150\" height=\"150\" \/><\/a> <a href=\"http:\/\/www.pro-vo.at\/wp-content\/uploads\/2017\/11\/adv5.jpg\" data-rel=\"lightbox-gallery-HPoPZS6L\" data-rl_title=\"adv5\" data-rl_caption=\"\" title=\"adv5\"><img loading=\"lazy\" decoding=\"async\" class=\"alignnone size-thumbnail wp-image-2559\" src=\"http:\/\/www.pro-vo.at\/wp-content\/uploads\/2017\/11\/adv5-150x150.jpg\" alt=\"\" width=\"150\" height=\"150\" \/><\/a> <a href=\"http:\/\/www.pro-vo.at\/wp-content\/uploads\/2017\/11\/adv6.jpg\" data-rel=\"lightbox-gallery-HPoPZS6L\" data-rl_title=\"adv6\" data-rl_caption=\"\" title=\"adv6\"><img loading=\"lazy\" decoding=\"async\" class=\"alignnone size-thumbnail wp-image-2560\" src=\"http:\/\/www.pro-vo.at\/wp-content\/uploads\/2017\/11\/adv6-150x150.jpg\" alt=\"\" width=\"150\" height=\"150\" \/><\/a> <a href=\"http:\/\/www.pro-vo.at\/wp-content\/uploads\/2017\/11\/adv7.jpg\" data-rel=\"lightbox-gallery-HPoPZS6L\" data-rl_title=\"adv7\" data-rl_caption=\"\" title=\"adv7\"><img loading=\"lazy\" decoding=\"async\" class=\"alignnone size-thumbnail wp-image-2561\" src=\"http:\/\/www.pro-vo.at\/wp-content\/uploads\/2017\/11\/adv7-150x150.jpg\" alt=\"\" width=\"150\" height=\"150\" \/><\/a> <a href=\"http:\/\/www.pro-vo.at\/wp-content\/uploads\/2017\/11\/adv8.jpg\" data-rel=\"lightbox-gallery-HPoPZS6L\" data-rl_title=\"adv8\" data-rl_caption=\"\" title=\"adv8\"><img loading=\"lazy\" decoding=\"async\" class=\"alignnone size-thumbnail wp-image-2562\" src=\"http:\/\/www.pro-vo.at\/wp-content\/uploads\/2017\/11\/adv8-150x150.jpg\" alt=\"\" width=\"150\" height=\"150\" \/><\/a> <a href=\"http:\/\/www.pro-vo.at\/wp-content\/uploads\/2017\/11\/adv9.jpg\" data-rel=\"lightbox-gallery-HPoPZS6L\" data-rl_title=\"adv9\" data-rl_caption=\"\" title=\"adv9\"><img loading=\"lazy\" decoding=\"async\" class=\"alignnone size-thumbnail wp-image-2563\" src=\"http:\/\/www.pro-vo.at\/wp-content\/uploads\/2017\/11\/adv9-150x150.jpg\" alt=\"\" width=\"150\" height=\"150\" \/><\/a> <a href=\"http:\/\/www.pro-vo.at\/wp-content\/uploads\/2017\/11\/adv10.jpg\" data-rel=\"lightbox-gallery-HPoPZS6L\" data-rl_title=\"adv10\" data-rl_caption=\"\" title=\"adv10\"><img loading=\"lazy\" decoding=\"async\" class=\"alignnone size-thumbnail wp-image-2564\" src=\"http:\/\/www.pro-vo.at\/wp-content\/uploads\/2017\/11\/adv10-150x150.jpg\" alt=\"\" width=\"150\" height=\"150\" \/><\/a> <a href=\"http:\/\/www.pro-vo.at\/wp-content\/uploads\/2017\/11\/adv11.jpg\" data-rel=\"lightbox-gallery-HPoPZS6L\" data-rl_title=\"adv11\" data-rl_caption=\"\" title=\"adv11\"><img loading=\"lazy\" decoding=\"async\" class=\"alignnone size-thumbnail wp-image-2565\" src=\"http:\/\/www.pro-vo.at\/wp-content\/uploads\/2017\/11\/adv11-150x150.jpg\" alt=\"\" width=\"150\" height=\"150\" \/><\/a> <a href=\"http:\/\/www.pro-vo.at\/wp-content\/uploads\/2017\/11\/adv12.jpg\" data-rel=\"lightbox-gallery-HPoPZS6L\" data-rl_title=\"adv12\" data-rl_caption=\"\" title=\"adv12\"><img loading=\"lazy\" decoding=\"async\" class=\"alignnone size-thumbnail wp-image-2566\" src=\"http:\/\/www.pro-vo.at\/wp-content\/uploads\/2017\/11\/adv12-150x150.jpg\" alt=\"\" width=\"150\" height=\"150\" \/><\/a> <a href=\"http:\/\/www.pro-vo.at\/wp-content\/uploads\/2017\/11\/adv13.jpg\" data-rel=\"lightbox-gallery-HPoPZS6L\" data-rl_title=\"adv13\" data-rl_caption=\"\" title=\"adv13\"><img loading=\"lazy\" decoding=\"async\" class=\"alignnone size-thumbnail wp-image-2567\" src=\"http:\/\/www.pro-vo.at\/wp-content\/uploads\/2017\/11\/adv13-150x150.jpg\" alt=\"\" width=\"150\" height=\"150\" \/><\/a> <a href=\"http:\/\/www.pro-vo.at\/wp-content\/uploads\/2017\/11\/adv14.jpg\" data-rel=\"lightbox-gallery-HPoPZS6L\" data-rl_title=\"adv14\" data-rl_caption=\"\" title=\"adv14\"><img loading=\"lazy\" decoding=\"async\" class=\"alignnone size-thumbnail wp-image-2568\" src=\"http:\/\/www.pro-vo.at\/wp-content\/uploads\/2017\/11\/adv14-150x150.jpg\" alt=\"\" width=\"150\" height=\"150\" \/><\/a> <a href=\"http:\/\/www.pro-vo.at\/wp-content\/uploads\/2017\/11\/adv15.jpg\" data-rel=\"lightbox-gallery-HPoPZS6L\" data-rl_title=\"adv15\" data-rl_caption=\"\" title=\"adv15\"><img loading=\"lazy\" decoding=\"async\" class=\"alignnone size-thumbnail wp-image-2569\" src=\"http:\/\/www.pro-vo.at\/wp-content\/uploads\/2017\/11\/adv15-150x150.jpg\" alt=\"\" width=\"150\" height=\"150\" \/><\/a><\/p>\n<p><a href=\"http:\/\/www.pro-vo.at\/index.php\/chronik\/\">Zru\u00fcck zur Chronik<\/a><\/p>\n","protected":false},"excerpt":{"rendered":"<p>Adventfeier 2007 in der pro-vo am Samstag, 8. Dezember 2007 um 17 Uhr Eine stimmungsvolle Adventfeier in der pro-vo, gleichzeitig feiert die Sektion Musizieren &amp; Malen des Freizeit- und Sportvereins der Erste Bank den ersten Geburtstag. Bei Punsch und weihnachtlichen Leckereien spielen die Sch\u00fclerinnen und Sch\u00fcler der pro-vo ein adventliches Programm. Zru\u00fcck zur Chronik<\/p>\n","protected":false},"author":1,"featured_media":0,"parent":28,"menu_order":0,"comment_status":"closed","ping_status":"closed","template":"","meta":{"footnotes":""},"class_list":["post-2554","page","type-page","status-publish"],"_links":{"self":[{"href":"https:\/\/www.pro-vo.at\/index.php\/wp-json\/wp\/v2\/pages\/2554","targetHints":{"allow":["GET"]}}],"collection":[{"href":"https:\/\/www.pro-vo.at\/index.php\/wp-json\/wp\/v2\/pages"}],"about":[{"href":"https:\/\/www.pro-vo.at\/index.php\/wp-json\/wp\/v2\/types\/page"}],"author":[{"embeddable":true,"href":"https:\/\/www.pro-vo.at\/index.php\/wp-json\/wp\/v2\/users\/1"}],"replies":[{"embeddable":true,"href":"https:\/\/www.pro-vo.at\/index.php\/wp-json\/wp\/v2\/comments?post=2554"}],"version-history":[{"count":1,"href":"https:\/\/www.pro-vo.at\/index.php\/wp-json\/wp\/v2\/pages\/2554\/revisions"}],"predecessor-version":[{"id":2570,"href":"https:\/\/www.pro-vo.at\/index.php\/wp-json\/wp\/v2\/pages\/2554\/revisions\/2570"}],"up":[{"embeddable":true,"href":"https:\/\/www.pro-vo.at\/index.php\/wp-json\/wp\/v2\/pages\/28"}],"wp:attachment":[{"href":"https:\/\/www.pro-vo.at\/index.php\/wp-json\/wp\/v2\/media?parent=2554"}],"curies":[{"name":"wp","href":"https:\/\/api.w.org\/{rel}","templated":true}]}}