{"id":250,"date":"2017-07-03T20:12:49","date_gmt":"2017-07-03T20:12:49","guid":{"rendered":"http:\/\/www.pro-vo.at\/?page_id=250"},"modified":"2018-02-21T13:48:22","modified_gmt":"2018-02-21T13:48:22","slug":"trommeln-djembe-cajon-congas","status":"publish","type":"page","link":"https:\/\/www.pro-vo.at\/index.php\/kurse\/trommeln-djembe-cajon-congas\/","title":{"rendered":"trommeln &#8211; djembe, cajon, congas"},"content":{"rendered":"<h1>Trommeln &#8211; Djembe, Cajon, Congas<\/h1>\n<p>Wir bieten in der pro-vo verschiedene Rhythmuskurse an:<\/p>\n<ul>\n<li>Einzelunterricht<\/li>\n<li>Doppelunterricht<br \/>\nBitte beachten Sie, dass der Doppelunterricht nur bei &#8222;passenden Partnern&#8220; durchgef\u00fchrt werden kann&#8230;.<\/li>\n<li>Workshops<br \/>\ndie Termine unserer Workshops werden auf dieser Website unter dem Punkt <a href=\"http:\/\/www.pro-vo.at\/index.php\/demnaechst\/\">Demn\u00e4chst<\/a> angeboten<\/li>\n<li>Rhythmusgruppe<br \/>\nIhre ganz pers\u00f6nliche Rhythmusgruppe &#8211; ideal f\u00fcr Ihre Kollegen aus der Abteilung oder Ihre Freunde &#8211; organisieren Sie einen individuellen Rhythmuskurs (4 Einheiten \u00e1 50 Minuten) mit Ihren Kolleginnen und Kollegen oder Ihren Freuden!<\/li>\n<\/ul>\n<p>Sie erlernen gemeinsam auf Djemben und diversen Percussionsinstrumenten elementare und traditionelle Klangtechniken und Rhythmen.<\/p>\n<p>Keine musikalischen Vorkenntnisse notwendig!<\/p>\n<p><strong>Termine:<\/strong><br \/>\nDer Termin wird individuell mit Ihnen vereinbart!<\/p>\n<p>&nbsp;<\/p>\n<p><strong>Anmeldung:<\/strong><br \/>\nper Mail an <a href=\"mailto:info@pro-vo.at\">info@pro-vo.at<\/a><\/p>\n","protected":false},"excerpt":{"rendered":"<p>Trommeln &#8211; Djembe, Cajon, Congas Wir bieten in der pro-vo verschiedene Rhythmuskurse an: Einzelunterricht Doppelunterricht Bitte beachten Sie, dass der Doppelunterricht nur bei &#8222;passenden Partnern&#8220; durchgef\u00fchrt werden kann&#8230;. Workshops die Termine unserer Workshops werden auf dieser Website unter dem Punkt Demn\u00e4chst angeboten Rhythmusgruppe Ihre ganz pers\u00f6nliche Rhythmusgruppe &#8211; ideal f\u00fcr Ihre Kollegen aus der Abteilung &#8230; <a title=\"trommeln &#8211; djembe, cajon, congas\" class=\"read-more\" href=\"https:\/\/www.pro-vo.at\/index.php\/kurse\/trommeln-djembe-cajon-congas\/\" aria-label=\"Mehr Informationen \u00fcber trommeln &#8211; djembe, cajon, congas\">Weiterlesen<\/a><\/p>\n","protected":false},"author":2,"featured_media":0,"parent":642,"menu_order":3,"comment_status":"closed","ping_status":"closed","template":"","meta":{"footnotes":""},"class_list":["post-250","page","type-page","status-publish"],"_links":{"self":[{"href":"https:\/\/www.pro-vo.at\/index.php\/wp-json\/wp\/v2\/pages\/250","targetHints":{"allow":["GET"]}}],"collection":[{"href":"https:\/\/www.pro-vo.at\/index.php\/wp-json\/wp\/v2\/pages"}],"about":[{"href":"https:\/\/www.pro-vo.at\/index.php\/wp-json\/wp\/v2\/types\/page"}],"author":[{"embeddable":true,"href":"https:\/\/www.pro-vo.at\/index.php\/wp-json\/wp\/v2\/users\/2"}],"replies":[{"embeddable":true,"href":"https:\/\/www.pro-vo.at\/index.php\/wp-json\/wp\/v2\/comments?post=250"}],"version-history":[{"count":12,"href":"https:\/\/www.pro-vo.at\/index.php\/wp-json\/wp\/v2\/pages\/250\/revisions"}],"predecessor-version":[{"id":4105,"href":"https:\/\/www.pro-vo.at\/index.php\/wp-json\/wp\/v2\/pages\/250\/revisions\/4105"}],"up":[{"embeddable":true,"href":"https:\/\/www.pro-vo.at\/index.php\/wp-json\/wp\/v2\/pages\/642"}],"wp:attachment":[{"href":"https:\/\/www.pro-vo.at\/index.php\/wp-json\/wp\/v2\/media?parent=250"}],"curies":[{"name":"wp","href":"https:\/\/api.w.org\/{rel}","templated":true}]}}