{"id":2349,"date":"2017-11-09T14:09:18","date_gmt":"2017-11-09T14:09:18","guid":{"rendered":"http:\/\/www.pro-vo.at\/?page_id=2349"},"modified":"2017-11-09T14:09:18","modified_gmt":"2017-11-09T14:09:18","slug":"tibeter","status":"publish","type":"page","link":"https:\/\/www.pro-vo.at\/index.php\/chronik\/tibeter\/","title":{"rendered":"Tibeter"},"content":{"rendered":"<h1>F\u00fcnf \u00abTibeter\u00ae\u00bb<br \/>\nmit Katrin K\u00fchn<br \/>\n<a href=\"http:\/\/www.pro-vo.at\/wp-content\/uploads\/2017\/11\/tib1.jpg\" data-rel=\"lightbox-gallery-UewxqAM4\" data-rl_title=\"tib1\" data-rl_caption=\"\" title=\"tib1\"><img loading=\"lazy\" decoding=\"async\" class=\"alignnone size-thumbnail wp-image-2350\" src=\"http:\/\/www.pro-vo.at\/wp-content\/uploads\/2017\/11\/tib1-150x150.jpg\" alt=\"\" width=\"150\" height=\"150\" \/><\/a> <a href=\"http:\/\/www.pro-vo.at\/wp-content\/uploads\/2017\/11\/tib2.jpg\" data-rel=\"lightbox-gallery-UewxqAM4\" data-rl_title=\"tib2\" data-rl_caption=\"\" title=\"tib2\"><img loading=\"lazy\" decoding=\"async\" class=\"alignnone size-thumbnail wp-image-2351\" src=\"http:\/\/www.pro-vo.at\/wp-content\/uploads\/2017\/11\/tib2-150x150.jpg\" alt=\"\" width=\"150\" height=\"150\" \/><\/a><\/h1>\n<p>Kurs 1: von 18 &#8211; 19 Uhr (Dienstag)<br \/>\n21.1.2003<br \/>\n28.1.2003<br \/>\n11.2.2003<br \/>\n18.2.2003<\/p>\n<p>Kurs 2: von 19 &#8211; 20 Uhr (Dienstag)<br \/>\n11.2.2003<br \/>\n18.2.2003<br \/>\n25.2.2003<br \/>\n04.3.2003<br \/>\nKursbeitrag: EUR 60,&#8211;<\/p>\n<p>Die F\u00fcnf \u00abTibeter\u00ae\u00bb<\/p>\n<p>So hat Stress gleich von Anfang an keine Chance:<br \/>\nDie F\u00fcnf \u00abTibeter\u00ae\u00bb<br \/>\ngeh\u00f6ren zu den \u00e4ltesten fern\u00f6stlichen Methoden,<br \/>\nEntspannung und Fitness zu finden<br \/>\nund so neue Kraft und Energie zu tanken<br \/>\nund sie helfen, die &#8222;Batterien&#8220; f\u00fcr den Alltag wieder aufzuladen.<br \/>\nDie F\u00fcnf \u00abTibeter\u00ae\u00bb sind eine tolle Kombination<br \/>\nvon f\u00fcnf K\u00f6rper\u00fcbungen<br \/>\ndie leicht und schnell erlernbar und durchzuf\u00fchren sind.<br \/>\nWenn sie richtig ausgef\u00fchrt werden,<br \/>\nbringen sie die oft ben\u00f6tigte Entspannung.<br \/>\nGleichzeitig sprechen sie die Atmung an,<br \/>\ndie allgemeine Beweglichkeit und Gelenkigkeit wird gef\u00f6rdert<br \/>\nund der Kreislauf angeregt.<br \/>\nSie ben\u00f6tigen weder spezielle Sportkleidung<br \/>\nnoch Ger\u00e4te, man kann die \u00dcbungen \u00fcberall machen und<br \/>\ndie Anwendung bedarf t\u00e4glich nicht mehr als eine viertel Stunde.<br \/>\nSie haben hier die M\u00f6glichkeit,<br \/>\ndie korrekte Ausf\u00fchrung der \u00dcbungen kennen zu lernen oder aufzufrischen.<br \/>\nDas Seminar wird durch Atmungs- und Entspannungs\u00fcbungen abgerundet.<br \/>\nBitte eine Gymnastikmatte und bequeme Kleidung mitbringen.<\/p>\n<p><a href=\"http:\/\/www.pro-vo.at\/index.php\/chronik\/\">Zur\u00fcck zur Chronik<\/a><\/p>\n","protected":false},"excerpt":{"rendered":"<p>F\u00fcnf \u00abTibeter\u00ae\u00bb mit Katrin K\u00fchn Kurs 1: von 18 &#8211; 19 Uhr (Dienstag) 21.1.2003 28.1.2003 11.2.2003 18.2.2003 Kurs 2: von 19 &#8211; 20 Uhr (Dienstag) 11.2.2003 18.2.2003 25.2.2003 04.3.2003 Kursbeitrag: EUR 60,&#8211; Die F\u00fcnf \u00abTibeter\u00ae\u00bb So hat Stress gleich von Anfang an keine Chance: Die F\u00fcnf \u00abTibeter\u00ae\u00bb geh\u00f6ren zu den \u00e4ltesten fern\u00f6stlichen Methoden, Entspannung und &#8230; <a title=\"Tibeter\" class=\"read-more\" href=\"https:\/\/www.pro-vo.at\/index.php\/chronik\/tibeter\/\" aria-label=\"Mehr Informationen \u00fcber Tibeter\">Weiterlesen<\/a><\/p>\n","protected":false},"author":1,"featured_media":0,"parent":28,"menu_order":0,"comment_status":"closed","ping_status":"closed","template":"","meta":{"footnotes":""},"class_list":["post-2349","page","type-page","status-publish"],"_links":{"self":[{"href":"https:\/\/www.pro-vo.at\/index.php\/wp-json\/wp\/v2\/pages\/2349","targetHints":{"allow":["GET"]}}],"collection":[{"href":"https:\/\/www.pro-vo.at\/index.php\/wp-json\/wp\/v2\/pages"}],"about":[{"href":"https:\/\/www.pro-vo.at\/index.php\/wp-json\/wp\/v2\/types\/page"}],"author":[{"embeddable":true,"href":"https:\/\/www.pro-vo.at\/index.php\/wp-json\/wp\/v2\/users\/1"}],"replies":[{"embeddable":true,"href":"https:\/\/www.pro-vo.at\/index.php\/wp-json\/wp\/v2\/comments?post=2349"}],"version-history":[{"count":1,"href":"https:\/\/www.pro-vo.at\/index.php\/wp-json\/wp\/v2\/pages\/2349\/revisions"}],"predecessor-version":[{"id":2352,"href":"https:\/\/www.pro-vo.at\/index.php\/wp-json\/wp\/v2\/pages\/2349\/revisions\/2352"}],"up":[{"embeddable":true,"href":"https:\/\/www.pro-vo.at\/index.php\/wp-json\/wp\/v2\/pages\/28"}],"wp:attachment":[{"href":"https:\/\/www.pro-vo.at\/index.php\/wp-json\/wp\/v2\/media?parent=2349"}],"curies":[{"name":"wp","href":"https:\/\/api.w.org\/{rel}","templated":true}]}}