{"id":2333,"date":"2017-11-09T14:04:11","date_gmt":"2017-11-09T14:04:11","guid":{"rendered":"http:\/\/www.pro-vo.at\/?page_id=2333"},"modified":"2017-11-09T14:04:35","modified_gmt":"2017-11-09T14:04:35","slug":"2333-2","status":"publish","type":"page","link":"https:\/\/www.pro-vo.at\/index.php\/chronik\/2333-2\/","title":{"rendered":"Mitter"},"content":{"rendered":"<h1>Vernissage ALOIS MITTER<br \/>\n&#8222;Herbeigetr\u00e4umt bei Nacht&#8220;<br \/>\nMalerei, Grafik, Objekte<\/h1>\n<p>Er\u00f6ffnung am Freitag, 6. Dezember 2002 um 19 Uhr<br \/>\nHans-Peter Wipplinger, art:phalanx<\/p>\n<p>Ausstellungsdauer:<br \/>\n7. bis 20. Dezember 2002<br \/>\nund 8. bis 17. J\u00e4nner 2003<br \/>\nMittwoch, Donnerstag, Freitag: 16 &#8211; 19 Uhr<\/p>\n<p><a href=\"http:\/\/www.pro-vo.at\/wp-content\/uploads\/2017\/11\/mit1.jpg\" data-rel=\"lightbox-gallery-7r3Yhw8y\" data-rl_title=\"mit1\" data-rl_caption=\"\" title=\"mit1\"><img loading=\"lazy\" decoding=\"async\" class=\"alignnone size-thumbnail wp-image-2334\" src=\"http:\/\/www.pro-vo.at\/wp-content\/uploads\/2017\/11\/mit1-150x150.jpg\" alt=\"\" width=\"150\" height=\"150\" \/><\/a> <a href=\"http:\/\/www.pro-vo.at\/wp-content\/uploads\/2017\/11\/mit2.jpg\" data-rel=\"lightbox-gallery-7r3Yhw8y\" data-rl_title=\"mit2\" data-rl_caption=\"\" title=\"mit2\"><img loading=\"lazy\" decoding=\"async\" class=\"alignnone size-thumbnail wp-image-2335\" src=\"http:\/\/www.pro-vo.at\/wp-content\/uploads\/2017\/11\/mit2-150x150.jpg\" alt=\"\" width=\"150\" height=\"150\" \/><\/a> <a href=\"http:\/\/www.pro-vo.at\/wp-content\/uploads\/2017\/11\/mit3.jpg\" data-rel=\"lightbox-gallery-7r3Yhw8y\" data-rl_title=\"mit3\" data-rl_caption=\"\" title=\"mit3\"><img loading=\"lazy\" decoding=\"async\" class=\"alignnone size-thumbnail wp-image-2336\" src=\"http:\/\/www.pro-vo.at\/wp-content\/uploads\/2017\/11\/mit3-150x150.jpg\" alt=\"\" width=\"150\" height=\"150\" \/><\/a> <a href=\"http:\/\/www.pro-vo.at\/wp-content\/uploads\/2017\/11\/mit4.jpg\" data-rel=\"lightbox-gallery-7r3Yhw8y\" data-rl_title=\"mit4\" data-rl_caption=\"\" title=\"mit4\"><img loading=\"lazy\" decoding=\"async\" class=\"alignnone size-thumbnail wp-image-2337\" src=\"http:\/\/www.pro-vo.at\/wp-content\/uploads\/2017\/11\/mit4-150x150.jpg\" alt=\"\" width=\"150\" height=\"150\" \/><\/a><br \/>\n<a href=\"http:\/\/www.pro-vo.at\/wp-content\/uploads\/2017\/11\/mit5.jpg\" data-rel=\"lightbox-gallery-7r3Yhw8y\" data-rl_title=\"mit5\" data-rl_caption=\"\" title=\"mit5\"><img loading=\"lazy\" decoding=\"async\" class=\"alignnone wp-image-2338\" src=\"http:\/\/www.pro-vo.at\/wp-content\/uploads\/2017\/11\/mit5-150x150.jpg\" alt=\"\" width=\"150\" height=\"150\" \/><\/a> <a href=\"http:\/\/www.pro-vo.at\/wp-content\/uploads\/2017\/11\/mit6.jpg\" data-rel=\"lightbox-gallery-7r3Yhw8y\" data-rl_title=\"mit6\" data-rl_caption=\"\" title=\"mit6\"><img loading=\"lazy\" decoding=\"async\" class=\"alignnone size-thumbnail wp-image-2339\" src=\"http:\/\/www.pro-vo.at\/wp-content\/uploads\/2017\/11\/mit6-150x150.jpg\" alt=\"\" width=\"150\" height=\"150\" \/><\/a> <a href=\"http:\/\/www.pro-vo.at\/wp-content\/uploads\/2017\/11\/mit7.jpg\" data-rel=\"lightbox-gallery-7r3Yhw8y\" data-rl_title=\"mit7\" data-rl_caption=\"\" title=\"mit7\"><img loading=\"lazy\" decoding=\"async\" class=\"alignnone size-thumbnail wp-image-2340\" src=\"http:\/\/www.pro-vo.at\/wp-content\/uploads\/2017\/11\/mit7-150x150.jpg\" alt=\"\" width=\"150\" height=\"150\" \/><\/a> <a href=\"http:\/\/www.pro-vo.at\/wp-content\/uploads\/2017\/11\/mit8.jpg\" data-rel=\"lightbox-gallery-7r3Yhw8y\" data-rl_title=\"mit8\" data-rl_caption=\"\" title=\"mit8\"><img loading=\"lazy\" decoding=\"async\" class=\"alignnone size-thumbnail wp-image-2341\" src=\"http:\/\/www.pro-vo.at\/wp-content\/uploads\/2017\/11\/mit8-150x150.jpg\" alt=\"\" width=\"150\" height=\"150\" \/><\/a><br \/>\n<a href=\"http:\/\/www.pro-vo.at\/wp-content\/uploads\/2017\/11\/mit9.jpg\" data-rel=\"lightbox-gallery-7r3Yhw8y\" data-rl_title=\"mit9\" data-rl_caption=\"\" title=\"mit9\"><img loading=\"lazy\" decoding=\"async\" class=\"alignnone size-thumbnail wp-image-2342\" src=\"http:\/\/www.pro-vo.at\/wp-content\/uploads\/2017\/11\/mit9-150x150.jpg\" alt=\"\" width=\"150\" height=\"150\" \/><\/a> <a href=\"http:\/\/www.pro-vo.at\/wp-content\/uploads\/2017\/11\/mit10.jpg\" data-rel=\"lightbox-gallery-7r3Yhw8y\" data-rl_title=\"mit10\" data-rl_caption=\"\" title=\"mit10\"><img loading=\"lazy\" decoding=\"async\" class=\"alignnone size-thumbnail wp-image-2343\" src=\"http:\/\/www.pro-vo.at\/wp-content\/uploads\/2017\/11\/mit10-150x150.jpg\" alt=\"\" width=\"150\" height=\"150\" \/><\/a> <a href=\"http:\/\/www.pro-vo.at\/wp-content\/uploads\/2017\/11\/mit11.jpg\" data-rel=\"lightbox-gallery-7r3Yhw8y\" data-rl_title=\"mit11\" data-rl_caption=\"\" title=\"mit11\"><img loading=\"lazy\" decoding=\"async\" class=\"alignnone size-thumbnail wp-image-2344\" src=\"http:\/\/www.pro-vo.at\/wp-content\/uploads\/2017\/11\/mit11-150x150.jpg\" alt=\"\" width=\"150\" height=\"150\" \/><\/a> <a href=\"http:\/\/www.pro-vo.at\/wp-content\/uploads\/2017\/11\/mit12.jpg\" data-rel=\"lightbox-gallery-7r3Yhw8y\" data-rl_title=\"mit12\" data-rl_caption=\"\" title=\"mit12\"><img loading=\"lazy\" decoding=\"async\" class=\"alignnone size-thumbnail wp-image-2345\" src=\"http:\/\/www.pro-vo.at\/wp-content\/uploads\/2017\/11\/mit12-150x150.jpg\" alt=\"\" width=\"150\" height=\"150\" \/><\/a><\/p>\n<h3>Alois Mitter<\/h3>\n<p>geboren 1955 in Sch\u00e4rding<br \/>\nlebt in Ingling\/Ober\u00f6sterreich und Wien<br \/>\nPreistr\u00e4ger des Wettbewerbs &#8222;anl\u00e4\u00dflich Stefan Zweig&#8220;, Galerie im Traklhaus Salzburg<br \/>\n1990 Talentf\u00f6rderungspreis des Landes Ober\u00f6sterreich<br \/>\n1991 Schloss Sigharting, Symposion f\u00fcr zeitgen\u00f6ssische Kunst<br \/>\n1991 Udine, 3. Biennale Intergraf Alpen-Adria, Katalog<br \/>\nAusstellungen seit 1989:<br \/>\nKulturforum Dornach\/Linz<br \/>\nSt. Anna Kapelle, Kunstverein Passau<br \/>\nKunstwerkstatt Breiningsdorf<br \/>\nGalerie Weidan, Sch\u00e4rding<br \/>\nGalerie Pimmingstorfer, Peuerbach<br \/>\nGalerie im Traklhaus, Schloss Ranshofen<br \/>\nGalerie Thiele, Linz<br \/>\nUniversit\u00e4t Passau<br \/>\nGalerie &#8222;Am Stein&#8220;, Sch\u00e4rding<br \/>\nKunstforum beim Rathaus, Hallein<br \/>\nBraunauer Herbstsalon, Schloss Ranshofen<br \/>\nKulturknopf, Taufkirchen an der Pram<br \/>\nStadttorturm, Braunau<br \/>\nRupertinum, Salzburg<br \/>\nThe Medium-The message, Alpenmilchzentrale Wien<br \/>\nWiesleithnerhof, Marchtrenk<br \/>\nKammerhofgalerie, Gmunden<br \/>\nSchloss Hluboka, Budweis<br \/>\nGalerie Pohlhammer, Steyr<br \/>\nHerzogsburg, Braunau<br \/>\nGalerie Midas, Wien<br \/>\nBeispiele 90, Offenes Kulturhaus Linz<br \/>\n3. Biennale Intergraf Alpe-Adria, Udine<br \/>\nVideoarbeiten mit C.B. Schneider<br \/>\nVideo und Buchpr\u00e4sentation &#8222;HALBZEIT&#8220;, Rosenh\u00fcgelstudio Wien<br \/>\nBildnerische Mitarbeit an einer Theaterinszenierung von Silvia Bra, Kurt Schwitters &#8222;Zusammensto\u00df&#8220;, DIE THEATER im Konzerthaus, Wien<\/p>\n<p><a href=\"http:\/\/www.pro-vo.at\/index.php\/chronik\/\">Zur\u00fcck zur Chronik<\/a><\/p>\n<p>&nbsp;<\/p>\n","protected":false},"excerpt":{"rendered":"<p>Vernissage ALOIS MITTER &#8222;Herbeigetr\u00e4umt bei Nacht&#8220; Malerei, Grafik, Objekte Er\u00f6ffnung am Freitag, 6. Dezember 2002 um 19 Uhr Hans-Peter Wipplinger, art:phalanx Ausstellungsdauer: 7. bis 20. Dezember 2002 und 8. bis 17. J\u00e4nner 2003 Mittwoch, Donnerstag, Freitag: 16 &#8211; 19 Uhr Alois Mitter geboren 1955 in Sch\u00e4rding lebt in Ingling\/Ober\u00f6sterreich und Wien Preistr\u00e4ger des Wettbewerbs &#8222;anl\u00e4\u00dflich &#8230; <a title=\"Mitter\" class=\"read-more\" href=\"https:\/\/www.pro-vo.at\/index.php\/chronik\/2333-2\/\" aria-label=\"Mehr Informationen \u00fcber Mitter\">Weiterlesen<\/a><\/p>\n","protected":false},"author":1,"featured_media":0,"parent":28,"menu_order":0,"comment_status":"closed","ping_status":"closed","template":"","meta":{"footnotes":""},"class_list":["post-2333","page","type-page","status-publish"],"_links":{"self":[{"href":"https:\/\/www.pro-vo.at\/index.php\/wp-json\/wp\/v2\/pages\/2333","targetHints":{"allow":["GET"]}}],"collection":[{"href":"https:\/\/www.pro-vo.at\/index.php\/wp-json\/wp\/v2\/pages"}],"about":[{"href":"https:\/\/www.pro-vo.at\/index.php\/wp-json\/wp\/v2\/types\/page"}],"author":[{"embeddable":true,"href":"https:\/\/www.pro-vo.at\/index.php\/wp-json\/wp\/v2\/users\/1"}],"replies":[{"embeddable":true,"href":"https:\/\/www.pro-vo.at\/index.php\/wp-json\/wp\/v2\/comments?post=2333"}],"version-history":[{"count":2,"href":"https:\/\/www.pro-vo.at\/index.php\/wp-json\/wp\/v2\/pages\/2333\/revisions"}],"predecessor-version":[{"id":2347,"href":"https:\/\/www.pro-vo.at\/index.php\/wp-json\/wp\/v2\/pages\/2333\/revisions\/2347"}],"up":[{"embeddable":true,"href":"https:\/\/www.pro-vo.at\/index.php\/wp-json\/wp\/v2\/pages\/28"}],"wp:attachment":[{"href":"https:\/\/www.pro-vo.at\/index.php\/wp-json\/wp\/v2\/media?parent=2333"}],"curies":[{"name":"wp","href":"https:\/\/api.w.org\/{rel}","templated":true}]}}