{"id":2278,"date":"2017-11-08T15:36:46","date_gmt":"2017-11-08T15:36:46","guid":{"rendered":"http:\/\/www.pro-vo.at\/?page_id=2278"},"modified":"2017-11-08T15:36:46","modified_gmt":"2017-11-08T15:36:46","slug":"budin","status":"publish","type":"page","link":"https:\/\/www.pro-vo.at\/index.php\/chronik\/budin\/","title":{"rendered":"Budin"},"content":{"rendered":"<h1>VERNISSAGE<br \/>\nSabine BUDIN und Evelyn ROMASANTA<\/h1>\n<p>Die Ausstellung wurde er\u00f6ffnet am<br \/>\nFreitag, 20. September 2002<br \/>\num 18 Uhr 30<\/p>\n<p>Sie k\u00f6nnen die Ausstellung bei freiem Eintritt<br \/>\nw\u00e4hrend der \u00d6ffnungzeiten der Pro-Vokation besuchen.<br \/>\nMittwoch, Donnerstag und Freitag von 16 &#8211; 19 Uhr.<\/p>\n<p><a href=\"http:\/\/www.pro-vo.at\/wp-content\/uploads\/2017\/11\/bud1.jpg\" data-rel=\"lightbox-gallery-44XmlB4U\" data-rl_title=\"bud1\" data-rl_caption=\"\" title=\"bud1\"><img loading=\"lazy\" decoding=\"async\" class=\"alignnone size-thumbnail wp-image-2280\" src=\"http:\/\/www.pro-vo.at\/wp-content\/uploads\/2017\/11\/bud1-150x150.jpg\" alt=\"\" width=\"150\" height=\"150\" \/><\/a> <a href=\"http:\/\/www.pro-vo.at\/wp-content\/uploads\/2017\/11\/bud2.jpg\" data-rel=\"lightbox-gallery-44XmlB4U\" data-rl_title=\"bud2\" data-rl_caption=\"\" title=\"bud2\"><img loading=\"lazy\" decoding=\"async\" class=\"alignnone size-thumbnail wp-image-2281\" src=\"http:\/\/www.pro-vo.at\/wp-content\/uploads\/2017\/11\/bud2-150x150.jpg\" alt=\"\" width=\"150\" height=\"150\" \/><\/a> <a href=\"http:\/\/www.pro-vo.at\/wp-content\/uploads\/2017\/11\/bud3.jpg\" data-rel=\"lightbox-gallery-44XmlB4U\" data-rl_title=\"bud3\" data-rl_caption=\"\" title=\"bud3\"><img loading=\"lazy\" decoding=\"async\" class=\"alignnone size-thumbnail wp-image-2282\" src=\"http:\/\/www.pro-vo.at\/wp-content\/uploads\/2017\/11\/bud3-150x150.jpg\" alt=\"\" width=\"150\" height=\"150\" \/><\/a> <a href=\"http:\/\/www.pro-vo.at\/wp-content\/uploads\/2017\/11\/bud4.jpg\" data-rel=\"lightbox-gallery-44XmlB4U\" data-rl_title=\"bud4\" data-rl_caption=\"\" title=\"bud4\"><img loading=\"lazy\" decoding=\"async\" class=\"alignnone size-thumbnail wp-image-2283\" src=\"http:\/\/www.pro-vo.at\/wp-content\/uploads\/2017\/11\/bud4-150x150.jpg\" alt=\"\" width=\"150\" height=\"150\" \/><\/a><br \/>\n<a href=\"http:\/\/www.pro-vo.at\/wp-content\/uploads\/2017\/11\/bud5.jpg\" data-rel=\"lightbox-gallery-44XmlB4U\" data-rl_title=\"bud5\" data-rl_caption=\"\" title=\"bud5\"><img loading=\"lazy\" decoding=\"async\" class=\"alignnone size-thumbnail wp-image-2284\" src=\"http:\/\/www.pro-vo.at\/wp-content\/uploads\/2017\/11\/bud5-150x150.jpg\" alt=\"\" width=\"150\" height=\"150\" \/><\/a> <a href=\"http:\/\/www.pro-vo.at\/wp-content\/uploads\/2017\/11\/bud6.jpg\" data-rel=\"lightbox-gallery-44XmlB4U\" data-rl_title=\"bud6\" data-rl_caption=\"\" title=\"bud6\"><img loading=\"lazy\" decoding=\"async\" class=\"alignnone size-thumbnail wp-image-2285\" src=\"http:\/\/www.pro-vo.at\/wp-content\/uploads\/2017\/11\/bud6-150x150.jpg\" alt=\"\" width=\"150\" height=\"150\" \/><\/a> <a href=\"http:\/\/www.pro-vo.at\/wp-content\/uploads\/2017\/11\/bud7.jpg\" data-rel=\"lightbox-gallery-44XmlB4U\" data-rl_title=\"bud7\" data-rl_caption=\"\" title=\"bud7\"><img loading=\"lazy\" decoding=\"async\" class=\"alignnone size-thumbnail wp-image-2286\" src=\"http:\/\/www.pro-vo.at\/wp-content\/uploads\/2017\/11\/bud7-150x150.jpg\" alt=\"\" width=\"150\" height=\"150\" \/><\/a> <a href=\"http:\/\/www.pro-vo.at\/wp-content\/uploads\/2017\/11\/bud8.jpg\" data-rel=\"lightbox-gallery-44XmlB4U\" data-rl_title=\"bud8\" data-rl_caption=\"\" title=\"bud8\"><img loading=\"lazy\" decoding=\"async\" class=\"alignnone size-thumbnail wp-image-2287\" src=\"http:\/\/www.pro-vo.at\/wp-content\/uploads\/2017\/11\/bud8-150x150.jpg\" alt=\"\" width=\"150\" height=\"150\" \/><\/a><br \/>\n<a href=\"http:\/\/www.pro-vo.at\/wp-content\/uploads\/2017\/11\/bud9.jpg\" data-rel=\"lightbox-gallery-44XmlB4U\" data-rl_title=\"bud9\" data-rl_caption=\"\" title=\"bud9\"><img loading=\"lazy\" decoding=\"async\" class=\"alignnone size-thumbnail wp-image-2288\" src=\"http:\/\/www.pro-vo.at\/wp-content\/uploads\/2017\/11\/bud9-150x150.jpg\" alt=\"\" width=\"150\" height=\"150\" \/><\/a> <a href=\"http:\/\/www.pro-vo.at\/wp-content\/uploads\/2017\/11\/bud10.jpg\" data-rel=\"lightbox-gallery-44XmlB4U\" data-rl_title=\"bud10\" data-rl_caption=\"\" title=\"bud10\"><img loading=\"lazy\" decoding=\"async\" class=\"alignnone size-thumbnail wp-image-2289\" src=\"http:\/\/www.pro-vo.at\/wp-content\/uploads\/2017\/11\/bud10-150x150.jpg\" alt=\"\" width=\"150\" height=\"150\" \/><\/a> <a href=\"http:\/\/www.pro-vo.at\/wp-content\/uploads\/2017\/11\/bud11.jpg\" data-rel=\"lightbox-gallery-44XmlB4U\" data-rl_title=\"bud11\" data-rl_caption=\"\" title=\"bud11\"><img loading=\"lazy\" decoding=\"async\" class=\"alignnone size-thumbnail wp-image-2290\" src=\"http:\/\/www.pro-vo.at\/wp-content\/uploads\/2017\/11\/bud11-150x150.jpg\" alt=\"\" width=\"150\" height=\"150\" \/><\/a> <a href=\"http:\/\/www.pro-vo.at\/wp-content\/uploads\/2017\/11\/bud12.jpg\" data-rel=\"lightbox-gallery-44XmlB4U\" data-rl_title=\"bud12\" data-rl_caption=\"\" title=\"bud12\"><img loading=\"lazy\" decoding=\"async\" class=\"alignnone size-thumbnail wp-image-2291\" src=\"http:\/\/www.pro-vo.at\/wp-content\/uploads\/2017\/11\/bud12-150x150.jpg\" alt=\"\" width=\"150\" height=\"150\" \/><\/a><br \/>\n<a href=\"http:\/\/www.pro-vo.at\/wp-content\/uploads\/2017\/11\/bud13.jpg\" data-rel=\"lightbox-gallery-44XmlB4U\" data-rl_title=\"bud13\" data-rl_caption=\"\" title=\"bud13\"><img loading=\"lazy\" decoding=\"async\" class=\"alignnone size-thumbnail wp-image-2292\" src=\"http:\/\/www.pro-vo.at\/wp-content\/uploads\/2017\/11\/bud13-150x150.jpg\" alt=\"\" width=\"150\" height=\"150\" \/><\/a> <a href=\"http:\/\/www.pro-vo.at\/wp-content\/uploads\/2017\/11\/bud14.jpg\" data-rel=\"lightbox-gallery-44XmlB4U\" data-rl_title=\"bud14\" data-rl_caption=\"\" title=\"bud14\"><img loading=\"lazy\" decoding=\"async\" class=\"alignnone size-thumbnail wp-image-2293\" src=\"http:\/\/www.pro-vo.at\/wp-content\/uploads\/2017\/11\/bud14-150x150.jpg\" alt=\"\" width=\"150\" height=\"150\" \/><\/a> <a href=\"http:\/\/www.pro-vo.at\/wp-content\/uploads\/2017\/11\/bud15.jpg\" data-rel=\"lightbox-gallery-44XmlB4U\" data-rl_title=\"bud15\" data-rl_caption=\"\" title=\"bud15\"><img loading=\"lazy\" decoding=\"async\" class=\"alignnone size-thumbnail wp-image-2294\" src=\"http:\/\/www.pro-vo.at\/wp-content\/uploads\/2017\/11\/bud15-150x150.jpg\" alt=\"\" width=\"150\" height=\"150\" \/><\/a><br \/>\n<a href=\"http:\/\/www.pro-vo.at\/wp-content\/uploads\/2017\/11\/bud16.jpg\" data-rel=\"lightbox-gallery-44XmlB4U\" data-rl_title=\"bud16\" data-rl_caption=\"\" title=\"bud16\"><img loading=\"lazy\" decoding=\"async\" class=\"alignnone size-thumbnail wp-image-2295\" src=\"http:\/\/www.pro-vo.at\/wp-content\/uploads\/2017\/11\/bud16-150x150.jpg\" alt=\"\" width=\"150\" height=\"150\" \/><\/a> <a href=\"http:\/\/www.pro-vo.at\/wp-content\/uploads\/2017\/11\/bud17.jpg\" data-rel=\"lightbox-gallery-44XmlB4U\" data-rl_title=\"bud17\" data-rl_caption=\"\" title=\"bud17\"><img loading=\"lazy\" decoding=\"async\" class=\"alignnone size-thumbnail wp-image-2296\" src=\"http:\/\/www.pro-vo.at\/wp-content\/uploads\/2017\/11\/bud17-150x150.jpg\" alt=\"\" width=\"150\" height=\"150\" \/><\/a> <a href=\"http:\/\/www.pro-vo.at\/wp-content\/uploads\/2017\/11\/bud18.jpg\" data-rel=\"lightbox-gallery-44XmlB4U\" data-rl_title=\"bud18\" data-rl_caption=\"\" title=\"bud18\"><img loading=\"lazy\" decoding=\"async\" class=\"alignnone size-thumbnail wp-image-2297\" src=\"http:\/\/www.pro-vo.at\/wp-content\/uploads\/2017\/11\/bud18-150x150.jpg\" alt=\"\" width=\"150\" height=\"150\" \/><\/a><\/p>\n<p>Der Weg vom Wein ins \u00d6l<br \/>\n(Auszug aus der Zeitungsbeilage Wien lokal West vom 11.9.2002 media print)<br \/>\nDer Verein &#8222;Pro-Vokation&#8220; \u00fcberrascht immer wieder mit abwechslungsreichen Veranstaltungen.<br \/>\nDieses Mal wird kulinarischer Genuss mit bildender Kunst verkn\u00fcpft.<br \/>\nNeben einem Buffett werden Weine aus dem n\u00f6rdlichen Weinviertel vorgestellt.<br \/>\nIn der Ausstellung zeigen die beiden K\u00fcnstlerinnen<br \/>\nSabine Budin und Evelyn Romasanta<br \/>\neine Auswahl ihrer interessantesten \u00d6l- und Acrylbilder.<\/p>\n<p><a href=\"http:\/\/www.pro-vo.at\/index.php\/chronik\/\">Zur\u00fcck zur Chronik<\/a><\/p>\n","protected":false},"excerpt":{"rendered":"<p>VERNISSAGE Sabine BUDIN und Evelyn ROMASANTA Die Ausstellung wurde er\u00f6ffnet am Freitag, 20. September 2002 um 18 Uhr 30 Sie k\u00f6nnen die Ausstellung bei freiem Eintritt w\u00e4hrend der \u00d6ffnungzeiten der Pro-Vokation besuchen. Mittwoch, Donnerstag und Freitag von 16 &#8211; 19 Uhr. Der Weg vom Wein ins \u00d6l (Auszug aus der Zeitungsbeilage Wien lokal West vom &#8230; <a title=\"Budin\" class=\"read-more\" href=\"https:\/\/www.pro-vo.at\/index.php\/chronik\/budin\/\" aria-label=\"Mehr Informationen \u00fcber Budin\">Weiterlesen<\/a><\/p>\n","protected":false},"author":1,"featured_media":0,"parent":28,"menu_order":0,"comment_status":"closed","ping_status":"closed","template":"","meta":{"footnotes":""},"class_list":["post-2278","page","type-page","status-publish"],"_links":{"self":[{"href":"https:\/\/www.pro-vo.at\/index.php\/wp-json\/wp\/v2\/pages\/2278","targetHints":{"allow":["GET"]}}],"collection":[{"href":"https:\/\/www.pro-vo.at\/index.php\/wp-json\/wp\/v2\/pages"}],"about":[{"href":"https:\/\/www.pro-vo.at\/index.php\/wp-json\/wp\/v2\/types\/page"}],"author":[{"embeddable":true,"href":"https:\/\/www.pro-vo.at\/index.php\/wp-json\/wp\/v2\/users\/1"}],"replies":[{"embeddable":true,"href":"https:\/\/www.pro-vo.at\/index.php\/wp-json\/wp\/v2\/comments?post=2278"}],"version-history":[{"count":2,"href":"https:\/\/www.pro-vo.at\/index.php\/wp-json\/wp\/v2\/pages\/2278\/revisions"}],"predecessor-version":[{"id":2298,"href":"https:\/\/www.pro-vo.at\/index.php\/wp-json\/wp\/v2\/pages\/2278\/revisions\/2298"}],"up":[{"embeddable":true,"href":"https:\/\/www.pro-vo.at\/index.php\/wp-json\/wp\/v2\/pages\/28"}],"wp:attachment":[{"href":"https:\/\/www.pro-vo.at\/index.php\/wp-json\/wp\/v2\/media?parent=2278"}],"curies":[{"name":"wp","href":"https:\/\/api.w.org\/{rel}","templated":true}]}}