{"id":2220,"date":"2017-11-08T14:59:18","date_gmt":"2017-11-08T14:59:18","guid":{"rendered":"http:\/\/www.pro-vo.at\/?page_id=2220"},"modified":"2017-11-08T14:59:18","modified_gmt":"2017-11-08T14:59:18","slug":"triple-art","status":"publish","type":"page","link":"https:\/\/www.pro-vo.at\/index.php\/chronik\/triple-art\/","title":{"rendered":"Triple Art"},"content":{"rendered":"<h1>Vernissage und Ausstellung<br \/>\nTRIPLE ART<\/h1>\n<p>Vernissage am 24. Mai 2002<\/p>\n<p>Die Ausstellung wurde verl\u00e4ngert und<br \/>\nist noch am Mittwoch, 3. Juli zu besichtigen.<\/p>\n<h3>HL. Georg &#8211; Reliefs<br \/>\nNicita &#8218;Kakalu&#8216; Wapiti &#8211; Zeichnungen &amp; Acryl<br \/>\nHelmut &#8218;Halley&#8216; Schlosser &#8211; Fotografien<\/h3>\n<p><a href=\"http:\/\/www.pro-vo.at\/wp-content\/uploads\/2017\/11\/tri1.jpg\" data-rel=\"lightbox-gallery-CeHtjUV2\" data-rl_title=\"tri1\" data-rl_caption=\"\" title=\"tri1\"><img loading=\"lazy\" decoding=\"async\" class=\"alignnone size-thumbnail wp-image-2221\" src=\"http:\/\/www.pro-vo.at\/wp-content\/uploads\/2017\/11\/tri1-150x150.jpg\" alt=\"\" width=\"150\" height=\"150\" \/><\/a> <a href=\"http:\/\/www.pro-vo.at\/wp-content\/uploads\/2017\/11\/tri2.jpg\" data-rel=\"lightbox-gallery-CeHtjUV2\" data-rl_title=\"tri2\" data-rl_caption=\"\" title=\"tri2\"><img loading=\"lazy\" decoding=\"async\" class=\"alignnone size-thumbnail wp-image-2222\" src=\"http:\/\/www.pro-vo.at\/wp-content\/uploads\/2017\/11\/tri2-150x150.jpg\" alt=\"\" width=\"150\" height=\"150\" \/><\/a> <a href=\"http:\/\/www.pro-vo.at\/wp-content\/uploads\/2017\/11\/tri3.jpg\" data-rel=\"lightbox-gallery-CeHtjUV2\" data-rl_title=\"tri3\" data-rl_caption=\"\" title=\"tri3\"><img loading=\"lazy\" decoding=\"async\" class=\"alignnone size-thumbnail wp-image-2223\" src=\"http:\/\/www.pro-vo.at\/wp-content\/uploads\/2017\/11\/tri3-150x150.jpg\" alt=\"\" width=\"150\" height=\"150\" \/><\/a> <a href=\"http:\/\/www.pro-vo.at\/wp-content\/uploads\/2017\/11\/tri4.jpg\" data-rel=\"lightbox-gallery-CeHtjUV2\" data-rl_title=\"tri4\" data-rl_caption=\"\" title=\"tri4\"><img loading=\"lazy\" decoding=\"async\" class=\"alignnone size-thumbnail wp-image-2224\" src=\"http:\/\/www.pro-vo.at\/wp-content\/uploads\/2017\/11\/tri4-150x150.jpg\" alt=\"\" width=\"150\" height=\"150\" \/><\/a><br \/>\n<a href=\"http:\/\/www.pro-vo.at\/wp-content\/uploads\/2017\/11\/tri5.jpg\" data-rel=\"lightbox-gallery-CeHtjUV2\" data-rl_title=\"tri5\" data-rl_caption=\"\" title=\"tri5\"><img loading=\"lazy\" decoding=\"async\" class=\"alignnone size-thumbnail wp-image-2225\" src=\"http:\/\/www.pro-vo.at\/wp-content\/uploads\/2017\/11\/tri5-150x150.jpg\" alt=\"\" width=\"150\" height=\"150\" \/><\/a> <a href=\"http:\/\/www.pro-vo.at\/wp-content\/uploads\/2017\/11\/tri6.jpg\" data-rel=\"lightbox-gallery-CeHtjUV2\" data-rl_title=\"tri6\" data-rl_caption=\"\" title=\"tri6\"><img loading=\"lazy\" decoding=\"async\" class=\"alignnone size-thumbnail wp-image-2226\" src=\"http:\/\/www.pro-vo.at\/wp-content\/uploads\/2017\/11\/tri6-150x150.jpg\" alt=\"\" width=\"150\" height=\"150\" \/><\/a> <a href=\"http:\/\/www.pro-vo.at\/wp-content\/uploads\/2017\/11\/tri7.jpg\" data-rel=\"lightbox-gallery-CeHtjUV2\" data-rl_title=\"tri7\" data-rl_caption=\"\" title=\"tri7\"><img loading=\"lazy\" decoding=\"async\" class=\"alignnone size-thumbnail wp-image-2227\" src=\"http:\/\/www.pro-vo.at\/wp-content\/uploads\/2017\/11\/tri7-150x150.jpg\" alt=\"\" width=\"150\" height=\"150\" \/><\/a> <a href=\"http:\/\/www.pro-vo.at\/wp-content\/uploads\/2017\/11\/tri8.jpg\" data-rel=\"lightbox-gallery-CeHtjUV2\" data-rl_title=\"tri8\" data-rl_caption=\"\" title=\"tri8\"><img loading=\"lazy\" decoding=\"async\" class=\"alignnone size-thumbnail wp-image-2228\" src=\"http:\/\/www.pro-vo.at\/wp-content\/uploads\/2017\/11\/tri8-150x150.jpg\" alt=\"\" width=\"150\" height=\"150\" \/><\/a><br \/>\n<a href=\"http:\/\/www.pro-vo.at\/wp-content\/uploads\/2017\/11\/tri9.jpg\" data-rel=\"lightbox-gallery-CeHtjUV2\" data-rl_title=\"tri9\" data-rl_caption=\"\" title=\"tri9\"><img loading=\"lazy\" decoding=\"async\" class=\"alignnone size-thumbnail wp-image-2229\" src=\"http:\/\/www.pro-vo.at\/wp-content\/uploads\/2017\/11\/tri9-150x150.jpg\" alt=\"\" width=\"150\" height=\"150\" \/><\/a> <a href=\"http:\/\/www.pro-vo.at\/wp-content\/uploads\/2017\/11\/tri10.jpg\" data-rel=\"lightbox-gallery-CeHtjUV2\" data-rl_title=\"tri10\" data-rl_caption=\"\" title=\"tri10\"><img loading=\"lazy\" decoding=\"async\" class=\"alignnone size-thumbnail wp-image-2230\" src=\"http:\/\/www.pro-vo.at\/wp-content\/uploads\/2017\/11\/tri10-150x150.jpg\" alt=\"\" width=\"150\" height=\"150\" \/><\/a> <a href=\"http:\/\/www.pro-vo.at\/wp-content\/uploads\/2017\/11\/tri11.jpg\" data-rel=\"lightbox-gallery-CeHtjUV2\" data-rl_title=\"tri11\" data-rl_caption=\"\" title=\"tri11\"><img loading=\"lazy\" decoding=\"async\" class=\"alignnone size-thumbnail wp-image-2231\" src=\"http:\/\/www.pro-vo.at\/wp-content\/uploads\/2017\/11\/tri11-150x150.jpg\" alt=\"\" width=\"150\" height=\"150\" \/><\/a> <a href=\"http:\/\/www.pro-vo.at\/wp-content\/uploads\/2017\/11\/tri12.jpg\" data-rel=\"lightbox-gallery-CeHtjUV2\" data-rl_title=\"tri12\" data-rl_caption=\"\" title=\"tri12\"><img loading=\"lazy\" decoding=\"async\" class=\"alignnone size-thumbnail wp-image-2232\" src=\"http:\/\/www.pro-vo.at\/wp-content\/uploads\/2017\/11\/tri12-150x150.jpg\" alt=\"\" width=\"150\" height=\"150\" \/><\/a><br \/>\n<a href=\"http:\/\/www.pro-vo.at\/wp-content\/uploads\/2017\/11\/tri13.jpg\" data-rel=\"lightbox-gallery-CeHtjUV2\" data-rl_title=\"tri13\" data-rl_caption=\"\" title=\"tri13\"><img loading=\"lazy\" decoding=\"async\" class=\"alignnone size-thumbnail wp-image-2233\" src=\"http:\/\/www.pro-vo.at\/wp-content\/uploads\/2017\/11\/tri13-150x150.jpg\" alt=\"\" width=\"150\" height=\"150\" \/><\/a> <a href=\"http:\/\/www.pro-vo.at\/wp-content\/uploads\/2017\/11\/tri14.jpg\" data-rel=\"lightbox-gallery-CeHtjUV2\" data-rl_title=\"tri14\" data-rl_caption=\"\" title=\"tri14\"><img loading=\"lazy\" decoding=\"async\" class=\"alignnone size-thumbnail wp-image-2234\" src=\"http:\/\/www.pro-vo.at\/wp-content\/uploads\/2017\/11\/tri14-150x150.jpg\" alt=\"\" width=\"150\" height=\"150\" \/><\/a> <a href=\"http:\/\/www.pro-vo.at\/wp-content\/uploads\/2017\/11\/tri15.jpg\" data-rel=\"lightbox-gallery-CeHtjUV2\" data-rl_title=\"tri15\" data-rl_caption=\"\" title=\"tri15\"><img loading=\"lazy\" decoding=\"async\" class=\"alignnone size-thumbnail wp-image-2235\" src=\"http:\/\/www.pro-vo.at\/wp-content\/uploads\/2017\/11\/tri15-150x150.jpg\" alt=\"\" width=\"150\" height=\"150\" \/><\/a><\/p>\n<p>&nbsp;<\/p>\n<p>Was ist Kunst?<br \/>\nWenn ich es w\u00fcsste,<br \/>\nw\u00fcrde ich es f\u00fcr mich behalten<br \/>\nPablo Picasso<br \/>\nTrennung ist eine Illusion,<br \/>\nes ist lediglich der Wahrnehmungsfilter,<br \/>\ndas einzelne Bewusstsein, das sich unterscheidet.<br \/>\nWir sind alle eins.<br \/>\nEs ist Gaias Herz, das in uns allen schl\u00e4gt,<br \/>\nf\u00fchle den Puls der Erde &#8230;. enjoy the trip&#8230;<\/p>\n<p><a href=\"http:\/\/www.pro-vo.at\/index.php\/chronik\/\">Zur\u00fcck zur Chronik<\/a><\/p>\n","protected":false},"excerpt":{"rendered":"<p>Vernissage und Ausstellung TRIPLE ART Vernissage am 24. Mai 2002 Die Ausstellung wurde verl\u00e4ngert und ist noch am Mittwoch, 3. Juli zu besichtigen. HL. Georg &#8211; Reliefs Nicita &#8218;Kakalu&#8216; Wapiti &#8211; Zeichnungen &amp; Acryl Helmut &#8218;Halley&#8216; Schlosser &#8211; Fotografien &nbsp; Was ist Kunst? Wenn ich es w\u00fcsste, w\u00fcrde ich es f\u00fcr mich behalten Pablo Picasso &#8230; <a title=\"Triple Art\" class=\"read-more\" href=\"https:\/\/www.pro-vo.at\/index.php\/chronik\/triple-art\/\" aria-label=\"Mehr Informationen \u00fcber Triple Art\">Weiterlesen<\/a><\/p>\n","protected":false},"author":1,"featured_media":0,"parent":28,"menu_order":0,"comment_status":"closed","ping_status":"closed","template":"","meta":{"footnotes":""},"class_list":["post-2220","page","type-page","status-publish"],"_links":{"self":[{"href":"https:\/\/www.pro-vo.at\/index.php\/wp-json\/wp\/v2\/pages\/2220","targetHints":{"allow":["GET"]}}],"collection":[{"href":"https:\/\/www.pro-vo.at\/index.php\/wp-json\/wp\/v2\/pages"}],"about":[{"href":"https:\/\/www.pro-vo.at\/index.php\/wp-json\/wp\/v2\/types\/page"}],"author":[{"embeddable":true,"href":"https:\/\/www.pro-vo.at\/index.php\/wp-json\/wp\/v2\/users\/1"}],"replies":[{"embeddable":true,"href":"https:\/\/www.pro-vo.at\/index.php\/wp-json\/wp\/v2\/comments?post=2220"}],"version-history":[{"count":1,"href":"https:\/\/www.pro-vo.at\/index.php\/wp-json\/wp\/v2\/pages\/2220\/revisions"}],"predecessor-version":[{"id":2236,"href":"https:\/\/www.pro-vo.at\/index.php\/wp-json\/wp\/v2\/pages\/2220\/revisions\/2236"}],"up":[{"embeddable":true,"href":"https:\/\/www.pro-vo.at\/index.php\/wp-json\/wp\/v2\/pages\/28"}],"wp:attachment":[{"href":"https:\/\/www.pro-vo.at\/index.php\/wp-json\/wp\/v2\/media?parent=2220"}],"curies":[{"name":"wp","href":"https:\/\/api.w.org\/{rel}","templated":true}]}}