{"id":2206,"date":"2017-11-08T14:54:52","date_gmt":"2017-11-08T14:54:52","guid":{"rendered":"http:\/\/www.pro-vo.at\/?page_id=2206"},"modified":"2017-11-08T15:00:27","modified_gmt":"2017-11-08T15:00:27","slug":"konzert-sara-und-surdiman","status":"publish","type":"page","link":"https:\/\/www.pro-vo.at\/index.php\/chronik\/konzert-sara-und-surdiman\/","title":{"rendered":"Konzert Sara und Surdiman"},"content":{"rendered":"<h1>Konzert<br \/>\nSara Almaz\u00e1n &#8211; Mezzosopran<br \/>\nLeman Sudirman &#8211; Gitarre<\/h1>\n<p>16. Mai 2002<br \/>\n19:30<\/p>\n<p><a href=\"http:\/\/www.pro-vo.at\/wp-content\/uploads\/2017\/11\/lem1.jpg\" data-rel=\"lightbox-gallery-EdwE9ASp\" data-rl_title=\"lem1\" data-rl_caption=\"\" title=\"lem1\"><img loading=\"lazy\" decoding=\"async\" class=\"alignnone size-thumbnail wp-image-2207\" src=\"http:\/\/www.pro-vo.at\/wp-content\/uploads\/2017\/11\/lem1-120x150.jpg\" alt=\"\" width=\"120\" height=\"150\" \/><\/a> <a href=\"http:\/\/www.pro-vo.at\/wp-content\/uploads\/2017\/11\/lem2.jpg\" data-rel=\"lightbox-gallery-EdwE9ASp\" data-rl_title=\"lem2\" data-rl_caption=\"\" title=\"lem2\"><img loading=\"lazy\" decoding=\"async\" class=\"alignnone size-thumbnail wp-image-2208\" src=\"http:\/\/www.pro-vo.at\/wp-content\/uploads\/2017\/11\/lem2-120x150.jpg\" alt=\"\" width=\"120\" height=\"150\" \/><\/a><br \/>\n<a href=\"http:\/\/www.pro-vo.at\/wp-content\/uploads\/2017\/11\/lem3.jpg\" data-rel=\"lightbox-gallery-EdwE9ASp\" data-rl_title=\"lem3\" data-rl_caption=\"\" title=\"lem3\"><img loading=\"lazy\" decoding=\"async\" class=\"alignnone size-thumbnail wp-image-2209\" src=\"http:\/\/www.pro-vo.at\/wp-content\/uploads\/2017\/11\/lem3-150x150.jpg\" alt=\"\" width=\"150\" height=\"150\" \/><\/a><br \/>\n<a href=\"http:\/\/www.pro-vo.at\/wp-content\/uploads\/2017\/11\/lem4.jpg\" data-rel=\"lightbox-gallery-EdwE9ASp\" data-rl_title=\"lem4\" data-rl_caption=\"\" title=\"lem4\"><img loading=\"lazy\" decoding=\"async\" class=\"alignnone size-thumbnail wp-image-2210\" src=\"http:\/\/www.pro-vo.at\/wp-content\/uploads\/2017\/11\/lem4-150x150.jpg\" alt=\"\" width=\"150\" height=\"150\" \/><\/a> <a href=\"http:\/\/www.pro-vo.at\/wp-content\/uploads\/2017\/11\/lem5.jpg\" data-rel=\"lightbox-gallery-EdwE9ASp\" data-rl_title=\"lem5\" data-rl_caption=\"\" title=\"lem5\"><img loading=\"lazy\" decoding=\"async\" class=\"alignnone size-thumbnail wp-image-2211\" src=\"http:\/\/www.pro-vo.at\/wp-content\/uploads\/2017\/11\/lem5-150x150.jpg\" alt=\"\" width=\"150\" height=\"150\" \/><\/a> <a href=\"http:\/\/www.pro-vo.at\/wp-content\/uploads\/2017\/11\/lem6.jpg\" data-rel=\"lightbox-gallery-EdwE9ASp\" data-rl_title=\"lem6\" data-rl_caption=\"\" title=\"lem6\"><img loading=\"lazy\" decoding=\"async\" class=\"alignnone size-thumbnail wp-image-2212\" src=\"http:\/\/www.pro-vo.at\/wp-content\/uploads\/2017\/11\/lem6-150x150.jpg\" alt=\"\" width=\"150\" height=\"150\" \/><\/a> <a href=\"http:\/\/www.pro-vo.at\/wp-content\/uploads\/2017\/11\/lem7.jpg\" data-rel=\"lightbox-gallery-EdwE9ASp\" data-rl_title=\"lem7\" data-rl_caption=\"\" title=\"lem7\"><img loading=\"lazy\" decoding=\"async\" class=\"alignnone size-thumbnail wp-image-2213\" src=\"http:\/\/www.pro-vo.at\/wp-content\/uploads\/2017\/11\/lem7-150x150.jpg\" alt=\"\" width=\"150\" height=\"150\" \/><\/a><br \/>\n<a href=\"http:\/\/www.pro-vo.at\/wp-content\/uploads\/2017\/11\/lem8.jpg\" data-rel=\"lightbox-gallery-EdwE9ASp\" data-rl_title=\"lem8\" data-rl_caption=\"\" title=\"lem8\"><img loading=\"lazy\" decoding=\"async\" class=\"alignnone wp-image-2214\" src=\"http:\/\/www.pro-vo.at\/wp-content\/uploads\/2017\/11\/lem8-150x150.jpg\" alt=\"\" width=\"150\" height=\"150\" \/><\/a> <a href=\"http:\/\/www.pro-vo.at\/wp-content\/uploads\/2017\/11\/lem9.jpg\" data-rel=\"lightbox-gallery-EdwE9ASp\" data-rl_title=\"lem9\" data-rl_caption=\"\" title=\"lem9\"><img loading=\"lazy\" decoding=\"async\" class=\"alignnone size-thumbnail wp-image-2215\" src=\"http:\/\/www.pro-vo.at\/wp-content\/uploads\/2017\/11\/lem9-150x150.jpg\" alt=\"\" width=\"150\" height=\"150\" \/><\/a> <a href=\"http:\/\/www.pro-vo.at\/wp-content\/uploads\/2017\/11\/lem10.jpg\" data-rel=\"lightbox-gallery-EdwE9ASp\" data-rl_title=\"lem10\" data-rl_caption=\"\" title=\"lem10\"><img loading=\"lazy\" decoding=\"async\" class=\"alignnone size-thumbnail wp-image-2216\" src=\"http:\/\/www.pro-vo.at\/wp-content\/uploads\/2017\/11\/lem10-150x150.jpg\" alt=\"\" width=\"150\" height=\"150\" \/><\/a> <a href=\"http:\/\/www.pro-vo.at\/wp-content\/uploads\/2017\/11\/lem11.jpg\" data-rel=\"lightbox-gallery-EdwE9ASp\" data-rl_title=\"lem11\" data-rl_caption=\"\" title=\"lem11\"><img loading=\"lazy\" decoding=\"async\" class=\"alignnone size-thumbnail wp-image-2217\" src=\"http:\/\/www.pro-vo.at\/wp-content\/uploads\/2017\/11\/lem11-150x150.jpg\" alt=\"\" width=\"150\" height=\"150\" \/><\/a><\/p>\n<p>&nbsp;<\/p>\n<p>Das Programm:<br \/>\nLA CAPRICCIOSA<br \/>\nText von L. Da Ponte und Musik von V. Mart\u00edn Soler (1756-1806)<br \/>\n&#8222;Meine Liebchen ist launisch.<br \/>\nLiebt es, mich zu verwirren.<br \/>\nNie kann ich sie verstehen, und nie kann ich sie verlassen&#8230;&#8220;<\/p>\n<p>AH! CHE IL DESTINO\u2026<br \/>\nText von Metastasio und Musik von F. Carulli (1770 &#8211; 1841)<br \/>\n&#8222;Mein Schicksal, mein Schatz, hat nichts als Pein f\u00fcr mich vorgesehen.<br \/>\nIn Deiner N\u00e4he sterbe ich vor Liebe,<br \/>\ndoch fern von Dir lebe ich in Schmerzen&#8230;&#8220;<\/p>\n<p>DIE SCH\u00c4FERSTUNDE<br \/>\nText von F.K.Hiemer und Musik von C. M. von Weber (1786-1826)<br \/>\n&#8222;Endlich hatte Damon sie gefunden, ihren Stolz durch Tr\u00e4nen \u00fcberwunden.<br \/>\nL\u00e4nger konnte Chloe nicht dem Flehen des geliebten Sch\u00e4fers widerstehen&#8230;&#8220;<\/p>\n<p>AH, DOVE SIETE<br \/>\n&#8222;Canzonetta italiana&#8220; mit Musik von C. M. von Weber<br \/>\n&#8222;Wohin seid Ihr entschwunden, meine Sterne?<br \/>\nErkennt Ihr nicht mein Leid?<br \/>\nNun bleibe ich allein mit meinem Verlangen&#8230;&#8220;<\/p>\n<p>ALLE MIE TANTE LAGRIME<br \/>\n&#8222;Cavatina italiana&#8220; mit Musik von M. Giuliani (1781-1829)<br \/>\n&#8222;Meine vielen Tr\u00e4nen, mein grausamer Schmerz &#8211;<br \/>\nwenn sie in Dir keine Liebe erwecken, musst Du ein Herz aus Eisen haben&#8230;&#8220;<\/p>\n<p>EL TESTAMENTO DE AMALIA<br \/>\nDas Testament der Amalia<br \/>\nKatalanische Volksmelodie von unbekanntem Komponist<\/p>\n<p>KOYUNBABA<br \/>\nSuite Op. 19 von Carlo Domeniconi (1947-*)<br \/>\nModerato und Presto<\/p>\n<p>P A U S E<\/p>\n<p>MILONGA DEL \u00c1NGEL<br \/>\n&#8220; Milonga&#8220; des Engels von Astor Piazzola (1921-1992)<\/p>\n<p>VERANO PORTE\u00d1O<br \/>\nVerano porte\u00f1o &#8222;Sommer in Buenos Aires&#8220; von Astor Piazzola<\/p>\n<p>SE EQUIVOC\u00d3 LA PALOMA<br \/>\nText von R. Alberti und Musik von C. Guastavino (1912-2000)<br \/>\n&#8222;Die Taube hat sich geirrt. Sie hielt den Norden f\u00fcr den S\u00fcden,<br \/>\ndas Getreide f\u00fcr Wasser, das Meer f\u00fcr den Himmel;<br \/>\nDeinen Rock f\u00fcr Deine Bluse und Dein Herz f\u00fcr ihr zuhause&#8230; &#8220;<\/p>\n<p>CHORO Nummer 1<br \/>\nMusik von Heitor Villa-Lobos (1887-1959)<br \/>\nSt\u00fcck inspiriert von seinen Freunden &#8222;Chor\u00f5es&#8220;<\/p>\n<p>SONATE Op. 61<br \/>\n1. und 2. Satz- von Joaqu\u00edn Turina (1882-1949)<\/p>\n<p>NANA DE SEVILLA<br \/>\nWiegenlied aus Sevilla- Volksmelodie harmonisiert von F. G. Lorca ( 1988-1936)<br \/>\n&#8222;Dieses Kindchen hat keine Mutter. E<br \/>\nine Zigeunerin gebar sie und warf sie auf die Stra\u00dfe.<br \/>\nSie hat keine Wiege, aber ihr Vater ist Schreiner und wird ihr eine bauen&#8230;&#8220;<\/p>\n<p>EL CAF\u00c9 DE CHINITAS<br \/>\nDas &#8220; Chinitas &#8220; Cafe &#8211; Volksmelodie harmonisiert von F. G. Lorca<br \/>\n&#8222;Im Cafe Chinitas spricht Paquiro zu seinem Bruder:<br \/>\nIch bin mutiger als Du, und ein echter Zigeuner und Stierk\u00e4mpfer.<br \/>\nDieser Stier mu\u00df vor halb f\u00fcnf Uhr tot sein&#8230;&#8220;<\/p>\n<p>&nbsp;<\/p>\n<h3>Sara Almaz\u00e1n &#8211; Mezzosopran<\/h3>\n<p>Sara Almaz\u00e1n wurde in Saragossa (Spanien) geboren.<br \/>\nSie studierte Gesang am Konservatorium Pamplona<br \/>\nund Klavier am Konservatorium Zaragoza (Diplomabschluss).<br \/>\nIn Graz besuchte Sara Almaz\u00e1n den Lehrgang Oper an der Universit\u00e4t f\u00fcr Musik.<br \/>\nIn Wien erhielt sie Unterricht bei der S\u00e4ngerin Eva B\u00e1rtfai.<br \/>\nAm Konservatorium Huesca und in Zaragoza war Sara Almaz\u00e1n als<br \/>\nInstrumentalkorrepetitor besch\u00e4ftigt.<br \/>\nAuftritte als S\u00e4ngerin in Spanien, \u00d6sterreich, Deutschland und Slowenien<\/p>\n<h3>Sudirman Leman &#8211; Gitarre<\/h3>\n<p>Geboren in Jakarta (Indonesien). Sein musikalisches Talent wurde<br \/>\nschon in seiner fr\u00fchen Jugend erkannt, er trat in verschiedenen Fernsehsendungen<br \/>\nin seiner Heimat auf und nahm an mehreren Konzerten teil.<br \/>\nMit 10 Jahren bekam Sudirman Leman den ersten Gitarreunterricht am<br \/>\nber\u00fchmten Institut f\u00fcr Musik in Indonesien.<br \/>\nEs folgte ein Studium bei Prof. Dr. Leo Witoszynkyi an der<br \/>\nMusikuniversit\u00e4t in Graz.<\/p>\n<p>Sudirman Leman wird als Gastdozent von verschiedenen Musikinstituten<br \/>\nund Kulturuniverstit\u00e4ten Indonesiens eingeladen.<br \/>\nAusserdem hat Sudirman Leman an verschiedenen Musikwettbewerben teilgenommen.<br \/>\nSein Repertoire reicht von Renaissance- bis zur zeitgen\u00f6ssischen Musik.<br \/>\nZur Zeit besucht Sudirman Leman den postgradualen Lehrgang an der<br \/>\nUniversit\u00e4t f\u00fcr Musik und darstellenden Kunst bei Maestro Alvaro Pierri!<\/p>\n<p><a href=\"http:\/\/www.pro-vo.at\/index.php\/chronik\/\">Zur\u00fcck zur Chronik<\/a><\/p>\n<p>&nbsp;<\/p>\n","protected":false},"excerpt":{"rendered":"<p>Konzert Sara Almaz\u00e1n &#8211; Mezzosopran Leman Sudirman &#8211; Gitarre 16. Mai 2002 19:30 &nbsp; Das Programm: LA CAPRICCIOSA Text von L. Da Ponte und Musik von V. Mart\u00edn Soler (1756-1806) &#8222;Meine Liebchen ist launisch. Liebt es, mich zu verwirren. Nie kann ich sie verstehen, und nie kann ich sie verlassen&#8230;&#8220; AH! CHE IL DESTINO\u2026 Text &#8230; <a title=\"Konzert Sara und Surdiman\" class=\"read-more\" href=\"https:\/\/www.pro-vo.at\/index.php\/chronik\/konzert-sara-und-surdiman\/\" aria-label=\"Mehr Informationen \u00fcber Konzert Sara und Surdiman\">Weiterlesen<\/a><\/p>\n","protected":false},"author":1,"featured_media":0,"parent":28,"menu_order":0,"comment_status":"closed","ping_status":"closed","template":"","meta":{"footnotes":""},"class_list":["post-2206","page","type-page","status-publish"],"_links":{"self":[{"href":"https:\/\/www.pro-vo.at\/index.php\/wp-json\/wp\/v2\/pages\/2206","targetHints":{"allow":["GET"]}}],"collection":[{"href":"https:\/\/www.pro-vo.at\/index.php\/wp-json\/wp\/v2\/pages"}],"about":[{"href":"https:\/\/www.pro-vo.at\/index.php\/wp-json\/wp\/v2\/types\/page"}],"author":[{"embeddable":true,"href":"https:\/\/www.pro-vo.at\/index.php\/wp-json\/wp\/v2\/users\/1"}],"replies":[{"embeddable":true,"href":"https:\/\/www.pro-vo.at\/index.php\/wp-json\/wp\/v2\/comments?post=2206"}],"version-history":[{"count":1,"href":"https:\/\/www.pro-vo.at\/index.php\/wp-json\/wp\/v2\/pages\/2206\/revisions"}],"predecessor-version":[{"id":2218,"href":"https:\/\/www.pro-vo.at\/index.php\/wp-json\/wp\/v2\/pages\/2206\/revisions\/2218"}],"up":[{"embeddable":true,"href":"https:\/\/www.pro-vo.at\/index.php\/wp-json\/wp\/v2\/pages\/28"}],"wp:attachment":[{"href":"https:\/\/www.pro-vo.at\/index.php\/wp-json\/wp\/v2\/media?parent=2206"}],"curies":[{"name":"wp","href":"https:\/\/api.w.org\/{rel}","templated":true}]}}