{"id":219,"date":"2017-07-03T19:15:28","date_gmt":"2017-07-03T19:15:28","guid":{"rendered":"http:\/\/www.pro-vo.at\/?page_id=219"},"modified":"2025-11-14T08:36:47","modified_gmt":"2025-11-14T08:36:47","slug":"kontakt","status":"publish","type":"page","link":"https:\/\/www.pro-vo.at\/index.php\/kontakt\/","title":{"rendered":"kontakt"},"content":{"rendered":"<h1>Kontakt<\/h1>\n<p><strong>Verein pro-vo_aktion &#8211; Kultur und Kunst in Praxis und Vermittlung<\/strong><br \/>\nPostadresse:<br \/>\nLinzer Stra\u00dfe 160\/8\/14<br \/>\n1140 Wien<\/p>\n<p><strong>Vereinslokal<\/strong><br \/>\nHuglgasse 24, 1150 Wien<br \/>\nTel.: 0699 1952 3482<br \/>\nE-Mail: <a href=\"mailto:info@pro-vo.at\">info@pro-vo.at<\/a><\/p>\n<p><strong>Kontoverbindung<\/strong><br \/>\nOBERBANK<\/p>\n<p>Kontoinhaber: Verein pro-vo_aktion<br \/>\nIBAN: AT481500004361067061<br \/>\nBIC: OBKLAT2L<\/p>\n<p><strong>Anfahrtsplan<\/strong><br \/>\nDas Vereinslokal der pro-vo ist \u00f6ffentlich sehr gut zu erreichen:<\/p>\n<ul>\n<li>U3-Station Schweglerstra\u00dfe (1 Min)<\/li>\n<li>Stra\u00dfenbahn 49 (Station direkt vor der pro-vo)<\/li>\n<li>Autobus 12A<\/li>\n<li>vom G\u00fcrtel (U6) sind es nur 3 Stationen mit der Linie 49<\/li>\n<\/ul>\n<p><iframe loading=\"lazy\" style=\"border: 0;\" src=\"https:\/\/www.google.com\/maps\/embed?pb=!1m18!1m12!1m3!1d2659.449921786057!2d16.323140315889287!3d48.19794915493286!2m3!1f0!2f0!3f0!3m2!1i1024!2i768!4f13.1!3m3!1m2!1s0x476d07f88b32b19b%3A0xc562af4e54319f25!2sHuglgasse+24%2C+1150+Wien!5e0!3m2!1sde!2sat!4v1499110062768\" width=\"600\" height=\"450\" frameborder=\"0\" allowfullscreen=\"allowfullscreen\"><\/iframe><\/p>\n<p><strong>Infos zur Kurzparkzone<\/strong><br \/>\nRund um die pro-vo gibt es nur Kurzparkpl\u00e4tze!<br \/>\nKurzparkzone: Montag bis Freitag (werktags) von 9 &#8211; 19 Uhr<br \/>\nParkdauer: 3 Stunden<\/p>\n<p>Folgende Gesch\u00e4ftsstra\u00dfen sind von der generellen Kurzparkzonenregelung f\u00fcr den Bezirk ausgenommen.<br \/>\nBeachten Sie bitte die \u00f6rtlichen Kurzparkzonenhinweise am Stra\u00dfenrand:<br \/>\nM\u00e4rzstra\u00dfe von Schweglerstra\u00dfe bis Huglgasse und zus\u00e4tzlich<br \/>\nvon Schweglerstra\u00dfe bis Tannengasse (inklusive Reithofferplatz) auf Seiten der geraden Ordnungsnummern<br \/>\nH\u00fctteldorfer Stra\u00dfe von Schweglerstra\u00dfe bis Schanzstra\u00dfe\/Beckmanngasse<\/p>\n<p>Montag bis Freitag (werktags), von 8 bis 18 Uhr sowie Samstag (werktags), von 8 bis 12 Uhr Parkdauer: 1,5 Stunden<\/p>\n<h1>Musikschule 15. Bezirk<\/h1>\n<p><a href=\"http:\/\/www.pro-vo.at\/index.php\/kurse\/musik\/\">Zum Musikunterricht<\/a><\/p>\n<p><a href=\"http:\/\/www.pro-vo.at\/index.php\/pro-vo\/der-verein-pro-vo\/\">Zur\u00fcck zum Verein pro-vo<\/a><\/p>\n","protected":false},"excerpt":{"rendered":"<p>Kontakt Verein pro-vo_aktion &#8211; Kultur und Kunst in Praxis und Vermittlung Postadresse: Linzer Stra\u00dfe 160\/8\/14 1140 Wien Vereinslokal Huglgasse 24, 1150 Wien Tel.: 0699 1952 3482 E-Mail: info@pro-vo.at Kontoverbindung OBERBANK Kontoinhaber: Verein pro-vo_aktion IBAN: AT481500004361067061 BIC: OBKLAT2L Anfahrtsplan Das Vereinslokal der pro-vo ist \u00f6ffentlich sehr gut zu erreichen: U3-Station Schweglerstra\u00dfe (1 Min) Stra\u00dfenbahn 49 (Station &#8230; <a title=\"kontakt\" class=\"read-more\" href=\"https:\/\/www.pro-vo.at\/index.php\/kontakt\/\" aria-label=\"Mehr Informationen \u00fcber kontakt\">Weiterlesen<\/a><\/p>\n","protected":false},"author":2,"featured_media":0,"parent":0,"menu_order":0,"comment_status":"closed","ping_status":"closed","template":"","meta":{"footnotes":""},"class_list":["post-219","page","type-page","status-publish"],"_links":{"self":[{"href":"https:\/\/www.pro-vo.at\/index.php\/wp-json\/wp\/v2\/pages\/219","targetHints":{"allow":["GET"]}}],"collection":[{"href":"https:\/\/www.pro-vo.at\/index.php\/wp-json\/wp\/v2\/pages"}],"about":[{"href":"https:\/\/www.pro-vo.at\/index.php\/wp-json\/wp\/v2\/types\/page"}],"author":[{"embeddable":true,"href":"https:\/\/www.pro-vo.at\/index.php\/wp-json\/wp\/v2\/users\/2"}],"replies":[{"embeddable":true,"href":"https:\/\/www.pro-vo.at\/index.php\/wp-json\/wp\/v2\/comments?post=219"}],"version-history":[{"count":22,"href":"https:\/\/www.pro-vo.at\/index.php\/wp-json\/wp\/v2\/pages\/219\/revisions"}],"predecessor-version":[{"id":6715,"href":"https:\/\/www.pro-vo.at\/index.php\/wp-json\/wp\/v2\/pages\/219\/revisions\/6715"}],"wp:attachment":[{"href":"https:\/\/www.pro-vo.at\/index.php\/wp-json\/wp\/v2\/media?parent=219"}],"curies":[{"name":"wp","href":"https:\/\/api.w.org\/{rel}","templated":true}]}}