{"id":2127,"date":"2017-11-08T13:23:32","date_gmt":"2017-11-08T13:23:32","guid":{"rendered":"http:\/\/www.pro-vo.at\/?page_id=2127"},"modified":"2017-11-08T13:23:32","modified_gmt":"2017-11-08T13:23:32","slug":"klassenabend-martin-gonzalo-2014","status":"publish","type":"page","link":"https:\/\/www.pro-vo.at\/index.php\/chronik\/klassenabend-martin-gonzalo-2014\/","title":{"rendered":"Klassenabend Martin Gonzalo 2014"},"content":{"rendered":"<h1>Klassenabend<br \/>\nMartin Sch\u00f6nlieb &amp; Gonzalo Manrique<\/h1>\n<p>Freitag, 31. J\u00e4nner 2014<br \/>\n18 Uhr<br \/>\ngro\u00dfer Veranstaltungsraum<\/p>\n<p><a href=\"http:\/\/www.pro-vo.at\/wp-content\/uploads\/2017\/11\/go001.jpg\" data-rel=\"lightbox-gallery-7ymigCQi\" data-rl_title=\"go001\" data-rl_caption=\"\" title=\"go001\"><img loading=\"lazy\" decoding=\"async\" class=\"alignnone size-thumbnail wp-image-2128\" src=\"http:\/\/www.pro-vo.at\/wp-content\/uploads\/2017\/11\/go001-150x150.jpg\" alt=\"\" width=\"150\" height=\"150\" \/><\/a> <a href=\"http:\/\/www.pro-vo.at\/wp-content\/uploads\/2017\/11\/go002.jpg\" data-rel=\"lightbox-gallery-7ymigCQi\" data-rl_title=\"go002\" data-rl_caption=\"\" title=\"go002\"><img loading=\"lazy\" decoding=\"async\" class=\"alignnone size-thumbnail wp-image-2129\" src=\"http:\/\/www.pro-vo.at\/wp-content\/uploads\/2017\/11\/go002-150x150.jpg\" alt=\"\" width=\"150\" height=\"150\" \/><\/a> <a href=\"http:\/\/www.pro-vo.at\/wp-content\/uploads\/2017\/11\/go003.jpg\" data-rel=\"lightbox-gallery-7ymigCQi\" data-rl_title=\"go003\" data-rl_caption=\"\" title=\"go003\"><img loading=\"lazy\" decoding=\"async\" class=\"alignnone size-thumbnail wp-image-2130\" src=\"http:\/\/www.pro-vo.at\/wp-content\/uploads\/2017\/11\/go003-150x150.jpg\" alt=\"\" width=\"150\" height=\"150\" \/><\/a> <a href=\"http:\/\/www.pro-vo.at\/wp-content\/uploads\/2017\/11\/go004.jpg\" data-rel=\"lightbox-gallery-7ymigCQi\" data-rl_title=\"go004\" data-rl_caption=\"\" title=\"go004\"><img loading=\"lazy\" decoding=\"async\" class=\"alignnone size-thumbnail wp-image-2131\" src=\"http:\/\/www.pro-vo.at\/wp-content\/uploads\/2017\/11\/go004-150x150.jpg\" alt=\"\" width=\"150\" height=\"150\" \/><\/a> <a href=\"http:\/\/www.pro-vo.at\/wp-content\/uploads\/2017\/11\/go005.jpg\" data-rel=\"lightbox-gallery-7ymigCQi\" data-rl_title=\"go005\" data-rl_caption=\"\" title=\"go005\"><img loading=\"lazy\" decoding=\"async\" class=\"alignnone size-thumbnail wp-image-2132\" src=\"http:\/\/www.pro-vo.at\/wp-content\/uploads\/2017\/11\/go005-150x150.jpg\" alt=\"\" width=\"150\" height=\"150\" \/><\/a> <a href=\"http:\/\/www.pro-vo.at\/wp-content\/uploads\/2017\/11\/go006.jpg\" data-rel=\"lightbox-gallery-7ymigCQi\" data-rl_title=\"go006\" data-rl_caption=\"\" title=\"go006\"><img loading=\"lazy\" decoding=\"async\" class=\"alignnone size-thumbnail wp-image-2133\" src=\"http:\/\/www.pro-vo.at\/wp-content\/uploads\/2017\/11\/go006-150x150.jpg\" alt=\"\" width=\"150\" height=\"150\" \/><\/a> <a href=\"http:\/\/www.pro-vo.at\/wp-content\/uploads\/2017\/11\/go007.jpg\" data-rel=\"lightbox-gallery-7ymigCQi\" data-rl_title=\"go007\" data-rl_caption=\"\" title=\"go007\"><img loading=\"lazy\" decoding=\"async\" class=\"alignnone size-thumbnail wp-image-2134\" src=\"http:\/\/www.pro-vo.at\/wp-content\/uploads\/2017\/11\/go007-150x150.jpg\" alt=\"\" width=\"150\" height=\"150\" \/><\/a> <a href=\"http:\/\/www.pro-vo.at\/wp-content\/uploads\/2017\/11\/go008.jpg\" data-rel=\"lightbox-gallery-7ymigCQi\" data-rl_title=\"go008\" data-rl_caption=\"\" title=\"go008\"><img loading=\"lazy\" decoding=\"async\" class=\"alignnone size-thumbnail wp-image-2135\" src=\"http:\/\/www.pro-vo.at\/wp-content\/uploads\/2017\/11\/go008-150x150.jpg\" alt=\"\" width=\"150\" height=\"150\" \/><\/a> <a href=\"http:\/\/www.pro-vo.at\/wp-content\/uploads\/2017\/11\/go009.jpg\" data-rel=\"lightbox-gallery-7ymigCQi\" data-rl_title=\"go009\" data-rl_caption=\"\" title=\"go009\"><img loading=\"lazy\" decoding=\"async\" class=\"alignnone size-thumbnail wp-image-2136\" src=\"http:\/\/www.pro-vo.at\/wp-content\/uploads\/2017\/11\/go009-150x150.jpg\" alt=\"\" width=\"150\" height=\"150\" \/><\/a> <a href=\"http:\/\/www.pro-vo.at\/wp-content\/uploads\/2017\/11\/go010.jpg\" data-rel=\"lightbox-gallery-7ymigCQi\" data-rl_title=\"go010\" data-rl_caption=\"\" title=\"go010\"><img loading=\"lazy\" decoding=\"async\" class=\"alignnone size-thumbnail wp-image-2137\" src=\"http:\/\/www.pro-vo.at\/wp-content\/uploads\/2017\/11\/go010-150x150.jpg\" alt=\"\" width=\"150\" height=\"150\" \/><\/a> <a href=\"http:\/\/www.pro-vo.at\/wp-content\/uploads\/2017\/11\/go011.jpg\" data-rel=\"lightbox-gallery-7ymigCQi\" data-rl_title=\"go011\" data-rl_caption=\"\" title=\"go011\"><img loading=\"lazy\" decoding=\"async\" class=\"alignnone size-thumbnail wp-image-2138\" src=\"http:\/\/www.pro-vo.at\/wp-content\/uploads\/2017\/11\/go011-150x150.jpg\" alt=\"\" width=\"150\" height=\"150\" \/><\/a> <a href=\"http:\/\/www.pro-vo.at\/wp-content\/uploads\/2017\/11\/go012.jpg\" data-rel=\"lightbox-gallery-7ymigCQi\" data-rl_title=\"go012\" data-rl_caption=\"\" title=\"go012\"><img loading=\"lazy\" decoding=\"async\" class=\"alignnone size-thumbnail wp-image-2139\" src=\"http:\/\/www.pro-vo.at\/wp-content\/uploads\/2017\/11\/go012-150x150.jpg\" alt=\"\" width=\"150\" height=\"150\" \/><\/a> <a href=\"http:\/\/www.pro-vo.at\/wp-content\/uploads\/2017\/11\/go013.jpg\" data-rel=\"lightbox-gallery-7ymigCQi\" data-rl_title=\"go013\" data-rl_caption=\"\" title=\"go013\"><img loading=\"lazy\" decoding=\"async\" class=\"alignnone size-thumbnail wp-image-2140\" src=\"http:\/\/www.pro-vo.at\/wp-content\/uploads\/2017\/11\/go013-150x150.jpg\" alt=\"\" width=\"150\" height=\"150\" \/><\/a> <a href=\"http:\/\/www.pro-vo.at\/wp-content\/uploads\/2017\/11\/go014.jpg\" data-rel=\"lightbox-gallery-7ymigCQi\" data-rl_title=\"go014\" data-rl_caption=\"\" title=\"go014\"><img loading=\"lazy\" decoding=\"async\" class=\"alignnone size-thumbnail wp-image-2141\" src=\"http:\/\/www.pro-vo.at\/wp-content\/uploads\/2017\/11\/go014-150x150.jpg\" alt=\"\" width=\"150\" height=\"150\" \/><\/a><\/p>\n<p>Fotos: Harry Hammerer<\/p>\n<p>Unser Programm:<\/p>\n<p>* Lorenz<br \/>\nHouse of the rising sun (Trad.)<\/p>\n<p>* Max und Barbara<br \/>\nSpanische Romanze (Anonym.)<br \/>\nApplaus, Applaus (Sportfreunde Stiller)<\/p>\n<p>Philip<br \/>\nWild thing (Chip Taylor)<\/p>\n<p>* Marco<br \/>\nBlackbird (Paul McCartney)<\/p>\n<p>Manfred<br \/>\nVals venezolano (Jorge Cardoso)<br \/>\nPasillo costarricense (Jorge Cardoso)<\/p>\n<p>Magdalena<br \/>\nDiferencias sobre \u201eGu\u00e1rdame las vacas\u201c (Luis de Narv\u00e1ez)<br \/>\nLiebeslied (Kaspar Joseph Mertz)<\/p>\n<p>Laurin<br \/>\nUn d\u00eda de noviembre (Leo Brouwer)<br \/>\nTango en ska\u00ef (Roland Dyens)<\/p>\n<p>Lukas<br \/>\nHey, hey (Big Bill Broonzy)<\/p>\n<p>* Klasse Martin Sch\u00f6nlieb<br \/>\nKlasse Gonzalo Manrique<\/p>\n<p><a href=\"http:\/\/www.pro-vo.at\/index.php\/chronik\/\">Zur\u00fcck zur Chronik<\/a><\/p>\n","protected":false},"excerpt":{"rendered":"<p>Klassenabend Martin Sch\u00f6nlieb &amp; Gonzalo Manrique Freitag, 31. J\u00e4nner 2014 18 Uhr gro\u00dfer Veranstaltungsraum Fotos: Harry Hammerer Unser Programm: * Lorenz House of the rising sun (Trad.) * Max und Barbara Spanische Romanze (Anonym.) Applaus, Applaus (Sportfreunde Stiller) Philip Wild thing (Chip Taylor) * Marco Blackbird (Paul McCartney) Manfred Vals venezolano (Jorge Cardoso) Pasillo costarricense &#8230; <a title=\"Klassenabend Martin Gonzalo 2014\" class=\"read-more\" href=\"https:\/\/www.pro-vo.at\/index.php\/chronik\/klassenabend-martin-gonzalo-2014\/\" aria-label=\"Mehr Informationen \u00fcber Klassenabend Martin Gonzalo 2014\">Weiterlesen<\/a><\/p>\n","protected":false},"author":1,"featured_media":0,"parent":28,"menu_order":0,"comment_status":"closed","ping_status":"closed","template":"","meta":{"footnotes":""},"class_list":["post-2127","page","type-page","status-publish"],"_links":{"self":[{"href":"https:\/\/www.pro-vo.at\/index.php\/wp-json\/wp\/v2\/pages\/2127","targetHints":{"allow":["GET"]}}],"collection":[{"href":"https:\/\/www.pro-vo.at\/index.php\/wp-json\/wp\/v2\/pages"}],"about":[{"href":"https:\/\/www.pro-vo.at\/index.php\/wp-json\/wp\/v2\/types\/page"}],"author":[{"embeddable":true,"href":"https:\/\/www.pro-vo.at\/index.php\/wp-json\/wp\/v2\/users\/1"}],"replies":[{"embeddable":true,"href":"https:\/\/www.pro-vo.at\/index.php\/wp-json\/wp\/v2\/comments?post=2127"}],"version-history":[{"count":1,"href":"https:\/\/www.pro-vo.at\/index.php\/wp-json\/wp\/v2\/pages\/2127\/revisions"}],"predecessor-version":[{"id":2142,"href":"https:\/\/www.pro-vo.at\/index.php\/wp-json\/wp\/v2\/pages\/2127\/revisions\/2142"}],"up":[{"embeddable":true,"href":"https:\/\/www.pro-vo.at\/index.php\/wp-json\/wp\/v2\/pages\/28"}],"wp:attachment":[{"href":"https:\/\/www.pro-vo.at\/index.php\/wp-json\/wp\/v2\/media?parent=2127"}],"curies":[{"name":"wp","href":"https:\/\/api.w.org\/{rel}","templated":true}]}}