{"id":2088,"date":"2017-11-08T13:19:23","date_gmt":"2017-11-08T13:19:23","guid":{"rendered":"http:\/\/www.pro-vo.at\/?page_id=2088"},"modified":"2017-11-08T13:19:23","modified_gmt":"2017-11-08T13:19:23","slug":"fasching-2014","status":"publish","type":"page","link":"https:\/\/www.pro-vo.at\/index.php\/chronik\/fasching-2014\/","title":{"rendered":"Fasching 2014"},"content":{"rendered":"<h1>Faschingskonzert 2014<\/h1>\n<p>Freitag, 21. Februar 2014<br \/>\n18:30 Uhr<br \/>\ngro\u00dfer Veranstaltungsraum pro-vo<\/p>\n<p>Es musizieren Sch\u00fclerinnen und Sch\u00fcler von<br \/>\nSeverin Chen (Klavier)*<br \/>\nLisa Egger-Charvat (Violine, Viola)<br \/>\nKaoru Asayama (Violine)<\/p>\n<p><a href=\"http:\/\/www.pro-vo.at\/wp-content\/uploads\/2017\/11\/F01.jpg\" data-rel=\"lightbox-gallery-bTq4j7pu\" data-rl_title=\"F01\" data-rl_caption=\"\" title=\"F01\"><img loading=\"lazy\" decoding=\"async\" class=\"alignnone size-thumbnail wp-image-2089\" src=\"http:\/\/www.pro-vo.at\/wp-content\/uploads\/2017\/11\/F01-150x150.jpg\" alt=\"\" width=\"150\" height=\"150\" \/><\/a> <a href=\"http:\/\/www.pro-vo.at\/wp-content\/uploads\/2017\/11\/F02.jpg\" data-rel=\"lightbox-gallery-bTq4j7pu\" data-rl_title=\"F02\" data-rl_caption=\"\" title=\"F02\"><img loading=\"lazy\" decoding=\"async\" class=\"alignnone size-thumbnail wp-image-2090\" src=\"http:\/\/www.pro-vo.at\/wp-content\/uploads\/2017\/11\/F02-150x150.jpg\" alt=\"\" width=\"150\" height=\"150\" \/><\/a> <a href=\"http:\/\/www.pro-vo.at\/wp-content\/uploads\/2017\/11\/F03.jpg\" data-rel=\"lightbox-gallery-bTq4j7pu\" data-rl_title=\"F03\" data-rl_caption=\"\" title=\"F03\"><img loading=\"lazy\" decoding=\"async\" class=\"alignnone size-thumbnail wp-image-2091\" src=\"http:\/\/www.pro-vo.at\/wp-content\/uploads\/2017\/11\/F03-150x150.jpg\" alt=\"\" width=\"150\" height=\"150\" \/><\/a> <a href=\"http:\/\/www.pro-vo.at\/wp-content\/uploads\/2017\/11\/F04.jpg\" data-rel=\"lightbox-gallery-bTq4j7pu\" data-rl_title=\"F04\" data-rl_caption=\"\" title=\"F04\"><img loading=\"lazy\" decoding=\"async\" class=\"alignnone size-thumbnail wp-image-2092\" src=\"http:\/\/www.pro-vo.at\/wp-content\/uploads\/2017\/11\/F04-150x150.jpg\" alt=\"\" width=\"150\" height=\"150\" \/><\/a> <a href=\"http:\/\/www.pro-vo.at\/wp-content\/uploads\/2017\/11\/F05.jpg\" data-rel=\"lightbox-gallery-bTq4j7pu\" data-rl_title=\"F05\" data-rl_caption=\"\" title=\"F05\"><img loading=\"lazy\" decoding=\"async\" class=\"alignnone size-thumbnail wp-image-2093\" src=\"http:\/\/www.pro-vo.at\/wp-content\/uploads\/2017\/11\/F05-150x150.jpg\" alt=\"\" width=\"150\" height=\"150\" \/><\/a> <a href=\"http:\/\/www.pro-vo.at\/wp-content\/uploads\/2017\/11\/F06.jpg\" data-rel=\"lightbox-gallery-bTq4j7pu\" data-rl_title=\"F06\" data-rl_caption=\"\" title=\"F06\"><img loading=\"lazy\" decoding=\"async\" class=\"alignnone size-thumbnail wp-image-2094\" src=\"http:\/\/www.pro-vo.at\/wp-content\/uploads\/2017\/11\/F06-150x150.jpg\" alt=\"\" width=\"150\" height=\"150\" \/><\/a> <a href=\"http:\/\/www.pro-vo.at\/wp-content\/uploads\/2017\/11\/F07.jpg\" data-rel=\"lightbox-gallery-bTq4j7pu\" data-rl_title=\"F07\" data-rl_caption=\"\" title=\"F07\"><img loading=\"lazy\" decoding=\"async\" class=\"alignnone size-thumbnail wp-image-2095\" src=\"http:\/\/www.pro-vo.at\/wp-content\/uploads\/2017\/11\/F07-150x150.jpg\" alt=\"\" width=\"150\" height=\"150\" \/><\/a> <a href=\"http:\/\/www.pro-vo.at\/wp-content\/uploads\/2017\/11\/F08.jpg\" data-rel=\"lightbox-gallery-bTq4j7pu\" data-rl_title=\"F08\" data-rl_caption=\"\" title=\"F08\"><img loading=\"lazy\" decoding=\"async\" class=\"alignnone size-thumbnail wp-image-2096\" src=\"http:\/\/www.pro-vo.at\/wp-content\/uploads\/2017\/11\/F08-150x150.jpg\" alt=\"\" width=\"150\" height=\"150\" \/><\/a> <a href=\"http:\/\/www.pro-vo.at\/wp-content\/uploads\/2017\/11\/F09.jpg\" data-rel=\"lightbox-gallery-bTq4j7pu\" data-rl_title=\"F09\" data-rl_caption=\"\" title=\"F09\"><img loading=\"lazy\" decoding=\"async\" class=\"alignnone size-thumbnail wp-image-2097\" src=\"http:\/\/www.pro-vo.at\/wp-content\/uploads\/2017\/11\/F09-150x150.jpg\" alt=\"\" width=\"150\" height=\"150\" \/><\/a> <a href=\"http:\/\/www.pro-vo.at\/wp-content\/uploads\/2017\/11\/F10.jpg\" data-rel=\"lightbox-gallery-bTq4j7pu\" data-rl_title=\"F10\" data-rl_caption=\"\" title=\"F10\"><img loading=\"lazy\" decoding=\"async\" class=\"alignnone size-thumbnail wp-image-2098\" src=\"http:\/\/www.pro-vo.at\/wp-content\/uploads\/2017\/11\/F10-150x150.jpg\" alt=\"\" width=\"150\" height=\"150\" \/><\/a> <a href=\"http:\/\/www.pro-vo.at\/wp-content\/uploads\/2017\/11\/F11.jpg\" data-rel=\"lightbox-gallery-bTq4j7pu\" data-rl_title=\"F11\" data-rl_caption=\"\" title=\"F11\"><img loading=\"lazy\" decoding=\"async\" class=\"alignnone size-thumbnail wp-image-2099\" src=\"http:\/\/www.pro-vo.at\/wp-content\/uploads\/2017\/11\/F11-150x150.jpg\" alt=\"\" width=\"150\" height=\"150\" \/><\/a> <a href=\"http:\/\/www.pro-vo.at\/wp-content\/uploads\/2017\/11\/F12.jpg\" data-rel=\"lightbox-gallery-bTq4j7pu\" data-rl_title=\"F12\" data-rl_caption=\"\" title=\"F12\"><img loading=\"lazy\" decoding=\"async\" class=\"alignnone size-thumbnail wp-image-2100\" src=\"http:\/\/www.pro-vo.at\/wp-content\/uploads\/2017\/11\/F12-150x150.jpg\" alt=\"\" width=\"150\" height=\"150\" \/><\/a> <a href=\"http:\/\/www.pro-vo.at\/wp-content\/uploads\/2017\/11\/F13.jpg\" data-rel=\"lightbox-gallery-bTq4j7pu\" data-rl_title=\"F13\" data-rl_caption=\"\" title=\"F13\"><img loading=\"lazy\" decoding=\"async\" class=\"alignnone size-thumbnail wp-image-2101\" src=\"http:\/\/www.pro-vo.at\/wp-content\/uploads\/2017\/11\/F13-150x150.jpg\" alt=\"\" width=\"150\" height=\"150\" \/><\/a> <a href=\"http:\/\/www.pro-vo.at\/wp-content\/uploads\/2017\/11\/F14.jpg\" data-rel=\"lightbox-gallery-bTq4j7pu\" data-rl_title=\"F14\" data-rl_caption=\"\" title=\"F14\"><img loading=\"lazy\" decoding=\"async\" class=\"alignnone size-thumbnail wp-image-2102\" src=\"http:\/\/www.pro-vo.at\/wp-content\/uploads\/2017\/11\/F14-150x150.jpg\" alt=\"\" width=\"150\" height=\"150\" \/><\/a> <a href=\"http:\/\/www.pro-vo.at\/wp-content\/uploads\/2017\/11\/F15a.jpg\" data-rel=\"lightbox-gallery-bTq4j7pu\" data-rl_title=\"F15a\" data-rl_caption=\"\" title=\"F15a\"><img loading=\"lazy\" decoding=\"async\" class=\"alignnone size-thumbnail wp-image-2104\" src=\"http:\/\/www.pro-vo.at\/wp-content\/uploads\/2017\/11\/F15a-150x150.jpg\" alt=\"\" width=\"150\" height=\"150\" \/><\/a> <a href=\"http:\/\/www.pro-vo.at\/wp-content\/uploads\/2017\/11\/F16.jpg\" data-rel=\"lightbox-gallery-bTq4j7pu\" data-rl_title=\"F16\" data-rl_caption=\"\" title=\"F16\"><img loading=\"lazy\" decoding=\"async\" class=\"alignnone size-thumbnail wp-image-2105\" src=\"http:\/\/www.pro-vo.at\/wp-content\/uploads\/2017\/11\/F16-150x150.jpg\" alt=\"\" width=\"150\" height=\"150\" \/><\/a> <a href=\"http:\/\/www.pro-vo.at\/wp-content\/uploads\/2017\/11\/F17.jpg\" data-rel=\"lightbox-gallery-bTq4j7pu\" data-rl_title=\"F17\" data-rl_caption=\"\" title=\"F17\"><img loading=\"lazy\" decoding=\"async\" class=\"alignnone size-thumbnail wp-image-2106\" src=\"http:\/\/www.pro-vo.at\/wp-content\/uploads\/2017\/11\/F17-150x150.jpg\" alt=\"\" width=\"150\" height=\"150\" \/><\/a> <a href=\"http:\/\/www.pro-vo.at\/wp-content\/uploads\/2017\/11\/F18.jpg\" data-rel=\"lightbox-gallery-bTq4j7pu\" data-rl_title=\"F18\" data-rl_caption=\"\" title=\"F18\"><img loading=\"lazy\" decoding=\"async\" class=\"alignnone size-thumbnail wp-image-2107\" src=\"http:\/\/www.pro-vo.at\/wp-content\/uploads\/2017\/11\/F18-150x150.jpg\" alt=\"\" width=\"150\" height=\"150\" \/><\/a> <a href=\"http:\/\/www.pro-vo.at\/wp-content\/uploads\/2017\/11\/F19.jpg\" data-rel=\"lightbox-gallery-bTq4j7pu\" data-rl_title=\"F19\" data-rl_caption=\"\" title=\"F19\"><img loading=\"lazy\" decoding=\"async\" class=\"alignnone size-thumbnail wp-image-2108\" src=\"http:\/\/www.pro-vo.at\/wp-content\/uploads\/2017\/11\/F19-150x150.jpg\" alt=\"\" width=\"150\" height=\"150\" \/><\/a> <a href=\"http:\/\/www.pro-vo.at\/wp-content\/uploads\/2017\/11\/F20.jpg\" data-rel=\"lightbox-gallery-bTq4j7pu\" data-rl_title=\"F20\" data-rl_caption=\"\" title=\"F20\"><img loading=\"lazy\" decoding=\"async\" class=\"alignnone size-thumbnail wp-image-2109\" src=\"http:\/\/www.pro-vo.at\/wp-content\/uploads\/2017\/11\/F20-150x150.jpg\" alt=\"\" width=\"150\" height=\"150\" \/><\/a> <a href=\"http:\/\/www.pro-vo.at\/wp-content\/uploads\/2017\/11\/F21.jpg\" data-rel=\"lightbox-gallery-bTq4j7pu\" data-rl_title=\"F21\" data-rl_caption=\"\" title=\"F21\"><img loading=\"lazy\" decoding=\"async\" class=\"alignnone size-thumbnail wp-image-2110\" src=\"http:\/\/www.pro-vo.at\/wp-content\/uploads\/2017\/11\/F21-150x150.jpg\" alt=\"\" width=\"150\" height=\"150\" \/><\/a> <a href=\"http:\/\/www.pro-vo.at\/wp-content\/uploads\/2017\/11\/F22.jpg\" data-rel=\"lightbox-gallery-bTq4j7pu\" data-rl_title=\"F22\" data-rl_caption=\"\" title=\"F22\"><img loading=\"lazy\" decoding=\"async\" class=\"alignnone size-thumbnail wp-image-2111\" src=\"http:\/\/www.pro-vo.at\/wp-content\/uploads\/2017\/11\/F22-150x150.jpg\" alt=\"\" width=\"150\" height=\"150\" \/><\/a> <a href=\"http:\/\/www.pro-vo.at\/wp-content\/uploads\/2017\/11\/F23.jpg\" data-rel=\"lightbox-gallery-bTq4j7pu\" data-rl_title=\"F23\" data-rl_caption=\"\" title=\"F23\"><img loading=\"lazy\" decoding=\"async\" class=\"alignnone size-thumbnail wp-image-2112\" src=\"http:\/\/www.pro-vo.at\/wp-content\/uploads\/2017\/11\/F23-150x150.jpg\" alt=\"\" width=\"150\" height=\"150\" \/><\/a> <a href=\"http:\/\/www.pro-vo.at\/wp-content\/uploads\/2017\/11\/F24.jpg\" data-rel=\"lightbox-gallery-bTq4j7pu\" data-rl_title=\"F24\" data-rl_caption=\"\" title=\"F24\"><img loading=\"lazy\" decoding=\"async\" class=\"alignnone size-thumbnail wp-image-2113\" src=\"http:\/\/www.pro-vo.at\/wp-content\/uploads\/2017\/11\/F24-150x150.jpg\" alt=\"\" width=\"150\" height=\"150\" \/><\/a> <a href=\"http:\/\/www.pro-vo.at\/wp-content\/uploads\/2017\/11\/F25.jpg\" data-rel=\"lightbox-gallery-bTq4j7pu\" data-rl_title=\"F25\" data-rl_caption=\"\" title=\"F25\"><img loading=\"lazy\" decoding=\"async\" class=\"alignnone size-thumbnail wp-image-2114\" src=\"http:\/\/www.pro-vo.at\/wp-content\/uploads\/2017\/11\/F25-150x150.jpg\" alt=\"\" width=\"150\" height=\"150\" \/><\/a> <a href=\"http:\/\/www.pro-vo.at\/wp-content\/uploads\/2017\/11\/F26.jpg\" data-rel=\"lightbox-gallery-bTq4j7pu\" data-rl_title=\"F26\" data-rl_caption=\"\" title=\"F26\"><img loading=\"lazy\" decoding=\"async\" class=\"alignnone size-thumbnail wp-image-2115\" src=\"http:\/\/www.pro-vo.at\/wp-content\/uploads\/2017\/11\/F26-150x150.jpg\" alt=\"\" width=\"150\" height=\"150\" \/><\/a> <a href=\"http:\/\/www.pro-vo.at\/wp-content\/uploads\/2017\/11\/F27.jpg\" data-rel=\"lightbox-gallery-bTq4j7pu\" data-rl_title=\"F27\" data-rl_caption=\"\" title=\"F27\"><img loading=\"lazy\" decoding=\"async\" class=\"alignnone size-thumbnail wp-image-2116\" src=\"http:\/\/www.pro-vo.at\/wp-content\/uploads\/2017\/11\/F27-150x150.jpg\" alt=\"\" width=\"150\" height=\"150\" \/><\/a> <a href=\"http:\/\/www.pro-vo.at\/wp-content\/uploads\/2017\/11\/F28.jpg\" data-rel=\"lightbox-gallery-bTq4j7pu\" data-rl_title=\"F28\" data-rl_caption=\"\" title=\"F28\"><img loading=\"lazy\" decoding=\"async\" class=\"alignnone size-thumbnail wp-image-2117\" src=\"http:\/\/www.pro-vo.at\/wp-content\/uploads\/2017\/11\/F28-150x150.jpg\" alt=\"\" width=\"150\" height=\"150\" \/><\/a> <a href=\"http:\/\/www.pro-vo.at\/wp-content\/uploads\/2017\/11\/F29.jpg\" data-rel=\"lightbox-gallery-bTq4j7pu\" data-rl_title=\"F29\" data-rl_caption=\"\" title=\"F29\"><img loading=\"lazy\" decoding=\"async\" class=\"alignnone size-thumbnail wp-image-2118\" src=\"http:\/\/www.pro-vo.at\/wp-content\/uploads\/2017\/11\/F29-150x150.jpg\" alt=\"\" width=\"150\" height=\"150\" \/><\/a> <a href=\"http:\/\/www.pro-vo.at\/wp-content\/uploads\/2017\/11\/F30.jpg\" data-rel=\"lightbox-gallery-bTq4j7pu\" data-rl_title=\"F30\" data-rl_caption=\"\" title=\"F30\"><img loading=\"lazy\" decoding=\"async\" class=\"alignnone size-thumbnail wp-image-2119\" src=\"http:\/\/www.pro-vo.at\/wp-content\/uploads\/2017\/11\/F30-150x150.jpg\" alt=\"\" width=\"150\" height=\"150\" \/><\/a> <a href=\"http:\/\/www.pro-vo.at\/wp-content\/uploads\/2017\/11\/F31.jpg\" data-rel=\"lightbox-gallery-bTq4j7pu\" data-rl_title=\"F31\" data-rl_caption=\"\" title=\"F31\"><img loading=\"lazy\" decoding=\"async\" class=\"alignnone size-thumbnail wp-image-2120\" src=\"http:\/\/www.pro-vo.at\/wp-content\/uploads\/2017\/11\/F31-150x150.jpg\" alt=\"\" width=\"150\" height=\"150\" \/><\/a> <a href=\"http:\/\/www.pro-vo.at\/wp-content\/uploads\/2017\/11\/F32.jpg\" data-rel=\"lightbox-gallery-bTq4j7pu\" data-rl_title=\"F32\" data-rl_caption=\"\" title=\"F32\"><img loading=\"lazy\" decoding=\"async\" class=\"alignnone size-thumbnail wp-image-2121\" src=\"http:\/\/www.pro-vo.at\/wp-content\/uploads\/2017\/11\/F32-150x150.jpg\" alt=\"\" width=\"150\" height=\"150\" \/><\/a> <a href=\"http:\/\/www.pro-vo.at\/wp-content\/uploads\/2017\/11\/F33.jpg\" data-rel=\"lightbox-gallery-bTq4j7pu\" data-rl_title=\"F33\" data-rl_caption=\"\" title=\"F33\"><img loading=\"lazy\" decoding=\"async\" class=\"alignnone size-thumbnail wp-image-2122\" src=\"http:\/\/www.pro-vo.at\/wp-content\/uploads\/2017\/11\/F33-150x150.jpg\" alt=\"\" width=\"150\" height=\"150\" \/><\/a> <a href=\"http:\/\/www.pro-vo.at\/wp-content\/uploads\/2017\/11\/F34.jpg\" data-rel=\"lightbox-gallery-bTq4j7pu\" data-rl_title=\"F34\" data-rl_caption=\"\" title=\"F34\"><img loading=\"lazy\" decoding=\"async\" class=\"alignnone size-thumbnail wp-image-2123\" src=\"http:\/\/www.pro-vo.at\/wp-content\/uploads\/2017\/11\/F34-150x150.jpg\" alt=\"\" width=\"150\" height=\"150\" \/><\/a> <a href=\"http:\/\/www.pro-vo.at\/wp-content\/uploads\/2017\/11\/F35.jpg\" data-rel=\"lightbox-gallery-bTq4j7pu\" data-rl_title=\"F35\" data-rl_caption=\"\" title=\"F35\"><img loading=\"lazy\" decoding=\"async\" class=\"alignnone size-thumbnail wp-image-2124\" src=\"http:\/\/www.pro-vo.at\/wp-content\/uploads\/2017\/11\/F35-150x150.jpg\" alt=\"\" width=\"150\" height=\"150\" \/><\/a><\/p>\n<p>Fotos:<br \/>\nHarry Hammerer<\/p>\n<p>Maya, Abby*<br \/>\nFanfare (M. Corrette)<\/p>\n<p>Elina<br \/>\nRegentropfen-Blitz-Blitz-Lieder (S. Suzuki)<\/p>\n<p>Keisha ,Stella *<br \/>\nIn A Garden (K. Colledge)<\/p>\n<p>Tariq<br \/>\nAuf dem Lande (A. Holzer-Rhomberg)<\/p>\n<p>Tariq, Adrian *<br \/>\nCrazy Thing (D. Hellbach)<\/p>\n<p>Sebastian<br \/>\nIndian Story (G. Perlman)<\/p>\n<p>Leonie, Gideon *<br \/>\nOstinato (D. Hellbach)<\/p>\n<p>Felix<br \/>\nConcerto in G-Dur 1. Satz (A. Vivaldi)<\/p>\n<p>Leonie, Paulina *<br \/>\nLa petite Marguerite (A. Holzer-Rhomberg)<\/p>\n<p>Alice<br \/>\nConcertino in h-Moll 2. Satz (O. Rieding)<\/p>\n<p>Arcolinis<br \/>\nMenuett (J. S. Bach)<br \/>\nKaiserhymne (J. Haydn)<br \/>\nOde an die Freude (L. v. Beethoven)<\/p>\n<p>&nbsp;<\/p>\n<p>Bei den \u201eArcolinis\u201c spielten:<br \/>\nLeonie<br \/>\nAlice<br \/>\nEmilie<br \/>\nFelix<br \/>\nMaya<br \/>\nSebastian<br \/>\nTariq<br \/>\nKeisha<br \/>\nElina<\/p>\n<p><a href=\"http:\/\/www.pro-vo.at\/index.php\/chronik\/\">Zur\u00fcck zur Chronik<\/a><\/p>\n","protected":false},"excerpt":{"rendered":"<p>Faschingskonzert 2014 Freitag, 21. Februar 2014 18:30 Uhr gro\u00dfer Veranstaltungsraum pro-vo Es musizieren Sch\u00fclerinnen und Sch\u00fcler von Severin Chen (Klavier)* Lisa Egger-Charvat (Violine, Viola) Kaoru Asayama (Violine) Fotos: Harry Hammerer Maya, Abby* Fanfare (M. Corrette) Elina Regentropfen-Blitz-Blitz-Lieder (S. Suzuki) Keisha ,Stella * In A Garden (K. Colledge) Tariq Auf dem Lande (A. Holzer-Rhomberg) Tariq, Adrian &#8230; <a title=\"Fasching 2014\" class=\"read-more\" href=\"https:\/\/www.pro-vo.at\/index.php\/chronik\/fasching-2014\/\" aria-label=\"Mehr Informationen \u00fcber Fasching 2014\">Weiterlesen<\/a><\/p>\n","protected":false},"author":1,"featured_media":0,"parent":28,"menu_order":0,"comment_status":"closed","ping_status":"closed","template":"","meta":{"footnotes":""},"class_list":["post-2088","page","type-page","status-publish"],"_links":{"self":[{"href":"https:\/\/www.pro-vo.at\/index.php\/wp-json\/wp\/v2\/pages\/2088","targetHints":{"allow":["GET"]}}],"collection":[{"href":"https:\/\/www.pro-vo.at\/index.php\/wp-json\/wp\/v2\/pages"}],"about":[{"href":"https:\/\/www.pro-vo.at\/index.php\/wp-json\/wp\/v2\/types\/page"}],"author":[{"embeddable":true,"href":"https:\/\/www.pro-vo.at\/index.php\/wp-json\/wp\/v2\/users\/1"}],"replies":[{"embeddable":true,"href":"https:\/\/www.pro-vo.at\/index.php\/wp-json\/wp\/v2\/comments?post=2088"}],"version-history":[{"count":1,"href":"https:\/\/www.pro-vo.at\/index.php\/wp-json\/wp\/v2\/pages\/2088\/revisions"}],"predecessor-version":[{"id":2125,"href":"https:\/\/www.pro-vo.at\/index.php\/wp-json\/wp\/v2\/pages\/2088\/revisions\/2125"}],"up":[{"embeddable":true,"href":"https:\/\/www.pro-vo.at\/index.php\/wp-json\/wp\/v2\/pages\/28"}],"wp:attachment":[{"href":"https:\/\/www.pro-vo.at\/index.php\/wp-json\/wp\/v2\/media?parent=2088"}],"curies":[{"name":"wp","href":"https:\/\/api.w.org\/{rel}","templated":true}]}}