{"id":208,"date":"2017-07-03T18:44:31","date_gmt":"2017-07-03T18:44:31","guid":{"rendered":"http:\/\/www.pro-vo.at\/?page_id=208"},"modified":"2025-11-14T08:50:28","modified_gmt":"2025-11-14T08:50:28","slug":"impressum","status":"publish","type":"page","link":"https:\/\/www.pro-vo.at\/index.php\/impressum\/","title":{"rendered":"impressum"},"content":{"rendered":"<h1>Impressum<\/h1>\n<p><strong>Medieninhaber, Herausgeber, Verleger<\/strong><br \/>\nVerein pro-vo_aktion &#8211; Kultur und Kunst in Praxis und Vermittlung<\/p>\n<p><strong>Sitz, Postanschrift, Verlags- und Herstellungsort<\/strong><br \/>\nLinzer Stra\u00dfe 160\/8\/14, 1140 Wien, \u00d6sterreich<\/p>\n<p>Tel.: +43 699 19523482<br \/>\ne-mail: <a href=\"mailto:info@pro-vo.at\">info@pro-vo.at<\/a><br \/>\nInternet: www.pro-vo.at<\/p>\n<p><strong>Vertretungsberechtigter Vorstand<\/strong><br \/>\nObmann: DI Gerald Kotzian<br \/>\nSchriftf\u00fchrer: Dr. Verena R\u00e9gent<br \/>\nKassier: Severin Chen, Bakk.art<\/p>\n<p>Beh\u00f6rde: Bundespolizeidirektion Wien, B\u00fcro f\u00fcr Vereins-, Versammlungs- und Medienrechtsangelegenheitenx<br \/>\nVereinsnummer: 1534824114<\/p>\n<p>Inhalt Verantwortlicher gem\u00e4\u00df \u00a710 Absatz 3 MDStv:<br \/>\nRedaktion, Webmaster, Technik: Gerald Kotzian<br \/>\nWebdesign: Maria-Katharina Krail<\/p>\n<p><strong>Haftungshinweis<\/strong><br \/>\nJede Haftung aus Irrtum, Satz- Titel- oder Druckfehlern ausgeschlossen.<br \/>\nTrotz sorgf\u00e4ltiger inhaltlicher Kontrolle \u00fcbernehmen wir keine Haftung f\u00fcr die Inhalte externer Links.<br \/>\nF\u00fcr den Inhalt der verlinkten Seiten sind ausschlie\u00dflich deren Betreiber verantwortlich.<\/p>\n<p><strong>Offenlegung gem. \u00a7 25 Mediengesetz<\/strong><br \/>\nAlleiniger Eigent\u00fcmer, Medieninhaber, Verleger und Herausgeber:<br \/>\nVerein pro-vo_aktion<\/p>\n<p><strong>Zweck<\/strong><br \/>\nDer Verein, dessen T\u00e4tigkeit nicht auf Gewinn gerichtet ist, bezweckt die F\u00f6rderung der kreativen, k\u00fcnstlerischen, musikalischen und handwerklichen F\u00e4higkeiten aller sch\u00f6pferisch interessierten Menschen.<\/p>\n<h3>Besucherz\u00e4hler von besucherzaehler-kostenlos.de<\/h3>\n<p>Diese Webseite verwendet einen externen Z\u00e4hler, um die Anzahl der Webseitenaufrufe zu erfassen. Daf\u00fcr wird ein Java-Script von einer externe Webseite geladen. Der Server von <a href=\"https:\/\/www.besucherzaehler-kostenlos.de\">besucherzaehler-kostenlos.de<\/a> speichert die IP-Adresse des Zugriffs anonymisiert und zeitlich begrenzt in einer LOG-Datei ab. Diese wird regelm\u00e4\u00dfig unwiderruflich gel\u00f6scht.<\/p>\n<p>Um die korrekte Funktionsweise des Z\u00e4hlers zu gew\u00e4hrleisten, speichert der Besucherz\u00e4hler zudem einen sogenannten Session-Cookie auf dem Computer des Besuchers ab. Dieser wird in der Regel vom Browser gel\u00f6scht, sobald er geschlossen wird. In diesem Cookie werden keine pers\u00f6nlichen Informationen gespeichert. Er enth\u00e4lt lediglich die Information der aufgerufenen Domain, sowie einen boolschen Tag (true\/false), um den Besucher als bereits gez\u00e4hlt zu markieren.<\/p>\n<p>Es werden auch dar\u00fcberhinaus keine pers\u00f6nlichen oder personenbezogenen Daten vom Besucherz\u00e4hler erhoben. Eine Nachverfolgung oder Zuordnung der Zugriffe ist zu keiner Zeit m\u00f6glich. Ein besonderer Dank geht an <a href=\"https:\/\/www.finanziero.de\">finanziero.de<\/a>, durch dessen Unterst\u00fctzung dieser kostenlose Service erst m\u00f6glich gemacht wird.<\/p>\n","protected":false},"excerpt":{"rendered":"<p>Impressum Medieninhaber, Herausgeber, Verleger Verein pro-vo_aktion &#8211; Kultur und Kunst in Praxis und Vermittlung Sitz, Postanschrift, Verlags- und Herstellungsort Linzer Stra\u00dfe 160\/8\/14, 1140 Wien, \u00d6sterreich Tel.: +43 699 19523482 e-mail: info@pro-vo.at Internet: www.pro-vo.at Vertretungsberechtigter Vorstand Obmann: DI Gerald Kotzian Schriftf\u00fchrer: Dr. Verena R\u00e9gent Kassier: Severin Chen, Bakk.art Beh\u00f6rde: Bundespolizeidirektion Wien, B\u00fcro f\u00fcr Vereins-, Versammlungs- und &#8230; <a title=\"impressum\" class=\"read-more\" href=\"https:\/\/www.pro-vo.at\/index.php\/impressum\/\" aria-label=\"Mehr Informationen \u00fcber impressum\">Weiterlesen<\/a><\/p>\n","protected":false},"author":2,"featured_media":0,"parent":0,"menu_order":0,"comment_status":"closed","ping_status":"closed","template":"","meta":{"footnotes":""},"class_list":["post-208","page","type-page","status-publish"],"_links":{"self":[{"href":"https:\/\/www.pro-vo.at\/index.php\/wp-json\/wp\/v2\/pages\/208","targetHints":{"allow":["GET"]}}],"collection":[{"href":"https:\/\/www.pro-vo.at\/index.php\/wp-json\/wp\/v2\/pages"}],"about":[{"href":"https:\/\/www.pro-vo.at\/index.php\/wp-json\/wp\/v2\/types\/page"}],"author":[{"embeddable":true,"href":"https:\/\/www.pro-vo.at\/index.php\/wp-json\/wp\/v2\/users\/2"}],"replies":[{"embeddable":true,"href":"https:\/\/www.pro-vo.at\/index.php\/wp-json\/wp\/v2\/comments?post=208"}],"version-history":[{"count":19,"href":"https:\/\/www.pro-vo.at\/index.php\/wp-json\/wp\/v2\/pages\/208\/revisions"}],"predecessor-version":[{"id":6720,"href":"https:\/\/www.pro-vo.at\/index.php\/wp-json\/wp\/v2\/pages\/208\/revisions\/6720"}],"wp:attachment":[{"href":"https:\/\/www.pro-vo.at\/index.php\/wp-json\/wp\/v2\/media?parent=208"}],"curies":[{"name":"wp","href":"https:\/\/api.w.org\/{rel}","templated":true}]}}