{"id":1982,"date":"2017-11-01T12:48:54","date_gmt":"2017-11-01T12:48:54","guid":{"rendered":"http:\/\/www.pro-vo.at\/?page_id=1982"},"modified":"2017-11-01T12:49:49","modified_gmt":"2017-11-01T12:49:49","slug":"gtdm-2014","status":"publish","type":"page","link":"https:\/\/www.pro-vo.at\/index.php\/chronik\/gtdm-2014\/","title":{"rendered":"GtdM 2014"},"content":{"rendered":"<h1>Gro\u00dfer Tag der Musik 2014<\/h1>\n<p>Samstag, 24. Mai 2014<\/p>\n<h3>14:00 Ein Fest mit der Gitarre<\/h3>\n<p>Sch\u00fclerinnen und Sch\u00fcler von<\/p>\n<p>Martha Manrique<\/p>\n<h3>16:30 Konzert Klavier\/Fl\u00f6te\/Gesang\/Djembe<\/h3>\n<p>Sch\u00fclerinnen und Sch\u00fcler von<\/p>\n<p>Cornelia Reutner<br \/>\nSeverin Chen<br \/>\nYukari Hagino<br \/>\nKaroline Kr\u00f6pfl<\/p>\n<p>In Zusammenarbeit mit dem Freizeit- und Sportverein der Erste Bank<\/p>\n<p><a href=\"http:\/\/www.pro-vo.at\/wp-content\/uploads\/2017\/11\/001.jpg\" data-rel=\"lightbox-gallery-t36OzJ40\" data-rl_title=\"OLYMPUS DIGITAL CAMERA\" data-rl_caption=\"\" title=\"OLYMPUS DIGITAL CAMERA\"><img loading=\"lazy\" decoding=\"async\" class=\"size-thumbnail wp-image-1983\" src=\"http:\/\/www.pro-vo.at\/wp-content\/uploads\/2017\/11\/001-150x150.jpg\" alt=\"\" width=\"150\" height=\"150\" \/><\/a><\/p>\n<p><a href=\"http:\/\/www.pro-vo.at\/wp-content\/uploads\/2017\/11\/002.jpg\" data-rel=\"lightbox-gallery-t36OzJ40\" data-rl_title=\"002\" data-rl_caption=\"\" title=\"002\"><img loading=\"lazy\" decoding=\"async\" class=\"alignnone size-thumbnail wp-image-1984\" src=\"http:\/\/www.pro-vo.at\/wp-content\/uploads\/2017\/11\/002-150x150.jpg\" alt=\"\" width=\"150\" height=\"150\" \/><\/a> <a href=\"http:\/\/www.pro-vo.at\/wp-content\/uploads\/2017\/11\/003.jpg\" data-rel=\"lightbox-gallery-t36OzJ40\" data-rl_title=\"003\" data-rl_caption=\"\" title=\"003\"><img loading=\"lazy\" decoding=\"async\" class=\"alignnone size-thumbnail wp-image-1985\" src=\"http:\/\/www.pro-vo.at\/wp-content\/uploads\/2017\/11\/003-150x150.jpg\" alt=\"\" width=\"150\" height=\"150\" \/><\/a> <a href=\"http:\/\/www.pro-vo.at\/wp-content\/uploads\/2017\/11\/004.jpg\" data-rel=\"lightbox-gallery-t36OzJ40\" data-rl_title=\"004\" data-rl_caption=\"\" title=\"004\"><img loading=\"lazy\" decoding=\"async\" class=\"alignnone size-thumbnail wp-image-1986\" src=\"http:\/\/www.pro-vo.at\/wp-content\/uploads\/2017\/11\/004-150x150.jpg\" alt=\"\" width=\"150\" height=\"150\" \/><\/a> <a href=\"http:\/\/www.pro-vo.at\/wp-content\/uploads\/2017\/11\/005.jpg\" data-rel=\"lightbox-gallery-t36OzJ40\" data-rl_title=\"005\" data-rl_caption=\"\" title=\"005\"><img loading=\"lazy\" decoding=\"async\" class=\"alignnone size-thumbnail wp-image-1987\" src=\"http:\/\/www.pro-vo.at\/wp-content\/uploads\/2017\/11\/005-150x150.jpg\" alt=\"\" width=\"150\" height=\"150\" \/><\/a> <a href=\"http:\/\/www.pro-vo.at\/wp-content\/uploads\/2017\/11\/006.jpg\" data-rel=\"lightbox-gallery-t36OzJ40\" data-rl_title=\"006\" data-rl_caption=\"\" title=\"006\"><img loading=\"lazy\" decoding=\"async\" class=\"alignnone size-thumbnail wp-image-1988\" src=\"http:\/\/www.pro-vo.at\/wp-content\/uploads\/2017\/11\/006-150x150.jpg\" alt=\"\" width=\"150\" height=\"150\" \/><\/a> <a href=\"http:\/\/www.pro-vo.at\/wp-content\/uploads\/2017\/11\/007.jpg\" data-rel=\"lightbox-gallery-t36OzJ40\" data-rl_title=\"007\" data-rl_caption=\"\" title=\"007\"><img loading=\"lazy\" decoding=\"async\" class=\"alignnone size-thumbnail wp-image-1989\" src=\"http:\/\/www.pro-vo.at\/wp-content\/uploads\/2017\/11\/007-150x150.jpg\" alt=\"\" width=\"150\" height=\"150\" \/><\/a> <a href=\"http:\/\/www.pro-vo.at\/wp-content\/uploads\/2017\/11\/008.jpg\" data-rel=\"lightbox-gallery-t36OzJ40\" data-rl_title=\"008\" data-rl_caption=\"\" title=\"008\"><img loading=\"lazy\" decoding=\"async\" class=\"alignnone size-thumbnail wp-image-1990\" src=\"http:\/\/www.pro-vo.at\/wp-content\/uploads\/2017\/11\/008-150x150.jpg\" alt=\"\" width=\"150\" height=\"150\" \/><\/a> <a href=\"http:\/\/www.pro-vo.at\/wp-content\/uploads\/2017\/11\/009.jpg\" data-rel=\"lightbox-gallery-t36OzJ40\" data-rl_title=\"009\" data-rl_caption=\"\" title=\"009\"><img loading=\"lazy\" decoding=\"async\" class=\"alignnone size-thumbnail wp-image-1991\" src=\"http:\/\/www.pro-vo.at\/wp-content\/uploads\/2017\/11\/009-150x150.jpg\" alt=\"\" width=\"150\" height=\"150\" \/><\/a> <a href=\"http:\/\/www.pro-vo.at\/wp-content\/uploads\/2017\/11\/010.jpg\" data-rel=\"lightbox-gallery-t36OzJ40\" data-rl_title=\"010\" data-rl_caption=\"\" title=\"010\"><img loading=\"lazy\" decoding=\"async\" class=\"alignnone size-thumbnail wp-image-1992\" src=\"http:\/\/www.pro-vo.at\/wp-content\/uploads\/2017\/11\/010-150x150.jpg\" alt=\"\" width=\"150\" height=\"150\" \/><\/a> <a href=\"http:\/\/www.pro-vo.at\/wp-content\/uploads\/2017\/11\/011.jpg\" data-rel=\"lightbox-gallery-t36OzJ40\" data-rl_title=\"011\" data-rl_caption=\"\" title=\"011\"><img loading=\"lazy\" decoding=\"async\" class=\"alignnone size-thumbnail wp-image-1993\" src=\"http:\/\/www.pro-vo.at\/wp-content\/uploads\/2017\/11\/011-150x150.jpg\" alt=\"\" width=\"150\" height=\"150\" \/><\/a> <a href=\"http:\/\/www.pro-vo.at\/wp-content\/uploads\/2017\/11\/012.jpg\" data-rel=\"lightbox-gallery-t36OzJ40\" data-rl_title=\"012\" data-rl_caption=\"\" title=\"012\"><img loading=\"lazy\" decoding=\"async\" class=\"alignnone size-thumbnail wp-image-1994\" src=\"http:\/\/www.pro-vo.at\/wp-content\/uploads\/2017\/11\/012-150x150.jpg\" alt=\"\" width=\"150\" height=\"150\" \/><\/a> <a href=\"http:\/\/www.pro-vo.at\/wp-content\/uploads\/2017\/11\/013.jpg\" data-rel=\"lightbox-gallery-t36OzJ40\" data-rl_title=\"013\" data-rl_caption=\"\" title=\"013\"><img loading=\"lazy\" decoding=\"async\" class=\"alignnone size-thumbnail wp-image-1995\" src=\"http:\/\/www.pro-vo.at\/wp-content\/uploads\/2017\/11\/013-150x150.jpg\" alt=\"\" width=\"150\" height=\"150\" \/><\/a> <a href=\"http:\/\/www.pro-vo.at\/wp-content\/uploads\/2017\/11\/014.jpg\" data-rel=\"lightbox-gallery-t36OzJ40\" data-rl_title=\"014\" data-rl_caption=\"\" title=\"014\"><img loading=\"lazy\" decoding=\"async\" class=\"alignnone size-thumbnail wp-image-1996\" src=\"http:\/\/www.pro-vo.at\/wp-content\/uploads\/2017\/11\/014-150x150.jpg\" alt=\"\" width=\"150\" height=\"150\" \/><\/a> <a href=\"http:\/\/www.pro-vo.at\/wp-content\/uploads\/2017\/11\/015.jpg\" data-rel=\"lightbox-gallery-t36OzJ40\" data-rl_title=\"015\" data-rl_caption=\"\" title=\"015\"><img loading=\"lazy\" decoding=\"async\" class=\"alignnone size-thumbnail wp-image-1997\" src=\"http:\/\/www.pro-vo.at\/wp-content\/uploads\/2017\/11\/015-150x150.jpg\" alt=\"\" width=\"150\" height=\"150\" \/><\/a> <a href=\"http:\/\/www.pro-vo.at\/wp-content\/uploads\/2017\/11\/016.jpg\" data-rel=\"lightbox-gallery-t36OzJ40\" data-rl_title=\"016\" data-rl_caption=\"\" title=\"016\"><img loading=\"lazy\" decoding=\"async\" class=\"alignnone size-thumbnail wp-image-1998\" src=\"http:\/\/www.pro-vo.at\/wp-content\/uploads\/2017\/11\/016-150x150.jpg\" alt=\"\" width=\"150\" height=\"150\" \/><\/a> <a href=\"http:\/\/www.pro-vo.at\/wp-content\/uploads\/2017\/11\/017.jpg\" data-rel=\"lightbox-gallery-t36OzJ40\" data-rl_title=\"017\" data-rl_caption=\"\" title=\"017\"><img loading=\"lazy\" decoding=\"async\" class=\"alignnone size-thumbnail wp-image-1999\" src=\"http:\/\/www.pro-vo.at\/wp-content\/uploads\/2017\/11\/017-150x150.jpg\" alt=\"\" width=\"150\" height=\"150\" \/><\/a> <a href=\"http:\/\/www.pro-vo.at\/wp-content\/uploads\/2017\/11\/018.jpg\" data-rel=\"lightbox-gallery-t36OzJ40\" data-rl_title=\"018\" data-rl_caption=\"\" title=\"018\"><img loading=\"lazy\" decoding=\"async\" class=\"alignnone size-thumbnail wp-image-2000\" src=\"http:\/\/www.pro-vo.at\/wp-content\/uploads\/2017\/11\/018-150x150.jpg\" alt=\"\" width=\"150\" height=\"150\" \/><\/a> <a href=\"http:\/\/www.pro-vo.at\/wp-content\/uploads\/2017\/11\/019.jpg\" data-rel=\"lightbox-gallery-t36OzJ40\" data-rl_title=\"019\" data-rl_caption=\"\" title=\"019\"><img loading=\"lazy\" decoding=\"async\" class=\"alignnone size-thumbnail wp-image-2001\" src=\"http:\/\/www.pro-vo.at\/wp-content\/uploads\/2017\/11\/019-150x150.jpg\" alt=\"\" width=\"150\" height=\"150\" \/><\/a> <a href=\"http:\/\/www.pro-vo.at\/wp-content\/uploads\/2017\/11\/020.jpg\" data-rel=\"lightbox-gallery-t36OzJ40\" data-rl_title=\"020\" data-rl_caption=\"\" title=\"020\"><img loading=\"lazy\" decoding=\"async\" class=\"alignnone size-thumbnail wp-image-2002\" src=\"http:\/\/www.pro-vo.at\/wp-content\/uploads\/2017\/11\/020-150x150.jpg\" alt=\"\" width=\"150\" height=\"150\" \/><\/a> <a href=\"http:\/\/www.pro-vo.at\/wp-content\/uploads\/2017\/11\/021.jpg\" data-rel=\"lightbox-gallery-t36OzJ40\" data-rl_title=\"021\" data-rl_caption=\"\" title=\"021\"><img loading=\"lazy\" decoding=\"async\" class=\"alignnone size-thumbnail wp-image-2003\" src=\"http:\/\/www.pro-vo.at\/wp-content\/uploads\/2017\/11\/021-150x150.jpg\" alt=\"\" width=\"150\" height=\"150\" \/><\/a> <a href=\"http:\/\/www.pro-vo.at\/wp-content\/uploads\/2017\/11\/022.jpg\" data-rel=\"lightbox-gallery-t36OzJ40\" data-rl_title=\"022\" data-rl_caption=\"\" title=\"022\"><img loading=\"lazy\" decoding=\"async\" class=\"alignnone size-thumbnail wp-image-2004\" src=\"http:\/\/www.pro-vo.at\/wp-content\/uploads\/2017\/11\/022-150x150.jpg\" alt=\"\" width=\"150\" height=\"150\" \/><\/a> <a href=\"http:\/\/www.pro-vo.at\/wp-content\/uploads\/2017\/11\/023.jpg\" data-rel=\"lightbox-gallery-t36OzJ40\" data-rl_title=\"023\" data-rl_caption=\"\" title=\"023\"><img loading=\"lazy\" decoding=\"async\" class=\"alignnone size-thumbnail wp-image-2005\" src=\"http:\/\/www.pro-vo.at\/wp-content\/uploads\/2017\/11\/023-150x150.jpg\" alt=\"\" width=\"150\" height=\"150\" \/><\/a> <a href=\"http:\/\/www.pro-vo.at\/wp-content\/uploads\/2017\/11\/024.jpg\" data-rel=\"lightbox-gallery-t36OzJ40\" data-rl_title=\"024\" data-rl_caption=\"\" title=\"024\"><img loading=\"lazy\" decoding=\"async\" class=\"alignnone size-thumbnail wp-image-2006\" src=\"http:\/\/www.pro-vo.at\/wp-content\/uploads\/2017\/11\/024-150x150.jpg\" alt=\"\" width=\"150\" height=\"150\" \/><\/a> <a href=\"http:\/\/www.pro-vo.at\/wp-content\/uploads\/2017\/11\/025.jpg\" data-rel=\"lightbox-gallery-t36OzJ40\" data-rl_title=\"025\" data-rl_caption=\"\" title=\"025\"><img loading=\"lazy\" decoding=\"async\" class=\"alignnone size-thumbnail wp-image-2007\" src=\"http:\/\/www.pro-vo.at\/wp-content\/uploads\/2017\/11\/025-150x150.jpg\" alt=\"\" width=\"150\" height=\"150\" \/><\/a> <a href=\"http:\/\/www.pro-vo.at\/wp-content\/uploads\/2017\/11\/026.jpg\" data-rel=\"lightbox-gallery-t36OzJ40\" data-rl_title=\"026\" data-rl_caption=\"\" title=\"026\"><img loading=\"lazy\" decoding=\"async\" class=\"alignnone size-thumbnail wp-image-2008\" src=\"http:\/\/www.pro-vo.at\/wp-content\/uploads\/2017\/11\/026-150x150.jpg\" alt=\"\" width=\"150\" height=\"150\" \/><\/a> <a href=\"http:\/\/www.pro-vo.at\/wp-content\/uploads\/2017\/11\/027.jpg\" data-rel=\"lightbox-gallery-t36OzJ40\" data-rl_title=\"027\" data-rl_caption=\"\" title=\"027\"><img loading=\"lazy\" decoding=\"async\" class=\"alignnone size-thumbnail wp-image-2009\" src=\"http:\/\/www.pro-vo.at\/wp-content\/uploads\/2017\/11\/027-150x150.jpg\" alt=\"\" width=\"150\" height=\"150\" \/><\/a> <a href=\"http:\/\/www.pro-vo.at\/wp-content\/uploads\/2017\/11\/028.jpg\" data-rel=\"lightbox-gallery-t36OzJ40\" data-rl_title=\"028\" data-rl_caption=\"\" title=\"028\"><img loading=\"lazy\" decoding=\"async\" class=\"alignnone size-thumbnail wp-image-2010\" src=\"http:\/\/www.pro-vo.at\/wp-content\/uploads\/2017\/11\/028-150x150.jpg\" alt=\"\" width=\"150\" height=\"150\" \/><\/a> <a href=\"http:\/\/www.pro-vo.at\/wp-content\/uploads\/2017\/11\/029.jpg\" data-rel=\"lightbox-gallery-t36OzJ40\" data-rl_title=\"029\" data-rl_caption=\"\" title=\"029\"><img loading=\"lazy\" decoding=\"async\" class=\"alignnone size-thumbnail wp-image-2011\" src=\"http:\/\/www.pro-vo.at\/wp-content\/uploads\/2017\/11\/029-150x150.jpg\" alt=\"\" width=\"150\" height=\"150\" \/><\/a> <a href=\"http:\/\/www.pro-vo.at\/wp-content\/uploads\/2017\/11\/030.jpg\" data-rel=\"lightbox-gallery-t36OzJ40\" data-rl_title=\"030\" data-rl_caption=\"\" title=\"030\"><img loading=\"lazy\" decoding=\"async\" class=\"alignnone size-thumbnail wp-image-2012\" src=\"http:\/\/www.pro-vo.at\/wp-content\/uploads\/2017\/11\/030-150x150.jpg\" alt=\"\" width=\"150\" height=\"150\" \/><\/a> <a href=\"http:\/\/www.pro-vo.at\/wp-content\/uploads\/2017\/11\/031.jpg\" data-rel=\"lightbox-gallery-t36OzJ40\" data-rl_title=\"031\" data-rl_caption=\"\" title=\"031\"><img loading=\"lazy\" decoding=\"async\" class=\"alignnone size-thumbnail wp-image-2013\" src=\"http:\/\/www.pro-vo.at\/wp-content\/uploads\/2017\/11\/031-150x150.jpg\" alt=\"\" width=\"150\" height=\"150\" \/><\/a> <a href=\"http:\/\/www.pro-vo.at\/wp-content\/uploads\/2017\/11\/032.jpg\" data-rel=\"lightbox-gallery-t36OzJ40\" data-rl_title=\"032\" data-rl_caption=\"\" title=\"032\"><img loading=\"lazy\" decoding=\"async\" class=\"alignnone size-thumbnail wp-image-2014\" src=\"http:\/\/www.pro-vo.at\/wp-content\/uploads\/2017\/11\/032-150x150.jpg\" alt=\"\" width=\"150\" height=\"150\" \/><\/a> <a href=\"http:\/\/www.pro-vo.at\/wp-content\/uploads\/2017\/11\/033.jpg\" data-rel=\"lightbox-gallery-t36OzJ40\" data-rl_title=\"033\" data-rl_caption=\"\" title=\"033\"><img loading=\"lazy\" decoding=\"async\" class=\"alignnone size-thumbnail wp-image-2015\" src=\"http:\/\/www.pro-vo.at\/wp-content\/uploads\/2017\/11\/033-150x150.jpg\" alt=\"\" width=\"150\" height=\"150\" \/><\/a> <a href=\"http:\/\/www.pro-vo.at\/wp-content\/uploads\/2017\/11\/034.jpg\" data-rel=\"lightbox-gallery-t36OzJ40\" data-rl_title=\"034\" data-rl_caption=\"\" title=\"034\"><img loading=\"lazy\" decoding=\"async\" class=\"alignnone size-thumbnail wp-image-2016\" src=\"http:\/\/www.pro-vo.at\/wp-content\/uploads\/2017\/11\/034-150x150.jpg\" alt=\"\" width=\"150\" height=\"150\" \/><\/a> <a href=\"http:\/\/www.pro-vo.at\/wp-content\/uploads\/2017\/11\/035.jpg\" data-rel=\"lightbox-gallery-t36OzJ40\" data-rl_title=\"035\" data-rl_caption=\"\" title=\"035\"><img loading=\"lazy\" decoding=\"async\" class=\"alignnone size-thumbnail wp-image-2017\" src=\"http:\/\/www.pro-vo.at\/wp-content\/uploads\/2017\/11\/035-150x150.jpg\" alt=\"\" width=\"150\" height=\"150\" \/><\/a> <a href=\"http:\/\/www.pro-vo.at\/wp-content\/uploads\/2017\/11\/036.jpg\" data-rel=\"lightbox-gallery-t36OzJ40\" data-rl_title=\"036\" data-rl_caption=\"\" title=\"036\"><img loading=\"lazy\" decoding=\"async\" class=\"alignnone size-thumbnail wp-image-2018\" src=\"http:\/\/www.pro-vo.at\/wp-content\/uploads\/2017\/11\/036-150x150.jpg\" alt=\"\" width=\"150\" height=\"150\" \/><\/a> <a href=\"http:\/\/www.pro-vo.at\/wp-content\/uploads\/2017\/11\/037.jpg\" data-rel=\"lightbox-gallery-t36OzJ40\" data-rl_title=\"037\" data-rl_caption=\"\" title=\"037\"><img loading=\"lazy\" decoding=\"async\" class=\"alignnone size-thumbnail wp-image-2019\" src=\"http:\/\/www.pro-vo.at\/wp-content\/uploads\/2017\/11\/037-150x150.jpg\" alt=\"\" width=\"150\" height=\"150\" \/><\/a> <a href=\"http:\/\/www.pro-vo.at\/wp-content\/uploads\/2017\/11\/038.jpg\" data-rel=\"lightbox-gallery-t36OzJ40\" data-rl_title=\"038\" data-rl_caption=\"\" title=\"038\"><img loading=\"lazy\" decoding=\"async\" class=\"alignnone size-thumbnail wp-image-2020\" src=\"http:\/\/www.pro-vo.at\/wp-content\/uploads\/2017\/11\/038-150x150.jpg\" alt=\"\" width=\"150\" height=\"150\" \/><\/a> <a href=\"http:\/\/www.pro-vo.at\/wp-content\/uploads\/2017\/11\/039.jpg\" data-rel=\"lightbox-gallery-t36OzJ40\" data-rl_title=\"039\" data-rl_caption=\"\" title=\"039\"><img loading=\"lazy\" decoding=\"async\" class=\"alignnone size-thumbnail wp-image-2021\" src=\"http:\/\/www.pro-vo.at\/wp-content\/uploads\/2017\/11\/039-150x150.jpg\" alt=\"\" width=\"150\" height=\"150\" \/><\/a> <a href=\"http:\/\/www.pro-vo.at\/wp-content\/uploads\/2017\/11\/040.jpg\" data-rel=\"lightbox-gallery-t36OzJ40\" data-rl_title=\"040\" data-rl_caption=\"\" title=\"040\"><img loading=\"lazy\" decoding=\"async\" class=\"alignnone size-thumbnail wp-image-2022\" src=\"http:\/\/www.pro-vo.at\/wp-content\/uploads\/2017\/11\/040-150x150.jpg\" alt=\"\" width=\"150\" height=\"150\" \/><\/a> <a href=\"http:\/\/www.pro-vo.at\/wp-content\/uploads\/2017\/11\/041.jpg\" data-rel=\"lightbox-gallery-t36OzJ40\" data-rl_title=\"041\" data-rl_caption=\"\" title=\"041\"><img loading=\"lazy\" decoding=\"async\" class=\"alignnone size-thumbnail wp-image-2023\" src=\"http:\/\/www.pro-vo.at\/wp-content\/uploads\/2017\/11\/041-150x150.jpg\" alt=\"\" width=\"150\" height=\"150\" \/><\/a> <a href=\"http:\/\/www.pro-vo.at\/wp-content\/uploads\/2017\/11\/042.jpg\" data-rel=\"lightbox-gallery-t36OzJ40\" data-rl_title=\"042\" data-rl_caption=\"\" title=\"042\"><img loading=\"lazy\" decoding=\"async\" class=\"alignnone size-thumbnail wp-image-2024\" src=\"http:\/\/www.pro-vo.at\/wp-content\/uploads\/2017\/11\/042-150x150.jpg\" alt=\"\" width=\"150\" height=\"150\" \/><\/a> <a href=\"http:\/\/www.pro-vo.at\/wp-content\/uploads\/2017\/11\/043.jpg\" data-rel=\"lightbox-gallery-t36OzJ40\" data-rl_title=\"043\" data-rl_caption=\"\" title=\"043\"><img loading=\"lazy\" decoding=\"async\" class=\"alignnone size-thumbnail wp-image-2025\" src=\"http:\/\/www.pro-vo.at\/wp-content\/uploads\/2017\/11\/043-150x150.jpg\" alt=\"\" width=\"150\" height=\"150\" \/><\/a> <a href=\"http:\/\/www.pro-vo.at\/wp-content\/uploads\/2017\/11\/044.jpg\" data-rel=\"lightbox-gallery-t36OzJ40\" data-rl_title=\"044\" data-rl_caption=\"\" title=\"044\"><img loading=\"lazy\" decoding=\"async\" class=\"alignnone size-thumbnail wp-image-2026\" src=\"http:\/\/www.pro-vo.at\/wp-content\/uploads\/2017\/11\/044-150x150.jpg\" alt=\"\" width=\"150\" height=\"150\" \/><\/a> <a href=\"http:\/\/www.pro-vo.at\/wp-content\/uploads\/2017\/11\/045.jpg\" data-rel=\"lightbox-gallery-t36OzJ40\" data-rl_title=\"045\" data-rl_caption=\"\" title=\"045\"><img loading=\"lazy\" decoding=\"async\" class=\"alignnone size-thumbnail wp-image-2027\" src=\"http:\/\/www.pro-vo.at\/wp-content\/uploads\/2017\/11\/045-150x150.jpg\" alt=\"\" width=\"150\" height=\"150\" \/><\/a> <a href=\"http:\/\/www.pro-vo.at\/wp-content\/uploads\/2017\/11\/046.jpg\" data-rel=\"lightbox-gallery-t36OzJ40\" data-rl_title=\"046\" data-rl_caption=\"\" title=\"046\"><img loading=\"lazy\" decoding=\"async\" class=\"alignnone size-thumbnail wp-image-2028\" src=\"http:\/\/www.pro-vo.at\/wp-content\/uploads\/2017\/11\/046-150x150.jpg\" alt=\"\" width=\"150\" height=\"150\" \/><\/a> <a href=\"http:\/\/www.pro-vo.at\/wp-content\/uploads\/2017\/11\/047.jpg\" data-rel=\"lightbox-gallery-t36OzJ40\" data-rl_title=\"047\" data-rl_caption=\"\" title=\"047\"><img loading=\"lazy\" decoding=\"async\" class=\"alignnone size-thumbnail wp-image-2029\" src=\"http:\/\/www.pro-vo.at\/wp-content\/uploads\/2017\/11\/047-150x150.jpg\" alt=\"\" width=\"150\" height=\"150\" \/><\/a> <a href=\"http:\/\/www.pro-vo.at\/wp-content\/uploads\/2017\/11\/048.jpg\" data-rel=\"lightbox-gallery-t36OzJ40\" data-rl_title=\"048\" data-rl_caption=\"\" title=\"048\"><img loading=\"lazy\" decoding=\"async\" class=\"alignnone size-thumbnail wp-image-2030\" src=\"http:\/\/www.pro-vo.at\/wp-content\/uploads\/2017\/11\/048-150x150.jpg\" alt=\"\" width=\"150\" height=\"150\" \/><\/a> <a href=\"http:\/\/www.pro-vo.at\/wp-content\/uploads\/2017\/11\/049.jpg\" data-rel=\"lightbox-gallery-t36OzJ40\" data-rl_title=\"049\" data-rl_caption=\"\" title=\"049\"><img loading=\"lazy\" decoding=\"async\" class=\"alignnone size-thumbnail wp-image-2031\" src=\"http:\/\/www.pro-vo.at\/wp-content\/uploads\/2017\/11\/049-150x150.jpg\" alt=\"\" width=\"150\" height=\"150\" \/>\u00a0\u00a0<\/a><\/p>\n<p><!-- x-tinymce\/html --><!-- x-tinymce\/html --><a href=\"http:\/\/www.pro-vo.at\/wp-content\/uploads\/2017\/11\/P5240406.jpg\" data-rel=\"lightbox-gallery-t36OzJ40\" data-rl_title=\"OLYMPUS DIGITAL CAMERA\" data-rl_caption=\"\" title=\"OLYMPUS DIGITAL CAMERA\"><img loading=\"lazy\" decoding=\"async\" class=\"size-thumbnail wp-image-2033\" src=\"http:\/\/www.pro-vo.at\/wp-content\/uploads\/2017\/11\/P5240406-150x150.jpg\" alt=\"\" width=\"150\" height=\"150\" \/><\/a><\/p>\n<p>Ein Fest mit der Gitarre &#8211;<br \/>\ndas Programm um 14 Uhr:<\/p>\n<p>&nbsp;<\/p>\n<p>Alara, Lara<br \/>\nNachbar, bind den Pudel an\u00a0 (T: Kindervers\/M: H. Teuchert)<\/p>\n<p>Stela<br \/>\nOlympisches Bronze-Silber-Gold (P. Groeber)<\/p>\n<p>Alena<br \/>\nKatzentatzentanz (F. Vahle)<br \/>\nDas Katzenkonzert (A. Milcic)<br \/>\nDie Gitarrenkatze &#8211; Die Klavierkatze &#8211;<br \/>\nDie Schlagzeugkatze &#8211; Die S\u00e4ngerkatze &#8211;<br \/>\nDie E-Gitarrenkatze<\/p>\n<p>Grete<br \/>\nHe-Ho, spann den Wagen an (trad.)<br \/>\nCeltic Jig (P. Groeber)<br \/>\nSascha liebt nicht gro\u00dfe Worte (trad. Russland)<\/p>\n<p>Marina<br \/>\nFreude, sch\u00f6ner G\u00f6tterfunken (L. van Beethoven)<br \/>\nWedding March (F. Mendelssohn)<\/p>\n<p>Lara, Marina<br \/>\nFlamenco Fireworks (P. Groeber)<\/p>\n<p>Sophie<br \/>\nDer verwelkte Clown (R. Lehmuth)<\/p>\n<p>Paul<br \/>\nNorwegian Wood,<br \/>\nEight Days a week,<br \/>\nSgt. Pepper&#8217;s lonely hearts club band (Lennon\/McCartney)<\/p>\n<p>Alexander<br \/>\nVals (B. Calatayud)<br \/>\nStreet fight (J. Muro)<\/p>\n<p>Emil, Valentin<br \/>\nPing Pong Song (R. Falk)<\/p>\n<p>Emil<br \/>\nYesterday (P. McCartney)<\/p>\n<p>Valentin<br \/>\nAlegr\u00edas (G. Koch)<\/p>\n<p>Emil, Valentin<br \/>\nCool Colours (M. Nienhaus)<\/p>\n<p>Aline<br \/>\nGrenade (B. Mars)<\/p>\n<p>Friederike<br \/>\nCome again (J. Dowland)<\/p>\n<p>Aline, Friederike<br \/>\nHedwig&#8217;s Theme (J. Williams)<br \/>\nEl noi de la mare (M. Llobet)<\/p>\n<p>Das Gitarrenorchester<br \/>\nAlex, \u00a0Aline, \u00a0Emil, \u00a0Grete<br \/>\nFriederike, \u00a0Lara, Marina, \u00a0Max<br \/>\nPaul, \u00a0Stela, \u00a0Valentin<br \/>\nSpanische Romanze (Anon.)<br \/>\nAus &#8222;Die vier Jahreszeiten&#8220;<br \/>\nWinter: 2. Satz \u201eLargo&#8220; (A. Vivaldi)<br \/>\nCarnaval de Arequipa (trad. Per\u00fa)<\/p>\n<p>&nbsp;<\/p>\n<p>&nbsp;<\/p>\n<p>Das Programm um 16:30<br \/>\nAlexander *<br \/>\nWinde wehen (Anne Terzibaschitsch)<br \/>\nAlle meine Entchen (Volkslied)<\/p>\n<p>Dimitrij *,<br \/>\nbegleitet von Peter *\u00a0 (Djembe)<br \/>\nIndianertanz (Anne Terzibasschitsch)<\/p>\n<p>Gustav &#8218;<br \/>\nFeuer! (Aniko Drabon)<\/p>\n<p>Arthur *<br \/>\nEs war eine Mutter (Kinderlied aus der badischen Pfalz)<\/p>\n<p>Baktasch *<br \/>\nClowns (Aus: 70 Tastenabenteuer mit dem kleinen Ungeheuer 1)<\/p>\n<p>Gideon &#8218;<br \/>\nStreiterei! \u00a0(Aniko Drabon)<br \/>\nGeradeaus (Aniko Drabon)<\/p>\n<p>Serhan\u00a0 *<br \/>\nSchlafe, schlafe (Anne Terzibasschitsch)<\/p>\n<p>Sophie *<br \/>\nYankee Doodle (American Tune)<br \/>\nFroschkonzert (Kinderlied)<\/p>\n<p>Kristina *<br \/>\nMy heart will go on (James Horner), vereinfacht von C. Reutner<\/p>\n<p>Sandra *<br \/>\nbegleitet von Kristina *<br \/>\nH\u00e4nsel und Gretel (Kinderlied)<\/p>\n<p>Elias &#8218;<br \/>\nWild wild love intro (Pitbul)<br \/>\nSkizze f\u00fcr einen Song (Eigenkomposition Elias)<\/p>\n<p>Amina *<br \/>\nbegleitet von Florian *<br \/>\nOh when the saints (Gospel)<\/p>\n<p>Florian *<br \/>\nAch Minuschka (Aus Russland)<\/p>\n<p>Adrian &#8218;<br \/>\nMerry Cossacks (Denes Agay)<\/p>\n<p>Erik, Peter *<br \/>\nDjembenduo<br \/>\nKleine Djembenimprovisation (Eigenkomposition)<\/p>\n<p>Sandra, Florian, Amina *<br \/>\nFl\u00f6tenensemble<br \/>\nLa Bergamesca (Traditional)<br \/>\nMaiden Fair (Anonym English 16th century)<\/p>\n<p>Elias &#8218; und Maximilian \u00b0<br \/>\nMelodie (John Kember)<\/p>\n<p>Paulina &#8218;<br \/>\nOne Thing (One Direction)<\/p>\n<p>Michael &#8211;<br \/>\nHave I Told You (Rod Stewart)<\/p>\n<p>Georg &#8211;<br \/>\nBei M\u00e4nnern welche Liebe f\u00fchlen (W.A. Mozart)<\/p>\n<p>Lena und Laura , Kira *<br \/>\nFl\u00f6tenensemble<br \/>\nAllemande (SAT) (Unbek.)<br \/>\nPr\u00e9lude (M.A. Charpentier)<br \/>\nDer Fr\u00fchling (SSS) (Antonio Vivaldi)<br \/>\nRondo (SSA(T)) (Unbek., arrangiert von. C. Reutner)<\/p>\n<p>Kira &#8218;, Lena *<br \/>\nMenuett (Ignaz Pleyel)<\/p>\n<p>Kira &#8218;<br \/>\nRiver flows in you (Yiruma)<\/p>\n<p>Johanna &#8211;<br \/>\nSonate KV 545 (W.A. Mozart (arr. Edward Grieg)<\/p>\n<p>Traude &#8211;<br \/>\nAn Chloe (W.A. Mozart)<br \/>\nJohanna , Regine , Cornelia Reutner, Gast: Elisabeth *<\/p>\n<p>Gesangsensemble<br \/>\nBegleitet von Karoline<br \/>\nI dreamed a dream (aus Les Miserable) (Sch\u00f6nberg, Claude-Michael)<br \/>\nThe James Bond Theme (Aus \u201eThe best of Bond\u201c \u2013 Medley), (arr. Ned Ginsburg)<\/p>\n<p>Gesamtensemble<br \/>\nFrere Jaques (Nach einem franz. Kinderlied)<\/p>\n<p>* = Klasse Cornelia<br \/>\n&#8218; = Klasse Severin<br \/>\n\u00b0 = Klasse Yukari<br \/>\n&#8211; = Karoline<br \/>\n<a href=\"http:\/\/www.pro-vo.at\/index.php\/chronik\/\">Zur\u00fcck zur Chronik<\/a><\/p>\n<p>&nbsp;<\/p>\n<p>&nbsp;<\/p>\n<p>&nbsp;<\/p>\n<p>&nbsp;<\/p>\n<p>&nbsp;<\/p>\n<p>&nbsp;<\/p>\n<p>&nbsp;<\/p>\n<p>&nbsp;<\/p>\n<p>&nbsp;<\/p>\n","protected":false},"excerpt":{"rendered":"<p>Gro\u00dfer Tag der Musik 2014 Samstag, 24. Mai 2014 14:00 Ein Fest mit der Gitarre Sch\u00fclerinnen und Sch\u00fcler von Martha Manrique 16:30 Konzert Klavier\/Fl\u00f6te\/Gesang\/Djembe Sch\u00fclerinnen und Sch\u00fcler von Cornelia Reutner Severin Chen Yukari Hagino Karoline Kr\u00f6pfl In Zusammenarbeit mit dem Freizeit- und Sportverein der Erste Bank \u00a0\u00a0 Ein Fest mit der Gitarre &#8211; das Programm &#8230; <a title=\"GtdM 2014\" class=\"read-more\" href=\"https:\/\/www.pro-vo.at\/index.php\/chronik\/gtdm-2014\/\" aria-label=\"Mehr Informationen \u00fcber GtdM 2014\">Weiterlesen<\/a><\/p>\n","protected":false},"author":1,"featured_media":0,"parent":28,"menu_order":0,"comment_status":"closed","ping_status":"closed","template":"","meta":{"footnotes":""},"class_list":["post-1982","page","type-page","status-publish"],"_links":{"self":[{"href":"https:\/\/www.pro-vo.at\/index.php\/wp-json\/wp\/v2\/pages\/1982","targetHints":{"allow":["GET"]}}],"collection":[{"href":"https:\/\/www.pro-vo.at\/index.php\/wp-json\/wp\/v2\/pages"}],"about":[{"href":"https:\/\/www.pro-vo.at\/index.php\/wp-json\/wp\/v2\/types\/page"}],"author":[{"embeddable":true,"href":"https:\/\/www.pro-vo.at\/index.php\/wp-json\/wp\/v2\/users\/1"}],"replies":[{"embeddable":true,"href":"https:\/\/www.pro-vo.at\/index.php\/wp-json\/wp\/v2\/comments?post=1982"}],"version-history":[{"count":2,"href":"https:\/\/www.pro-vo.at\/index.php\/wp-json\/wp\/v2\/pages\/1982\/revisions"}],"predecessor-version":[{"id":2036,"href":"https:\/\/www.pro-vo.at\/index.php\/wp-json\/wp\/v2\/pages\/1982\/revisions\/2036"}],"up":[{"embeddable":true,"href":"https:\/\/www.pro-vo.at\/index.php\/wp-json\/wp\/v2\/pages\/28"}],"wp:attachment":[{"href":"https:\/\/www.pro-vo.at\/index.php\/wp-json\/wp\/v2\/media?parent=1982"}],"curies":[{"name":"wp","href":"https:\/\/api.w.org\/{rel}","templated":true}]}}