{"id":1753,"date":"2017-10-26T07:36:51","date_gmt":"2017-10-26T07:36:51","guid":{"rendered":"http:\/\/www.pro-vo.at\/?page_id=1753"},"modified":"2017-10-26T07:36:51","modified_gmt":"2017-10-26T07:36:51","slug":"gitarren-06","status":"publish","type":"page","link":"https:\/\/www.pro-vo.at\/index.php\/chronik\/gitarren-06\/","title":{"rendered":"Gitarren 06"},"content":{"rendered":"<h1>Gitarrenabend<\/h1>\n<p>Es spielen Sch\u00fcler von<br \/>\nGonzalo Manrique<br \/>\nMartin Sch\u00f6nlieb<\/p>\n<p>Montag, 16. Juni 2014<br \/>\n18 Uhr<br \/>\ngro\u00dfer Veranstaltungsraum pro-vo<\/p>\n<p><a href=\"http:\/\/www.pro-vo.at\/wp-content\/uploads\/2017\/10\/001-5.jpg\" data-rel=\"lightbox-gallery-cxTesvNP\" data-rl_title=\"001\" data-rl_caption=\"\" title=\"001\"><img loading=\"lazy\" decoding=\"async\" class=\"alignnone size-thumbnail wp-image-1754\" src=\"http:\/\/www.pro-vo.at\/wp-content\/uploads\/2017\/10\/001-5-150x150.jpg\" alt=\"\" width=\"150\" height=\"150\" \/><\/a> <a href=\"http:\/\/www.pro-vo.at\/wp-content\/uploads\/2017\/10\/002-5.jpg\" data-rel=\"lightbox-gallery-cxTesvNP\" data-rl_title=\"002\" data-rl_caption=\"\" title=\"002\"><img loading=\"lazy\" decoding=\"async\" class=\"alignnone size-thumbnail wp-image-1755\" src=\"http:\/\/www.pro-vo.at\/wp-content\/uploads\/2017\/10\/002-5-150x150.jpg\" alt=\"\" width=\"150\" height=\"150\" \/><\/a> <a href=\"http:\/\/www.pro-vo.at\/wp-content\/uploads\/2017\/10\/003-5.jpg\" data-rel=\"lightbox-gallery-cxTesvNP\" data-rl_title=\"003\" data-rl_caption=\"\" title=\"003\"><img loading=\"lazy\" decoding=\"async\" class=\"alignnone size-thumbnail wp-image-1756\" src=\"http:\/\/www.pro-vo.at\/wp-content\/uploads\/2017\/10\/003-5-150x150.jpg\" alt=\"\" width=\"150\" height=\"150\" \/><\/a> <a href=\"http:\/\/www.pro-vo.at\/wp-content\/uploads\/2017\/10\/004-5.jpg\" data-rel=\"lightbox-gallery-cxTesvNP\" data-rl_title=\"004\" data-rl_caption=\"\" title=\"004\"><img loading=\"lazy\" decoding=\"async\" class=\"alignnone size-thumbnail wp-image-1757\" src=\"http:\/\/www.pro-vo.at\/wp-content\/uploads\/2017\/10\/004-5-150x150.jpg\" alt=\"\" width=\"150\" height=\"150\" \/><\/a> <a href=\"http:\/\/www.pro-vo.at\/wp-content\/uploads\/2017\/10\/005-5.jpg\" data-rel=\"lightbox-gallery-cxTesvNP\" data-rl_title=\"005\" data-rl_caption=\"\" title=\"005\"><img loading=\"lazy\" decoding=\"async\" class=\"alignnone size-thumbnail wp-image-1758\" src=\"http:\/\/www.pro-vo.at\/wp-content\/uploads\/2017\/10\/005-5-150x150.jpg\" alt=\"\" width=\"150\" height=\"150\" \/><\/a> <a href=\"http:\/\/www.pro-vo.at\/wp-content\/uploads\/2017\/10\/006-5.jpg\" data-rel=\"lightbox-gallery-cxTesvNP\" data-rl_title=\"006\" data-rl_caption=\"\" title=\"006\"><img loading=\"lazy\" decoding=\"async\" class=\"alignnone size-thumbnail wp-image-1759\" src=\"http:\/\/www.pro-vo.at\/wp-content\/uploads\/2017\/10\/006-5-150x150.jpg\" alt=\"\" width=\"150\" height=\"150\" \/><\/a> <a href=\"http:\/\/www.pro-vo.at\/wp-content\/uploads\/2017\/10\/007-5.jpg\" data-rel=\"lightbox-gallery-cxTesvNP\" data-rl_title=\"007\" data-rl_caption=\"\" title=\"007\"><img loading=\"lazy\" decoding=\"async\" class=\"alignnone size-thumbnail wp-image-1760\" src=\"http:\/\/www.pro-vo.at\/wp-content\/uploads\/2017\/10\/007-5-150x150.jpg\" alt=\"\" width=\"150\" height=\"150\" \/><\/a> <a href=\"http:\/\/www.pro-vo.at\/wp-content\/uploads\/2017\/10\/008-5.jpg\" data-rel=\"lightbox-gallery-cxTesvNP\" data-rl_title=\"008\" data-rl_caption=\"\" title=\"008\"><img loading=\"lazy\" decoding=\"async\" class=\"alignnone size-thumbnail wp-image-1761\" src=\"http:\/\/www.pro-vo.at\/wp-content\/uploads\/2017\/10\/008-5-150x150.jpg\" alt=\"\" width=\"150\" height=\"150\" \/><\/a> <a href=\"http:\/\/www.pro-vo.at\/wp-content\/uploads\/2017\/10\/009-5.jpg\" data-rel=\"lightbox-gallery-cxTesvNP\" data-rl_title=\"009\" data-rl_caption=\"\" title=\"009\"><img loading=\"lazy\" decoding=\"async\" class=\"alignnone size-thumbnail wp-image-1762\" src=\"http:\/\/www.pro-vo.at\/wp-content\/uploads\/2017\/10\/009-5-150x150.jpg\" alt=\"\" width=\"150\" height=\"150\" \/><\/a> <a href=\"http:\/\/www.pro-vo.at\/wp-content\/uploads\/2017\/10\/010-5.jpg\" data-rel=\"lightbox-gallery-cxTesvNP\" data-rl_title=\"010\" data-rl_caption=\"\" title=\"010\"><img loading=\"lazy\" decoding=\"async\" class=\"alignnone size-thumbnail wp-image-1763\" src=\"http:\/\/www.pro-vo.at\/wp-content\/uploads\/2017\/10\/010-5-150x150.jpg\" alt=\"\" width=\"150\" height=\"150\" \/><\/a> <a href=\"http:\/\/www.pro-vo.at\/wp-content\/uploads\/2017\/10\/011-5.jpg\" data-rel=\"lightbox-gallery-cxTesvNP\" data-rl_title=\"011\" data-rl_caption=\"\" title=\"011\"><img loading=\"lazy\" decoding=\"async\" class=\"alignnone size-thumbnail wp-image-1764\" src=\"http:\/\/www.pro-vo.at\/wp-content\/uploads\/2017\/10\/011-5-150x150.jpg\" alt=\"\" width=\"150\" height=\"150\" \/><\/a> <a href=\"http:\/\/www.pro-vo.at\/wp-content\/uploads\/2017\/10\/012-2.jpg\" data-rel=\"lightbox-gallery-cxTesvNP\" data-rl_title=\"012\" data-rl_caption=\"\" title=\"012\"><img loading=\"lazy\" decoding=\"async\" class=\"alignnone size-thumbnail wp-image-1765\" src=\"http:\/\/www.pro-vo.at\/wp-content\/uploads\/2017\/10\/012-2-150x150.jpg\" alt=\"\" width=\"150\" height=\"150\" \/><\/a> <a href=\"http:\/\/www.pro-vo.at\/wp-content\/uploads\/2017\/10\/013-2.jpg\" data-rel=\"lightbox-gallery-cxTesvNP\" data-rl_title=\"013\" data-rl_caption=\"\" title=\"013\"><img loading=\"lazy\" decoding=\"async\" class=\"alignnone size-thumbnail wp-image-1766\" src=\"http:\/\/www.pro-vo.at\/wp-content\/uploads\/2017\/10\/013-2-150x150.jpg\" alt=\"\" width=\"150\" height=\"150\" \/><\/a> <a href=\"http:\/\/www.pro-vo.at\/wp-content\/uploads\/2017\/10\/014-3.jpg\" data-rel=\"lightbox-gallery-cxTesvNP\" data-rl_title=\"014\" data-rl_caption=\"\" title=\"014\"><img loading=\"lazy\" decoding=\"async\" class=\"alignnone size-thumbnail wp-image-1767\" src=\"http:\/\/www.pro-vo.at\/wp-content\/uploads\/2017\/10\/014-3-150x150.jpg\" alt=\"\" width=\"150\" height=\"150\" \/><\/a> <a href=\"http:\/\/www.pro-vo.at\/wp-content\/uploads\/2017\/10\/015-3.jpg\" data-rel=\"lightbox-gallery-cxTesvNP\" data-rl_title=\"015\" data-rl_caption=\"\" title=\"015\"><img loading=\"lazy\" decoding=\"async\" class=\"alignnone size-thumbnail wp-image-1768\" src=\"http:\/\/www.pro-vo.at\/wp-content\/uploads\/2017\/10\/015-3-150x150.jpg\" alt=\"\" width=\"150\" height=\"150\" \/><\/a><\/p>\n<p>Fotos: Elisabeth Hammerer<\/p>\n<p>Es musizieren Sch\u00fclerinnen und Sch\u00fcler von<br \/>\nGonzalo Manrique und<br \/>\nMartin Sch\u00f6nlieb*<\/p>\n<p>Unser Programm:<br \/>\nStrumming and picking (Eigenkomposition)<br \/>\nPhilip, Gitarre<\/p>\n<p>Der fliegende Fuchs (Eigenkomposition)<br \/>\nSamuel, E-Gitarre<\/p>\n<p>Just before (J.M. Borner)<br \/>\nLorenz *, E-Gitarre<\/p>\n<p>Katango (Hans Joachim Teschner)<br \/>\nVincenz und Valentin, Gitarren<\/p>\n<p>Canci\u00f3n de cuna (Bartolom\u00e9 Calatayud)<br \/>\nVals (Bartolom\u00e9 Calatayud)<br \/>\nChristian, Gitarre<\/p>\n<p>Fandanguillo (Trad.)<br \/>\nBertl-Blues (M. Mikl, B. Eder)<br \/>\nMamma Mia (B. Andersson, B. Ulvaeus)<br \/>\nMax *, Gitarre und Gesang<br \/>\nBarbara *, Gitarre und Gesang<\/p>\n<p>Et\u00fcde 4, aus \u201eLas terceras lecciones de guitarra\u201c<br \/>\n(Julio Sagreras)<br \/>\nMagdalena, Gitarre<\/p>\n<p>An Malvina, aus Bardenkl\u00e4nge (Johann Kaspar Mertz)<br \/>\nStefan, Gitarre<\/p>\n<p>My Lord Chamberlain, His Galliard (John Dowland)<br \/>\nMagdalena und Stefan, Gitarren<\/p>\n<p>Malted Milk (Robert Johnson)<br \/>\nLukas, Gitarre<\/p>\n<p>Evening Rise (Trad., Arr.: J. Kindle)<br \/>\nKristina*, Gitarre und Gesang<br \/>\nMax*, Gitarre und Gesang<br \/>\nBarbara*, Gitarre und Gesang<br \/>\nLorenz*, E-Gitarre<\/p>\n<p>* Klasse Martin Sch\u00f6nlieb<br \/>\nKlasse Gonzalo Manrique<\/p>\n<p><a href=\"http:\/\/www.pro-vo.at\/index.php\/chronik\/\">Zur\u00fcck zur Chronik<\/a><\/p>\n","protected":false},"excerpt":{"rendered":"<p>Gitarrenabend Es spielen Sch\u00fcler von Gonzalo Manrique Martin Sch\u00f6nlieb Montag, 16. Juni 2014 18 Uhr gro\u00dfer Veranstaltungsraum pro-vo Fotos: Elisabeth Hammerer Es musizieren Sch\u00fclerinnen und Sch\u00fcler von Gonzalo Manrique und Martin Sch\u00f6nlieb* Unser Programm: Strumming and picking (Eigenkomposition) Philip, Gitarre Der fliegende Fuchs (Eigenkomposition) Samuel, E-Gitarre Just before (J.M. Borner) Lorenz *, E-Gitarre Katango (Hans &#8230; <a title=\"Gitarren 06\" class=\"read-more\" href=\"https:\/\/www.pro-vo.at\/index.php\/chronik\/gitarren-06\/\" aria-label=\"Mehr Informationen \u00fcber Gitarren 06\">Weiterlesen<\/a><\/p>\n","protected":false},"author":1,"featured_media":0,"parent":28,"menu_order":0,"comment_status":"closed","ping_status":"closed","template":"","meta":{"footnotes":""},"class_list":["post-1753","page","type-page","status-publish"],"_links":{"self":[{"href":"https:\/\/www.pro-vo.at\/index.php\/wp-json\/wp\/v2\/pages\/1753","targetHints":{"allow":["GET"]}}],"collection":[{"href":"https:\/\/www.pro-vo.at\/index.php\/wp-json\/wp\/v2\/pages"}],"about":[{"href":"https:\/\/www.pro-vo.at\/index.php\/wp-json\/wp\/v2\/types\/page"}],"author":[{"embeddable":true,"href":"https:\/\/www.pro-vo.at\/index.php\/wp-json\/wp\/v2\/users\/1"}],"replies":[{"embeddable":true,"href":"https:\/\/www.pro-vo.at\/index.php\/wp-json\/wp\/v2\/comments?post=1753"}],"version-history":[{"count":1,"href":"https:\/\/www.pro-vo.at\/index.php\/wp-json\/wp\/v2\/pages\/1753\/revisions"}],"predecessor-version":[{"id":1769,"href":"https:\/\/www.pro-vo.at\/index.php\/wp-json\/wp\/v2\/pages\/1753\/revisions\/1769"}],"up":[{"embeddable":true,"href":"https:\/\/www.pro-vo.at\/index.php\/wp-json\/wp\/v2\/pages\/28"}],"wp:attachment":[{"href":"https:\/\/www.pro-vo.at\/index.php\/wp-json\/wp\/v2\/media?parent=1753"}],"curies":[{"name":"wp","href":"https:\/\/api.w.org\/{rel}","templated":true}]}}