{"id":1694,"date":"2017-10-26T07:26:15","date_gmt":"2017-10-26T07:26:15","guid":{"rendered":"http:\/\/www.pro-vo.at\/?page_id=1694"},"modified":"2017-10-26T07:26:44","modified_gmt":"2017-10-26T07:26:44","slug":"mdw-2014","status":"publish","type":"page","link":"https:\/\/www.pro-vo.at\/index.php\/chronik\/mdw-2014\/","title":{"rendered":"mdw 2014"},"content":{"rendered":"<h1>mdw meets pro-vo<\/h1>\n<p>Es musizieren Studentinnen und Studenten der<br \/>\nUniversit\u00e4t f\u00fcr Musik und darstellende Kunst<br \/>\nund Sch\u00fclerinnen und Sch\u00fcler der pro-vo<br \/>\nTasteninstrumente und Bl\u00e4ser<\/p>\n<p>http:\/\/www.mdw.ac.at\/<\/p>\n<p>Mittwoch, 25. Juni 2014<br \/>\n18:30<br \/>\nFestsaal der Bezirksvorstehung im 15. Bezirk<br \/>\n1150 Wien, Rosinagasse 4<\/p>\n<p><a href=\"http:\/\/www.pro-vo.at\/wp-content\/uploads\/2017\/10\/001-3.jpg\" data-rel=\"lightbox-gallery-LkQwnJrl\" data-rl_title=\"001\" data-rl_caption=\"\" title=\"001\"><img loading=\"lazy\" decoding=\"async\" class=\"alignnone size-thumbnail wp-image-1695\" src=\"http:\/\/www.pro-vo.at\/wp-content\/uploads\/2017\/10\/001-3-150x150.jpg\" alt=\"\" width=\"150\" height=\"150\" \/><\/a> <a href=\"http:\/\/www.pro-vo.at\/wp-content\/uploads\/2017\/10\/002-3.jpg\" data-rel=\"lightbox-gallery-LkQwnJrl\" data-rl_title=\"002\" data-rl_caption=\"\" title=\"002\"><img loading=\"lazy\" decoding=\"async\" class=\"alignnone size-thumbnail wp-image-1696\" src=\"http:\/\/www.pro-vo.at\/wp-content\/uploads\/2017\/10\/002-3-150x150.jpg\" alt=\"\" width=\"150\" height=\"150\" \/><\/a> <a href=\"http:\/\/www.pro-vo.at\/wp-content\/uploads\/2017\/10\/003-3.jpg\" data-rel=\"lightbox-gallery-LkQwnJrl\" data-rl_title=\"003\" data-rl_caption=\"\" title=\"003\"><img loading=\"lazy\" decoding=\"async\" class=\"alignnone size-thumbnail wp-image-1697\" src=\"http:\/\/www.pro-vo.at\/wp-content\/uploads\/2017\/10\/003-3-150x150.jpg\" alt=\"\" width=\"150\" height=\"150\" \/><\/a> <a href=\"http:\/\/www.pro-vo.at\/wp-content\/uploads\/2017\/10\/004-3.jpg\" data-rel=\"lightbox-gallery-LkQwnJrl\" data-rl_title=\"004\" data-rl_caption=\"\" title=\"004\"><img loading=\"lazy\" decoding=\"async\" class=\"alignnone size-thumbnail wp-image-1698\" src=\"http:\/\/www.pro-vo.at\/wp-content\/uploads\/2017\/10\/004-3-150x150.jpg\" alt=\"\" width=\"150\" height=\"150\" \/><\/a> <a href=\"http:\/\/www.pro-vo.at\/wp-content\/uploads\/2017\/10\/005-3.jpg\" data-rel=\"lightbox-gallery-LkQwnJrl\" data-rl_title=\"005\" data-rl_caption=\"\" title=\"005\"><img loading=\"lazy\" decoding=\"async\" class=\"alignnone size-thumbnail wp-image-1699\" src=\"http:\/\/www.pro-vo.at\/wp-content\/uploads\/2017\/10\/005-3-150x150.jpg\" alt=\"\" width=\"150\" height=\"150\" \/><\/a> <a href=\"http:\/\/www.pro-vo.at\/wp-content\/uploads\/2017\/10\/006-3.jpg\" data-rel=\"lightbox-gallery-LkQwnJrl\" data-rl_title=\"006\" data-rl_caption=\"\" title=\"006\"><img loading=\"lazy\" decoding=\"async\" class=\"alignnone size-thumbnail wp-image-1700\" src=\"http:\/\/www.pro-vo.at\/wp-content\/uploads\/2017\/10\/006-3-150x150.jpg\" alt=\"\" width=\"150\" height=\"150\" \/><\/a> <a href=\"http:\/\/www.pro-vo.at\/wp-content\/uploads\/2017\/10\/007-3.jpg\" data-rel=\"lightbox-gallery-LkQwnJrl\" data-rl_title=\"007\" data-rl_caption=\"\" title=\"007\"><img loading=\"lazy\" decoding=\"async\" class=\"alignnone size-thumbnail wp-image-1701\" src=\"http:\/\/www.pro-vo.at\/wp-content\/uploads\/2017\/10\/007-3-150x150.jpg\" alt=\"\" width=\"150\" height=\"150\" \/><\/a> <a href=\"http:\/\/www.pro-vo.at\/wp-content\/uploads\/2017\/10\/008-3.jpg\" data-rel=\"lightbox-gallery-LkQwnJrl\" data-rl_title=\"008\" data-rl_caption=\"\" title=\"008\"><img loading=\"lazy\" decoding=\"async\" class=\"alignnone size-thumbnail wp-image-1702\" src=\"http:\/\/www.pro-vo.at\/wp-content\/uploads\/2017\/10\/008-3-150x150.jpg\" alt=\"\" width=\"150\" height=\"150\" \/><\/a> <a href=\"http:\/\/www.pro-vo.at\/wp-content\/uploads\/2017\/10\/009-3.jpg\" data-rel=\"lightbox-gallery-LkQwnJrl\" data-rl_title=\"009\" data-rl_caption=\"\" title=\"009\"><img loading=\"lazy\" decoding=\"async\" class=\"alignnone size-thumbnail wp-image-1703\" src=\"http:\/\/www.pro-vo.at\/wp-content\/uploads\/2017\/10\/009-3-150x150.jpg\" alt=\"\" width=\"150\" height=\"150\" \/><\/a> <a href=\"http:\/\/www.pro-vo.at\/wp-content\/uploads\/2017\/10\/010-3.jpg\" data-rel=\"lightbox-gallery-LkQwnJrl\" data-rl_title=\"010\" data-rl_caption=\"\" title=\"010\"><img loading=\"lazy\" decoding=\"async\" class=\"alignnone size-thumbnail wp-image-1704\" src=\"http:\/\/www.pro-vo.at\/wp-content\/uploads\/2017\/10\/010-3-150x150.jpg\" alt=\"\" width=\"150\" height=\"150\" \/><\/a> <a href=\"http:\/\/www.pro-vo.at\/wp-content\/uploads\/2017\/10\/011-3.jpg\" data-rel=\"lightbox-gallery-LkQwnJrl\" data-rl_title=\"011\" data-rl_caption=\"\" title=\"011\"><img loading=\"lazy\" decoding=\"async\" class=\"alignnone size-thumbnail wp-image-1705\" src=\"http:\/\/www.pro-vo.at\/wp-content\/uploads\/2017\/10\/011-3-150x150.jpg\" alt=\"\" width=\"150\" height=\"150\" \/><\/a> <a href=\"http:\/\/www.pro-vo.at\/wp-content\/uploads\/2017\/10\/012.jpg\" data-rel=\"lightbox-gallery-LkQwnJrl\" data-rl_title=\"012\" data-rl_caption=\"\" title=\"012\"><img loading=\"lazy\" decoding=\"async\" class=\"alignnone size-thumbnail wp-image-1706\" src=\"http:\/\/www.pro-vo.at\/wp-content\/uploads\/2017\/10\/012-150x150.jpg\" alt=\"\" width=\"150\" height=\"150\" \/><\/a> <a href=\"http:\/\/www.pro-vo.at\/wp-content\/uploads\/2017\/10\/013.jpg\" data-rel=\"lightbox-gallery-LkQwnJrl\" data-rl_title=\"013\" data-rl_caption=\"\" title=\"013\"><img loading=\"lazy\" decoding=\"async\" class=\"alignnone size-thumbnail wp-image-1707\" src=\"http:\/\/www.pro-vo.at\/wp-content\/uploads\/2017\/10\/013-150x150.jpg\" alt=\"\" width=\"150\" height=\"150\" \/><\/a> <a href=\"http:\/\/www.pro-vo.at\/wp-content\/uploads\/2017\/10\/014-1.jpg\" data-rel=\"lightbox-gallery-LkQwnJrl\" data-rl_title=\"014\" data-rl_caption=\"\" title=\"014\"><img loading=\"lazy\" decoding=\"async\" class=\"alignnone size-thumbnail wp-image-1708\" src=\"http:\/\/www.pro-vo.at\/wp-content\/uploads\/2017\/10\/014-1-150x150.jpg\" alt=\"\" width=\"150\" height=\"150\" \/><\/a> <a href=\"http:\/\/www.pro-vo.at\/wp-content\/uploads\/2017\/10\/015-1.jpg\" data-rel=\"lightbox-gallery-LkQwnJrl\" data-rl_title=\"015\" data-rl_caption=\"\" title=\"015\"><img loading=\"lazy\" decoding=\"async\" class=\"alignnone size-thumbnail wp-image-1709\" src=\"http:\/\/www.pro-vo.at\/wp-content\/uploads\/2017\/10\/015-1-150x150.jpg\" alt=\"\" width=\"150\" height=\"150\" \/><\/a> <a href=\"http:\/\/www.pro-vo.at\/wp-content\/uploads\/2017\/10\/016.jpg\" data-rel=\"lightbox-gallery-LkQwnJrl\" data-rl_title=\"016\" data-rl_caption=\"\" title=\"016\"><img loading=\"lazy\" decoding=\"async\" class=\"alignnone size-thumbnail wp-image-1710\" src=\"http:\/\/www.pro-vo.at\/wp-content\/uploads\/2017\/10\/016-150x150.jpg\" alt=\"\" width=\"150\" height=\"150\" \/><\/a> <a href=\"http:\/\/www.pro-vo.at\/wp-content\/uploads\/2017\/10\/017.jpg\" data-rel=\"lightbox-gallery-LkQwnJrl\" data-rl_title=\"017\" data-rl_caption=\"\" title=\"017\"><img loading=\"lazy\" decoding=\"async\" class=\"alignnone size-thumbnail wp-image-1711\" src=\"http:\/\/www.pro-vo.at\/wp-content\/uploads\/2017\/10\/017-150x150.jpg\" alt=\"\" width=\"150\" height=\"150\" \/><\/a> <a href=\"http:\/\/www.pro-vo.at\/wp-content\/uploads\/2017\/10\/018-1.jpg\" data-rel=\"lightbox-gallery-LkQwnJrl\" data-rl_title=\"018\" data-rl_caption=\"\" title=\"018\"><img loading=\"lazy\" decoding=\"async\" class=\"alignnone size-thumbnail wp-image-1712\" src=\"http:\/\/www.pro-vo.at\/wp-content\/uploads\/2017\/10\/018-1-150x150.jpg\" alt=\"\" width=\"150\" height=\"150\" \/><\/a> <a href=\"http:\/\/www.pro-vo.at\/wp-content\/uploads\/2017\/10\/019-1.jpg\" data-rel=\"lightbox-gallery-LkQwnJrl\" data-rl_title=\"019\" data-rl_caption=\"\" title=\"019\"><img loading=\"lazy\" decoding=\"async\" class=\"alignnone size-thumbnail wp-image-1713\" src=\"http:\/\/www.pro-vo.at\/wp-content\/uploads\/2017\/10\/019-1-150x150.jpg\" alt=\"\" width=\"150\" height=\"150\" \/><\/a> <a href=\"http:\/\/www.pro-vo.at\/wp-content\/uploads\/2017\/10\/020-1.jpg\" data-rel=\"lightbox-gallery-LkQwnJrl\" data-rl_title=\"020\" data-rl_caption=\"\" title=\"020\"><img loading=\"lazy\" decoding=\"async\" class=\"alignnone size-thumbnail wp-image-1714\" src=\"http:\/\/www.pro-vo.at\/wp-content\/uploads\/2017\/10\/020-1-150x150.jpg\" alt=\"\" width=\"150\" height=\"150\" \/><\/a> <a href=\"http:\/\/www.pro-vo.at\/wp-content\/uploads\/2017\/10\/021.jpg\" data-rel=\"lightbox-gallery-LkQwnJrl\" data-rl_title=\"021\" data-rl_caption=\"\" title=\"021\"><img loading=\"lazy\" decoding=\"async\" class=\"alignnone size-thumbnail wp-image-1715\" src=\"http:\/\/www.pro-vo.at\/wp-content\/uploads\/2017\/10\/021-150x150.jpg\" alt=\"\" width=\"150\" height=\"150\" \/><\/a> <a href=\"http:\/\/www.pro-vo.at\/wp-content\/uploads\/2017\/10\/022.jpg\" data-rel=\"lightbox-gallery-LkQwnJrl\" data-rl_title=\"022\" data-rl_caption=\"\" title=\"022\"><img loading=\"lazy\" decoding=\"async\" class=\"alignnone size-thumbnail wp-image-1716\" src=\"http:\/\/www.pro-vo.at\/wp-content\/uploads\/2017\/10\/022-150x150.jpg\" alt=\"\" width=\"150\" height=\"150\" \/><\/a> <a href=\"http:\/\/www.pro-vo.at\/wp-content\/uploads\/2017\/10\/023.jpg\" data-rel=\"lightbox-gallery-LkQwnJrl\" data-rl_title=\"023\" data-rl_caption=\"\" title=\"023\"><img loading=\"lazy\" decoding=\"async\" class=\"alignnone size-thumbnail wp-image-1717\" src=\"http:\/\/www.pro-vo.at\/wp-content\/uploads\/2017\/10\/023-150x150.jpg\" alt=\"\" width=\"150\" height=\"150\" \/><\/a> <a href=\"http:\/\/www.pro-vo.at\/wp-content\/uploads\/2017\/10\/024.jpg\" data-rel=\"lightbox-gallery-LkQwnJrl\" data-rl_title=\"024\" data-rl_caption=\"\" title=\"024\"><img loading=\"lazy\" decoding=\"async\" class=\"alignnone size-thumbnail wp-image-1718\" src=\"http:\/\/www.pro-vo.at\/wp-content\/uploads\/2017\/10\/024-150x150.jpg\" alt=\"\" width=\"150\" height=\"150\" \/><\/a> <a href=\"http:\/\/www.pro-vo.at\/wp-content\/uploads\/2017\/10\/025.jpg\" data-rel=\"lightbox-gallery-LkQwnJrl\" data-rl_title=\"025\" data-rl_caption=\"\" title=\"025\"><img loading=\"lazy\" decoding=\"async\" class=\"alignnone size-thumbnail wp-image-1719\" src=\"http:\/\/www.pro-vo.at\/wp-content\/uploads\/2017\/10\/025-150x150.jpg\" alt=\"\" width=\"150\" height=\"150\" \/><\/a> <a href=\"http:\/\/www.pro-vo.at\/wp-content\/uploads\/2017\/10\/026.jpg\" data-rel=\"lightbox-gallery-LkQwnJrl\" data-rl_title=\"026\" data-rl_caption=\"\" title=\"026\"><img loading=\"lazy\" decoding=\"async\" class=\"alignnone size-thumbnail wp-image-1720\" src=\"http:\/\/www.pro-vo.at\/wp-content\/uploads\/2017\/10\/026-150x150.jpg\" alt=\"\" width=\"150\" height=\"150\" \/><\/a> <a href=\"http:\/\/www.pro-vo.at\/wp-content\/uploads\/2017\/10\/027.jpg\" data-rel=\"lightbox-gallery-LkQwnJrl\" data-rl_title=\"027\" data-rl_caption=\"\" title=\"027\"><img loading=\"lazy\" decoding=\"async\" class=\"alignnone size-thumbnail wp-image-1721\" src=\"http:\/\/www.pro-vo.at\/wp-content\/uploads\/2017\/10\/027-150x150.jpg\" alt=\"\" width=\"150\" height=\"150\" \/><\/a> <a href=\"http:\/\/www.pro-vo.at\/wp-content\/uploads\/2017\/10\/028.jpg\" data-rel=\"lightbox-gallery-LkQwnJrl\" data-rl_title=\"028\" data-rl_caption=\"\" title=\"028\"><img loading=\"lazy\" decoding=\"async\" class=\"alignnone size-thumbnail wp-image-1722\" src=\"http:\/\/www.pro-vo.at\/wp-content\/uploads\/2017\/10\/028-150x150.jpg\" alt=\"\" width=\"150\" height=\"150\" \/><\/a> <a href=\"http:\/\/www.pro-vo.at\/wp-content\/uploads\/2017\/10\/029.jpg\" data-rel=\"lightbox-gallery-LkQwnJrl\" data-rl_title=\"029\" data-rl_caption=\"\" title=\"029\"><img loading=\"lazy\" decoding=\"async\" class=\"alignnone size-thumbnail wp-image-1723\" src=\"http:\/\/www.pro-vo.at\/wp-content\/uploads\/2017\/10\/029-150x150.jpg\" alt=\"\" width=\"150\" height=\"150\" \/><\/a> <a href=\"http:\/\/www.pro-vo.at\/wp-content\/uploads\/2017\/10\/030.jpg\" data-rel=\"lightbox-gallery-LkQwnJrl\" data-rl_title=\"030\" data-rl_caption=\"\" title=\"030\"><img loading=\"lazy\" decoding=\"async\" class=\"alignnone size-thumbnail wp-image-1724\" src=\"http:\/\/www.pro-vo.at\/wp-content\/uploads\/2017\/10\/030-150x150.jpg\" alt=\"\" width=\"150\" height=\"150\" \/><\/a><\/p>\n<p>Marc-Antoine Charpentier (1643 \u2013 1704)<br \/>\nPrelude from Te Deum \u00a0(Eurovision Theme)<br \/>\nJohann Sebastian Bach (1685 \u2013 1750)<br \/>\nMenuett G-Dur aus dem Notenb\u00fcchlein<br \/>\nf\u00fcr Anna Magdalena Bach<br \/>\nViolinenorchester Arcolinis<br \/>\nEmil Kronke (1865 \u2013 1938)<br \/>\nDeux Papillons<br \/>\nTheresa, Fl\u00f6te<br \/>\nHanna, Fl\u00f6te<br \/>\nMagdalena, Klavier<\/p>\n<p>Johann Kaspar Mertz (1806 \u2013 1856)<br \/>\nLiebeslied (aus Bardenkl\u00e4nge)<br \/>\nMagdalena, Gitarre<\/p>\n<p>Fula Far\u00e9 (Rhythmus aus Guinea)<br \/>\nLorenzo<br \/>\nChristian Martinek<br \/>\nHeidemarie<\/p>\n<p>Dmitri Kabalewski (1904 \u2013 1987)<br \/>\nKleine Toccata<br \/>\nKira , Klavier<\/p>\n<p>Ludwig van Beethoven (1770 \u2013 1827)<br \/>\nAus der 9. Sinfonie in d-moll op. 125 \u2013 An die Freude<br \/>\nSiyahamba (S\u00fcdafrikanische Hymne)<br \/>\nSophia , Querfl\u00f6te<br \/>\nYukari Hagino, Querfl\u00f6te<\/p>\n<p>Camille Saint-Saens (1835 \u2013 1921)<br \/>\nAus Karneval der Tiere:<br \/>\nK\u00f6niglicher Marsch des L\u00f6wen\u00a0\u00a0\u00a0\u00a0\u00a0\u00a0\u00a0\u00a0\u00a0\u00a0\u00a0\u00a0\u00a0\u00a0\u00a0 Kira, Fl\u00f6te<br \/>\nLaura, Fl\u00f6te<br \/>\nLena, Fl\u00f6te<br \/>\nStella, Klavier<br \/>\nPiet Swerts (*1960)<br \/>\nKlonos f\u00fcr Altsaxophon und Klavier<br \/>\nJohanna, Altsaxophon<br \/>\nDessislava, Klavier<\/p>\n<p>Johann Kaspar Mertz (1806 \u2013 1856)<br \/>\nAn Malvina (aus Bardenkl\u00e4nge)<br \/>\nStefan, Gitarre<\/p>\n<p>John Dowland (1563 \u2013 1626)<br \/>\nMy Lord Chamberlain, His Galliard<br \/>\nMagdalena, Gitarre<br \/>\nStefan, Gitarre<\/p>\n<p>Robert Schumann (1810 \u2013 1856)<br \/>\nFantasiest\u00fccke Op. 73<br \/>\n&#8211; Zart und mit Ausdruck<br \/>\n&#8211; Lebhaft, leicht<br \/>\n&#8211; Rasch und mit Feuer<br \/>\nPeter, Klarinette<br \/>\nDessislava, Klavier<\/p>\n<p>&nbsp;<\/p>\n<p>Ida Gotkovsky (*1933)<br \/>\nEolienne f\u00fcr Saxophon und Harfe<br \/>\n&#8211; Intermezzo<br \/>\n&#8211; Intense<br \/>\n&#8211; Declamatoire<br \/>\nChristina, Saxophon<br \/>\nSarah, Harfe<\/p>\n<p>Melody Gardot (*1985)<br \/>\nYour heart is as black as night<br \/>\nAnn Peebles (*1947), Don Bryant (*1942), Bernard Miller<br \/>\nI can\u2019t stand the rain<br \/>\nBlues Ensemble Monday\u2019s blues<\/p>\n<p>Arcolinis \u2013 Violinenorchester<\/p>\n<p>Keisha<br \/>\nSebastian<br \/>\nElina<br \/>\nFelix<br \/>\nMaya<br \/>\nLeonie<br \/>\nAttila<br \/>\nLeiter: Kaoru Asayama<\/p>\n<p>Blues Ensemble \u2013 Monday\u2019s blues<\/p>\n<p>Sharon &#8211; voc<br \/>\nWalter &#8211; dr<br \/>\nMichael &#8211; git<br \/>\nMarcus &#8211; perc<br \/>\nFaribourz &#8211; sax<br \/>\nVeronika &#8211; key<br \/>\nLeiter: Martin Sch\u00f6nlieb<\/p>\n<p><a href=\"http:\/\/www.pro-vo.at\/index.php\/chronik\/\">Zur\u00fcck zur Chronik<\/a><\/p>\n","protected":false},"excerpt":{"rendered":"<p>mdw meets pro-vo Es musizieren Studentinnen und Studenten der Universit\u00e4t f\u00fcr Musik und darstellende Kunst und Sch\u00fclerinnen und Sch\u00fcler der pro-vo Tasteninstrumente und Bl\u00e4ser http:\/\/www.mdw.ac.at\/ Mittwoch, 25. Juni 2014 18:30 Festsaal der Bezirksvorstehung im 15. Bezirk 1150 Wien, Rosinagasse 4 Marc-Antoine Charpentier (1643 \u2013 1704) Prelude from Te Deum \u00a0(Eurovision Theme) Johann Sebastian Bach (1685 &#8230; <a title=\"mdw 2014\" class=\"read-more\" href=\"https:\/\/www.pro-vo.at\/index.php\/chronik\/mdw-2014\/\" aria-label=\"Mehr Informationen \u00fcber mdw 2014\">Weiterlesen<\/a><\/p>\n","protected":false},"author":1,"featured_media":0,"parent":28,"menu_order":0,"comment_status":"closed","ping_status":"closed","template":"","meta":{"footnotes":""},"class_list":["post-1694","page","type-page","status-publish"],"_links":{"self":[{"href":"https:\/\/www.pro-vo.at\/index.php\/wp-json\/wp\/v2\/pages\/1694","targetHints":{"allow":["GET"]}}],"collection":[{"href":"https:\/\/www.pro-vo.at\/index.php\/wp-json\/wp\/v2\/pages"}],"about":[{"href":"https:\/\/www.pro-vo.at\/index.php\/wp-json\/wp\/v2\/types\/page"}],"author":[{"embeddable":true,"href":"https:\/\/www.pro-vo.at\/index.php\/wp-json\/wp\/v2\/users\/1"}],"replies":[{"embeddable":true,"href":"https:\/\/www.pro-vo.at\/index.php\/wp-json\/wp\/v2\/comments?post=1694"}],"version-history":[{"count":1,"href":"https:\/\/www.pro-vo.at\/index.php\/wp-json\/wp\/v2\/pages\/1694\/revisions"}],"predecessor-version":[{"id":1725,"href":"https:\/\/www.pro-vo.at\/index.php\/wp-json\/wp\/v2\/pages\/1694\/revisions\/1725"}],"up":[{"embeddable":true,"href":"https:\/\/www.pro-vo.at\/index.php\/wp-json\/wp\/v2\/pages\/28"}],"wp:attachment":[{"href":"https:\/\/www.pro-vo.at\/index.php\/wp-json\/wp\/v2\/media?parent=1694"}],"curies":[{"name":"wp","href":"https:\/\/api.w.org\/{rel}","templated":true}]}}