{"id":1679,"date":"2017-10-26T07:19:49","date_gmt":"2017-10-26T07:19:49","guid":{"rendered":"http:\/\/www.pro-vo.at\/?page_id=1679"},"modified":"2017-10-26T07:27:02","modified_gmt":"2017-10-26T07:27:02","slug":"violinen-2014","status":"publish","type":"page","link":"https:\/\/www.pro-vo.at\/index.php\/chronik\/violinen-2014\/","title":{"rendered":"Violinen 2014"},"content":{"rendered":"<h1>Vorspielabend Violine<\/h1>\n<p>&nbsp;<\/p>\n<p>Es musizierten Sch\u00fclerinnen und Sch\u00fcler<br \/>\nvon Kaoru Asayama<\/p>\n<p>Mittwoch, 18. Juni 2014<br \/>\n16:30 Uhr<br \/>\ngro\u00dfer Veranstaltungsraum pro-vo<br \/>\n1150 Wien, Huglgasse 24<\/p>\n<p><a href=\"http:\/\/www.pro-vo.at\/wp-content\/uploads\/2017\/10\/01.jpg\" data-rel=\"lightbox-gallery-DyCDjYtc\" data-rl_title=\"01\" data-rl_caption=\"\" title=\"01\"><img loading=\"lazy\" decoding=\"async\" class=\"alignnone size-thumbnail wp-image-1680\" src=\"http:\/\/www.pro-vo.at\/wp-content\/uploads\/2017\/10\/01-150x150.jpg\" alt=\"\" width=\"150\" height=\"150\" \/><\/a> <a href=\"http:\/\/www.pro-vo.at\/wp-content\/uploads\/2017\/10\/02.jpg\" data-rel=\"lightbox-gallery-DyCDjYtc\" data-rl_title=\"02\" data-rl_caption=\"\" title=\"02\"><img loading=\"lazy\" decoding=\"async\" class=\"alignnone size-thumbnail wp-image-1681\" src=\"http:\/\/www.pro-vo.at\/wp-content\/uploads\/2017\/10\/02-150x150.jpg\" alt=\"\" width=\"150\" height=\"150\" \/><\/a> <a href=\"http:\/\/www.pro-vo.at\/wp-content\/uploads\/2017\/10\/03.jpg\" data-rel=\"lightbox-gallery-DyCDjYtc\" data-rl_title=\"03\" data-rl_caption=\"\" title=\"03\"><img loading=\"lazy\" decoding=\"async\" class=\"alignnone size-thumbnail wp-image-1682\" src=\"http:\/\/www.pro-vo.at\/wp-content\/uploads\/2017\/10\/03-150x150.jpg\" alt=\"\" width=\"150\" height=\"150\" \/><\/a> <a href=\"http:\/\/www.pro-vo.at\/wp-content\/uploads\/2017\/10\/04.jpg\" data-rel=\"lightbox-gallery-DyCDjYtc\" data-rl_title=\"04\" data-rl_caption=\"\" title=\"04\"><img loading=\"lazy\" decoding=\"async\" class=\"alignnone size-thumbnail wp-image-1683\" src=\"http:\/\/www.pro-vo.at\/wp-content\/uploads\/2017\/10\/04-150x150.jpg\" alt=\"\" width=\"150\" height=\"150\" \/><\/a><br \/>\n<a href=\"http:\/\/www.pro-vo.at\/wp-content\/uploads\/2017\/10\/05.jpg\" data-rel=\"lightbox-gallery-DyCDjYtc\" data-rl_title=\"05\" data-rl_caption=\"\" title=\"05\"><img loading=\"lazy\" decoding=\"async\" class=\"alignnone size-thumbnail wp-image-1684\" src=\"http:\/\/www.pro-vo.at\/wp-content\/uploads\/2017\/10\/05-150x150.jpg\" alt=\"\" width=\"150\" height=\"150\" \/><\/a> <a href=\"http:\/\/www.pro-vo.at\/wp-content\/uploads\/2017\/10\/06.jpg\" data-rel=\"lightbox-gallery-DyCDjYtc\" data-rl_title=\"06\" data-rl_caption=\"\" title=\"06\"><img loading=\"lazy\" decoding=\"async\" class=\"alignnone size-thumbnail wp-image-1685\" src=\"http:\/\/www.pro-vo.at\/wp-content\/uploads\/2017\/10\/06-150x150.jpg\" alt=\"\" width=\"150\" height=\"150\" \/><\/a> <a href=\"http:\/\/www.pro-vo.at\/wp-content\/uploads\/2017\/10\/07.jpg\" data-rel=\"lightbox-gallery-DyCDjYtc\" data-rl_title=\"07\" data-rl_caption=\"\" title=\"07\"><img loading=\"lazy\" decoding=\"async\" class=\"alignnone size-thumbnail wp-image-1686\" src=\"http:\/\/www.pro-vo.at\/wp-content\/uploads\/2017\/10\/07-150x150.jpg\" alt=\"\" width=\"150\" height=\"150\" \/><\/a> <a href=\"http:\/\/www.pro-vo.at\/wp-content\/uploads\/2017\/10\/08.jpg\" data-rel=\"lightbox-gallery-DyCDjYtc\" data-rl_title=\"08\" data-rl_caption=\"\" title=\"08\"><img loading=\"lazy\" decoding=\"async\" class=\"alignnone size-thumbnail wp-image-1687\" src=\"http:\/\/www.pro-vo.at\/wp-content\/uploads\/2017\/10\/08-150x150.jpg\" alt=\"\" width=\"150\" height=\"150\" \/><\/a><br \/>\n<a href=\"http:\/\/www.pro-vo.at\/wp-content\/uploads\/2017\/10\/09.jpg\" data-rel=\"lightbox-gallery-DyCDjYtc\" data-rl_title=\"09\" data-rl_caption=\"\" title=\"09\"><img loading=\"lazy\" decoding=\"async\" class=\"alignnone size-thumbnail wp-image-1688\" src=\"http:\/\/www.pro-vo.at\/wp-content\/uploads\/2017\/10\/09-150x150.jpg\" alt=\"\" width=\"150\" height=\"150\" \/><\/a> <a href=\"http:\/\/www.pro-vo.at\/wp-content\/uploads\/2017\/10\/10.jpg\" data-rel=\"lightbox-gallery-DyCDjYtc\" data-rl_title=\"10\" data-rl_caption=\"\" title=\"10\"><img loading=\"lazy\" decoding=\"async\" class=\"alignnone size-thumbnail wp-image-1689\" src=\"http:\/\/www.pro-vo.at\/wp-content\/uploads\/2017\/10\/10-150x150.jpg\" alt=\"\" width=\"150\" height=\"150\" \/><\/a> <a href=\"http:\/\/www.pro-vo.at\/wp-content\/uploads\/2017\/10\/11.jpg\" data-rel=\"lightbox-gallery-DyCDjYtc\" data-rl_title=\"11\" data-rl_caption=\"\" title=\"11\"><img loading=\"lazy\" decoding=\"async\" class=\"alignnone size-thumbnail wp-image-1690\" src=\"http:\/\/www.pro-vo.at\/wp-content\/uploads\/2017\/10\/11-150x150.jpg\" alt=\"\" width=\"150\" height=\"150\" \/><\/a> <a href=\"http:\/\/www.pro-vo.at\/wp-content\/uploads\/2017\/10\/12.jpg\" data-rel=\"lightbox-gallery-DyCDjYtc\" data-rl_title=\"12\" data-rl_caption=\"\" title=\"12\"><img loading=\"lazy\" decoding=\"async\" class=\"alignnone size-thumbnail wp-image-1691\" src=\"http:\/\/www.pro-vo.at\/wp-content\/uploads\/2017\/10\/12-150x150.jpg\" alt=\"\" width=\"150\" height=\"150\" \/><\/a><\/p>\n<p>Fotos: Harry Hammerer<\/p>\n<p>Elina<br \/>\nTwinkle, twickle little star<\/p>\n<p>Dalila<br \/>\nRinaldo Ringelwurm (A.Holzer-Rhomberg)<\/p>\n<p>Tariq<br \/>\nDas Fuchslied (Volkslied)<\/p>\n<p>Maya<br \/>\nPerpetual Motion (S.Suzuki)<\/p>\n<p>Sebastian<br \/>\nStamping Dance (Tschechisches Volkslied)<\/p>\n<p>Leonie<br \/>\nKonzert Nr.2 in A- Dur ( A.Komarowski)<\/p>\n<p>Marie-Theres<br \/>\nChinesischer Tanz&#8220; ( R.R. Wu)<\/p>\n<p>Emilie<br \/>\nMenuett Nr.3 (J.S.Bach)<\/p>\n<p>Felix<br \/>\nKonzert in G-Dur, Op.3\/3, 1 Satz : (A.Vivaldi)<br \/>\nArcolinis<\/p>\n<p>Eurovisionsmeldie<br \/>\nM.A.Charpenter, arr.E.Schmetterer<\/p>\n<p>Menuett (Solo: Sebastian)<br \/>\nJ.S.Bach, Arr. S.Suzuki; L.Egger-Charvat<\/p>\n<p>Kaiserhymne<br \/>\nJ.Haydn, Arr.E.Schmetterer<\/p>\n<p>Carmen-Habanera (Solo: Emilie)<br \/>\nG.Bizet, Arr.G.Buchner; K.Cerny<\/p>\n<p>Ungarischer Tanz Nr.5<br \/>\nJ.Brahms, Arr.K.Cerny; L.Egger-Charvat<\/p>\n<p>Ode an die Freude<br \/>\nL.Beethoven, Arr.L.Egger-Charvat<\/p>\n<p>&nbsp;<\/p>\n<p>Am Klavier<br \/>\nRuei-Ran Wu (als Gast)<\/p>\n<p><a href=\"http:\/\/www.pro-vo.at\/index.php\/chronik\/\">Zur\u00fcck zur Chronik<\/a><\/p>\n","protected":false},"excerpt":{"rendered":"<p>Vorspielabend Violine &nbsp; Es musizierten Sch\u00fclerinnen und Sch\u00fcler von Kaoru Asayama Mittwoch, 18. Juni 2014 16:30 Uhr gro\u00dfer Veranstaltungsraum pro-vo 1150 Wien, Huglgasse 24 Fotos: Harry Hammerer Elina Twinkle, twickle little star Dalila Rinaldo Ringelwurm (A.Holzer-Rhomberg) Tariq Das Fuchslied (Volkslied) Maya Perpetual Motion (S.Suzuki) Sebastian Stamping Dance (Tschechisches Volkslied) Leonie Konzert Nr.2 in A- Dur &#8230; <a title=\"Violinen 2014\" class=\"read-more\" href=\"https:\/\/www.pro-vo.at\/index.php\/chronik\/violinen-2014\/\" aria-label=\"Mehr Informationen \u00fcber Violinen 2014\">Weiterlesen<\/a><\/p>\n","protected":false},"author":1,"featured_media":0,"parent":28,"menu_order":0,"comment_status":"closed","ping_status":"closed","template":"","meta":{"footnotes":""},"class_list":["post-1679","page","type-page","status-publish"],"_links":{"self":[{"href":"https:\/\/www.pro-vo.at\/index.php\/wp-json\/wp\/v2\/pages\/1679","targetHints":{"allow":["GET"]}}],"collection":[{"href":"https:\/\/www.pro-vo.at\/index.php\/wp-json\/wp\/v2\/pages"}],"about":[{"href":"https:\/\/www.pro-vo.at\/index.php\/wp-json\/wp\/v2\/types\/page"}],"author":[{"embeddable":true,"href":"https:\/\/www.pro-vo.at\/index.php\/wp-json\/wp\/v2\/users\/1"}],"replies":[{"embeddable":true,"href":"https:\/\/www.pro-vo.at\/index.php\/wp-json\/wp\/v2\/comments?post=1679"}],"version-history":[{"count":1,"href":"https:\/\/www.pro-vo.at\/index.php\/wp-json\/wp\/v2\/pages\/1679\/revisions"}],"predecessor-version":[{"id":1692,"href":"https:\/\/www.pro-vo.at\/index.php\/wp-json\/wp\/v2\/pages\/1679\/revisions\/1692"}],"up":[{"embeddable":true,"href":"https:\/\/www.pro-vo.at\/index.php\/wp-json\/wp\/v2\/pages\/28"}],"wp:attachment":[{"href":"https:\/\/www.pro-vo.at\/index.php\/wp-json\/wp\/v2\/media?parent=1679"}],"curies":[{"name":"wp","href":"https:\/\/api.w.org\/{rel}","templated":true}]}}