{"id":1665,"date":"2017-10-26T07:15:52","date_gmt":"2017-10-26T07:15:52","guid":{"rendered":"http:\/\/www.pro-vo.at\/?page_id=1665"},"modified":"2017-10-26T07:27:21","modified_gmt":"2017-10-26T07:27:21","slug":"floeten-2014","status":"publish","type":"page","link":"https:\/\/www.pro-vo.at\/index.php\/chronik\/floeten-2014\/","title":{"rendered":"Fl\u00f6ten 2014"},"content":{"rendered":"<h1>Klassenabend Fl\u00f6ten<\/h1>\n<p>Freitag, 20. Juni 2014<br \/>\n17 Uhr<br \/>\ngro\u00dfer Veranstaltungsraum pro-vo<br \/>\n1150 Wien, Huglgasse 24<br \/>\nEs musizieren Sch\u00fclerinnen und Sch\u00fcler<br \/>\nvon Stefanie Minar<\/p>\n<p><a href=\"http:\/\/www.pro-vo.at\/wp-content\/uploads\/2017\/10\/001-2.jpg\" data-rel=\"lightbox-gallery-6OqJh2GG\" data-rl_title=\"001\" data-rl_caption=\"\" title=\"001\"><img loading=\"lazy\" decoding=\"async\" class=\"alignnone size-thumbnail wp-image-1666\" src=\"http:\/\/www.pro-vo.at\/wp-content\/uploads\/2017\/10\/001-2-150x150.jpg\" alt=\"\" width=\"150\" height=\"150\" \/><\/a> <a href=\"http:\/\/www.pro-vo.at\/wp-content\/uploads\/2017\/10\/002-2.jpg\" data-rel=\"lightbox-gallery-6OqJh2GG\" data-rl_title=\"002\" data-rl_caption=\"\" title=\"002\"><img loading=\"lazy\" decoding=\"async\" class=\"alignnone size-thumbnail wp-image-1667\" src=\"http:\/\/www.pro-vo.at\/wp-content\/uploads\/2017\/10\/002-2-150x150.jpg\" alt=\"\" width=\"150\" height=\"150\" \/><\/a> <a href=\"http:\/\/www.pro-vo.at\/wp-content\/uploads\/2017\/10\/003-2.jpg\" data-rel=\"lightbox-gallery-6OqJh2GG\" data-rl_title=\"003\" data-rl_caption=\"\" title=\"003\"><img loading=\"lazy\" decoding=\"async\" class=\"alignnone size-thumbnail wp-image-1668\" src=\"http:\/\/www.pro-vo.at\/wp-content\/uploads\/2017\/10\/003-2-150x150.jpg\" alt=\"\" width=\"150\" height=\"150\" \/><\/a><br \/>\n<a href=\"http:\/\/www.pro-vo.at\/wp-content\/uploads\/2017\/10\/004-2.jpg\" data-rel=\"lightbox-gallery-6OqJh2GG\" data-rl_title=\"004\" data-rl_caption=\"\" title=\"004\"><img loading=\"lazy\" decoding=\"async\" class=\"alignnone size-thumbnail wp-image-1669\" src=\"http:\/\/www.pro-vo.at\/wp-content\/uploads\/2017\/10\/004-2-150x150.jpg\" alt=\"\" width=\"150\" height=\"150\" \/><\/a> <a href=\"http:\/\/www.pro-vo.at\/wp-content\/uploads\/2017\/10\/005-2.jpg\" data-rel=\"lightbox-gallery-6OqJh2GG\" data-rl_title=\"005\" data-rl_caption=\"\" title=\"005\"><img loading=\"lazy\" decoding=\"async\" class=\"alignnone size-thumbnail wp-image-1670\" src=\"http:\/\/www.pro-vo.at\/wp-content\/uploads\/2017\/10\/005-2-150x150.jpg\" alt=\"\" width=\"150\" height=\"150\" \/><\/a> <a href=\"http:\/\/www.pro-vo.at\/wp-content\/uploads\/2017\/10\/006-2.jpg\" data-rel=\"lightbox-gallery-6OqJh2GG\" data-rl_title=\"006\" data-rl_caption=\"\" title=\"006\"><img loading=\"lazy\" decoding=\"async\" class=\"alignnone size-thumbnail wp-image-1671\" src=\"http:\/\/www.pro-vo.at\/wp-content\/uploads\/2017\/10\/006-2-150x150.jpg\" alt=\"\" width=\"150\" height=\"150\" \/><\/a><br \/>\n<a href=\"http:\/\/www.pro-vo.at\/wp-content\/uploads\/2017\/10\/007-2.jpg\" data-rel=\"lightbox-gallery-6OqJh2GG\" data-rl_title=\"007\" data-rl_caption=\"\" title=\"007\"><img loading=\"lazy\" decoding=\"async\" class=\"alignnone size-thumbnail wp-image-1672\" src=\"http:\/\/www.pro-vo.at\/wp-content\/uploads\/2017\/10\/007-2-150x150.jpg\" alt=\"\" width=\"150\" height=\"150\" \/><\/a> <a href=\"http:\/\/www.pro-vo.at\/wp-content\/uploads\/2017\/10\/008-2.jpg\" data-rel=\"lightbox-gallery-6OqJh2GG\" data-rl_title=\"008\" data-rl_caption=\"\" title=\"008\"><img loading=\"lazy\" decoding=\"async\" class=\"alignnone size-thumbnail wp-image-1673\" src=\"http:\/\/www.pro-vo.at\/wp-content\/uploads\/2017\/10\/008-2-150x150.jpg\" alt=\"\" width=\"150\" height=\"150\" \/><\/a> <a href=\"http:\/\/www.pro-vo.at\/wp-content\/uploads\/2017\/10\/009-2.jpg\" data-rel=\"lightbox-gallery-6OqJh2GG\" data-rl_title=\"009\" data-rl_caption=\"\" title=\"009\"><img loading=\"lazy\" decoding=\"async\" class=\"alignnone size-thumbnail wp-image-1674\" src=\"http:\/\/www.pro-vo.at\/wp-content\/uploads\/2017\/10\/009-2-150x150.jpg\" alt=\"\" width=\"150\" height=\"150\" \/><\/a><br \/>\n<a href=\"http:\/\/www.pro-vo.at\/wp-content\/uploads\/2017\/10\/010-2.jpg\" data-rel=\"lightbox-gallery-6OqJh2GG\" data-rl_title=\"010\" data-rl_caption=\"\" title=\"010\"><img loading=\"lazy\" decoding=\"async\" class=\"alignnone size-thumbnail wp-image-1675\" src=\"http:\/\/www.pro-vo.at\/wp-content\/uploads\/2017\/10\/010-2-150x150.jpg\" alt=\"\" width=\"150\" height=\"150\" \/><\/a> <a href=\"http:\/\/www.pro-vo.at\/wp-content\/uploads\/2017\/10\/011-2.jpg\" data-rel=\"lightbox-gallery-6OqJh2GG\" data-rl_title=\"011\" data-rl_caption=\"\" title=\"011\"><img loading=\"lazy\" decoding=\"async\" class=\"alignnone size-thumbnail wp-image-1676\" src=\"http:\/\/www.pro-vo.at\/wp-content\/uploads\/2017\/10\/011-2-150x150.jpg\" alt=\"\" width=\"150\" height=\"150\" \/><\/a><\/p>\n<p>Fotos: Harry Hammerer<\/p>\n<p>&nbsp;<\/p>\n<p>&nbsp;<\/p>\n<p>Kuckuck (Kinderlied)<br \/>\nEva-Marie<br \/>\nSopranblockfl\u00f6te<\/p>\n<p>Chinesisches Lied<br \/>\nOlivia &amp; Ronja-Marie<br \/>\nSopranblockfl\u00f6ten<\/p>\n<p>Ich bin ein Musikante (Kinderlied)<br \/>\nMiriam<br \/>\nSopranblockfl\u00f6te<\/p>\n<p>Es tanzt ein Bi-Ba-Butzemann (Kinderlied)<br \/>\nRonja-Marie<br \/>\nSopranblockfl\u00f6te<\/p>\n<p>Vivace (J. Haydn) &amp; Menuett (J. Krieger)<br \/>\nLinnea &amp; Edlyn<br \/>\nSopranblockfl\u00f6ten<\/p>\n<p>Sonate g-Moll, Larghetto &amp; Presto (G. F. H\u00e4ndel)<br \/>\nMercedes<br \/>\nAltblockfl\u00f6te<br \/>\nSeverin Chen, Klavier<\/p>\n<p>Sonate F-Dur, Largo &amp; Dolce (G. P. Telemann)<br \/>\nMercedes &amp; Nina<br \/>\nAltblockfl\u00f6ten<\/p>\n<p><a href=\"http:\/\/www.pro-vo.at\/index.php\/chronik\/\">Zur\u00fcck zur Chronik<\/a><\/p>\n","protected":false},"excerpt":{"rendered":"<p>Klassenabend Fl\u00f6ten Freitag, 20. Juni 2014 17 Uhr gro\u00dfer Veranstaltungsraum pro-vo 1150 Wien, Huglgasse 24 Es musizieren Sch\u00fclerinnen und Sch\u00fcler von Stefanie Minar Fotos: Harry Hammerer &nbsp; &nbsp; Kuckuck (Kinderlied) Eva-Marie Sopranblockfl\u00f6te Chinesisches Lied Olivia &amp; Ronja-Marie Sopranblockfl\u00f6ten Ich bin ein Musikante (Kinderlied) Miriam Sopranblockfl\u00f6te Es tanzt ein Bi-Ba-Butzemann (Kinderlied) Ronja-Marie Sopranblockfl\u00f6te Vivace (J. Haydn) &#8230; <a title=\"Fl\u00f6ten 2014\" class=\"read-more\" href=\"https:\/\/www.pro-vo.at\/index.php\/chronik\/floeten-2014\/\" aria-label=\"Mehr Informationen \u00fcber Fl\u00f6ten 2014\">Weiterlesen<\/a><\/p>\n","protected":false},"author":1,"featured_media":0,"parent":28,"menu_order":0,"comment_status":"closed","ping_status":"closed","template":"","meta":{"footnotes":""},"class_list":["post-1665","page","type-page","status-publish"],"_links":{"self":[{"href":"https:\/\/www.pro-vo.at\/index.php\/wp-json\/wp\/v2\/pages\/1665","targetHints":{"allow":["GET"]}}],"collection":[{"href":"https:\/\/www.pro-vo.at\/index.php\/wp-json\/wp\/v2\/pages"}],"about":[{"href":"https:\/\/www.pro-vo.at\/index.php\/wp-json\/wp\/v2\/types\/page"}],"author":[{"embeddable":true,"href":"https:\/\/www.pro-vo.at\/index.php\/wp-json\/wp\/v2\/users\/1"}],"replies":[{"embeddable":true,"href":"https:\/\/www.pro-vo.at\/index.php\/wp-json\/wp\/v2\/comments?post=1665"}],"version-history":[{"count":1,"href":"https:\/\/www.pro-vo.at\/index.php\/wp-json\/wp\/v2\/pages\/1665\/revisions"}],"predecessor-version":[{"id":1677,"href":"https:\/\/www.pro-vo.at\/index.php\/wp-json\/wp\/v2\/pages\/1665\/revisions\/1677"}],"up":[{"embeddable":true,"href":"https:\/\/www.pro-vo.at\/index.php\/wp-json\/wp\/v2\/pages\/28"}],"wp:attachment":[{"href":"https:\/\/www.pro-vo.at\/index.php\/wp-json\/wp\/v2\/media?parent=1665"}],"curies":[{"name":"wp","href":"https:\/\/api.w.org\/{rel}","templated":true}]}}