{"id":1605,"date":"2017-10-25T12:58:31","date_gmt":"2017-10-25T12:58:31","guid":{"rendered":"http:\/\/www.pro-vo.at\/?page_id=1605"},"modified":"2017-10-26T06:59:28","modified_gmt":"2017-10-26T06:59:28","slug":"gitarrenabend-2015","status":"publish","type":"page","link":"https:\/\/www.pro-vo.at\/index.php\/chronik\/gitarrenabend-2015\/","title":{"rendered":"Gitarrenabend 2015"},"content":{"rendered":"<h1>Gitarrenabend<\/h1>\n<p>Es spielen Sch\u00fcler von<br \/>\nGonzalo Manrique<br \/>\nMartin Sch\u00f6nlieb<\/p>\n<p>&nbsp;<\/p>\n<p>Montag, 26. J\u00e4nner 2015<br \/>\n18 Uhr<br \/>\ngro\u00dfer Veranstaltungsraum<\/p>\n<p><a href=\"http:\/\/www.pro-vo.at\/wp-content\/uploads\/2017\/10\/git01.jpg\" data-rel=\"lightbox-gallery-UDPPZc08\" data-rl_title=\"git01\" data-rl_caption=\"\" title=\"git01\"><img loading=\"lazy\" decoding=\"async\" class=\"alignnone size-thumbnail wp-image-1606\" src=\"http:\/\/www.pro-vo.at\/wp-content\/uploads\/2017\/10\/git01-150x150.jpg\" alt=\"\" width=\"150\" height=\"150\" \/><\/a> <a href=\"http:\/\/www.pro-vo.at\/wp-content\/uploads\/2017\/10\/git02.jpg\" data-rel=\"lightbox-gallery-UDPPZc08\" data-rl_title=\"git02\" data-rl_caption=\"\" title=\"git02\"><img loading=\"lazy\" decoding=\"async\" class=\"alignnone size-thumbnail wp-image-1607\" src=\"http:\/\/www.pro-vo.at\/wp-content\/uploads\/2017\/10\/git02-150x150.jpg\" alt=\"\" width=\"150\" height=\"150\" \/><\/a> <a href=\"http:\/\/www.pro-vo.at\/wp-content\/uploads\/2017\/10\/git03.jpg\" data-rel=\"lightbox-gallery-UDPPZc08\" data-rl_title=\"git03\" data-rl_caption=\"\" title=\"git03\"><img loading=\"lazy\" decoding=\"async\" class=\"alignnone size-thumbnail wp-image-1608\" src=\"http:\/\/www.pro-vo.at\/wp-content\/uploads\/2017\/10\/git03-150x150.jpg\" alt=\"\" width=\"150\" height=\"150\" \/><\/a> <a href=\"http:\/\/www.pro-vo.at\/wp-content\/uploads\/2017\/10\/git04.jpg\" data-rel=\"lightbox-gallery-UDPPZc08\" data-rl_title=\"git04\" data-rl_caption=\"\" title=\"git04\"><img loading=\"lazy\" decoding=\"async\" class=\"alignnone size-thumbnail wp-image-1609\" src=\"http:\/\/www.pro-vo.at\/wp-content\/uploads\/2017\/10\/git04-150x150.jpg\" alt=\"\" width=\"150\" height=\"150\" \/><\/a><br \/>\n<a href=\"http:\/\/www.pro-vo.at\/wp-content\/uploads\/2017\/10\/git05.jpg\" data-rel=\"lightbox-gallery-UDPPZc08\" data-rl_title=\"git05\" data-rl_caption=\"\" title=\"git05\"><img loading=\"lazy\" decoding=\"async\" class=\"alignnone size-thumbnail wp-image-1610\" src=\"http:\/\/www.pro-vo.at\/wp-content\/uploads\/2017\/10\/git05-150x150.jpg\" alt=\"\" width=\"150\" height=\"150\" \/><\/a> <a href=\"http:\/\/www.pro-vo.at\/wp-content\/uploads\/2017\/10\/git06.jpg\" data-rel=\"lightbox-gallery-UDPPZc08\" data-rl_title=\"git06\" data-rl_caption=\"\" title=\"git06\"><img loading=\"lazy\" decoding=\"async\" class=\"alignnone size-thumbnail wp-image-1611\" src=\"http:\/\/www.pro-vo.at\/wp-content\/uploads\/2017\/10\/git06-150x150.jpg\" alt=\"\" width=\"150\" height=\"150\" \/><\/a> <a href=\"http:\/\/www.pro-vo.at\/wp-content\/uploads\/2017\/10\/git07.jpg\" data-rel=\"lightbox-gallery-UDPPZc08\" data-rl_title=\"git07\" data-rl_caption=\"\" title=\"git07\"><img loading=\"lazy\" decoding=\"async\" class=\"alignnone size-thumbnail wp-image-1612\" src=\"http:\/\/www.pro-vo.at\/wp-content\/uploads\/2017\/10\/git07-150x150.jpg\" alt=\"\" width=\"150\" height=\"150\" \/><\/a> <a href=\"http:\/\/www.pro-vo.at\/wp-content\/uploads\/2017\/10\/git08.jpg\" data-rel=\"lightbox-gallery-UDPPZc08\" data-rl_title=\"git08\" data-rl_caption=\"\" title=\"git08\"><img loading=\"lazy\" decoding=\"async\" class=\"alignnone size-thumbnail wp-image-1613\" src=\"http:\/\/www.pro-vo.at\/wp-content\/uploads\/2017\/10\/git08-150x150.jpg\" alt=\"\" width=\"150\" height=\"150\" \/><\/a><\/p>\n<p>Can\u00a0 \u2013 Gitarre<br \/>\nKol-do-di (Trad., Arr.: J.Kindle)<\/p>\n<p>Philip*\u00a0 &#8211; E-Gitarre<br \/>\nDad, my note is dead! (Peter Autschbach)<\/p>\n<p>Barbara &#8211; Gitarre, Gesang<br \/>\nMax\u00a0 &#8211; Gitarre, Gesang<br \/>\nEcho (Valentin Hausmann)<br \/>\nBlackbird (Paul McCartney)<\/p>\n<p>Lorenz &#8211; E-Gitarre<br \/>\nWarriors (Imagine Dragons)<\/p>\n<p>Elias* &#8211; Gitarre<br \/>\nEt\u00fcde in h-moll, op. 35 Nr. 22 (Fernando Sor)<br \/>\nBolero (Bartolom\u00e9 Calatayud)<\/p>\n<p>Felix * &#8211; E-Gitarre<br \/>\nNothing else matters (Hetfield\/Ulrich)<\/p>\n<p>Klasse Martin Sch\u00f6nlieb<br \/>\nKlasse Gonzalo Manrique*<\/p>\n<p><a href=\"http:\/\/www.pro-vo.at\/index.php\/chronik\/\">Zur\u00fcck zur Chronik<\/a><\/p>\n","protected":false},"excerpt":{"rendered":"<p>Gitarrenabend Es spielen Sch\u00fcler von Gonzalo Manrique Martin Sch\u00f6nlieb &nbsp; Montag, 26. J\u00e4nner 2015 18 Uhr gro\u00dfer Veranstaltungsraum Can\u00a0 \u2013 Gitarre Kol-do-di (Trad., Arr.: J.Kindle) Philip*\u00a0 &#8211; E-Gitarre Dad, my note is dead! (Peter Autschbach) Barbara &#8211; Gitarre, Gesang Max\u00a0 &#8211; Gitarre, Gesang Echo (Valentin Hausmann) Blackbird (Paul McCartney) Lorenz &#8211; E-Gitarre Warriors (Imagine Dragons) &#8230; <a title=\"Gitarrenabend 2015\" class=\"read-more\" href=\"https:\/\/www.pro-vo.at\/index.php\/chronik\/gitarrenabend-2015\/\" aria-label=\"Mehr Informationen \u00fcber Gitarrenabend 2015\">Weiterlesen<\/a><\/p>\n","protected":false},"author":1,"featured_media":0,"parent":28,"menu_order":0,"comment_status":"closed","ping_status":"closed","template":"","meta":{"footnotes":""},"class_list":["post-1605","page","type-page","status-publish"],"_links":{"self":[{"href":"https:\/\/www.pro-vo.at\/index.php\/wp-json\/wp\/v2\/pages\/1605","targetHints":{"allow":["GET"]}}],"collection":[{"href":"https:\/\/www.pro-vo.at\/index.php\/wp-json\/wp\/v2\/pages"}],"about":[{"href":"https:\/\/www.pro-vo.at\/index.php\/wp-json\/wp\/v2\/types\/page"}],"author":[{"embeddable":true,"href":"https:\/\/www.pro-vo.at\/index.php\/wp-json\/wp\/v2\/users\/1"}],"replies":[{"embeddable":true,"href":"https:\/\/www.pro-vo.at\/index.php\/wp-json\/wp\/v2\/comments?post=1605"}],"version-history":[{"count":2,"href":"https:\/\/www.pro-vo.at\/index.php\/wp-json\/wp\/v2\/pages\/1605\/revisions"}],"predecessor-version":[{"id":1638,"href":"https:\/\/www.pro-vo.at\/index.php\/wp-json\/wp\/v2\/pages\/1605\/revisions\/1638"}],"up":[{"embeddable":true,"href":"https:\/\/www.pro-vo.at\/index.php\/wp-json\/wp\/v2\/pages\/28"}],"wp:attachment":[{"href":"https:\/\/www.pro-vo.at\/index.php\/wp-json\/wp\/v2\/media?parent=1605"}],"curies":[{"name":"wp","href":"https:\/\/api.w.org\/{rel}","templated":true}]}}