{"id":1562,"date":"2017-10-16T07:06:51","date_gmt":"2017-10-16T07:06:51","guid":{"rendered":"http:\/\/www.pro-vo.at\/?page_id=1562"},"modified":"2017-10-16T07:06:51","modified_gmt":"2017-10-16T07:06:51","slug":"matinee","status":"publish","type":"page","link":"https:\/\/www.pro-vo.at\/index.php\/chronik\/matinee\/","title":{"rendered":"Matinee"},"content":{"rendered":"<h1>Matinee Violine und Klavier<\/h1>\n<p>Freitag, 21. Februar 2014<br \/>\n18:30 Uhr<br \/>\ngro\u00dfer Veranstaltungsraum<br \/>\npro-vo<\/p>\n<p>Es musizieren Sch\u00fclerinnen und Sch\u00fcler von<br \/>\nSeverin Chen (Klavier)<br \/>\nund<br \/>\nKaoru Asayama (Violine)<\/p>\n<p><a href=\"http:\/\/www.pro-vo.at\/wp-content\/uploads\/2017\/10\/V01.jpg\" data-rel=\"lightbox-gallery-j6XKZBS8\" data-rl_title=\"V01\" data-rl_caption=\"\" title=\"V01\"><img loading=\"lazy\" decoding=\"async\" class=\"alignnone size-thumbnail wp-image-1563\" src=\"http:\/\/www.pro-vo.at\/wp-content\/uploads\/2017\/10\/V01-150x150.jpg\" alt=\"\" width=\"150\" height=\"150\" \/><\/a> <a href=\"http:\/\/www.pro-vo.at\/wp-content\/uploads\/2017\/10\/V02.jpg\" data-rel=\"lightbox-gallery-j6XKZBS8\" data-rl_title=\"V02\" data-rl_caption=\"\" title=\"V02\"><img loading=\"lazy\" decoding=\"async\" class=\"alignnone size-thumbnail wp-image-1564\" src=\"http:\/\/www.pro-vo.at\/wp-content\/uploads\/2017\/10\/V02-150x150.jpg\" alt=\"\" width=\"150\" height=\"150\" \/><\/a> <a href=\"http:\/\/www.pro-vo.at\/wp-content\/uploads\/2017\/10\/V03.jpg\" data-rel=\"lightbox-gallery-j6XKZBS8\" data-rl_title=\"V03\" data-rl_caption=\"\" title=\"V03\"><img loading=\"lazy\" decoding=\"async\" class=\"alignnone size-thumbnail wp-image-1565\" src=\"http:\/\/www.pro-vo.at\/wp-content\/uploads\/2017\/10\/V03-150x150.jpg\" alt=\"\" width=\"150\" height=\"150\" \/><\/a> <a href=\"http:\/\/www.pro-vo.at\/wp-content\/uploads\/2017\/10\/V04.jpg\" data-rel=\"lightbox-gallery-j6XKZBS8\" data-rl_title=\"V04\" data-rl_caption=\"\" title=\"V04\"><img loading=\"lazy\" decoding=\"async\" class=\"alignnone size-thumbnail wp-image-1566\" src=\"http:\/\/www.pro-vo.at\/wp-content\/uploads\/2017\/10\/V04-150x150.jpg\" alt=\"\" width=\"150\" height=\"150\" \/><\/a> <a href=\"http:\/\/www.pro-vo.at\/wp-content\/uploads\/2017\/10\/V05.jpg\" data-rel=\"lightbox-gallery-j6XKZBS8\" data-rl_title=\"V05\" data-rl_caption=\"\" title=\"V05\"><img loading=\"lazy\" decoding=\"async\" class=\"alignnone size-thumbnail wp-image-1567\" src=\"http:\/\/www.pro-vo.at\/wp-content\/uploads\/2017\/10\/V05-150x150.jpg\" alt=\"\" width=\"150\" height=\"150\" \/><\/a> <a href=\"http:\/\/www.pro-vo.at\/wp-content\/uploads\/2017\/10\/V06.jpg\" data-rel=\"lightbox-gallery-j6XKZBS8\" data-rl_title=\"V06\" data-rl_caption=\"\" title=\"V06\"><img loading=\"lazy\" decoding=\"async\" class=\"alignnone size-thumbnail wp-image-1568\" src=\"http:\/\/www.pro-vo.at\/wp-content\/uploads\/2017\/10\/V06-150x150.jpg\" alt=\"\" width=\"150\" height=\"150\" \/><\/a> <a href=\"http:\/\/www.pro-vo.at\/wp-content\/uploads\/2017\/10\/V07.jpg\" data-rel=\"lightbox-gallery-j6XKZBS8\" data-rl_title=\"V07\" data-rl_caption=\"\" title=\"V07\"><img loading=\"lazy\" decoding=\"async\" class=\"alignnone size-thumbnail wp-image-1569\" src=\"http:\/\/www.pro-vo.at\/wp-content\/uploads\/2017\/10\/V07-150x150.jpg\" alt=\"\" width=\"150\" height=\"150\" \/><\/a> <a href=\"http:\/\/www.pro-vo.at\/wp-content\/uploads\/2017\/10\/V08.jpg\" data-rel=\"lightbox-gallery-j6XKZBS8\" data-rl_title=\"V08\" data-rl_caption=\"\" title=\"V08\"><img loading=\"lazy\" decoding=\"async\" class=\"alignnone size-thumbnail wp-image-1570\" src=\"http:\/\/www.pro-vo.at\/wp-content\/uploads\/2017\/10\/V08-150x150.jpg\" alt=\"\" width=\"150\" height=\"150\" \/><\/a> <a href=\"http:\/\/www.pro-vo.at\/wp-content\/uploads\/2017\/10\/V09.jpg\" data-rel=\"lightbox-gallery-j6XKZBS8\" data-rl_title=\"V09\" data-rl_caption=\"\" title=\"V09\"><img loading=\"lazy\" decoding=\"async\" class=\"alignnone size-thumbnail wp-image-1571\" src=\"http:\/\/www.pro-vo.at\/wp-content\/uploads\/2017\/10\/V09-150x150.jpg\" alt=\"\" width=\"150\" height=\"150\" \/><\/a> <a href=\"http:\/\/www.pro-vo.at\/wp-content\/uploads\/2017\/10\/V10.jpg\" data-rel=\"lightbox-gallery-j6XKZBS8\" data-rl_title=\"V10\" data-rl_caption=\"\" title=\"V10\"><img loading=\"lazy\" decoding=\"async\" class=\"alignnone size-thumbnail wp-image-1572\" src=\"http:\/\/www.pro-vo.at\/wp-content\/uploads\/2017\/10\/V10-150x150.jpg\" alt=\"\" width=\"150\" height=\"150\" \/><\/a> <a href=\"http:\/\/www.pro-vo.at\/wp-content\/uploads\/2017\/10\/V11.jpg\" data-rel=\"lightbox-gallery-j6XKZBS8\" data-rl_title=\"V11\" data-rl_caption=\"\" title=\"V11\"><img loading=\"lazy\" decoding=\"async\" class=\"alignnone size-thumbnail wp-image-1573\" src=\"http:\/\/www.pro-vo.at\/wp-content\/uploads\/2017\/10\/V11-150x150.jpg\" alt=\"\" width=\"150\" height=\"150\" \/><\/a> <a href=\"http:\/\/www.pro-vo.at\/wp-content\/uploads\/2017\/10\/V12.jpg\" data-rel=\"lightbox-gallery-j6XKZBS8\" data-rl_title=\"V12\" data-rl_caption=\"\" title=\"V12\"><img loading=\"lazy\" decoding=\"async\" class=\"alignnone size-thumbnail wp-image-1574\" src=\"http:\/\/www.pro-vo.at\/wp-content\/uploads\/2017\/10\/V12-150x150.jpg\" alt=\"\" width=\"150\" height=\"150\" \/><\/a> <a href=\"http:\/\/www.pro-vo.at\/wp-content\/uploads\/2017\/10\/V13.jpg\" data-rel=\"lightbox-gallery-j6XKZBS8\" data-rl_title=\"V13\" data-rl_caption=\"\" title=\"V13\"><img loading=\"lazy\" decoding=\"async\" class=\"alignnone size-thumbnail wp-image-1575\" src=\"http:\/\/www.pro-vo.at\/wp-content\/uploads\/2017\/10\/V13-150x150.jpg\" alt=\"\" width=\"150\" height=\"150\" \/><\/a> <a href=\"http:\/\/www.pro-vo.at\/wp-content\/uploads\/2017\/10\/V14.jpg\" data-rel=\"lightbox-gallery-j6XKZBS8\" data-rl_title=\"V14\" data-rl_caption=\"\" title=\"V14\"><img loading=\"lazy\" decoding=\"async\" class=\"alignnone size-thumbnail wp-image-1576\" src=\"http:\/\/www.pro-vo.at\/wp-content\/uploads\/2017\/10\/V14-150x150.jpg\" alt=\"\" width=\"150\" height=\"150\" \/><\/a> <a href=\"http:\/\/www.pro-vo.at\/wp-content\/uploads\/2017\/10\/V15.jpg\" data-rel=\"lightbox-gallery-j6XKZBS8\" data-rl_title=\"V15\" data-rl_caption=\"\" title=\"V15\"><img loading=\"lazy\" decoding=\"async\" class=\"alignnone size-thumbnail wp-image-1577\" src=\"http:\/\/www.pro-vo.at\/wp-content\/uploads\/2017\/10\/V15-150x150.jpg\" alt=\"\" width=\"150\" height=\"150\" \/><\/a> <a href=\"http:\/\/www.pro-vo.at\/wp-content\/uploads\/2017\/10\/V16.jpg\" data-rel=\"lightbox-gallery-j6XKZBS8\" data-rl_title=\"V16\" data-rl_caption=\"\" title=\"V16\"><img loading=\"lazy\" decoding=\"async\" class=\"alignnone size-thumbnail wp-image-1578\" src=\"http:\/\/www.pro-vo.at\/wp-content\/uploads\/2017\/10\/V16-150x150.jpg\" alt=\"\" width=\"150\" height=\"150\" \/><\/a> <a href=\"http:\/\/www.pro-vo.at\/wp-content\/uploads\/2017\/10\/V17.jpg\" data-rel=\"lightbox-gallery-j6XKZBS8\" data-rl_title=\"V17\" data-rl_caption=\"\" title=\"V17\"><img loading=\"lazy\" decoding=\"async\" class=\"alignnone size-thumbnail wp-image-1579\" src=\"http:\/\/www.pro-vo.at\/wp-content\/uploads\/2017\/10\/V17-150x150.jpg\" alt=\"\" width=\"150\" height=\"150\" \/><\/a> <a href=\"http:\/\/www.pro-vo.at\/wp-content\/uploads\/2017\/10\/V18.jpg\" data-rel=\"lightbox-gallery-j6XKZBS8\" data-rl_title=\"V18\" data-rl_caption=\"\" title=\"V18\"><img loading=\"lazy\" decoding=\"async\" class=\"alignnone size-thumbnail wp-image-1580\" src=\"http:\/\/www.pro-vo.at\/wp-content\/uploads\/2017\/10\/V18-150x150.jpg\" alt=\"\" width=\"150\" height=\"150\" \/><\/a> <a href=\"http:\/\/www.pro-vo.at\/wp-content\/uploads\/2017\/10\/V19.jpg\" data-rel=\"lightbox-gallery-j6XKZBS8\" data-rl_title=\"V19\" data-rl_caption=\"\" title=\"V19\"><img loading=\"lazy\" decoding=\"async\" class=\"alignnone size-thumbnail wp-image-1581\" src=\"http:\/\/www.pro-vo.at\/wp-content\/uploads\/2017\/10\/V19-150x150.jpg\" alt=\"\" width=\"150\" height=\"150\" \/><\/a> <a href=\"http:\/\/www.pro-vo.at\/wp-content\/uploads\/2017\/10\/V20.jpg\" data-rel=\"lightbox-gallery-j6XKZBS8\" data-rl_title=\"V20\" data-rl_caption=\"\" title=\"V20\"><img loading=\"lazy\" decoding=\"async\" class=\"alignnone size-thumbnail wp-image-1582\" src=\"http:\/\/www.pro-vo.at\/wp-content\/uploads\/2017\/10\/V20-150x150.jpg\" alt=\"\" width=\"150\" height=\"150\" \/><\/a> <a href=\"http:\/\/www.pro-vo.at\/wp-content\/uploads\/2017\/10\/V21.jpg\" data-rel=\"lightbox-gallery-j6XKZBS8\" data-rl_title=\"V21\" data-rl_caption=\"\" title=\"V21\"><img loading=\"lazy\" decoding=\"async\" class=\"alignnone size-thumbnail wp-image-1583\" src=\"http:\/\/www.pro-vo.at\/wp-content\/uploads\/2017\/10\/V21-150x150.jpg\" alt=\"\" width=\"150\" height=\"150\" \/><\/a> <a href=\"http:\/\/www.pro-vo.at\/wp-content\/uploads\/2017\/10\/V22.jpg\" data-rel=\"lightbox-gallery-j6XKZBS8\" data-rl_title=\"V22\" data-rl_caption=\"\" title=\"V22\"><img loading=\"lazy\" decoding=\"async\" class=\"alignnone size-thumbnail wp-image-1584\" src=\"http:\/\/www.pro-vo.at\/wp-content\/uploads\/2017\/10\/V22-150x150.jpg\" alt=\"\" width=\"150\" height=\"150\" \/><\/a> <a href=\"http:\/\/www.pro-vo.at\/wp-content\/uploads\/2017\/10\/V23.jpg\" data-rel=\"lightbox-gallery-j6XKZBS8\" data-rl_title=\"V23\" data-rl_caption=\"\" title=\"V23\"><img loading=\"lazy\" decoding=\"async\" class=\"alignnone size-thumbnail wp-image-1585\" src=\"http:\/\/www.pro-vo.at\/wp-content\/uploads\/2017\/10\/V23-150x150.jpg\" alt=\"\" width=\"150\" height=\"150\" \/><\/a> <a href=\"http:\/\/www.pro-vo.at\/wp-content\/uploads\/2017\/10\/V24.jpg\" data-rel=\"lightbox-gallery-j6XKZBS8\" data-rl_title=\"V24\" data-rl_caption=\"\" title=\"V24\"><img loading=\"lazy\" decoding=\"async\" class=\"alignnone size-thumbnail wp-image-1586\" src=\"http:\/\/www.pro-vo.at\/wp-content\/uploads\/2017\/10\/V24-150x150.jpg\" alt=\"\" width=\"150\" height=\"150\" \/><\/a> <a href=\"http:\/\/www.pro-vo.at\/wp-content\/uploads\/2017\/10\/V25.jpg\" data-rel=\"lightbox-gallery-j6XKZBS8\" data-rl_title=\"V25\" data-rl_caption=\"\" title=\"V25\"><img loading=\"lazy\" decoding=\"async\" class=\"alignnone size-thumbnail wp-image-1587\" src=\"http:\/\/www.pro-vo.at\/wp-content\/uploads\/2017\/10\/V25-150x150.jpg\" alt=\"\" width=\"150\" height=\"150\" \/><\/a> <a href=\"http:\/\/www.pro-vo.at\/wp-content\/uploads\/2017\/10\/V26.jpg\" data-rel=\"lightbox-gallery-j6XKZBS8\" data-rl_title=\"V26\" data-rl_caption=\"\" title=\"V26\"><img loading=\"lazy\" decoding=\"async\" class=\"alignnone size-thumbnail wp-image-1588\" src=\"http:\/\/www.pro-vo.at\/wp-content\/uploads\/2017\/10\/V26-150x150.jpg\" alt=\"\" width=\"150\" height=\"150\" \/><\/a> <a href=\"http:\/\/www.pro-vo.at\/wp-content\/uploads\/2017\/10\/V27.jpg\" data-rel=\"lightbox-gallery-j6XKZBS8\" data-rl_title=\"V27\" data-rl_caption=\"\" title=\"V27\"><img loading=\"lazy\" decoding=\"async\" class=\"alignnone size-thumbnail wp-image-1589\" src=\"http:\/\/www.pro-vo.at\/wp-content\/uploads\/2017\/10\/V27-150x150.jpg\" alt=\"\" width=\"150\" height=\"150\" \/><\/a> <a href=\"http:\/\/www.pro-vo.at\/wp-content\/uploads\/2017\/10\/V28.jpg\" data-rel=\"lightbox-gallery-j6XKZBS8\" data-rl_title=\"V28\" data-rl_caption=\"\" title=\"V28\"><img loading=\"lazy\" decoding=\"async\" class=\"alignnone size-thumbnail wp-image-1590\" src=\"http:\/\/www.pro-vo.at\/wp-content\/uploads\/2017\/10\/V28-150x150.jpg\" alt=\"\" width=\"150\" height=\"150\" \/><\/a><\/p>\n<p>Fotos:<br \/>\nHarry Hammerer<\/p>\n<p>Mirjam<br \/>\nRegentropfen Blitz, Blitz \u00a0 \u00a0 \u00a0 \u00a0 \u00a0 \u00a0 \u00a0 \u00a0 \u00a0 \u00a0 \u00a0 Kerstin Wartberg<\/p>\n<p>Nele<br \/>\nLuisa<br \/>\nSophia \u00a0 \u00a0 \u00a0\u00a0 Twinkle Twinkle Little Star\u00a0 Volkslied<\/p>\n<p>Pavlina<br \/>\nErik \u00a0 Old MacDonald\u00a0 Volkslied<\/p>\n<p>Elina<br \/>\nGustav\u00a0 Die Katze\u00a0 Joschi Kr\u00fcger<\/p>\n<p>Gustav\u00a0 Piratenlied\u00a0 Aniko Dabron<br \/>\nKlavier: Severin Chen<\/p>\n<p>Dalila\u00a0 Marsch\u00a0 Dmitri Schostakowitsch<br \/>\nKlavier: Severin Chen<\/p>\n<p>Keisha<br \/>\nGideon B\u00e4renfamilie\u00a0 Elisabeth Lotterst\u00e4tter<\/p>\n<p>Gideon\u00a0 In the desert\u00a0 Pauline Hall<\/p>\n<p>Maya \u00a0 Rondo\u00a0 Elisabeth Lotterst\u00e4tter<br \/>\nQuerfl\u00f6te: Yukari Hagino<br \/>\nKlavier: Severin Chen<\/p>\n<p>Melda\u00a0 Monkey Jazz\u00a0 Mike Schoenmehl<br \/>\nSonnymoon for two \u00a0 \u00a0 Sonny Rollins<br \/>\nQuerfl\u00f6te: Yukari Hagino<\/p>\n<p>Abby\u00a0 Aufforderung zum Tanz \u00a0 \u00a0 C.M. Weber<br \/>\nBella Bimba\u00a0 Volkslied<br \/>\nKlavier: Severin Chen<\/p>\n<p>Adrian\u00a0 F\u00fcr Elise Ludwig v. Beethoven<\/p>\n<p>Paulina\u00a0 Menuet,\u00a0 BWV Anhang 114 \u00a0 \u00a0 \u00a0 Christian Petzold<\/p>\n<p>Paulina<br \/>\nLeonie\u00a0 Souvenir de tristesse\u00a0 Mikhail Antsev<\/p>\n<p>Ruben\u00a0 Mr. PC\u00a0 John Coltrane<br \/>\nVioline: Kaoru Asayama<br \/>\nHappy Ending\u00a0 Mika<\/p>\n<p>Kira\u00a0 Pr\u00e4ludium, BWV 999\u00a0 Johann S. Bach<br \/>\nLazy Cat Blues\u00a0 James Rae<br \/>\nVioline: Kaoru Asayama<\/p>\n<p>Attila (Gast)<br \/>\nKuan-Wei (Gast)<br \/>\nNr.26 Spottlied, von 44 Duos f\u00fcr zwei Violinen \u00a0\u00a0 Bela Bartok<\/p>\n<p>\u201eArcolinis\u201c<br \/>\nH\u00e4nschen Klein<br \/>\nVolkslied<br \/>\nOranges Lied<br \/>\nSolo: Maya<br \/>\nBerge so Gr\u00fcn<br \/>\nChe Zhang<br \/>\nSolo: Kuan-Wei (Gast)<\/p>\n<p>\u201eArcolinis\u201c<br \/>\nVioline:<br \/>\nMirjam<br \/>\nKuan-Wei (Gast)<br \/>\nMaya<br \/>\nKeisha<br \/>\nFelix (Gast)<br \/>\nAttila (Gast)<br \/>\nLeonie<br \/>\nElina<br \/>\nCello:<br \/>\nTristan (Gast)<\/p>\n<p><a href=\"http:\/\/Chronik\">Zur\u00fcck zur Chronik<\/a><\/p>\n<p>&nbsp;<\/p>\n","protected":false},"excerpt":{"rendered":"<p>Matinee Violine und Klavier Freitag, 21. Februar 2014 18:30 Uhr gro\u00dfer Veranstaltungsraum pro-vo Es musizieren Sch\u00fclerinnen und Sch\u00fcler von Severin Chen (Klavier) und Kaoru Asayama (Violine) Fotos: Harry Hammerer Mirjam Regentropfen Blitz, Blitz \u00a0 \u00a0 \u00a0 \u00a0 \u00a0 \u00a0 \u00a0 \u00a0 \u00a0 \u00a0 \u00a0 Kerstin Wartberg Nele Luisa Sophia \u00a0 \u00a0 \u00a0\u00a0 Twinkle Twinkle Little &#8230; <a title=\"Matinee\" class=\"read-more\" href=\"https:\/\/www.pro-vo.at\/index.php\/chronik\/matinee\/\" aria-label=\"Mehr Informationen \u00fcber Matinee\">Weiterlesen<\/a><\/p>\n","protected":false},"author":1,"featured_media":0,"parent":28,"menu_order":0,"comment_status":"closed","ping_status":"closed","template":"","meta":{"footnotes":""},"class_list":["post-1562","page","type-page","status-publish"],"_links":{"self":[{"href":"https:\/\/www.pro-vo.at\/index.php\/wp-json\/wp\/v2\/pages\/1562","targetHints":{"allow":["GET"]}}],"collection":[{"href":"https:\/\/www.pro-vo.at\/index.php\/wp-json\/wp\/v2\/pages"}],"about":[{"href":"https:\/\/www.pro-vo.at\/index.php\/wp-json\/wp\/v2\/types\/page"}],"author":[{"embeddable":true,"href":"https:\/\/www.pro-vo.at\/index.php\/wp-json\/wp\/v2\/users\/1"}],"replies":[{"embeddable":true,"href":"https:\/\/www.pro-vo.at\/index.php\/wp-json\/wp\/v2\/comments?post=1562"}],"version-history":[{"count":1,"href":"https:\/\/www.pro-vo.at\/index.php\/wp-json\/wp\/v2\/pages\/1562\/revisions"}],"predecessor-version":[{"id":1591,"href":"https:\/\/www.pro-vo.at\/index.php\/wp-json\/wp\/v2\/pages\/1562\/revisions\/1591"}],"up":[{"embeddable":true,"href":"https:\/\/www.pro-vo.at\/index.php\/wp-json\/wp\/v2\/pages\/28"}],"wp:attachment":[{"href":"https:\/\/www.pro-vo.at\/index.php\/wp-json\/wp\/v2\/media?parent=1562"}],"curies":[{"name":"wp","href":"https:\/\/api.w.org\/{rel}","templated":true}]}}