{"id":1449,"date":"2017-10-15T11:37:06","date_gmt":"2017-10-15T11:37:06","guid":{"rendered":"http:\/\/www.pro-vo.at\/?page_id=1449"},"modified":"2017-10-15T11:39:15","modified_gmt":"2017-10-15T11:39:15","slug":"ensemble-06-2015","status":"publish","type":"page","link":"https:\/\/www.pro-vo.at\/index.php\/chronik\/ensemble-06-2015\/","title":{"rendered":"Ensemble 06 2015"},"content":{"rendered":"<h1>Ensemble Night<\/h1>\n<p>Freitag, 19. Juni 2015<br \/>\n20 Uhr<br \/>\nKonzertkeller Taktlos<br \/>\nDornbacherstra\u00dfe 107<br \/>\n1170 Wien<\/p>\n<p>Sharon Anegg, voc<br \/>\nMichael Kromer, bass<br \/>\nWalter M\u00fcller, dr<br \/>\nMichael Otto, git<br \/>\nMarcus Parenzan, perc<br \/>\nFaribourz Ronaghi, sax<br \/>\nVeronika Wirth, key<br \/>\nMartin Sch\u00f6nlieb, git, leader<\/p>\n<p><a href=\"http:\/\/www.pro-vo.at\/wp-content\/uploads\/2017\/10\/Ens01.jpg\" data-rel=\"lightbox-gallery-np5wK7uM\" data-rl_title=\"Ens01\" data-rl_caption=\"\" title=\"Ens01\"><img loading=\"lazy\" decoding=\"async\" class=\"alignnone size-thumbnail wp-image-1450\" src=\"http:\/\/www.pro-vo.at\/wp-content\/uploads\/2017\/10\/Ens01-150x150.jpg\" alt=\"\" width=\"150\" height=\"150\" \/><\/a> <a href=\"http:\/\/www.pro-vo.at\/wp-content\/uploads\/2017\/10\/Ens02.jpg\" data-rel=\"lightbox-gallery-np5wK7uM\" data-rl_title=\"Ens02\" data-rl_caption=\"\" title=\"Ens02\"><img loading=\"lazy\" decoding=\"async\" class=\"alignnone size-thumbnail wp-image-1451\" src=\"http:\/\/www.pro-vo.at\/wp-content\/uploads\/2017\/10\/Ens02-150x150.jpg\" alt=\"\" width=\"150\" height=\"150\" \/><\/a> <a href=\"http:\/\/www.pro-vo.at\/wp-content\/uploads\/2017\/10\/Ens03.jpg\" data-rel=\"lightbox-gallery-np5wK7uM\" data-rl_title=\"Ens03\" data-rl_caption=\"\" title=\"Ens03\"><img loading=\"lazy\" decoding=\"async\" class=\"alignnone size-thumbnail wp-image-1452\" src=\"http:\/\/www.pro-vo.at\/wp-content\/uploads\/2017\/10\/Ens03-150x150.jpg\" alt=\"\" width=\"150\" height=\"150\" \/><\/a> <a href=\"http:\/\/www.pro-vo.at\/wp-content\/uploads\/2017\/10\/Ens04.jpg\" data-rel=\"lightbox-gallery-np5wK7uM\" data-rl_title=\"Ens04\" data-rl_caption=\"\" title=\"Ens04\"><img loading=\"lazy\" decoding=\"async\" class=\"alignnone size-thumbnail wp-image-1453\" src=\"http:\/\/www.pro-vo.at\/wp-content\/uploads\/2017\/10\/Ens04-150x150.jpg\" alt=\"\" width=\"150\" height=\"150\" \/><\/a><br \/>\n<a href=\"http:\/\/www.pro-vo.at\/wp-content\/uploads\/2017\/10\/Ens05.jpg\" data-rel=\"lightbox-gallery-np5wK7uM\" data-rl_title=\"Ens05\" data-rl_caption=\"\" title=\"Ens05\"><img loading=\"lazy\" decoding=\"async\" class=\"alignnone size-thumbnail wp-image-1454\" src=\"http:\/\/www.pro-vo.at\/wp-content\/uploads\/2017\/10\/Ens05-150x150.jpg\" alt=\"\" width=\"150\" height=\"150\" \/><\/a> <a href=\"http:\/\/www.pro-vo.at\/wp-content\/uploads\/2017\/10\/Ens06.jpg\" data-rel=\"lightbox-gallery-np5wK7uM\" data-rl_title=\"Ens06\" data-rl_caption=\"\" title=\"Ens06\"><img loading=\"lazy\" decoding=\"async\" class=\"alignnone size-thumbnail wp-image-1455\" src=\"http:\/\/www.pro-vo.at\/wp-content\/uploads\/2017\/10\/Ens06-150x150.jpg\" alt=\"\" width=\"150\" height=\"150\" \/><\/a> <a href=\"http:\/\/www.pro-vo.at\/wp-content\/uploads\/2017\/10\/Ens07.jpg\" data-rel=\"lightbox-gallery-np5wK7uM\" data-rl_title=\"Ens07\" data-rl_caption=\"\" title=\"Ens07\"><img loading=\"lazy\" decoding=\"async\" class=\"alignnone size-thumbnail wp-image-1456\" src=\"http:\/\/www.pro-vo.at\/wp-content\/uploads\/2017\/10\/Ens07-150x150.jpg\" alt=\"\" width=\"150\" height=\"150\" \/><\/a> <a href=\"http:\/\/www.pro-vo.at\/wp-content\/uploads\/2017\/10\/Ens08.jpg\" data-rel=\"lightbox-gallery-np5wK7uM\" data-rl_title=\"Ens08\" data-rl_caption=\"\" title=\"Ens08\"><img loading=\"lazy\" decoding=\"async\" class=\"alignnone size-thumbnail wp-image-1457\" src=\"http:\/\/www.pro-vo.at\/wp-content\/uploads\/2017\/10\/Ens08-150x150.jpg\" alt=\"\" width=\"150\" height=\"150\" \/><\/a><br \/>\n<a href=\"http:\/\/www.pro-vo.at\/wp-content\/uploads\/2017\/10\/Ens09.jpg\" data-rel=\"lightbox-gallery-np5wK7uM\" data-rl_title=\"Ens09\" data-rl_caption=\"\" title=\"Ens09\"><img loading=\"lazy\" decoding=\"async\" class=\"alignnone size-thumbnail wp-image-1458\" src=\"http:\/\/www.pro-vo.at\/wp-content\/uploads\/2017\/10\/Ens09-150x150.jpg\" alt=\"\" width=\"150\" height=\"150\" \/><\/a> <a href=\"http:\/\/www.pro-vo.at\/wp-content\/uploads\/2017\/10\/Ens10.jpg\" data-rel=\"lightbox-gallery-np5wK7uM\" data-rl_title=\"Ens10\" data-rl_caption=\"\" title=\"Ens10\"><img loading=\"lazy\" decoding=\"async\" class=\"alignnone size-thumbnail wp-image-1459\" src=\"http:\/\/www.pro-vo.at\/wp-content\/uploads\/2017\/10\/Ens10-150x150.jpg\" alt=\"\" width=\"150\" height=\"150\" \/><\/a> <a href=\"http:\/\/www.pro-vo.at\/wp-content\/uploads\/2017\/10\/Ens11.jpg\" data-rel=\"lightbox-gallery-np5wK7uM\" data-rl_title=\"Ens11\" data-rl_caption=\"\" title=\"Ens11\"><img loading=\"lazy\" decoding=\"async\" class=\"alignnone size-thumbnail wp-image-1460\" src=\"http:\/\/www.pro-vo.at\/wp-content\/uploads\/2017\/10\/Ens11-150x150.jpg\" alt=\"\" width=\"150\" height=\"150\" \/><\/a> <a href=\"http:\/\/www.pro-vo.at\/wp-content\/uploads\/2017\/10\/Ens12.jpg\" data-rel=\"lightbox-gallery-np5wK7uM\" data-rl_title=\"Ens12\" data-rl_caption=\"\" title=\"Ens12\"><img loading=\"lazy\" decoding=\"async\" class=\"alignnone size-thumbnail wp-image-1461\" src=\"http:\/\/www.pro-vo.at\/wp-content\/uploads\/2017\/10\/Ens12-150x150.jpg\" alt=\"\" width=\"150\" height=\"150\" \/><\/a><\/p>\n<p>Fotos: Harry Hammerer<\/p>\n<p>Konzertkeller Taktlos,<br \/>\nKontakt: Stefan Weichinger<br \/>\nDornbacherstra\u00dfe 107<br \/>\n1170 Wien<br \/>\n0677 6 123 888 1<br \/>\nstefan@weichinger.eu<\/p>\n<p><a href=\"http:\/\/chronik\">Zur\u00fcck zur Chronik<\/a><\/p>\n","protected":false},"excerpt":{"rendered":"<p>Ensemble Night Freitag, 19. Juni 2015 20 Uhr Konzertkeller Taktlos Dornbacherstra\u00dfe 107 1170 Wien Sharon Anegg, voc Michael Kromer, bass Walter M\u00fcller, dr Michael Otto, git Marcus Parenzan, perc Faribourz Ronaghi, sax Veronika Wirth, key Martin Sch\u00f6nlieb, git, leader Fotos: Harry Hammerer Konzertkeller Taktlos, Kontakt: Stefan Weichinger Dornbacherstra\u00dfe 107 1170 Wien 0677 6 123 888 &#8230; <a title=\"Ensemble 06 2015\" class=\"read-more\" href=\"https:\/\/www.pro-vo.at\/index.php\/chronik\/ensemble-06-2015\/\" aria-label=\"Mehr Informationen \u00fcber Ensemble 06 2015\">Weiterlesen<\/a><\/p>\n","protected":false},"author":1,"featured_media":0,"parent":28,"menu_order":0,"comment_status":"closed","ping_status":"closed","template":"","meta":{"footnotes":""},"class_list":["post-1449","page","type-page","status-publish"],"_links":{"self":[{"href":"https:\/\/www.pro-vo.at\/index.php\/wp-json\/wp\/v2\/pages\/1449","targetHints":{"allow":["GET"]}}],"collection":[{"href":"https:\/\/www.pro-vo.at\/index.php\/wp-json\/wp\/v2\/pages"}],"about":[{"href":"https:\/\/www.pro-vo.at\/index.php\/wp-json\/wp\/v2\/types\/page"}],"author":[{"embeddable":true,"href":"https:\/\/www.pro-vo.at\/index.php\/wp-json\/wp\/v2\/users\/1"}],"replies":[{"embeddable":true,"href":"https:\/\/www.pro-vo.at\/index.php\/wp-json\/wp\/v2\/comments?post=1449"}],"version-history":[{"count":3,"href":"https:\/\/www.pro-vo.at\/index.php\/wp-json\/wp\/v2\/pages\/1449\/revisions"}],"predecessor-version":[{"id":1465,"href":"https:\/\/www.pro-vo.at\/index.php\/wp-json\/wp\/v2\/pages\/1449\/revisions\/1465"}],"up":[{"embeddable":true,"href":"https:\/\/www.pro-vo.at\/index.php\/wp-json\/wp\/v2\/pages\/28"}],"wp:attachment":[{"href":"https:\/\/www.pro-vo.at\/index.php\/wp-json\/wp\/v2\/media?parent=1449"}],"curies":[{"name":"wp","href":"https:\/\/api.w.org\/{rel}","templated":true}]}}