{"id":1427,"date":"2017-10-14T16:15:48","date_gmt":"2017-10-14T16:15:48","guid":{"rendered":"http:\/\/www.pro-vo.at\/?page_id=1427"},"modified":"2017-10-14T16:15:48","modified_gmt":"2017-10-14T16:15:48","slug":"advent-2015","status":"publish","type":"page","link":"https:\/\/www.pro-vo.at\/index.php\/chronik\/advent-2015\/","title":{"rendered":"Advent 2015"},"content":{"rendered":"<h1>pro-vo Adventkonzert 2015<\/h1>\n<p>Freitag, 11. Dezember 2015<br \/>\n16:00 Uhr<br \/>\nFestsaal im Pflegewohnhaus Rudolfsheim F\u00fcnfhaus<br \/>\n(ehem. Elisabethspital)<br \/>\nKardinal Rauscher Platz 2, 1150 Wien<br \/>\n(schr\u00e4g gegen\u00fcber pro-vo)<\/p>\n<p>Eintritt frei!<br \/>\n<a href=\"http:\/\/www.pro-vo.at\/wp-content\/uploads\/2017\/10\/Foto-Pflegewohnhaus.jpg\" data-rel=\"lightbox-gallery-BL1pKVcK\" data-rl_title=\"Foto Pflegewohnhaus\" data-rl_caption=\"\" title=\"Foto Pflegewohnhaus\"><img loading=\"lazy\" decoding=\"async\" class=\"alignnone size-thumbnail wp-image-1446\" src=\"http:\/\/www.pro-vo.at\/wp-content\/uploads\/2017\/10\/Foto-Pflegewohnhaus-150x150.jpg\" alt=\"\" width=\"150\" height=\"150\" \/><\/a><\/p>\n<p>Anschlie\u00dfend (ca 17:15) &#8211; Punsch und Schmankerln im Hof der pro-vo<\/p>\n<p>&nbsp;<\/p>\n<p><a href=\"http:\/\/www.pro-vo.at\/wp-content\/uploads\/2017\/10\/A001.jpg\" data-rel=\"lightbox-gallery-BL1pKVcK\" data-rl_title=\"A001\" data-rl_caption=\"\" title=\"A001\"><img loading=\"lazy\" decoding=\"async\" class=\"alignnone size-thumbnail wp-image-1428\" src=\"http:\/\/www.pro-vo.at\/wp-content\/uploads\/2017\/10\/A001-150x150.jpg\" alt=\"\" width=\"150\" height=\"150\" \/><\/a> <a href=\"http:\/\/www.pro-vo.at\/wp-content\/uploads\/2017\/10\/A002.jpg\" data-rel=\"lightbox-gallery-BL1pKVcK\" data-rl_title=\"A002\" data-rl_caption=\"\" title=\"A002\"><img loading=\"lazy\" decoding=\"async\" class=\"alignnone size-thumbnail wp-image-1429\" src=\"http:\/\/www.pro-vo.at\/wp-content\/uploads\/2017\/10\/A002-150x150.jpg\" alt=\"\" width=\"150\" height=\"150\" \/><\/a> <a href=\"http:\/\/www.pro-vo.at\/wp-content\/uploads\/2017\/10\/A003.jpg\" data-rel=\"lightbox-gallery-BL1pKVcK\" data-rl_title=\"A003\" data-rl_caption=\"\" title=\"A003\"><img loading=\"lazy\" decoding=\"async\" class=\"alignnone size-thumbnail wp-image-1430\" src=\"http:\/\/www.pro-vo.at\/wp-content\/uploads\/2017\/10\/A003-150x150.jpg\" alt=\"\" width=\"150\" height=\"150\" \/><\/a> <a href=\"http:\/\/www.pro-vo.at\/wp-content\/uploads\/2017\/10\/A004.jpg\" data-rel=\"lightbox-gallery-BL1pKVcK\" data-rl_title=\"A004\" data-rl_caption=\"\" title=\"A004\"><img loading=\"lazy\" decoding=\"async\" class=\"alignnone size-thumbnail wp-image-1431\" src=\"http:\/\/www.pro-vo.at\/wp-content\/uploads\/2017\/10\/A004-150x150.jpg\" alt=\"\" width=\"150\" height=\"150\" \/><\/a><\/p>\n<p><a href=\"http:\/\/www.pro-vo.at\/wp-content\/uploads\/2017\/10\/A005.jpg\" data-rel=\"lightbox-gallery-BL1pKVcK\" data-rl_title=\"A005\" data-rl_caption=\"\" title=\"A005\"><img loading=\"lazy\" decoding=\"async\" class=\"alignnone size-thumbnail wp-image-1432\" src=\"http:\/\/www.pro-vo.at\/wp-content\/uploads\/2017\/10\/A005-150x150.jpg\" alt=\"\" width=\"150\" height=\"150\" \/><\/a> <a href=\"http:\/\/www.pro-vo.at\/wp-content\/uploads\/2017\/10\/A006.jpg\" data-rel=\"lightbox-gallery-BL1pKVcK\" data-rl_title=\"A006\" data-rl_caption=\"\" title=\"A006\"><img loading=\"lazy\" decoding=\"async\" class=\"alignnone size-thumbnail wp-image-1433\" src=\"http:\/\/www.pro-vo.at\/wp-content\/uploads\/2017\/10\/A006-150x150.jpg\" alt=\"\" width=\"150\" height=\"150\" \/><\/a> <a href=\"http:\/\/www.pro-vo.at\/wp-content\/uploads\/2017\/10\/A007.jpg\" data-rel=\"lightbox-gallery-BL1pKVcK\" data-rl_title=\"A007\" data-rl_caption=\"\" title=\"A007\"><img loading=\"lazy\" decoding=\"async\" class=\"alignnone size-thumbnail wp-image-1434\" src=\"http:\/\/www.pro-vo.at\/wp-content\/uploads\/2017\/10\/A007-150x150.jpg\" alt=\"\" width=\"150\" height=\"150\" \/><\/a> <a href=\"http:\/\/www.pro-vo.at\/wp-content\/uploads\/2017\/10\/A008.jpg\" data-rel=\"lightbox-gallery-BL1pKVcK\" data-rl_title=\"A008\" data-rl_caption=\"\" title=\"A008\"><img loading=\"lazy\" decoding=\"async\" class=\"alignnone size-thumbnail wp-image-1435\" src=\"http:\/\/www.pro-vo.at\/wp-content\/uploads\/2017\/10\/A008-150x150.jpg\" alt=\"\" width=\"150\" height=\"150\" \/><\/a> <a href=\"http:\/\/www.pro-vo.at\/wp-content\/uploads\/2017\/10\/A009.jpg\" data-rel=\"lightbox-gallery-BL1pKVcK\" data-rl_title=\"A009\" data-rl_caption=\"\" title=\"A009\"><img loading=\"lazy\" decoding=\"async\" class=\"alignnone size-thumbnail wp-image-1436\" src=\"http:\/\/www.pro-vo.at\/wp-content\/uploads\/2017\/10\/A009-150x150.jpg\" alt=\"\" width=\"150\" height=\"150\" \/><\/a><\/p>\n<p><a href=\"http:\/\/www.pro-vo.at\/wp-content\/uploads\/2017\/10\/A010.jpg\" data-rel=\"lightbox-gallery-BL1pKVcK\" data-rl_title=\"A010\" data-rl_caption=\"\" title=\"A010\"><img loading=\"lazy\" decoding=\"async\" class=\"alignnone size-thumbnail wp-image-1437\" src=\"http:\/\/www.pro-vo.at\/wp-content\/uploads\/2017\/10\/A010-150x150.jpg\" alt=\"\" width=\"150\" height=\"150\" \/><\/a> <a href=\"http:\/\/www.pro-vo.at\/wp-content\/uploads\/2017\/10\/A011.jpg\" data-rel=\"lightbox-gallery-BL1pKVcK\" data-rl_title=\"A011\" data-rl_caption=\"\" title=\"A011\"><img loading=\"lazy\" decoding=\"async\" class=\"alignnone size-thumbnail wp-image-1438\" src=\"http:\/\/www.pro-vo.at\/wp-content\/uploads\/2017\/10\/A011-150x150.jpg\" alt=\"\" width=\"150\" height=\"150\" \/><\/a> <a href=\"http:\/\/www.pro-vo.at\/wp-content\/uploads\/2017\/10\/A012.jpg\" data-rel=\"lightbox-gallery-BL1pKVcK\" data-rl_title=\"A012\" data-rl_caption=\"\" title=\"A012\"><img loading=\"lazy\" decoding=\"async\" class=\"alignnone size-thumbnail wp-image-1439\" src=\"http:\/\/www.pro-vo.at\/wp-content\/uploads\/2017\/10\/A012-150x150.jpg\" alt=\"\" width=\"150\" height=\"150\" \/><\/a> <a href=\"http:\/\/www.pro-vo.at\/wp-content\/uploads\/2017\/10\/A013.jpg\" data-rel=\"lightbox-gallery-BL1pKVcK\" data-rl_title=\"A013\" data-rl_caption=\"\" title=\"A013\"><img loading=\"lazy\" decoding=\"async\" class=\"alignnone size-thumbnail wp-image-1440\" src=\"http:\/\/www.pro-vo.at\/wp-content\/uploads\/2017\/10\/A013-150x150.jpg\" alt=\"\" width=\"150\" height=\"150\" \/><\/a><\/p>\n<p><a href=\"http:\/\/www.pro-vo.at\/wp-content\/uploads\/2017\/10\/A014.jpg\" data-rel=\"lightbox-gallery-BL1pKVcK\" data-rl_title=\"A014\" data-rl_caption=\"\" title=\"A014\"><img loading=\"lazy\" decoding=\"async\" class=\"alignnone size-thumbnail wp-image-1441\" src=\"http:\/\/www.pro-vo.at\/wp-content\/uploads\/2017\/10\/A014-150x150.jpg\" alt=\"\" width=\"150\" height=\"150\" \/><\/a> <a href=\"http:\/\/www.pro-vo.at\/wp-content\/uploads\/2017\/10\/A015.jpg\" data-rel=\"lightbox-gallery-BL1pKVcK\" data-rl_title=\"A015\" data-rl_caption=\"\" title=\"A015\"><img loading=\"lazy\" decoding=\"async\" class=\"alignnone size-thumbnail wp-image-1442\" src=\"http:\/\/www.pro-vo.at\/wp-content\/uploads\/2017\/10\/A015-150x150.jpg\" alt=\"\" width=\"150\" height=\"150\" \/><\/a> <a href=\"http:\/\/www.pro-vo.at\/wp-content\/uploads\/2017\/10\/A016.jpg\" data-rel=\"lightbox-gallery-BL1pKVcK\" data-rl_title=\"A016\" data-rl_caption=\"\" title=\"A016\"><img loading=\"lazy\" decoding=\"async\" class=\"alignnone size-thumbnail wp-image-1443\" src=\"http:\/\/www.pro-vo.at\/wp-content\/uploads\/2017\/10\/A016-150x150.jpg\" alt=\"\" width=\"150\" height=\"150\" \/><\/a> <a href=\"http:\/\/www.pro-vo.at\/wp-content\/uploads\/2017\/10\/A017.jpg\" data-rel=\"lightbox-gallery-BL1pKVcK\" data-rl_title=\"A017\" data-rl_caption=\"\" title=\"A017\"><img loading=\"lazy\" decoding=\"async\" class=\"alignnone size-thumbnail wp-image-1444\" src=\"http:\/\/www.pro-vo.at\/wp-content\/uploads\/2017\/10\/A017-150x150.jpg\" alt=\"\" width=\"150\" height=\"150\" \/><\/a> <a href=\"http:\/\/www.pro-vo.at\/wp-content\/uploads\/2017\/10\/A018.jpg\" data-rel=\"lightbox-gallery-BL1pKVcK\" data-rl_title=\"A018\" data-rl_caption=\"\" title=\"A018\"><img loading=\"lazy\" decoding=\"async\" class=\"alignnone size-thumbnail wp-image-1445\" src=\"http:\/\/www.pro-vo.at\/wp-content\/uploads\/2017\/10\/A018-150x150.jpg\" alt=\"\" width=\"150\" height=\"150\" \/><\/a><\/p>\n<p>Das Programm:<br \/>\nArcolinis<br \/>\nHans Haslinger* &#8211; Zither<br \/>\nIhr Kinderlein kommet &#8211; Volksweise<br \/>\nGloria in excelsis deo &#8211; Hymnus<br \/>\nEs wird scho glei dumpa &#8211; Volksweise<\/p>\n<p>Fritz\u00a0 &#8211; Gesang<br \/>\nMonika &#8211; Violine<br \/>\nHans Haslinger* \u2013 Zither<br \/>\nLiebes Christkind &#8211; Hans Lang\/Erich Meder<br \/>\nLisa\u00a0 \u2013 Violoncello<br \/>\nSophia \u2013 Klavier<br \/>\nBauerntanz, op 20, no 5 &#8211; H. Schlehm\u00fcller<\/p>\n<p>Sophia \u2013 Querfl\u00f6te<br \/>\nYukari Hagino* &#8211; Querfl\u00f6te<br \/>\nOh du fr\u00f6hliche &#8211; Volksweise<br \/>\nSchneefl\u00f6ckchen, Wei\u00dfr\u00f6ckchen<br \/>\nSophia \u2013 Querfl\u00f6te<br \/>\nWe wish you a merry christmas &#8211; \u00a0Engl. Volksweise<\/p>\n<p>Stephanie &#8211; Gesang<br \/>\nYasmine Piruz* &#8211; Gesang<br \/>\nWhat child is this &#8211; William Chatterton Dix<\/p>\n<p>&nbsp;<\/p>\n<p>Aline &#8211; Gitarre<br \/>\nFriederike &#8211; Gitarre<br \/>\nAqua e Vinho &#8211; Egberto Gismonti<br \/>\nCarla &#8211; Saxophon<br \/>\nAndrea &#8211; Saxophon<br \/>\nLeise rieselt der Schnee &#8211; Eduard Ebel<br \/>\nIhr Kinderlein kommet &#8211; Volksweise<\/p>\n<p>Irish Stew<br \/>\nMy love she\u2019s but a lassie yet &#8211; Volksweise<br \/>\nAuld long shine &#8211; Volksweise<br \/>\nSeverin Chen* &#8211; Klavier<br \/>\nAlle Jahre wieder &#8211; Volksweise<\/p>\n<p>* Lehrer, Lehrerin in der pro-vo<br \/>\nArcolinis:<br \/>\nAlice<br \/>\nMaya<br \/>\nKeisha<br \/>\nNele<br \/>\nLuisa<br \/>\nLeonie<br \/>\nNarangerel<br \/>\nElina<br \/>\nKuan-Wei\u00a0 (als Gast)<br \/>\nAttila (als Gast)<br \/>\nCello:<br \/>\nTristan (als Gast)<br \/>\nYi-Ling-Liao\u00a0 (als Gast)<br \/>\nLeitung:<br \/>\nKaoru Asayama*<br \/>\nIrish Stew:<\/p>\n<p>Lisa Egger-Charvat*<br \/>\nFritz<br \/>\nMonika<br \/>\nChristian<br \/>\nPaul<\/p>\n<p><a href=\"http:\/\/chronik\">Zur\u00fcck zur Chronik<\/a><\/p>\n","protected":false},"excerpt":{"rendered":"<p>pro-vo Adventkonzert 2015 Freitag, 11. Dezember 2015 16:00 Uhr Festsaal im Pflegewohnhaus Rudolfsheim F\u00fcnfhaus (ehem. Elisabethspital) Kardinal Rauscher Platz 2, 1150 Wien (schr\u00e4g gegen\u00fcber pro-vo) Eintritt frei! Anschlie\u00dfend (ca 17:15) &#8211; Punsch und Schmankerln im Hof der pro-vo &nbsp; Das Programm: Arcolinis Hans Haslinger* &#8211; Zither Ihr Kinderlein kommet &#8211; Volksweise Gloria in excelsis deo &#8230; <a title=\"Advent 2015\" class=\"read-more\" href=\"https:\/\/www.pro-vo.at\/index.php\/chronik\/advent-2015\/\" aria-label=\"Mehr Informationen \u00fcber Advent 2015\">Weiterlesen<\/a><\/p>\n","protected":false},"author":1,"featured_media":0,"parent":28,"menu_order":0,"comment_status":"closed","ping_status":"closed","template":"","meta":{"footnotes":""},"class_list":["post-1427","page","type-page","status-publish"],"_links":{"self":[{"href":"https:\/\/www.pro-vo.at\/index.php\/wp-json\/wp\/v2\/pages\/1427","targetHints":{"allow":["GET"]}}],"collection":[{"href":"https:\/\/www.pro-vo.at\/index.php\/wp-json\/wp\/v2\/pages"}],"about":[{"href":"https:\/\/www.pro-vo.at\/index.php\/wp-json\/wp\/v2\/types\/page"}],"author":[{"embeddable":true,"href":"https:\/\/www.pro-vo.at\/index.php\/wp-json\/wp\/v2\/users\/1"}],"replies":[{"embeddable":true,"href":"https:\/\/www.pro-vo.at\/index.php\/wp-json\/wp\/v2\/comments?post=1427"}],"version-history":[{"count":1,"href":"https:\/\/www.pro-vo.at\/index.php\/wp-json\/wp\/v2\/pages\/1427\/revisions"}],"predecessor-version":[{"id":1447,"href":"https:\/\/www.pro-vo.at\/index.php\/wp-json\/wp\/v2\/pages\/1427\/revisions\/1447"}],"up":[{"embeddable":true,"href":"https:\/\/www.pro-vo.at\/index.php\/wp-json\/wp\/v2\/pages\/28"}],"wp:attachment":[{"href":"https:\/\/www.pro-vo.at\/index.php\/wp-json\/wp\/v2\/media?parent=1427"}],"curies":[{"name":"wp","href":"https:\/\/api.w.org\/{rel}","templated":true}]}}