{"id":1411,"date":"2017-10-14T16:09:33","date_gmt":"2017-10-14T16:09:33","guid":{"rendered":"http:\/\/www.pro-vo.at\/?page_id=1411"},"modified":"2017-10-14T16:09:33","modified_gmt":"2017-10-14T16:09:33","slug":"irish-taktlos","status":"publish","type":"page","link":"https:\/\/www.pro-vo.at\/index.php\/chronik\/irish-taktlos\/","title":{"rendered":"Irish Taktlos"},"content":{"rendered":"<h1>Irish Stew 2015<\/h1>\n<p><a href=\"http:\/\/www.pro-vo.at\/wp-content\/uploads\/2017\/10\/Foto-Irish-Stew.jpg\" data-rel=\"lightbox-gallery-gjfIFgim\" data-rl_title=\"Foto-Irish-Stew\" data-rl_caption=\"\" title=\"Foto-Irish-Stew\"><img loading=\"lazy\" decoding=\"async\" class=\"alignnone size-thumbnail wp-image-1412\" src=\"http:\/\/www.pro-vo.at\/wp-content\/uploads\/2017\/10\/Foto-Irish-Stew-150x150.jpg\" alt=\"\" width=\"150\" height=\"150\" \/><\/a><\/p>\n<p>Samstag, 7. November 2015<br \/>\n19:30<br \/>\nKonzertkeller Taktlos<br \/>\nDornbacherstra\u00dfe 107<br \/>\n1170 Wien<br \/>\n<a href=\"http:\/\/www.taktlos.club\">www.taktlos.club<\/a><\/p>\n<p><a href=\"http:\/\/www.pro-vo.at\/wp-content\/uploads\/2017\/10\/irish01.jpg\" data-rel=\"lightbox-gallery-gjfIFgim\" data-rl_title=\"irish01\" data-rl_caption=\"\" title=\"irish01\"><img loading=\"lazy\" decoding=\"async\" class=\"alignnone size-thumbnail wp-image-1413\" src=\"http:\/\/www.pro-vo.at\/wp-content\/uploads\/2017\/10\/irish01-150x150.jpg\" alt=\"\" width=\"150\" height=\"150\" \/><\/a> <a href=\"http:\/\/www.pro-vo.at\/wp-content\/uploads\/2017\/10\/irish02.jpg\" data-rel=\"lightbox-gallery-gjfIFgim\" data-rl_title=\"irish02\" data-rl_caption=\"\" title=\"irish02\"><img loading=\"lazy\" decoding=\"async\" class=\"alignnone size-thumbnail wp-image-1414\" src=\"http:\/\/www.pro-vo.at\/wp-content\/uploads\/2017\/10\/irish02-150x150.jpg\" alt=\"\" width=\"150\" height=\"150\" \/><\/a> <a href=\"http:\/\/www.pro-vo.at\/wp-content\/uploads\/2017\/10\/irish03.jpg\" data-rel=\"lightbox-gallery-gjfIFgim\" data-rl_title=\"irish03\" data-rl_caption=\"\" title=\"irish03\"><img loading=\"lazy\" decoding=\"async\" class=\"alignnone size-thumbnail wp-image-1415\" src=\"http:\/\/www.pro-vo.at\/wp-content\/uploads\/2017\/10\/irish03-150x150.jpg\" alt=\"\" width=\"150\" height=\"150\" \/><\/a><\/p>\n<p><a href=\"http:\/\/www.pro-vo.at\/wp-content\/uploads\/2017\/10\/irish04.jpg\" data-rel=\"lightbox-gallery-gjfIFgim\" data-rl_title=\"irish04\" data-rl_caption=\"\" title=\"irish04\"><img loading=\"lazy\" decoding=\"async\" class=\"alignnone size-thumbnail wp-image-1416\" src=\"http:\/\/www.pro-vo.at\/wp-content\/uploads\/2017\/10\/irish04-150x150.jpg\" alt=\"\" width=\"150\" height=\"150\" \/><\/a> <a href=\"http:\/\/www.pro-vo.at\/wp-content\/uploads\/2017\/10\/irish05.jpg\" data-rel=\"lightbox-gallery-gjfIFgim\" data-rl_title=\"irish05\" data-rl_caption=\"\" title=\"irish05\"><img loading=\"lazy\" decoding=\"async\" class=\"alignnone size-thumbnail wp-image-1417\" src=\"http:\/\/www.pro-vo.at\/wp-content\/uploads\/2017\/10\/irish05-150x150.jpg\" alt=\"\" width=\"150\" height=\"150\" \/><\/a> <img loading=\"lazy\" decoding=\"async\" class=\"alignnone size-thumbnail wp-image-1421\" src=\"http:\/\/www.pro-vo.at\/wp-content\/uploads\/2017\/10\/irish09-150x150.jpg\" alt=\"\" width=\"150\" height=\"150\" \/><\/p>\n<p><a href=\"http:\/\/www.pro-vo.at\/wp-content\/uploads\/2017\/10\/irish06.jpg\" data-rel=\"lightbox-gallery-gjfIFgim\" data-rl_title=\"irish06\" data-rl_caption=\"\" title=\"irish06\"><img loading=\"lazy\" decoding=\"async\" class=\"alignnone size-thumbnail wp-image-1418\" src=\"http:\/\/www.pro-vo.at\/wp-content\/uploads\/2017\/10\/irish06-150x150.jpg\" alt=\"\" width=\"150\" height=\"150\" \/><\/a> <a href=\"http:\/\/www.pro-vo.at\/wp-content\/uploads\/2017\/10\/irish07.jpg\" data-rel=\"lightbox-gallery-gjfIFgim\" data-rl_title=\"irish07\" data-rl_caption=\"\" title=\"irish07\"><img loading=\"lazy\" decoding=\"async\" class=\"alignnone size-thumbnail wp-image-1419\" src=\"http:\/\/www.pro-vo.at\/wp-content\/uploads\/2017\/10\/irish07-150x150.jpg\" alt=\"\" width=\"150\" height=\"150\" \/><\/a> <a href=\"http:\/\/www.pro-vo.at\/wp-content\/uploads\/2017\/10\/irish08.jpg\" data-rel=\"lightbox-gallery-gjfIFgim\" data-rl_title=\"irish08\" data-rl_caption=\"\" title=\"irish08\"><img loading=\"lazy\" decoding=\"async\" class=\"alignnone size-thumbnail wp-image-1420\" src=\"http:\/\/www.pro-vo.at\/wp-content\/uploads\/2017\/10\/irish08-150x150.jpg\" alt=\"\" width=\"150\" height=\"150\" \/><\/a><\/p>\n<p><a href=\"http:\/\/www.pro-vo.at\/wp-content\/uploads\/2017\/10\/irish10.jpg\" data-rel=\"lightbox-gallery-gjfIFgim\" data-rl_title=\"irish10\" data-rl_caption=\"\" title=\"irish10\"><img loading=\"lazy\" decoding=\"async\" class=\"alignnone size-thumbnail wp-image-1422\" src=\"http:\/\/www.pro-vo.at\/wp-content\/uploads\/2017\/10\/irish10-150x150.jpg\" alt=\"\" width=\"150\" height=\"150\" \/><\/a> <a href=\"http:\/\/www.pro-vo.at\/wp-content\/uploads\/2017\/10\/irish11.jpg\" data-rel=\"lightbox-gallery-gjfIFgim\" data-rl_title=\"irish11\" data-rl_caption=\"\" title=\"irish11\"><img loading=\"lazy\" decoding=\"async\" class=\"alignnone size-thumbnail wp-image-1423\" src=\"http:\/\/www.pro-vo.at\/wp-content\/uploads\/2017\/10\/irish11-150x150.jpg\" alt=\"\" width=\"150\" height=\"150\" \/><\/a> <a href=\"http:\/\/www.pro-vo.at\/wp-content\/uploads\/2017\/10\/irish12.jpg\" data-rel=\"lightbox-gallery-gjfIFgim\" data-rl_title=\"irish12\" data-rl_caption=\"\" title=\"irish12\"><img loading=\"lazy\" decoding=\"async\" class=\"alignnone size-thumbnail wp-image-1424\" src=\"http:\/\/www.pro-vo.at\/wp-content\/uploads\/2017\/10\/irish12-150x150.jpg\" alt=\"\" width=\"150\" height=\"150\" \/><\/a><\/p>\n<p>&nbsp;<\/p>\n<p>Wir sangen und spielten f\u00fcr Euch<br \/>\nIrish Love-songs, Balladen, Irish Whiskey-songs<br \/>\nund Jigs, Reels &amp; Hornpipes<\/p>\n<p><a href=\"http:\/\/chronik\">Zur\u00fcck zur Chronik<\/a><\/p>\n","protected":false},"excerpt":{"rendered":"<p>Irish Stew 2015 Samstag, 7. November 2015 19:30 Konzertkeller Taktlos Dornbacherstra\u00dfe 107 1170 Wien www.taktlos.club &nbsp; Wir sangen und spielten f\u00fcr Euch Irish Love-songs, Balladen, Irish Whiskey-songs und Jigs, Reels &amp; Hornpipes Zur\u00fcck zur Chronik<\/p>\n","protected":false},"author":1,"featured_media":0,"parent":28,"menu_order":0,"comment_status":"closed","ping_status":"closed","template":"","meta":{"footnotes":""},"class_list":["post-1411","page","type-page","status-publish"],"_links":{"self":[{"href":"https:\/\/www.pro-vo.at\/index.php\/wp-json\/wp\/v2\/pages\/1411","targetHints":{"allow":["GET"]}}],"collection":[{"href":"https:\/\/www.pro-vo.at\/index.php\/wp-json\/wp\/v2\/pages"}],"about":[{"href":"https:\/\/www.pro-vo.at\/index.php\/wp-json\/wp\/v2\/types\/page"}],"author":[{"embeddable":true,"href":"https:\/\/www.pro-vo.at\/index.php\/wp-json\/wp\/v2\/users\/1"}],"replies":[{"embeddable":true,"href":"https:\/\/www.pro-vo.at\/index.php\/wp-json\/wp\/v2\/comments?post=1411"}],"version-history":[{"count":1,"href":"https:\/\/www.pro-vo.at\/index.php\/wp-json\/wp\/v2\/pages\/1411\/revisions"}],"predecessor-version":[{"id":1425,"href":"https:\/\/www.pro-vo.at\/index.php\/wp-json\/wp\/v2\/pages\/1411\/revisions\/1425"}],"up":[{"embeddable":true,"href":"https:\/\/www.pro-vo.at\/index.php\/wp-json\/wp\/v2\/pages\/28"}],"wp:attachment":[{"href":"https:\/\/www.pro-vo.at\/index.php\/wp-json\/wp\/v2\/media?parent=1411"}],"curies":[{"name":"wp","href":"https:\/\/api.w.org\/{rel}","templated":true}]}}