{"id":14,"date":"2017-06-28T12:49:07","date_gmt":"2017-06-28T12:49:07","guid":{"rendered":"http:\/\/www.pro-vo.at\/?page_id=14"},"modified":"2026-03-25T11:40:00","modified_gmt":"2026-03-25T11:40:00","slug":"startseite","status":"publish","type":"page","link":"https:\/\/www.pro-vo.at\/","title":{"rendered":"Startseite"},"content":{"rendered":"<div id=\"pl-14\"  class=\"panel-layout\" ><div id=\"pg-14-0\"  class=\"panel-grid panel-has-style\" ><div class=\"startseite-zitat panel-row-style panel-row-style-for-14-0\" ><div id=\"pgc-14-0-0\"  class=\"panel-grid-cell\" ><div id=\"panel-14-0-0-0\" class=\"so-panel widget widget_sow-editor panel-first-child panel-last-child\" data-index=\"0\" ><div\n\t\t\t\n\t\t\tclass=\"so-widget-sow-editor so-widget-sow-editor-base\"\n\t\t\t\n\t\t>\n<div class=\"siteorigin-widget-tinymce textwidget\">\n\t<h2 style=\"text-align: center;\">\"Ausschlie\u00dflich in der Atmosph\u00e4re eines achtsamen Umgangs kann Kreativit\u00e4t gef\u00f6rdert werden und Freude an der Musik entstehen.\"<\/h2>\n<p style=\"text-align: center;\">\u00a0<\/p>\n<\/div>\n<\/div><\/div><\/div><\/div><\/div><div id=\"pg-14-1\"  class=\"panel-grid panel-has-style\" ><div class=\"startseite-bilderreihe panel-row-style panel-row-style-for-14-1\" ><div id=\"pgc-14-1-0\"  class=\"panel-grid-cell\" ><div id=\"panel-14-1-0-0\" class=\"so-panel widget widget_sow-editor panel-first-child panel-last-child\" data-index=\"1\" ><div\n\t\t\t\n\t\t\tclass=\"so-widget-sow-editor so-widget-sow-editor-base\"\n\t\t\t\n\t\t>\n<div class=\"siteorigin-widget-tinymce textwidget\">\n\t<p><a href=\"http:\/\/www.pro-vo.at\/index.php\/kurse\/musik\/\"><img loading=\"lazy\" decoding=\"async\" class=\"startseite-img aligncenter wp-image-318 size-full\" src=\"http:\/\/www.pro-vo.at\/wp-content\/uploads\/2017\/06\/kurse.png\" alt=\"\" width=\"200\" height=\"115\" \/><\/a><\/p>\n<\/div>\n<\/div><\/div><\/div><div id=\"pgc-14-1-1\"  class=\"panel-grid-cell\" ><div id=\"panel-14-1-1-0\" class=\"so-panel widget widget_sow-editor panel-first-child panel-last-child\" data-index=\"2\" ><div\n\t\t\t\n\t\t\tclass=\"so-widget-sow-editor so-widget-sow-editor-base\"\n\t\t\t\n\t\t>\n<div class=\"siteorigin-widget-tinymce textwidget\">\n\t<p><a href=\"https:\/\/www.pro-vo.at\/index.php\/pro-vo\/huglgasse-24-neu\/\"><img loading=\"lazy\" decoding=\"async\" class=\"startseite-img aligncenter wp-image-6607 size-thumbnail\" src=\"http:\/\/www.pro-vo.at\/wp-content\/uploads\/2025\/07\/Logo-f-Website-mit-P_02-150x117.jpg\" alt=\"\" width=\"150\" height=\"117\" srcset=\"https:\/\/www.pro-vo.at\/wp-content\/uploads\/2025\/07\/Logo-f-Website-mit-P_02-150x117.jpg 150w, https:\/\/www.pro-vo.at\/wp-content\/uploads\/2025\/07\/Logo-f-Website-mit-P_02-300x233.jpg 300w, https:\/\/www.pro-vo.at\/wp-content\/uploads\/2025\/07\/Logo-f-Website-mit-P_02-768x597.jpg 768w, https:\/\/www.pro-vo.at\/wp-content\/uploads\/2025\/07\/Logo-f-Website-mit-P_02-1024x796.jpg 1024w, https:\/\/www.pro-vo.at\/wp-content\/uploads\/2025\/07\/Logo-f-Website-mit-P_02.jpg 1134w\" sizes=\"auto, (max-width: 150px) 100vw, 150px\" \/><\/a><\/p>\n<\/div>\n<\/div><\/div><\/div><div id=\"pgc-14-1-2\"  class=\"panel-grid-cell\" ><div id=\"panel-14-1-2-0\" class=\"so-panel widget widget_sow-editor panel-first-child panel-last-child\" data-index=\"3\" ><div\n\t\t\t\n\t\t\tclass=\"so-widget-sow-editor so-widget-sow-editor-base\"\n\t\t\t\n\t\t>\n<div class=\"siteorigin-widget-tinymce textwidget\">\n\t<p><a href=\"http:\/\/www.pro-vo.at\/index.php\/lehrer\/\"><img loading=\"lazy\" decoding=\"async\" class=\"startseite-img aligncenter wp-image-4005 size-full\" src=\"http:\/\/www.pro-vo.at\/wp-content\/uploads\/2018\/01\/team.png\" alt=\"\" width=\"200\" height=\"115\" \/><\/a><\/p>\n<\/div>\n<\/div><\/div><\/div><\/div><\/div><div id=\"pg-14-2\"  class=\"panel-grid panel-no-style\" ><div id=\"pgc-14-2-0\"  class=\"panel-grid-cell panel-grid-cell-empty\" ><\/div><\/div><\/div>","protected":false},"excerpt":{"rendered":"<p>&#8222;Ausschlie\u00dflich in der Atmosph\u00e4re eines achtsamen Umgangs kann Kreativit\u00e4t gef\u00f6rdert werden und Freude an der Musik entstehen.&#8220; \u00a0<\/p>\n","protected":false},"author":2,"featured_media":0,"parent":0,"menu_order":0,"comment_status":"closed","ping_status":"closed","template":"","meta":{"footnotes":""},"class_list":["post-14","page","type-page","status-publish"],"_links":{"self":[{"href":"https:\/\/www.pro-vo.at\/index.php\/wp-json\/wp\/v2\/pages\/14","targetHints":{"allow":["GET"]}}],"collection":[{"href":"https:\/\/www.pro-vo.at\/index.php\/wp-json\/wp\/v2\/pages"}],"about":[{"href":"https:\/\/www.pro-vo.at\/index.php\/wp-json\/wp\/v2\/types\/page"}],"author":[{"embeddable":true,"href":"https:\/\/www.pro-vo.at\/index.php\/wp-json\/wp\/v2\/users\/2"}],"replies":[{"embeddable":true,"href":"https:\/\/www.pro-vo.at\/index.php\/wp-json\/wp\/v2\/comments?post=14"}],"version-history":[{"count":108,"href":"https:\/\/www.pro-vo.at\/index.php\/wp-json\/wp\/v2\/pages\/14\/revisions"}],"predecessor-version":[{"id":6911,"href":"https:\/\/www.pro-vo.at\/index.php\/wp-json\/wp\/v2\/pages\/14\/revisions\/6911"}],"wp:attachment":[{"href":"https:\/\/www.pro-vo.at\/index.php\/wp-json\/wp\/v2\/media?parent=14"}],"curies":[{"name":"wp","href":"https:\/\/api.w.org\/{rel}","templated":true}]}}