{"id":1394,"date":"2017-10-13T13:12:56","date_gmt":"2017-10-13T13:12:56","guid":{"rendered":"http:\/\/www.pro-vo.at\/?page_id=1394"},"modified":"2017-10-14T15:53:26","modified_gmt":"2017-10-14T15:53:26","slug":"1394-2","status":"publish","type":"page","link":"https:\/\/www.pro-vo.at\/index.php\/chronik\/1394-2\/","title":{"rendered":"Ensemble 01 2016"},"content":{"rendered":"<h1>Ensemble Night<\/h1>\n<p>Freitag, 22. J\u00e4nner 2016<br \/>\n20 Uhr<br \/>\nKonzertkeller Taktlos<br \/>\nDornbacherstra\u00dfe 107<br \/>\n1170 Wien<\/p>\n<h3>querbeet<\/h3>\n<p>Karin Finda-Ranftl, voc<br \/>\nGundula H\u00fcttl, voc<br \/>\nMichael Sch\u00fcrz, git<br \/>\nMartin Sch\u00f6nlieb, git<br \/>\nspecial guest: Walter M\u00fcller, dr<\/p>\n<p>&nbsp;<\/p>\n<h3>Mondays Blues<\/h3>\n<p>Sharon Anegg, voc<br \/>\nMichael Kromer, bass<br \/>\nWalter M\u00fcller, dr<br \/>\nMichael Otto, git<br \/>\nMarcus Parenzan, perc<br \/>\nVeronika Wirth, key<br \/>\nMartin Sch\u00f6nlieb, git<\/p>\n<p><a href=\"http:\/\/www.pro-vo.at\/wp-content\/uploads\/2017\/10\/001-1.jpg\" data-rel=\"lightbox-gallery-jMwRaA6U\" data-rl_title=\"001\" data-rl_caption=\"\" title=\"001\"><img loading=\"lazy\" decoding=\"async\" class=\"alignnone size-thumbnail wp-image-1395\" src=\"http:\/\/www.pro-vo.at\/wp-content\/uploads\/2017\/10\/001-1-150x150.jpg\" alt=\"\" width=\"150\" height=\"150\" \/><\/a> <a href=\"http:\/\/www.pro-vo.at\/wp-content\/uploads\/2017\/10\/002-1.jpg\" data-rel=\"lightbox-gallery-jMwRaA6U\" data-rl_title=\"002\" data-rl_caption=\"\" title=\"002\"><img loading=\"lazy\" decoding=\"async\" class=\"alignnone size-thumbnail wp-image-1396\" src=\"http:\/\/www.pro-vo.at\/wp-content\/uploads\/2017\/10\/002-1-150x150.jpg\" alt=\"\" width=\"150\" height=\"150\" \/><\/a> <a href=\"http:\/\/www.pro-vo.at\/wp-content\/uploads\/2017\/10\/003-1.jpg\" data-rel=\"lightbox-gallery-jMwRaA6U\" data-rl_title=\"003\" data-rl_caption=\"\" title=\"003\"><img loading=\"lazy\" decoding=\"async\" class=\"alignnone size-thumbnail wp-image-1397\" src=\"http:\/\/www.pro-vo.at\/wp-content\/uploads\/2017\/10\/003-1-150x150.jpg\" alt=\"\" width=\"150\" height=\"150\" \/><\/a><br \/>\n<a href=\"http:\/\/www.pro-vo.at\/wp-content\/uploads\/2017\/10\/004-1.jpg\" data-rel=\"lightbox-gallery-jMwRaA6U\" data-rl_title=\"004\" data-rl_caption=\"\" title=\"004\"><img loading=\"lazy\" decoding=\"async\" class=\"alignnone size-thumbnail wp-image-1398\" src=\"http:\/\/www.pro-vo.at\/wp-content\/uploads\/2017\/10\/004-1-150x150.jpg\" alt=\"\" width=\"150\" height=\"150\" \/><\/a> <a href=\"http:\/\/www.pro-vo.at\/wp-content\/uploads\/2017\/10\/005-1.jpg\" data-rel=\"lightbox-gallery-jMwRaA6U\" data-rl_title=\"005\" data-rl_caption=\"\" title=\"005\"><img loading=\"lazy\" decoding=\"async\" class=\"alignnone size-thumbnail wp-image-1399\" src=\"http:\/\/www.pro-vo.at\/wp-content\/uploads\/2017\/10\/005-1-150x150.jpg\" alt=\"\" width=\"150\" height=\"150\" \/><\/a> <a href=\"http:\/\/www.pro-vo.at\/wp-content\/uploads\/2017\/10\/006-1.jpg\" data-rel=\"lightbox-gallery-jMwRaA6U\" data-rl_title=\"006\" data-rl_caption=\"\" title=\"006\"><img loading=\"lazy\" decoding=\"async\" class=\"alignnone size-thumbnail wp-image-1400\" src=\"http:\/\/www.pro-vo.at\/wp-content\/uploads\/2017\/10\/006-1-150x150.jpg\" alt=\"\" width=\"150\" height=\"150\" \/><\/a><br \/>\n<a href=\"http:\/\/www.pro-vo.at\/wp-content\/uploads\/2017\/10\/007-1.jpg\" data-rel=\"lightbox-gallery-jMwRaA6U\" data-rl_title=\"007\" data-rl_caption=\"\" title=\"007\"><img loading=\"lazy\" decoding=\"async\" class=\"alignnone size-thumbnail wp-image-1401\" src=\"http:\/\/www.pro-vo.at\/wp-content\/uploads\/2017\/10\/007-1-150x150.jpg\" alt=\"\" width=\"150\" height=\"150\" \/><\/a> <a href=\"http:\/\/www.pro-vo.at\/wp-content\/uploads\/2017\/10\/008-1.jpg\" data-rel=\"lightbox-gallery-jMwRaA6U\" data-rl_title=\"008\" data-rl_caption=\"\" title=\"008\"><img loading=\"lazy\" decoding=\"async\" class=\"alignnone size-thumbnail wp-image-1402\" src=\"http:\/\/www.pro-vo.at\/wp-content\/uploads\/2017\/10\/008-1-150x150.jpg\" alt=\"\" width=\"150\" height=\"150\" \/><\/a> <a href=\"http:\/\/www.pro-vo.at\/wp-content\/uploads\/2017\/10\/009-1.jpg\" data-rel=\"lightbox-gallery-jMwRaA6U\" data-rl_title=\"009\" data-rl_caption=\"\" title=\"009\"><img loading=\"lazy\" decoding=\"async\" class=\"alignnone size-thumbnail wp-image-1403\" src=\"http:\/\/www.pro-vo.at\/wp-content\/uploads\/2017\/10\/009-1-150x150.jpg\" alt=\"\" width=\"150\" height=\"150\" \/><\/a><br \/>\n<a href=\"http:\/\/www.pro-vo.at\/wp-content\/uploads\/2017\/10\/010-1.jpg\" data-rel=\"lightbox-gallery-jMwRaA6U\" data-rl_title=\"010\" data-rl_caption=\"\" title=\"010\"><img loading=\"lazy\" decoding=\"async\" class=\"alignnone size-thumbnail wp-image-1404\" src=\"http:\/\/www.pro-vo.at\/wp-content\/uploads\/2017\/10\/010-1-150x150.jpg\" alt=\"\" width=\"150\" height=\"150\" \/><\/a> <a href=\"http:\/\/www.pro-vo.at\/wp-content\/uploads\/2017\/10\/011-1.jpg\" data-rel=\"lightbox-gallery-jMwRaA6U\" data-rl_title=\"011\" data-rl_caption=\"\" title=\"011\"><img loading=\"lazy\" decoding=\"async\" class=\"alignnone size-thumbnail wp-image-1405\" src=\"http:\/\/www.pro-vo.at\/wp-content\/uploads\/2017\/10\/011-1-150x150.jpg\" alt=\"\" width=\"150\" height=\"150\" \/><\/a><br \/>\n<a href=\"http:\/\/www.pro-vo.at\/wp-content\/uploads\/2017\/10\/Foto-Mondays-blues.jpg\" data-rel=\"lightbox-gallery-jMwRaA6U\" data-rl_title=\"Foto-Mondays-blues\" data-rl_caption=\"\" title=\"Foto-Mondays-blues\"><img loading=\"lazy\" decoding=\"async\" class=\"alignnone size-thumbnail wp-image-1406\" src=\"http:\/\/www.pro-vo.at\/wp-content\/uploads\/2017\/10\/Foto-Mondays-blues-150x150.jpg\" alt=\"\" width=\"150\" height=\"150\" \/><\/a><\/p>\n<p>Reservierung &amp; Information:<br \/>\nKonzertkeller Taktlos<br \/>\nStefan Weichinger<br \/>\nDornbacherstra\u00dfe 107<br \/>\n1170 Wien<br \/>\n0677 6 123 888 1<br \/>\nstefan@weichinger.eu<br \/>\n<a href=\"http:\/\/www.taktlos.club\">www.taktlos.club<\/a><\/p>\n<p><a href=\"http:\/\/chronik\">Zur\u00fcck zur Chronik<\/a><\/p>\n<p>&nbsp;<\/p>\n","protected":false},"excerpt":{"rendered":"<p>Ensemble Night Freitag, 22. J\u00e4nner 2016 20 Uhr Konzertkeller Taktlos Dornbacherstra\u00dfe 107 1170 Wien querbeet Karin Finda-Ranftl, voc Gundula H\u00fcttl, voc Michael Sch\u00fcrz, git Martin Sch\u00f6nlieb, git special guest: Walter M\u00fcller, dr &nbsp; Mondays Blues Sharon Anegg, voc Michael Kromer, bass Walter M\u00fcller, dr Michael Otto, git Marcus Parenzan, perc Veronika Wirth, key Martin Sch\u00f6nlieb, &#8230; <a title=\"Ensemble 01 2016\" class=\"read-more\" href=\"https:\/\/www.pro-vo.at\/index.php\/chronik\/1394-2\/\" aria-label=\"Mehr Informationen \u00fcber Ensemble 01 2016\">Weiterlesen<\/a><\/p>\n","protected":false},"author":1,"featured_media":0,"parent":28,"menu_order":0,"comment_status":"closed","ping_status":"closed","template":"","meta":{"footnotes":""},"class_list":["post-1394","page","type-page","status-publish"],"_links":{"self":[{"href":"https:\/\/www.pro-vo.at\/index.php\/wp-json\/wp\/v2\/pages\/1394","targetHints":{"allow":["GET"]}}],"collection":[{"href":"https:\/\/www.pro-vo.at\/index.php\/wp-json\/wp\/v2\/pages"}],"about":[{"href":"https:\/\/www.pro-vo.at\/index.php\/wp-json\/wp\/v2\/types\/page"}],"author":[{"embeddable":true,"href":"https:\/\/www.pro-vo.at\/index.php\/wp-json\/wp\/v2\/users\/1"}],"replies":[{"embeddable":true,"href":"https:\/\/www.pro-vo.at\/index.php\/wp-json\/wp\/v2\/comments?post=1394"}],"version-history":[{"count":3,"href":"https:\/\/www.pro-vo.at\/index.php\/wp-json\/wp\/v2\/pages\/1394\/revisions"}],"predecessor-version":[{"id":1409,"href":"https:\/\/www.pro-vo.at\/index.php\/wp-json\/wp\/v2\/pages\/1394\/revisions\/1409"}],"up":[{"embeddable":true,"href":"https:\/\/www.pro-vo.at\/index.php\/wp-json\/wp\/v2\/pages\/28"}],"wp:attachment":[{"href":"https:\/\/www.pro-vo.at\/index.php\/wp-json\/wp\/v2\/media?parent=1394"}],"curies":[{"name":"wp","href":"https:\/\/api.w.org\/{rel}","templated":true}]}}