{"id":1375,"date":"2017-10-13T13:06:34","date_gmt":"2017-10-13T13:06:34","guid":{"rendered":"http:\/\/www.pro-vo.at\/?page_id=1375"},"modified":"2017-10-14T15:54:22","modified_gmt":"2017-10-14T15:54:22","slug":"schueler-fuer-schueler","status":"publish","type":"page","link":"https:\/\/www.pro-vo.at\/index.php\/chronik\/schueler-fuer-schueler\/","title":{"rendered":"Sch\u00fcler f\u00fcr Sch\u00fcler"},"content":{"rendered":"<h1>Klassenabend Fl\u00f6te, Klavier und Saxophon<\/h1>\n<p>Sch\u00fcler spielen f\u00fcr Sch\u00fcler &#8211;<br \/>\neine Veranstaltung nur f\u00fcr Kinder und Jugendliche<br \/>\n(ohne Erwachsene&#8230;)<\/p>\n<p>Samstag, 12. M\u00e4rz 2016<br \/>\n17 Uhr<br \/>\nGro\u00dfer Veranstaltungsraum. pro-vo<\/p>\n<p>Es musizieren Sch\u00fcler und Sch\u00fclerinnen von<br \/>\nElisabeth Jungmayer-K\u00f6gler<br \/>\nSeverin Chen<br \/>\nThomas Grimm<\/p>\n<p><a href=\"http:\/\/www.pro-vo.at\/wp-content\/uploads\/2017\/10\/001.jpg\" data-rel=\"lightbox-gallery-kISs4awp\" data-rl_title=\"001\" data-rl_caption=\"\" title=\"001\"><img loading=\"lazy\" decoding=\"async\" class=\"alignnone size-thumbnail wp-image-1376\" src=\"http:\/\/www.pro-vo.at\/wp-content\/uploads\/2017\/10\/001-150x150.jpg\" alt=\"\" width=\"150\" height=\"150\" \/><\/a> <a href=\"http:\/\/www.pro-vo.at\/wp-content\/uploads\/2017\/10\/002.jpg\" data-rel=\"lightbox-gallery-kISs4awp\" data-rl_title=\"002\" data-rl_caption=\"\" title=\"002\"><img loading=\"lazy\" decoding=\"async\" class=\"alignnone size-thumbnail wp-image-1377\" src=\"http:\/\/www.pro-vo.at\/wp-content\/uploads\/2017\/10\/002-150x150.jpg\" alt=\"\" width=\"150\" height=\"150\" \/><\/a> <a href=\"http:\/\/www.pro-vo.at\/wp-content\/uploads\/2017\/10\/003.jpg\" data-rel=\"lightbox-gallery-kISs4awp\" data-rl_title=\"003\" data-rl_caption=\"\" title=\"003\"><img loading=\"lazy\" decoding=\"async\" class=\"alignnone size-thumbnail wp-image-1378\" src=\"http:\/\/www.pro-vo.at\/wp-content\/uploads\/2017\/10\/003-150x150.jpg\" alt=\"\" width=\"150\" height=\"150\" \/><\/a> <a href=\"http:\/\/www.pro-vo.at\/wp-content\/uploads\/2017\/10\/004.jpg\" data-rel=\"lightbox-gallery-kISs4awp\" data-rl_title=\"004\" data-rl_caption=\"\" title=\"004\"><img loading=\"lazy\" decoding=\"async\" class=\"alignnone size-thumbnail wp-image-1379\" src=\"http:\/\/www.pro-vo.at\/wp-content\/uploads\/2017\/10\/004-150x150.jpg\" alt=\"\" width=\"150\" height=\"150\" \/><\/a> <a href=\"http:\/\/www.pro-vo.at\/wp-content\/uploads\/2017\/10\/005.jpg\" data-rel=\"lightbox-gallery-kISs4awp\" data-rl_title=\"005\" data-rl_caption=\"\" title=\"005\"><img loading=\"lazy\" decoding=\"async\" class=\"alignnone size-thumbnail wp-image-1380\" src=\"http:\/\/www.pro-vo.at\/wp-content\/uploads\/2017\/10\/005-150x150.jpg\" alt=\"\" width=\"150\" height=\"150\" \/><\/a> <a href=\"http:\/\/www.pro-vo.at\/wp-content\/uploads\/2017\/10\/006.jpg\" data-rel=\"lightbox-gallery-kISs4awp\" data-rl_title=\"006\" data-rl_caption=\"\" title=\"006\"><img loading=\"lazy\" decoding=\"async\" class=\"alignnone size-thumbnail wp-image-1381\" src=\"http:\/\/www.pro-vo.at\/wp-content\/uploads\/2017\/10\/006-150x150.jpg\" alt=\"\" width=\"150\" height=\"150\" \/><\/a> <a href=\"http:\/\/www.pro-vo.at\/wp-content\/uploads\/2017\/10\/007.jpg\" data-rel=\"lightbox-gallery-kISs4awp\" data-rl_title=\"007\" data-rl_caption=\"\" title=\"007\"><img loading=\"lazy\" decoding=\"async\" class=\"alignnone size-thumbnail wp-image-1382\" src=\"http:\/\/www.pro-vo.at\/wp-content\/uploads\/2017\/10\/007-150x150.jpg\" alt=\"\" width=\"150\" height=\"150\" \/><\/a> <a href=\"http:\/\/www.pro-vo.at\/wp-content\/uploads\/2017\/10\/008.jpg\" data-rel=\"lightbox-gallery-kISs4awp\" data-rl_title=\"008\" data-rl_caption=\"\" title=\"008\"><img loading=\"lazy\" decoding=\"async\" class=\"alignnone size-thumbnail wp-image-1383\" src=\"http:\/\/www.pro-vo.at\/wp-content\/uploads\/2017\/10\/008-150x150.jpg\" alt=\"\" width=\"150\" height=\"150\" \/><\/a> <a href=\"http:\/\/www.pro-vo.at\/wp-content\/uploads\/2017\/10\/009.jpg\" data-rel=\"lightbox-gallery-kISs4awp\" data-rl_title=\"009\" data-rl_caption=\"\" title=\"009\"><img loading=\"lazy\" decoding=\"async\" class=\"alignnone size-thumbnail wp-image-1384\" src=\"http:\/\/www.pro-vo.at\/wp-content\/uploads\/2017\/10\/009-150x150.jpg\" alt=\"\" width=\"150\" height=\"150\" \/><\/a> <a href=\"http:\/\/www.pro-vo.at\/wp-content\/uploads\/2017\/10\/010.jpg\" data-rel=\"lightbox-gallery-kISs4awp\" data-rl_title=\"010\" data-rl_caption=\"\" title=\"010\"><img loading=\"lazy\" decoding=\"async\" class=\"alignnone size-thumbnail wp-image-1385\" src=\"http:\/\/www.pro-vo.at\/wp-content\/uploads\/2017\/10\/010-150x150.jpg\" alt=\"\" width=\"150\" height=\"150\" \/><\/a> <a href=\"http:\/\/www.pro-vo.at\/wp-content\/uploads\/2017\/10\/011.jpg\" data-rel=\"lightbox-gallery-kISs4awp\" data-rl_title=\"011\" data-rl_caption=\"\" title=\"011\"><img loading=\"lazy\" decoding=\"async\" class=\"alignnone size-thumbnail wp-image-1386\" src=\"http:\/\/www.pro-vo.at\/wp-content\/uploads\/2017\/10\/011-150x150.jpg\" alt=\"\" width=\"150\" height=\"150\" \/><\/a> <a href=\"http:\/\/www.pro-vo.at\/wp-content\/uploads\/2017\/10\/014.jpg\" data-rel=\"lightbox-gallery-kISs4awp\" data-rl_title=\"014\" data-rl_caption=\"\" title=\"014\"><img loading=\"lazy\" decoding=\"async\" class=\"alignnone size-thumbnail wp-image-1387\" src=\"http:\/\/www.pro-vo.at\/wp-content\/uploads\/2017\/10\/014-150x150.jpg\" alt=\"\" width=\"150\" height=\"150\" \/><\/a> <a href=\"http:\/\/www.pro-vo.at\/wp-content\/uploads\/2017\/10\/015.jpg\" data-rel=\"lightbox-gallery-kISs4awp\" data-rl_title=\"015\" data-rl_caption=\"\" title=\"015\"><img loading=\"lazy\" decoding=\"async\" class=\"alignnone size-thumbnail wp-image-1388\" src=\"http:\/\/www.pro-vo.at\/wp-content\/uploads\/2017\/10\/015-150x150.jpg\" alt=\"\" width=\"150\" height=\"150\" \/><\/a> <a href=\"http:\/\/www.pro-vo.at\/wp-content\/uploads\/2017\/10\/018.jpg\" data-rel=\"lightbox-gallery-kISs4awp\" data-rl_title=\"018\" data-rl_caption=\"\" title=\"018\"><img loading=\"lazy\" decoding=\"async\" class=\"alignnone size-thumbnail wp-image-1389\" src=\"http:\/\/www.pro-vo.at\/wp-content\/uploads\/2017\/10\/018-150x150.jpg\" alt=\"\" width=\"150\" height=\"150\" \/><\/a> <a href=\"http:\/\/www.pro-vo.at\/wp-content\/uploads\/2017\/10\/019.jpg\" data-rel=\"lightbox-gallery-kISs4awp\" data-rl_title=\"019\" data-rl_caption=\"\" title=\"019\"><img loading=\"lazy\" decoding=\"async\" class=\"alignnone size-thumbnail wp-image-1390\" src=\"http:\/\/www.pro-vo.at\/wp-content\/uploads\/2017\/10\/019-150x150.jpg\" alt=\"\" width=\"150\" height=\"150\" \/><\/a> <a href=\"http:\/\/www.pro-vo.at\/wp-content\/uploads\/2017\/10\/020.jpg\" data-rel=\"lightbox-gallery-kISs4awp\" data-rl_title=\"020\" data-rl_caption=\"\" title=\"020\"><img loading=\"lazy\" decoding=\"async\" class=\"alignnone size-thumbnail wp-image-1391\" src=\"http:\/\/www.pro-vo.at\/wp-content\/uploads\/2017\/10\/020-150x150.jpg\" alt=\"\" width=\"150\" height=\"150\" \/><\/a><\/p>\n<p>Regenwalzer<br \/>\nJohanna \u00a0*<\/p>\n<p>Heute gro\u00dfes Pizzaessen<br \/>\nErik \u00a0*<\/p>\n<p>Maulwurf<br \/>\nSimon \u00a0*<\/p>\n<p>Im Gallopp<br \/>\nLotte \u00a0*<\/p>\n<p>Polka<br \/>\nAnna \u00a0\u00b0<br \/>\nBoogie<br \/>\nGideon \u00a0*<\/p>\n<p>Bella Bimba<br \/>\nRonja \u00a0\u00b0<\/p>\n<p>Skinny Love<br \/>\nPaulina \u00a0*<br \/>\nHigh Voltage<br \/>\nMelda \u00a0*<br \/>\nSalut d&#8217;Amour<br \/>\nAbby \u00a0*<\/p>\n<p>Smuggler&#8217;s Cove<br \/>\nCarla \u00a0und Abby \u00a0*<\/p>\n<p>Shining in the Sky<br \/>\nRuben \u00a0*<\/p>\n<p>The Galway Piper<br \/>\nIsadora \u00a0\u00b0<\/p>\n<p>L\u00e4ndler<br \/>\nIsadora \u00a0\u00b0 und Gideon \u00a0*<br \/>\nWiegenlied<br \/>\nMarie \u00a0*<\/p>\n<p>F\u00fcr Elise<br \/>\nKira \u00a0*<br \/>\nSolo<br \/>\nvon Lena \u00a0\u00b0<\/p>\n<p>&#8218;Addams Family&#8216; Theme<br \/>\n&#8218;Bob the Builder&#8216; Theme<br \/>\nLena \u00a0\u00b0 und Kira \u00a0\u00b0<\/p>\n<p>Klasse Elisabeth Jungmayer-K\u00f6gler \u00b0<br \/>\nKlasse Severin Chen *<br \/>\nKlasse Thomas Grimm&#8211;<\/p>\n<p><a href=\"http:\/\/chronik\">Zur\u00fcck zur Chronik<\/a><\/p>\n","protected":false},"excerpt":{"rendered":"<p>Klassenabend Fl\u00f6te, Klavier und Saxophon Sch\u00fcler spielen f\u00fcr Sch\u00fcler &#8211; eine Veranstaltung nur f\u00fcr Kinder und Jugendliche (ohne Erwachsene&#8230;) Samstag, 12. M\u00e4rz 2016 17 Uhr Gro\u00dfer Veranstaltungsraum. pro-vo Es musizieren Sch\u00fcler und Sch\u00fclerinnen von Elisabeth Jungmayer-K\u00f6gler Severin Chen Thomas Grimm Regenwalzer Johanna \u00a0* Heute gro\u00dfes Pizzaessen Erik \u00a0* Maulwurf Simon \u00a0* Im Gallopp Lotte \u00a0* &#8230; <a title=\"Sch\u00fcler f\u00fcr Sch\u00fcler\" class=\"read-more\" href=\"https:\/\/www.pro-vo.at\/index.php\/chronik\/schueler-fuer-schueler\/\" aria-label=\"Mehr Informationen \u00fcber Sch\u00fcler f\u00fcr Sch\u00fcler\">Weiterlesen<\/a><\/p>\n","protected":false},"author":1,"featured_media":0,"parent":28,"menu_order":0,"comment_status":"closed","ping_status":"closed","template":"","meta":{"footnotes":""},"class_list":["post-1375","page","type-page","status-publish"],"_links":{"self":[{"href":"https:\/\/www.pro-vo.at\/index.php\/wp-json\/wp\/v2\/pages\/1375","targetHints":{"allow":["GET"]}}],"collection":[{"href":"https:\/\/www.pro-vo.at\/index.php\/wp-json\/wp\/v2\/pages"}],"about":[{"href":"https:\/\/www.pro-vo.at\/index.php\/wp-json\/wp\/v2\/types\/page"}],"author":[{"embeddable":true,"href":"https:\/\/www.pro-vo.at\/index.php\/wp-json\/wp\/v2\/users\/1"}],"replies":[{"embeddable":true,"href":"https:\/\/www.pro-vo.at\/index.php\/wp-json\/wp\/v2\/comments?post=1375"}],"version-history":[{"count":1,"href":"https:\/\/www.pro-vo.at\/index.php\/wp-json\/wp\/v2\/pages\/1375\/revisions"}],"predecessor-version":[{"id":1392,"href":"https:\/\/www.pro-vo.at\/index.php\/wp-json\/wp\/v2\/pages\/1375\/revisions\/1392"}],"up":[{"embeddable":true,"href":"https:\/\/www.pro-vo.at\/index.php\/wp-json\/wp\/v2\/pages\/28"}],"wp:attachment":[{"href":"https:\/\/www.pro-vo.at\/index.php\/wp-json\/wp\/v2\/media?parent=1375"}],"curies":[{"name":"wp","href":"https:\/\/api.w.org\/{rel}","templated":true}]}}