{"id":1229,"date":"2017-09-26T14:21:27","date_gmt":"2017-09-26T14:21:27","guid":{"rendered":"http:\/\/www.pro-vo.at\/?page_id=1229"},"modified":"2017-09-26T14:21:27","modified_gmt":"2017-09-26T14:21:27","slug":"akt-fotoshooting","status":"publish","type":"page","link":"https:\/\/www.pro-vo.at\/index.php\/chronik\/akt-fotoshooting\/","title":{"rendered":"Akt Fotoshooting"},"content":{"rendered":"<h1>Akt-Fotoshooting<\/h1>\n<p>K\u00fcnstlerische Aktfotografie<br \/>\nmit weiblichem Modell<br \/>\nDonnerstag, 28. Februar 2002<br \/>\nvon 19 &#8211; 20 Uhr<\/p>\n<p>Es konnten Fotos mit folgenden Hintergr\u00fcnden gemacht werden:<br \/>\n&#8211; bei der Staffelei<br \/>\n&#8211; beim Klavier<br \/>\n&#8211; beim Kaffeehaustisch<br \/>\n&#8211; am roten Sofa<\/p>\n<p>Einige der beim Fotoshooting entstandenen Fotos<br \/>\nsind in der Pro-Vokation ausgestellt<br \/>\nund k\u00f6nnen bei freiem Eintritt<br \/>\nw\u00e4hrend der \u00d6ffnungszeiten<br \/>\nbesichtigt und k\u00e4uflich erworben werden<\/p>\n<p>Die Fotos auf dieser Homepage wurden<br \/>\nnacht\u00e4glich k\u00fcnstlerisch bearbeitet.<br \/>\nWir weisen nochmals darauf hin, dass die Fotos<br \/>\nohne ausdr\u00fccklicher Genehmigung der Pro-Vokation<br \/>\nnicht vervielf\u00e4ltigt oder ver\u00f6ffentlicht werden d\u00fcrfen<\/p>\n<p><a href=\"http:\/\/www.pro-vo.at\/wp-content\/uploads\/2017\/09\/akt5.jpg\" data-rel=\"lightbox-gallery-ZkUeDunr\" data-rl_title=\"akt5\" data-rl_caption=\"\" title=\"akt5\"><img loading=\"lazy\" decoding=\"async\" class=\"alignnone size-thumbnail wp-image-1230\" src=\"http:\/\/www.pro-vo.at\/wp-content\/uploads\/2017\/09\/akt5-150x150.jpg\" alt=\"\" width=\"150\" height=\"150\" \/><\/a> <a href=\"http:\/\/www.pro-vo.at\/wp-content\/uploads\/2017\/09\/akt6.jpg\" data-rel=\"lightbox-gallery-ZkUeDunr\" data-rl_title=\"akt6\" data-rl_caption=\"\" title=\"akt6\"><img loading=\"lazy\" decoding=\"async\" class=\"alignnone size-thumbnail wp-image-1231\" src=\"http:\/\/www.pro-vo.at\/wp-content\/uploads\/2017\/09\/akt6-150x150.jpg\" alt=\"\" width=\"150\" height=\"150\" \/><\/a> <a href=\"http:\/\/www.pro-vo.at\/wp-content\/uploads\/2017\/09\/akt4.jpg\" data-rel=\"lightbox-gallery-ZkUeDunr\" data-rl_title=\"akt4\" data-rl_caption=\"\" title=\"akt4\"><img loading=\"lazy\" decoding=\"async\" class=\"alignnone size-thumbnail wp-image-1232\" src=\"http:\/\/www.pro-vo.at\/wp-content\/uploads\/2017\/09\/akt4-150x150.jpg\" alt=\"\" width=\"150\" height=\"150\" \/><\/a><\/p>\n<p><a href=\"http:\/\/www.pro-vo.at\/index.php\/chronik\/\">Zur\u00fcck zur Chronik<\/a><\/p>\n","protected":false},"excerpt":{"rendered":"<p>Akt-Fotoshooting K\u00fcnstlerische Aktfotografie mit weiblichem Modell Donnerstag, 28. Februar 2002 von 19 &#8211; 20 Uhr Es konnten Fotos mit folgenden Hintergr\u00fcnden gemacht werden: &#8211; bei der Staffelei &#8211; beim Klavier &#8211; beim Kaffeehaustisch &#8211; am roten Sofa Einige der beim Fotoshooting entstandenen Fotos sind in der Pro-Vokation ausgestellt und k\u00f6nnen bei freiem Eintritt w\u00e4hrend der &#8230; <a title=\"Akt Fotoshooting\" class=\"read-more\" href=\"https:\/\/www.pro-vo.at\/index.php\/chronik\/akt-fotoshooting\/\" aria-label=\"Mehr Informationen \u00fcber Akt Fotoshooting\">Weiterlesen<\/a><\/p>\n","protected":false},"author":1,"featured_media":0,"parent":28,"menu_order":0,"comment_status":"closed","ping_status":"closed","template":"","meta":{"footnotes":""},"class_list":["post-1229","page","type-page","status-publish"],"_links":{"self":[{"href":"https:\/\/www.pro-vo.at\/index.php\/wp-json\/wp\/v2\/pages\/1229","targetHints":{"allow":["GET"]}}],"collection":[{"href":"https:\/\/www.pro-vo.at\/index.php\/wp-json\/wp\/v2\/pages"}],"about":[{"href":"https:\/\/www.pro-vo.at\/index.php\/wp-json\/wp\/v2\/types\/page"}],"author":[{"embeddable":true,"href":"https:\/\/www.pro-vo.at\/index.php\/wp-json\/wp\/v2\/users\/1"}],"replies":[{"embeddable":true,"href":"https:\/\/www.pro-vo.at\/index.php\/wp-json\/wp\/v2\/comments?post=1229"}],"version-history":[{"count":1,"href":"https:\/\/www.pro-vo.at\/index.php\/wp-json\/wp\/v2\/pages\/1229\/revisions"}],"predecessor-version":[{"id":1233,"href":"https:\/\/www.pro-vo.at\/index.php\/wp-json\/wp\/v2\/pages\/1229\/revisions\/1233"}],"up":[{"embeddable":true,"href":"https:\/\/www.pro-vo.at\/index.php\/wp-json\/wp\/v2\/pages\/28"}],"wp:attachment":[{"href":"https:\/\/www.pro-vo.at\/index.php\/wp-json\/wp\/v2\/media?parent=1229"}],"curies":[{"name":"wp","href":"https:\/\/api.w.org\/{rel}","templated":true}]}}