{"id":1201,"date":"2017-09-26T14:11:35","date_gmt":"2017-09-26T14:11:35","guid":{"rendered":"http:\/\/www.pro-vo.at\/?page_id=1201"},"modified":"2017-09-26T14:11:35","modified_gmt":"2017-09-26T14:11:35","slug":"projektgruppe-senso","status":"publish","type":"page","link":"https:\/\/www.pro-vo.at\/index.php\/chronik\/projektgruppe-senso\/","title":{"rendered":"Projektgruppe Senso"},"content":{"rendered":"<h1>Ausstellung Projektgruppe SENSO<\/h1>\n<p>Johann KANZ<br \/>\nRudolf NIEDERHUEMER<br \/>\nAlbina RINGEL<br \/>\nSusanna SIEMONS<br \/>\n<a href=\"http:\/\/www.pro-vo.at\/wp-content\/uploads\/2017\/09\/senso1.jpg\" data-rel=\"lightbox-gallery-3pNXsPnE\" data-rl_title=\"senso1\" data-rl_caption=\"\" title=\"senso1\"><img loading=\"lazy\" decoding=\"async\" class=\"alignnone size-thumbnail wp-image-1202\" src=\"http:\/\/www.pro-vo.at\/wp-content\/uploads\/2017\/09\/senso1-150x150.jpg\" alt=\"\" width=\"150\" height=\"150\" \/><\/a> <a href=\"http:\/\/www.pro-vo.at\/wp-content\/uploads\/2017\/09\/senso2.jpg\" data-rel=\"lightbox-gallery-3pNXsPnE\" data-rl_title=\"senso2\" data-rl_caption=\"\" title=\"senso2\"><img loading=\"lazy\" decoding=\"async\" class=\"alignnone size-thumbnail wp-image-1203\" src=\"http:\/\/www.pro-vo.at\/wp-content\/uploads\/2017\/09\/senso2-150x150.jpg\" alt=\"\" width=\"150\" height=\"150\" \/><\/a> <a href=\"http:\/\/www.pro-vo.at\/wp-content\/uploads\/2017\/09\/senso3.jpg\" data-rel=\"lightbox-gallery-3pNXsPnE\" data-rl_title=\"senso3\" data-rl_caption=\"\" title=\"senso3\"><img loading=\"lazy\" decoding=\"async\" class=\"alignnone size-thumbnail wp-image-1204\" src=\"http:\/\/www.pro-vo.at\/wp-content\/uploads\/2017\/09\/senso3-150x150.jpg\" alt=\"\" width=\"150\" height=\"150\" \/><\/a> <a href=\"http:\/\/www.pro-vo.at\/wp-content\/uploads\/2017\/09\/senso4.jpg\" data-rel=\"lightbox-gallery-3pNXsPnE\" data-rl_title=\"senso4\" data-rl_caption=\"\" title=\"senso4\"><img loading=\"lazy\" decoding=\"async\" class=\"alignnone size-thumbnail wp-image-1205\" src=\"http:\/\/www.pro-vo.at\/wp-content\/uploads\/2017\/09\/senso4-150x150.jpg\" alt=\"\" width=\"150\" height=\"150\" \/><\/a><\/p>\n<p>&nbsp;<\/p>\n<p>Vernissage am Freitag, 25. J\u00e4nner 2002<br \/>\n18 Uhr 30<br \/>\nDie Ausstellung wurde durch Herrn Horst Miechtner er\u00f6ffnet<\/p>\n<p>Johann KANZ<br \/>\nGeboren 1956 in Oberpullendorf<br \/>\nTechniken: Aquarell. Feder- und Kohlezeichnung.<br \/>\n\u00d6l. Acryl. Mischtechniken<br \/>\nMein Wohlbefinden bricht aus der Ruhe durch.<br \/>\nBin im dynamischen Rhythmus und suche stets formulierte weitere Ideen.<br \/>\nMit meinen Arbeiten er\u00f6ffne ich den Blick in ein Wunderreich der Natur. Setzt man meine kontr\u00e4rsten Arbeiten nebeneinander, scheinen mehrere H\u00e4nde bzw. K\u00fcnstler am Werk gewesen zu sein.<\/p>\n<p>Rudolf NIEDERHUEMER<br \/>\nGeboren 8.6.1951<br \/>\nBeruf: Ethnologe<br \/>\nBereits in der Mittelschule gro\u00dfes Interesse an Zeichnen , anschlie\u00dfend Architekturstudium an der TU Wien &#8211;<br \/>\nbei Prof.Eisenmenger Malerei und Gestaltung studiert.<br \/>\n1972 Beginn eines Psychologiestudiums , 1980 Studium der V\u00f6lkerkunde<br \/>\n1986 Kunstschulkurs an der VHS Lazarettgasse mit Diplomabschlu\u00df<br \/>\nAusstellungen:<br \/>\nWien und Tulln<br \/>\nClub CIU<br \/>\nSchlo\u00df Neuwaldegg<br \/>\nFotoausstellungen<br \/>\nT\u00f6pflhaus Penzing<br \/>\nAAI Wien und CI Payergasse 14<br \/>\nund viele Ausstellungen von Fotografie.<br \/>\nMein Anliegen: Der Betrachter gleitet \u00fcber Wahrnehmungsgewohnheiten und Ver\u00e4nderung der \u00fcblichen Sichtweise<br \/>\nin eine neue Erkenntniswelt. Andere Welten, Zauberei und M\u00e4rchen k\u00f6nnen somit allt\u00e4gliche Erkenntnisformen ver\u00e4ndern, sowie Fragen, Ideen und neue Vorstellungen entstehen lassen.<br \/>\nAlbina RINGEL<br \/>\ngeboren 1954 in Wien<br \/>\nStudierte in Wien und Kopenhagen<br \/>\nLebte und arbeitete in D\u00e4nemark und den USA.<br \/>\nDie K\u00fcnstlerin betreibt das KUNST UND PORTRAITSTUDIO ALBINA in Wien.<br \/>\nAusstellungen:<br \/>\n1978 Alte Schmiede Wien<br \/>\n1979 Teatergalleriet Kopenhagen,D\u00e4nemark<br \/>\n1979 Galleriet Presto,D\u00e4nemark<br \/>\n198o Theater im Zentrum Wien<br \/>\n1981 Galerie Regenwurm Wien<br \/>\n1982 Galerie Grenzland Wien<br \/>\n1982 Galerie Kiwi Wien<br \/>\n1983 BAWAG Wien<br \/>\n1987 Jonathan Seagull Wien<br \/>\n1987 Karl Ghega Wien<br \/>\n1988 Zentralsparkasse 1180 Wien<br \/>\n1989 Komotion Cl\u00fcb San Francisco,USA<br \/>\n1995 Rathaus Wien<br \/>\n1996 EGA Wien<br \/>\n1997 Baden Sanit\u00e4r Baden<br \/>\n1998 Galerie ARTerie Wien<br \/>\n2000 St\u00e4dt.B\u00fccherei Wien Erdberg u.v.m.,&#8230;.<\/p>\n<p>Susanna SIEMONS<br \/>\nGeboren 1960 in Wien, Studium der Handelswissenschaften mit Abschluss an der WU 1984.<br \/>\nGraphikstudium an der Wiener Kunstschule, Abschluss in der Abteilung Graphik Design 1995.<br \/>\nIm Rahmen der Ausbildung zwei Jahre Siebdruck bei Dr. Sergius Kodera, weiterf\u00fchrende Kurse im Siebdruck.<br \/>\nLehrt\u00e4tigkeit im Siebdruck an der Wiener Kunstschule und der k\u00fcnstlerischen Volkshochschule.<br \/>\nAusstellungen:<br \/>\nWiener Kunstschule 1994 und 1995<br \/>\nModepr\u00e4sentation Karin Ruprechter 1996<br \/>\nRostockvilla Klosterneuburg 1998<br \/>\nClub C.I.\/Projekt Senso 2001<\/p>\n<p><a href=\"http:\/\/www.pro-vo.at\/wp-content\/uploads\/2017\/09\/senso11.jpg\" data-rel=\"lightbox-gallery-3pNXsPnE\" data-rl_title=\"senso11\" data-rl_caption=\"\" title=\"senso11\"><img loading=\"lazy\" decoding=\"async\" class=\"alignnone size-thumbnail wp-image-1206\" src=\"http:\/\/www.pro-vo.at\/wp-content\/uploads\/2017\/09\/senso11-150x150.jpg\" alt=\"\" width=\"150\" height=\"150\" \/><\/a> <a href=\"http:\/\/www.pro-vo.at\/wp-content\/uploads\/2017\/09\/senso12.jpg\" data-rel=\"lightbox-gallery-3pNXsPnE\" data-rl_title=\"senso12\" data-rl_caption=\"\" title=\"senso12\"><img loading=\"lazy\" decoding=\"async\" class=\"alignnone size-thumbnail wp-image-1207\" src=\"http:\/\/www.pro-vo.at\/wp-content\/uploads\/2017\/09\/senso12-150x150.jpg\" alt=\"\" width=\"150\" height=\"150\" \/><\/a> <a href=\"http:\/\/www.pro-vo.at\/wp-content\/uploads\/2017\/09\/senso13.jpg\" data-rel=\"lightbox-gallery-3pNXsPnE\" data-rl_title=\"senso13\" data-rl_caption=\"\" title=\"senso13\"><img loading=\"lazy\" decoding=\"async\" class=\"alignnone size-thumbnail wp-image-1208\" src=\"http:\/\/www.pro-vo.at\/wp-content\/uploads\/2017\/09\/senso13-150x150.jpg\" alt=\"\" width=\"150\" height=\"150\" \/><\/a> <a href=\"http:\/\/www.pro-vo.at\/wp-content\/uploads\/2017\/09\/senso14.jpg\" data-rel=\"lightbox-gallery-3pNXsPnE\" data-rl_title=\"senso14\" data-rl_caption=\"\" title=\"senso14\"><img loading=\"lazy\" decoding=\"async\" class=\"alignnone size-thumbnail wp-image-1209\" src=\"http:\/\/www.pro-vo.at\/wp-content\/uploads\/2017\/09\/senso14-150x150.jpg\" alt=\"\" width=\"150\" height=\"150\" \/><\/a> <a href=\"http:\/\/www.pro-vo.at\/wp-content\/uploads\/2017\/09\/senso15.jpg\" data-rel=\"lightbox-gallery-3pNXsPnE\" data-rl_title=\"senso15\" data-rl_caption=\"\" title=\"senso15\"><img loading=\"lazy\" decoding=\"async\" class=\"alignnone size-thumbnail wp-image-1210\" src=\"http:\/\/www.pro-vo.at\/wp-content\/uploads\/2017\/09\/senso15-150x150.jpg\" alt=\"\" width=\"150\" height=\"150\" \/><\/a> <a href=\"http:\/\/www.pro-vo.at\/wp-content\/uploads\/2017\/09\/senso16.jpg\" data-rel=\"lightbox-gallery-3pNXsPnE\" data-rl_title=\"senso16\" data-rl_caption=\"\" title=\"senso16\"><img loading=\"lazy\" decoding=\"async\" class=\"alignnone size-thumbnail wp-image-1211\" src=\"http:\/\/www.pro-vo.at\/wp-content\/uploads\/2017\/09\/senso16-150x150.jpg\" alt=\"\" width=\"150\" height=\"150\" \/><\/a> <a href=\"http:\/\/www.pro-vo.at\/wp-content\/uploads\/2017\/09\/senso17.jpg\" data-rel=\"lightbox-gallery-3pNXsPnE\" data-rl_title=\"senso17\" data-rl_caption=\"\" title=\"senso17\"><img loading=\"lazy\" decoding=\"async\" class=\"alignnone size-thumbnail wp-image-1212\" src=\"http:\/\/www.pro-vo.at\/wp-content\/uploads\/2017\/09\/senso17-150x150.jpg\" alt=\"\" width=\"150\" height=\"150\" \/><\/a> <a href=\"http:\/\/www.pro-vo.at\/wp-content\/uploads\/2017\/09\/senso18.jpg\" data-rel=\"lightbox-gallery-3pNXsPnE\" data-rl_title=\"senso18\" data-rl_caption=\"\" title=\"senso18\"><img loading=\"lazy\" decoding=\"async\" class=\"alignnone size-thumbnail wp-image-1213\" src=\"http:\/\/www.pro-vo.at\/wp-content\/uploads\/2017\/09\/senso18-150x150.jpg\" alt=\"\" width=\"150\" height=\"150\" \/><\/a> <a href=\"http:\/\/www.pro-vo.at\/wp-content\/uploads\/2017\/09\/senso19.jpg\" data-rel=\"lightbox-gallery-3pNXsPnE\" data-rl_title=\"senso19\" data-rl_caption=\"\" title=\"senso19\"><img loading=\"lazy\" decoding=\"async\" class=\"alignnone size-thumbnail wp-image-1214\" src=\"http:\/\/www.pro-vo.at\/wp-content\/uploads\/2017\/09\/senso19-150x150.jpg\" alt=\"\" width=\"150\" height=\"150\" \/><\/a> <a href=\"http:\/\/www.pro-vo.at\/wp-content\/uploads\/2017\/09\/senso20.jpg\" data-rel=\"lightbox-gallery-3pNXsPnE\" data-rl_title=\"senso20\" data-rl_caption=\"\" title=\"senso20\"><img loading=\"lazy\" decoding=\"async\" class=\"alignnone size-thumbnail wp-image-1215\" src=\"http:\/\/www.pro-vo.at\/wp-content\/uploads\/2017\/09\/senso20-150x150.jpg\" alt=\"\" width=\"150\" height=\"150\" \/><\/a> <a href=\"http:\/\/www.pro-vo.at\/wp-content\/uploads\/2017\/09\/senso21.jpg\" data-rel=\"lightbox-gallery-3pNXsPnE\" data-rl_title=\"senso21\" data-rl_caption=\"\" title=\"senso21\"><img loading=\"lazy\" decoding=\"async\" class=\"alignnone size-thumbnail wp-image-1216\" src=\"http:\/\/www.pro-vo.at\/wp-content\/uploads\/2017\/09\/senso21-150x150.jpg\" alt=\"\" width=\"150\" height=\"150\" \/><\/a> <a href=\"http:\/\/www.pro-vo.at\/wp-content\/uploads\/2017\/09\/senso22.jpg\" data-rel=\"lightbox-gallery-3pNXsPnE\" data-rl_title=\"senso22\" data-rl_caption=\"\" title=\"senso22\"><img loading=\"lazy\" decoding=\"async\" class=\"alignnone size-thumbnail wp-image-1217\" src=\"http:\/\/www.pro-vo.at\/wp-content\/uploads\/2017\/09\/senso22-150x150.jpg\" alt=\"\" width=\"150\" height=\"150\" \/><\/a> <a href=\"http:\/\/www.pro-vo.at\/wp-content\/uploads\/2017\/09\/senso5.jpg\" data-rel=\"lightbox-gallery-3pNXsPnE\" data-rl_title=\"senso5\" data-rl_caption=\"\" title=\"senso5\"><img loading=\"lazy\" decoding=\"async\" class=\"alignnone size-thumbnail wp-image-1218\" src=\"http:\/\/www.pro-vo.at\/wp-content\/uploads\/2017\/09\/senso5-150x150.jpg\" alt=\"\" width=\"150\" height=\"150\" \/><\/a> <a href=\"http:\/\/www.pro-vo.at\/wp-content\/uploads\/2017\/09\/senso6.jpg\" data-rel=\"lightbox-gallery-3pNXsPnE\" data-rl_title=\"senso6\" data-rl_caption=\"\" title=\"senso6\"><img loading=\"lazy\" decoding=\"async\" class=\"alignnone size-thumbnail wp-image-1219\" src=\"http:\/\/www.pro-vo.at\/wp-content\/uploads\/2017\/09\/senso6-150x150.jpg\" alt=\"\" width=\"150\" height=\"150\" \/><\/a> <a href=\"http:\/\/www.pro-vo.at\/wp-content\/uploads\/2017\/09\/senso7.jpg\" data-rel=\"lightbox-gallery-3pNXsPnE\" data-rl_title=\"senso7\" data-rl_caption=\"\" title=\"senso7\"><img loading=\"lazy\" decoding=\"async\" class=\"alignnone size-thumbnail wp-image-1220\" src=\"http:\/\/www.pro-vo.at\/wp-content\/uploads\/2017\/09\/senso7-150x150.jpg\" alt=\"\" width=\"150\" height=\"150\" \/><\/a> <a href=\"http:\/\/www.pro-vo.at\/wp-content\/uploads\/2017\/09\/senso8.jpg\" data-rel=\"lightbox-gallery-3pNXsPnE\" data-rl_title=\"senso8\" data-rl_caption=\"\" title=\"senso8\"><img loading=\"lazy\" decoding=\"async\" class=\"alignnone size-thumbnail wp-image-1221\" src=\"http:\/\/www.pro-vo.at\/wp-content\/uploads\/2017\/09\/senso8-150x150.jpg\" alt=\"\" width=\"150\" height=\"150\" \/><\/a> <a href=\"http:\/\/www.pro-vo.at\/wp-content\/uploads\/2017\/09\/senso9.jpg\" data-rel=\"lightbox-gallery-3pNXsPnE\" data-rl_title=\"senso9\" data-rl_caption=\"\" title=\"senso9\"><img loading=\"lazy\" decoding=\"async\" class=\"alignnone size-thumbnail wp-image-1222\" src=\"http:\/\/www.pro-vo.at\/wp-content\/uploads\/2017\/09\/senso9-150x150.jpg\" alt=\"\" width=\"150\" height=\"150\" \/><\/a> <a href=\"http:\/\/www.pro-vo.at\/wp-content\/uploads\/2017\/09\/senso10.jpg\" data-rel=\"lightbox-gallery-3pNXsPnE\" data-rl_title=\"senso10\" data-rl_caption=\"\" title=\"senso10\"><img loading=\"lazy\" decoding=\"async\" class=\"alignnone size-thumbnail wp-image-1223\" src=\"http:\/\/www.pro-vo.at\/wp-content\/uploads\/2017\/09\/senso10-150x150.jpg\" alt=\"\" width=\"150\" height=\"150\" \/><\/a><\/p>\n<p><a href=\"http:\/\/www.pro-vo.at\/index.php\/chronik\/\">Zur\u00fcck zur Chronik<\/a><\/p>\n","protected":false},"excerpt":{"rendered":"<p>Ausstellung Projektgruppe SENSO Johann KANZ Rudolf NIEDERHUEMER Albina RINGEL Susanna SIEMONS &nbsp; Vernissage am Freitag, 25. J\u00e4nner 2002 18 Uhr 30 Die Ausstellung wurde durch Herrn Horst Miechtner er\u00f6ffnet Johann KANZ Geboren 1956 in Oberpullendorf Techniken: Aquarell. Feder- und Kohlezeichnung. \u00d6l. Acryl. Mischtechniken Mein Wohlbefinden bricht aus der Ruhe durch. Bin im dynamischen Rhythmus und &#8230; <a title=\"Projektgruppe Senso\" class=\"read-more\" href=\"https:\/\/www.pro-vo.at\/index.php\/chronik\/projektgruppe-senso\/\" aria-label=\"Mehr Informationen \u00fcber Projektgruppe Senso\">Weiterlesen<\/a><\/p>\n","protected":false},"author":1,"featured_media":0,"parent":28,"menu_order":0,"comment_status":"closed","ping_status":"closed","template":"","meta":{"footnotes":""},"class_list":["post-1201","page","type-page","status-publish"],"_links":{"self":[{"href":"https:\/\/www.pro-vo.at\/index.php\/wp-json\/wp\/v2\/pages\/1201","targetHints":{"allow":["GET"]}}],"collection":[{"href":"https:\/\/www.pro-vo.at\/index.php\/wp-json\/wp\/v2\/pages"}],"about":[{"href":"https:\/\/www.pro-vo.at\/index.php\/wp-json\/wp\/v2\/types\/page"}],"author":[{"embeddable":true,"href":"https:\/\/www.pro-vo.at\/index.php\/wp-json\/wp\/v2\/users\/1"}],"replies":[{"embeddable":true,"href":"https:\/\/www.pro-vo.at\/index.php\/wp-json\/wp\/v2\/comments?post=1201"}],"version-history":[{"count":1,"href":"https:\/\/www.pro-vo.at\/index.php\/wp-json\/wp\/v2\/pages\/1201\/revisions"}],"predecessor-version":[{"id":1224,"href":"https:\/\/www.pro-vo.at\/index.php\/wp-json\/wp\/v2\/pages\/1201\/revisions\/1224"}],"up":[{"embeddable":true,"href":"https:\/\/www.pro-vo.at\/index.php\/wp-json\/wp\/v2\/pages\/28"}],"wp:attachment":[{"href":"https:\/\/www.pro-vo.at\/index.php\/wp-json\/wp\/v2\/media?parent=1201"}],"curies":[{"name":"wp","href":"https:\/\/api.w.org\/{rel}","templated":true}]}}