{"id":1181,"date":"2017-09-25T06:50:42","date_gmt":"2017-09-25T06:50:42","guid":{"rendered":"http:\/\/www.pro-vo.at\/?page_id=1181"},"modified":"2017-11-22T13:49:53","modified_gmt":"2017-11-22T13:49:53","slug":"advent-2016","status":"publish","type":"page","link":"https:\/\/www.pro-vo.at\/index.php\/chronik\/advent-2016\/","title":{"rendered":"Advent 2016"},"content":{"rendered":"<h1>Adventkonzert 2016<\/h1>\n<p>Freitag, 16. Dezember 2016<br \/>\n15:30 Uhr<\/p>\n<p>Festsaal im Pflegewohnhaus<br \/>\nRudolfsheim F\u00fcnfhaus<\/p>\n<p>Kardinal Rauscher Platz 2, 1150 Wien, (schr\u00e4g gegen\u00fcber pro-vo)<\/p>\n<p>&nbsp;<\/p>\n<p>Unser Programm:<\/p>\n<p>Mirjam \u00a0\u00a0 Violine \u00a0\u00a0 Oh du fr\u00f6hliche \u00a0\u00a0 Melodie aus Sizilien<br \/>\nNele \u00a0\u00a0 Violine \u00a0\u00a0 Schneefl\u00f6cken, Wei\u00dfr\u00f6ckchen<br \/>\nLuisa \u00a0 Violine \u00a0\u00a0 Weihnachtsweise<br \/>\nDominik \u00a0\u00a0 Panfl\u00f6te \u00a0\u00a0 Melodie und Tanz aus Munterien \u00a0\u00a0 Frederick Stock<br \/>\nYesterday \u00a0\u00a0 Paul McCartney<br \/>\nAndreas \u00a0\u00a0 Klavier \u00a0\u00a0 Ode an die Freude \u00a0\u00a0 Ludwig van Beethoven<br \/>\nTanz der Zuckerfee \u00a0\u00a0 Peter Tschaikowsky<br \/>\nElina \u00a0\u00a0 Violine \u00a0\u00a0 Walzer \u00a0\u00a0 Franz Schubert<br \/>\nLenard + \u00a0\u00a0 Klavier<\/p>\n<p>Keisha\u00a0 Violine \u00a0\u00a0 Lang lang ist\u2019s her Volkslied<\/p>\n<p>Carla \u00a0 \u00a0 Saxophon \u00a0\u00a0 Es wird scho glei dumpa \u00a0\u00a0 Volksweise<br \/>\nAndrea \u00a0\u00a0 Saxophon<br \/>\nMika \u00a0\u00a0 Querfl\u00f6te<br \/>\nThomas\u00a0 Grimm* Saxophon<br \/>\nYukari Hagino * Querfl\u00f6te<\/p>\n<p>Edeltraud \u00a0\u00a0 Gesang \u00a0\u00a0 Auf dem Berge da geht der Wind \u00a0\u00a0 Volksweise<\/p>\n<p>Nicole Pe\u00f1a-Comas * \u00a0\u00a0 Cello \u00a0\u00a0 Der Schwan, \u00a0\u00a0 Camille Saint-Sa\u0451ns<br \/>\nAndr\u00e8s A\u00f1azco * \u00a0 \u00a0 Klavier \u00a0 \u00a0 \u00a0\u00a0 aus dem &#8222;Karneval der Tiere<\/p>\n<p>Aline \u00a0\u00a0 Gitarre Greensleeves Englisches Volkslied<br \/>\nFriederike \u00a0 \u00a0 Gitarre<\/p>\n<p>Arcolinis Streicherorchester<br \/>\nDrowsy Maggie \u00a0\u00a0 Reel<br \/>\nWe wish you a merry christmas \u00a0\u00a0 Engl. Volksweise<\/p>\n<p>Arcolinis:<br \/>\nMirjam<br \/>\nLuisa<br \/>\nNele<br \/>\nSarnai<br \/>\nNarangerel<br \/>\nElina<br \/>\nKeisha<br \/>\nLeonie<br \/>\nAttila<br \/>\nKuan-Wie<\/p>\n<p><a href=\"http:\/\/www.pro-vo.at\/index.php\/chronik\/\">Zur\u00fcck zur Chronik<\/a><\/p>\n","protected":false},"excerpt":{"rendered":"<p>Adventkonzert 2016 Freitag, 16. Dezember 2016 15:30 Uhr Festsaal im Pflegewohnhaus Rudolfsheim F\u00fcnfhaus Kardinal Rauscher Platz 2, 1150 Wien, (schr\u00e4g gegen\u00fcber pro-vo) &nbsp; Unser Programm: Mirjam \u00a0\u00a0 Violine \u00a0\u00a0 Oh du fr\u00f6hliche \u00a0\u00a0 Melodie aus Sizilien Nele \u00a0\u00a0 Violine \u00a0\u00a0 Schneefl\u00f6cken, Wei\u00dfr\u00f6ckchen Luisa \u00a0 Violine \u00a0\u00a0 Weihnachtsweise Dominik \u00a0\u00a0 Panfl\u00f6te \u00a0\u00a0 Melodie und Tanz aus &#8230; <a title=\"Advent 2016\" class=\"read-more\" href=\"https:\/\/www.pro-vo.at\/index.php\/chronik\/advent-2016\/\" aria-label=\"Mehr Informationen \u00fcber Advent 2016\">Weiterlesen<\/a><\/p>\n","protected":false},"author":1,"featured_media":0,"parent":28,"menu_order":0,"comment_status":"closed","ping_status":"closed","template":"","meta":{"footnotes":""},"class_list":["post-1181","page","type-page","status-publish"],"_links":{"self":[{"href":"https:\/\/www.pro-vo.at\/index.php\/wp-json\/wp\/v2\/pages\/1181","targetHints":{"allow":["GET"]}}],"collection":[{"href":"https:\/\/www.pro-vo.at\/index.php\/wp-json\/wp\/v2\/pages"}],"about":[{"href":"https:\/\/www.pro-vo.at\/index.php\/wp-json\/wp\/v2\/types\/page"}],"author":[{"embeddable":true,"href":"https:\/\/www.pro-vo.at\/index.php\/wp-json\/wp\/v2\/users\/1"}],"replies":[{"embeddable":true,"href":"https:\/\/www.pro-vo.at\/index.php\/wp-json\/wp\/v2\/comments?post=1181"}],"version-history":[{"count":4,"href":"https:\/\/www.pro-vo.at\/index.php\/wp-json\/wp\/v2\/pages\/1181\/revisions"}],"predecessor-version":[{"id":3898,"href":"https:\/\/www.pro-vo.at\/index.php\/wp-json\/wp\/v2\/pages\/1181\/revisions\/3898"}],"up":[{"embeddable":true,"href":"https:\/\/www.pro-vo.at\/index.php\/wp-json\/wp\/v2\/pages\/28"}],"wp:attachment":[{"href":"https:\/\/www.pro-vo.at\/index.php\/wp-json\/wp\/v2\/media?parent=1181"}],"curies":[{"name":"wp","href":"https:\/\/api.w.org\/{rel}","templated":true}]}}