{"id":1174,"date":"2017-09-25T06:39:51","date_gmt":"2017-09-25T06:39:51","guid":{"rendered":"http:\/\/www.pro-vo.at\/?page_id=1174"},"modified":"2017-11-22T13:48:49","modified_gmt":"2017-11-22T13:48:49","slug":"grosser-tag-der-musik-2017","status":"publish","type":"page","link":"https:\/\/www.pro-vo.at\/index.php\/chronik\/grosser-tag-der-musik-2017\/","title":{"rendered":"GTdM 2017"},"content":{"rendered":"<h1>Gro\u00dfer Tag der Musik 2017<\/h1>\n<p><a href=\"http:\/\/www.pro-vo.at\/wp-content\/uploads\/2017\/09\/P4290808.jpg\" data-rel=\"lightbox-gallery-TffCbZDZ\" data-rl_title=\"\" data-rl_caption=\"\" title=\"\"><img loading=\"lazy\" decoding=\"async\" class=\"alignnone size-thumbnail wp-image-1968\" src=\"http:\/\/www.pro-vo.at\/wp-content\/uploads\/2017\/09\/P4290808-150x150.jpg\" alt=\"\" width=\"150\" height=\"150\" \/><\/a>\u00a0 <a href=\"http:\/\/www.pro-vo.at\/wp-content\/uploads\/2017\/09\/P4290836.jpg\" data-rel=\"lightbox-gallery-TffCbZDZ\" data-rl_title=\"\" data-rl_caption=\"\" title=\"\"><img loading=\"lazy\" decoding=\"async\" class=\"alignnone size-thumbnail wp-image-1978\" src=\"http:\/\/www.pro-vo.at\/wp-content\/uploads\/2017\/09\/P4290836-150x150.jpg\" alt=\"\" width=\"150\" height=\"150\" \/><\/a> <a href=\"http:\/\/www.pro-vo.at\/wp-content\/uploads\/2017\/09\/P4290835.jpg\" data-rel=\"lightbox-gallery-TffCbZDZ\" data-rl_title=\"\" data-rl_caption=\"\" title=\"\"><img loading=\"lazy\" decoding=\"async\" class=\"alignnone size-thumbnail wp-image-1977\" src=\"http:\/\/www.pro-vo.at\/wp-content\/uploads\/2017\/09\/P4290835-150x150.jpg\" alt=\"\" width=\"150\" height=\"150\" \/><\/a> <a href=\"http:\/\/www.pro-vo.at\/wp-content\/uploads\/2017\/09\/P4290832.jpg\" data-rel=\"lightbox-gallery-TffCbZDZ\" data-rl_title=\"\" data-rl_caption=\"\" title=\"\"><img loading=\"lazy\" decoding=\"async\" class=\"alignnone size-thumbnail wp-image-1976\" src=\"http:\/\/www.pro-vo.at\/wp-content\/uploads\/2017\/09\/P4290832-150x150.jpg\" alt=\"\" width=\"150\" height=\"150\" \/><\/a>\u00a0 <a href=\"http:\/\/www.pro-vo.at\/wp-content\/uploads\/2017\/09\/P4290827.jpg\" data-rel=\"lightbox-gallery-TffCbZDZ\" data-rl_title=\"\" data-rl_caption=\"\" title=\"\"><img loading=\"lazy\" decoding=\"async\" class=\"alignnone size-thumbnail wp-image-1974\" src=\"http:\/\/www.pro-vo.at\/wp-content\/uploads\/2017\/09\/P4290827-150x150.jpg\" alt=\"\" width=\"150\" height=\"150\" \/><\/a> <a href=\"http:\/\/www.pro-vo.at\/wp-content\/uploads\/2017\/09\/P4290824.jpg\" data-rel=\"lightbox-gallery-TffCbZDZ\" data-rl_title=\"\" data-rl_caption=\"\" title=\"\"><img loading=\"lazy\" decoding=\"async\" class=\"alignnone size-thumbnail wp-image-1973\" src=\"http:\/\/www.pro-vo.at\/wp-content\/uploads\/2017\/09\/P4290824-150x150.jpg\" alt=\"\" width=\"150\" height=\"150\" \/><\/a> <a href=\"http:\/\/www.pro-vo.at\/wp-content\/uploads\/2017\/09\/P4290822.jpg\" data-rel=\"lightbox-gallery-TffCbZDZ\" data-rl_title=\"\" data-rl_caption=\"\" title=\"\"><img loading=\"lazy\" decoding=\"async\" class=\"alignnone size-thumbnail wp-image-1972\" src=\"http:\/\/www.pro-vo.at\/wp-content\/uploads\/2017\/09\/P4290822-150x150.jpg\" alt=\"\" width=\"150\" height=\"150\" \/><\/a> <a href=\"http:\/\/www.pro-vo.at\/wp-content\/uploads\/2017\/09\/P4290818.jpg\" data-rel=\"lightbox-gallery-TffCbZDZ\" data-rl_title=\"\" data-rl_caption=\"\" title=\"\"><img loading=\"lazy\" decoding=\"async\" class=\"alignnone size-thumbnail wp-image-1971\" src=\"http:\/\/www.pro-vo.at\/wp-content\/uploads\/2017\/09\/P4290818-150x150.jpg\" alt=\"\" width=\"150\" height=\"150\" \/><\/a> <a href=\"http:\/\/www.pro-vo.at\/wp-content\/uploads\/2017\/09\/P4290814.jpg\" data-rel=\"lightbox-gallery-TffCbZDZ\" data-rl_title=\"\" data-rl_caption=\"\" title=\"\"><img loading=\"lazy\" decoding=\"async\" class=\"alignnone size-thumbnail wp-image-1970\" src=\"http:\/\/www.pro-vo.at\/wp-content\/uploads\/2017\/09\/P4290814-150x150.jpg\" alt=\"\" width=\"150\" height=\"150\" \/><\/a> <a href=\"http:\/\/www.pro-vo.at\/wp-content\/uploads\/2017\/09\/P4290809.jpg\" data-rel=\"lightbox-gallery-TffCbZDZ\" data-rl_title=\"\" data-rl_caption=\"\" title=\"\"><img loading=\"lazy\" decoding=\"async\" class=\"alignnone size-thumbnail wp-image-1969\" src=\"http:\/\/www.pro-vo.at\/wp-content\/uploads\/2017\/09\/P4290809-150x150.jpg\" alt=\"\" width=\"150\" height=\"150\" \/><\/a><\/p>\n<p>&nbsp;<\/p>\n<h2>Unser Programm um 11:00 Uhr<br \/>\nSamstag, 29. April 2017<\/h2>\n<p><em>Kaoru Asayama Violine<br \/>\nFlora Csejtei Blockfl\u00f6te<br \/>\nHans Haslinger Zither<\/em><br \/>\n<em>Ulrike Fl\u00f6rr\u00e9 Gitarre<\/em><\/p>\n<p><em>\u00a0<\/em><em>\u00a0<\/em><\/p>\n<p>Silvia \u00a0 \u00a0 Diskantzither 1\u00a0\u00a0\u00a0\u00a0\u00a0\u00a0\u00a0 Wenn es schneit im Zillertal\/Foxtrott\u00a0\u00a0\u00a0 Sepp Cervenka<br \/>\n<em>Hans Haslinger<\/em> \u00a0 \u00a0\u00a0 Diskantzither 2 \u00a0 \u00a0 \u00a0 \u00a0 \u00a0 \u00a0 \u00a0 \u00a0 \u00a0 \u00a0 \u00a0 \u00a0 \u00a0 \u00a0 \u00a0 \u00a0 \u00a0 \u00a0 \u00a0 \u00a0 \u00a0 \u00a0 \u00a0 \u00a0 \u00a0 \u00a0 \u00a0 \u00a0 \u00a0 \u00a0 Arr.E.Langhammer<\/p>\n<p>Rebekka \u00a0 \u00a0\u00a0 Blockfl\u00f6te \u00a0 \u00a0 \u00a0 Thema aus dem Film Dornenv\u00f6gel\u00a0 H. Mancini\/Arr. Gert Last<br \/>\nIda \u00a0 \u00a0\u00a0 Blockfl\u00f6te\u00a0\u00a0\u00a0\u00a0\u00a0 My Way\u00a0\u00a0\u00a0\u00a0\u00a0\u00a0\u00a0\u00a0\u00a0\u00a0\u00a0\u00a0\u00a0\u00a0\u00a0\u00a0\u00a0\u00a0\u00a0\u00a0\u00a0\u00a0\u00a0 J. Revaux \/ C.Francois\/ Gert Last<br \/>\nBillie \u00a0 \u00a0\u00a0 Blockfl\u00f6te<br \/>\nSilvia \u00a0 \u00a0\u00a0 Diskantzither 1<br \/>\nMonika \u00a0 \u00a0 Diskantzither 1<br \/>\n<em>Hans Haslinger<\/em> Alt (Elegie-)zither\u00a0\u00a0\u00a0\u00a0\u00a0\u00a0\u00a0\u00a0\u00a0\u00a0\u00a0\u00a0\u00a0\u00a0\u00a0\u00a0 \u00a0\u00a0\u00a0\u00a0\u00a0\u00a0\u00a0\u00a0\u00a0\u00a0\u00a0\u00a0\u00a0\u00a0\u00a0\u00a0\u00a0\u00a0\u00a0Einstudierung und Leitung: Flora Csejtei<\/p>\n<p>Narangerel \u00a0 \u00a0\u00a0 Violine \u00a0\u00a0\u00a0\u00a0\u00a0 Allegro \u00a0\u00a0\u00a0\u00a0\u00a0\u00a0\u00a0\u00a0\u00a0\u00a0\u00a0\u00a0\u00a0\u00a0\u00a0\u00a0\u00a0\u00a0\u00a0\u00a0\u00a0\u00a0\u00a0\u00a0\u00a0\u00a0\u00a0\u00a0\u00a0\u00a0\u00a0\u00a0\u00a0\u00a0\u00a0\u00a0\u00a0\u00a0\u00a0\u00a0\u00a0\u00a0\u00a0\u00a0 S.Suzuki<\/p>\n<p>G\u00fcllenur \u00a0 \u00a0\u00a0 Violine \u00a0\u00a0\u00a0\u00a0\u00a0\u00a0\u00a0\u00a0\u00a0\u00a0\u00a0\u00a0\u00a0\u00a0\u00a0\u00a0\u00a0\u00a0\u00a0 Der Clown\u00a0\u00a0\u00a0\u00a0\u00a0\u00a0\u00a0\u00a0\u00a0\u00a0\u00a0\u00a0\u00a0\u00a0\u00a0\u00a0\u00a0\u00a0\u00a0\u00a0\u00a0\u00a0\u00a0\u00a0\u00a0\u00a0\u00a0\u00a0\u00a0\u00a0\u00a0\u00a0\u00a0\u00a0\u00a0\u00a0\u00a0\u00a0\u00a0 A. Holzer-Rhomberg<br \/>\nTrixis Tango \u00a0\u00a0\u00a0\u00a0\u00a0\u00a0\u00a0\u00a0\u00a0\u00a0\u00a0\u00a0\u00a0\u00a0\u00a0\u00a0\u00a0\u00a0\u00a0\u00a0\u00a0\u00a0\u00a0\u00a0\u00a0\u00a0\u00a0\u00a0\u00a0\u00a0\u00a0\u00a0\u00a0\u00a0\u00a0\u00a0\u00a0 A. Holzer-Rhomberg<br \/>\nSarnai \u00a0 \u00a0\u00a0 Violine\u00a0\u00a0\u00a0\u00a0\u00a0\u00a0\u00a0\u00a0\u00a0\u00a0\u00a0\u00a0\u00a0\u00a0\u00a0\u00a0\u00a0\u00a0 Hills and dales \u00a0\u00a0\u00a0\u00a0\u00a0\u00a0\u00a0\u00a0\u00a0\u00a0\u00a0\u00a0\u00a0\u00a0\u00a0\u00a0\u00a0\u00a0\u00a0\u00a0 Katherine und Hugo Colledge<br \/>\nIn a garden\u00a0\u00a0\u00a0\u00a0\u00a0\u00a0\u00a0\u00a0\u00a0\u00a0\u00a0\u00a0\u00a0\u00a0\u00a0\u00a0\u00a0\u00a0\u00a0\u00a0\u00a0\u00a0\u00a0\u00a0\u00a0 Katherine und Hugo Colledge<\/p>\n<p>Emma \u00a0 \u00a0\u00a0 Blockfl\u00f6te \u00a0\u00a0\u00a0\u00a0\u00a0\u00a0 Schlaf, Kindlein, schlaf\u00a0 \u00a0\u00a0\u00a0\u00a0\u00a0\u00a0\u00a0\u00a0\u00a0\u00a0\u00a0\u00a0\u00a0\u00a0\u00a0\u00a0 Volksweise<\/p>\n<p>Yun-Ru \u00a0 \u00a0 \u00a0 Violine\u00a0\u00a0\u00a0\u00a0\u00a0\u00a0\u00a0\u00a0\u00a0\u00a0\u00a0\u00a0\u00a0 Chorus von Judas Maccabaeus\u00a0\u00a0\u00a0\u00a0\u00a0\u00a0\u00a0\u00a0\u00a0\u00a0\u00a0\u00a0 G.F.H\u00e4ndel,arr.S.Suzuki<\/p>\n<p>Luisa \u00a0 \u00a0 Violine\u00a0\u00a0\u00a0\u00a0 Allegretto\u00a0\u00a0\u00a0\u00a0\u00a0\u00a0\u00a0\u00a0\u00a0\u00a0\u00a0\u00a0\u00a0\u00a0\u00a0\u00a0\u00a0\u00a0\u00a0\u00a0\u00a0\u00a0\u00a0\u00a0\u00a0\u00a0\u00a0\u00a0\u00a0\u00a0\u00a0\u00a0\u00a0\u00a0\u00a0\u00a0\u00a0\u00a0\u00a0\u00a0 S.Suzuki<\/p>\n<p>Nele \u00a0 \u00a0 Violine \u00a0 \u00a0\u00a0 Andantino\u00a0\u00a0\u00a0\u00a0\u00a0\u00a0\u00a0\u00a0\u00a0\u00a0\u00a0\u00a0\u00a0\u00a0\u00a0\u00a0\u00a0\u00a0\u00a0\u00a0\u00a0\u00a0\u00a0\u00a0\u00a0\u00a0\u00a0 \u00a0\u00a0\u00a0\u00a0\u00a0\u00a0\u00a0\u00a0\u00a0\u00a0\u00a0 S.Suzuki<\/p>\n<p>Mirjam \u00a0 \u00a0 Violine \u00a0 \u00a0 \u00a0 Et\u00fcde\u00a0\u00a0\u00a0\u00a0\u00a0\u00a0\u00a0\u00a0\u00a0\u00a0\u00a0\u00a0\u00a0\u00a0\u00a0\u00a0\u00a0\u00a0\u00a0\u00a0\u00a0\u00a0\u00a0\u00a0\u00a0\u00a0\u00a0\u00a0\u00a0\u00a0\u00a0\u00a0\u00a0\u00a0\u00a0\u00a0\u00a0\u00a0\u00a0\u00a0\u00a0\u00a0\u00a0\u00a0\u00a0\u00a0\u00a0 S.Suzuki<\/p>\n<p>Billie \u00a0 \u00a0\u00a0 Blockfl\u00f6te\u00a0\u00a0\u00a0\u00a0\u00a0 Yes it is!\u00a0\u00a0\u00a0\u00a0\u00a0\u00a0\u00a0\u00a0\u00a0\u00a0\u00a0\u00a0\u00a0\u00a0\u00a0\u00a0\u00a0\u00a0\u00a0\u00a0\u00a0\u00a0\u00a0\u00a0\u00a0\u00a0\u00a0\u00a0 \u00a0\u00a0\u00a0 Daniel Hellbach\u00a0\u00a0\u00a0\u00a0\u00a0\u00a0\u00a0\u00a0\u00a0\u00a0\u00a0\u00a0\u00a0\u00a0\u00a0\u00a0\u00a0 <em>Fl\u00f3ra Csejtei Klavier<\/em><\/p>\n<p>Elina \u00a0 \u00a0\u00a0 Violine\u00a0\u00a0\u00a0\u00a0\u00a0\u00a0\u00a0\u00a0\u00a0\u00a0\u00a0\u00a0 Rosen aus der S\u00fcden\u00a0\u00a0\u00a0\u00a0\u00a0\u00a0\u00a0\u00a0\u00a0\u00a0\u00a0\u00a0\u00a0\u00a0\u00a0\u00a0\u00a0\u00a0\u00a0\u00a0 J.Strauss<\/p>\n<p>Keisha \u00a0 \u00a0\u00a0 Geistthaler Franz\u00e9\u00a0\u00a0\u00a0\u00a0\u00a0\u00a0\u00a0\u00a0\u00a0\u00a0\u00a0\u00a0\u00a0\u00a0\u00a0\u00a0\u00a0\u00a0\u00a0\u00a0\u00a0\u00a0\u00a0\u00a0\u00a0 Volksmusik<\/p>\n<p>Maya \u00a0 \u00a0 \u00a0 Miss McLeod&#8217;s Reel\u00a0\u00a0\u00a0\u00a0\u00a0\u00a0\u00a0\u00a0\u00a0\u00a0\u00a0\u00a0\u00a0\u00a0\u00a0\u00a0\u00a0\u00a0\u00a0\u00a0\u00a0\u00a0\u00a0 Traditional<\/p>\n<p>Leonie \u00a0 \u00a0 \u00a0 Violine\u00a0\u00a0\u00a0\u00a0\u00a0\u00a0\u00a0\u00a0\u00a0\u00a0\u00a0\u00a0\u00a0\u00a0\u00a0\u00a0\u00a0\u00a0\u00a0\u00a0\u00a0\u00a0\u00a0 3.Menuett<\/p>\n<p>Kuan-Wei \u00a0 \u00a0 \u00a0 Violine \u00a0\u00a0\u00a0\u00a0\u00a0\u00a0\u00a0\u00a0\u00a0 5.Slowakisches Lied s 44 Duos f\u00fcr zwei Violinen \u00a0\u00a0\u00a0\u00a0\u00a0\u00a0\u00a0\u00a0\u00a0 B.Batok<\/p>\n<p>Kurt \u00a0 \u00a0 \u00a0 Gitarre \u00a0\u00a0\u00a0\u00a0\u00a0\u00a0\u00a0\u00a0\u00a0\u00a0\u00a0\u00a0\u00a0\u00a0 \u00a0Cantar Montanes\u00a0\u00a0\u00a0\u00a0\u00a0\u00a0\u00a0\u00a0\u00a0\u00a0\u00a0\u00a0\u00a0\u00a0\u00a0\u00a0\u00a0\u00a0\u00a0\u00a0\u00a0\u00a0\u00a0\u00a0\u00a0 Len Williams<br \/>\n<em>Ulrike Fl\u00f6rr\u00e9 Gitarre<\/em><\/p>\n<p>Kurt \u00a0 \u00a0\u00a0 Buenos Reyes\u00a0\u00a0\u00a0\u00a0\u00a0\u00a0\u00a0\u00a0\u00a0\u00a0\u00a0\u00a0\u00a0\u00a0\u00a0\u00a0\u00a0\u00a0\u00a0\u00a0\u00a0\u00a0\u00a0\u00a0\u00a0\u00a0\u00a0\u00a0\u00a0\u00a0\u00a0\u00a0\u00a0 Len Williams<\/p>\n<p>Arcolinis<br \/>\nAlle V\u00f6gel sind schon da\u00a0 Volksmusik<br \/>\nAllegro\u00a0\u00a0\u00a0\u00a0\u00a0\u00a0\u00a0\u00a0\u00a0\u00a0\u00a0\u00a0\u00a0\u00a0\u00a0\u00a0\u00a0\u00a0\u00a0\u00a0\u00a0\u00a0\u00a0\u00a0\u00a0\u00a0\u00a0\u00a0\u00a0\u00a0\u00a0\u00a0\u00a0 S.Suzuki<br \/>\nPerpetual Motion\u00a0\u00a0\u00a0\u00a0\u00a0\u00a0\u00a0\u00a0\u00a0\u00a0\u00a0\u00a0\u00a0\u00a0\u00a0 S.Suzuki<\/p>\n<p>Arcolinis und Blockfl\u00f6tengruppe<br \/>\nGreensleeves\u00a0\u00a0\u00a0\u00a0\u00a0\u00a0\u00a0\u00a0\u00a0\u00a0\u00a0\u00a0\u00a0\u00a0\u00a0\u00a0\u00a0\u00a0\u00a0\u00a0\u00a0 Englische Volksmusik<br \/>\nBlockfl\u00f6tengruppe: Rebekka, Ida, Billie, Emma<br \/>\nKlavier: \u00a0 Gideon, Sophia, <em>Severin Chen<\/em><br \/>\nArcolinis: Mirjam, Kuan-Wie, Maya, Keisha, Nele, Luisa, Leonie, Narangerel, Sarnai, Yun-Ru, Elina<\/p>\n<p>&nbsp;<\/p>\n<p>&nbsp;<\/p>\n<p>&nbsp;<\/p>\n<h2>Unser Programm um 12:15<br \/>\nSamstag, 29. April 2017<\/h2>\n<p><em>Severin Chen Klavier<br \/>\nCornelia Reutner Klavier\/Gesang *<br \/>\nNikolas G\u00f6hl Gitarre<br \/>\nAndr\u00e9s A\u00f1azco Klavier+<br \/>\nElisabeth Jungmayer-K\u00f6gler Blockfl\u00f6te\u02c6<br \/>\nNicole Pe\u00f1a-Comas Cello<br \/>\nMartin Sch\u00f6nlieb Gitarre\u00b0<br \/>\nThomas Grimm Saxophon\u00b0<\/em><\/p>\n<p>&nbsp;<\/p>\n<table width=\"100%\">\n<tbody>\n<tr>\n<td width=\"33%\">Serhan *<\/td>\n<td width=\"33%\">Auf dem Kahn Die kleine Eisenbahn<\/td>\n<td width=\"33%\">Anne Terzibaschitsch<\/td>\n<\/tr>\n<tr>\n<td width=\"33%\">Roxana *<\/td>\n<td width=\"33%\">Hava nagila Das Schicksalsrad<\/td>\n<td width=\"33%\">Israelischer Tanz<\/p>\n<p>Anne Terzibaschitsch<\/td>\n<\/tr>\n<tr>\n<td width=\"33%\">Laura *<\/p>\n<p>&nbsp;<\/p>\n<p>Albin<\/td>\n<td width=\"33%\">Kleine Parade Die Moldau Ein Regentag<\/p>\n<p>Albins St\u00fcck<\/td>\n<td width=\"33%\">Anne Terzibaschitsch Bedrich Smetana Anne Terzibaschitsch<\/p>\n<p>Albin Kotzian<\/td>\n<\/tr>\n<\/tbody>\n<\/table>\n<p>Simon \u00a0 \u00a0\u00a0 Marsch der Pantoffeltierchen\u00a0\u00a0\u00a0\u00a0 \u00a0\u00a0 J\u00f6rg Hilbert<\/p>\n<p>Johanna \u00a0 \u00a0 \u00a0 Im Regen\u00a0\u00a0\u00a0\u00a0\u00a0\u00a0\u00a0\u00a0\u00a0\u00a0\u00a0\u00a0\u00a0\u00a0\u00a0\u00a0\u00a0 \u00a0\u00a0\u00a0\u00a0\u00a0\u00a0\u00a0\u00a0\u00a0\u00a0\u00a0\u00a0\u00a0\u00a0\u00a0\u00a0\u00a0\u00a0\u00a0\u00a0\u00a0\u00a0\u00a0 \u00a0\u00a0 Aniko Drabon<\/p>\n<p>Johanna \u00a0 \u00a0 \u00a0 Spatzenduett\u00a0\u00a0\u00a0\u00a0\u00a0\u00a0\u00a0\u00a0\u00a0\u00a0\u00a0\u00a0\u00a0\u00a0\u00a0\u00a0\u00a0\u00a0\u00a0\u00a0\u00a0\u00a0\u00a0\u00a0\u00a0\u00a0\u00a0\u00a0\u00a0\u00a0\u00a0\u00a0\u00a0\u00a0 \u00a0\u00a0 Clara Rullmann<br \/>\nSimon<\/p>\n<p>Erik \u00a0 \u00a0 B\u00e4rentanz \u00a0\u00a0\u00a0\u00a0\u00a0\u00a0\u00a0\u00a0\u00a0\u00a0\u00a0\u00a0\u00a0\u00a0\u00a0\u00a0\u00a0\u00a0\u00a0\u00a0\u00a0\u00a0\u00a0\u00a0\u00a0\u00a0\u00a0\u00a0\u00a0\u00a0\u00a0\u00a0\u00a0\u00a0\u00a0\u00a0\u00a0\u00a0\u00a0 \u00a0\u00a0Aniko Drabon<br \/>\n<em>Severin Chen<\/em> \u00a0 \u00a0 \u00a0 \u00a0 \u00a0 Eine kleine Nachtmusik \u00a0\u00a0\u00a0\u00a0\u00a0\u00a0\u00a0\u00a0\u00a0\u00a0\u00a0\u00a0\u00a0\u00a0\u00a0 \u00a0\u00a0W.A. Mozart<\/p>\n<p>Ronja\u02c6 \u00a0 \u00a0\u00a0 Klavier\u00a0\u00a0\u00a0\u00a0\u00a0\u00a0\u00a0\u00a0\u00a0\u00a0\u00a0\u00a0\u00a0\u00a0\u00a0\u00a0\u00a0\u00a0\u00a0 Old Joe Clark&#8217;s Boogie\u00a0\u00a0\u00a0\u00a0\u00a0\u00a0\u00a0\u00a0\u00a0\u00a0\u00a0\u00a0\u00a0\u00a0\u00a0\u00a0\u00a0 Gerald Martin<\/p>\n<p>Nikolaus\u02c6 \u00a0 \u00a0\u00a0 Blockfl\u00f6te \u00a0\u00a0\u00a0\u00a0\u00a0\u00a0\u00a0 H\u00e4nsel und Gretel\u00a0\u00a0\u00a0\u00a0\u00a0\u00a0\u00a0\u00a0\u00a0\u00a0\u00a0\u00a0\u00a0\u00a0\u00a0\u00a0\u00a0\u00a0\u00a0\u00a0\u00a0\u00a0\u00a0\u00a0\u00a0 Kinderlied<\/p>\n<p>&nbsp;<\/p>\n<table width=\"100%\">\n<tbody>\n<tr>\n<td width=\"33%\">Kanaan *<\/td>\n<td width=\"33%\">V\u00f6gleins Abendlied Kleine Wellen<\/td>\n<td width=\"33%\">Anne Terzibaschitsch<\/td>\n<\/tr>\n<tr>\n<td width=\"33%\">Daniel *<\/td>\n<td width=\"33%\">An die Freude<\/td>\n<td width=\"33%\">Ludwig van Beethoven<\/td>\n<\/tr>\n<tr>\n<td width=\"33%\">Bianca *<\/td>\n<td width=\"33%\">Summ, summ, summ Abschlussball<\/td>\n<td width=\"33%\">Volkslied Anne Terzibaschitsch<\/td>\n<\/tr>\n<tr>\n<td width=\"33%\">Bianca * Milica *<\/td>\n<td width=\"33%\">Schneegl\u00f6ckchen Auf dem Karussell<\/td>\n<td width=\"33%\">Anne Terzibaschitsch<\/td>\n<\/tr>\n<tr>\n<td width=\"33%\">Milica *<\/td>\n<td width=\"33%\">Hejo, spann den Wagen an<\/td>\n<td width=\"33%\">Volkslied<\/td>\n<\/tr>\n<\/tbody>\n<\/table>\n<p>&nbsp;<\/p>\n<p>Jule \u00a0 \u00a0\u00a0 Piratenlied\u00a0\u00a0\u00a0\u00a0\u00a0\u00a0\u00a0\u00a0\u00a0\u00a0\u00a0\u00a0\u00a0\u00a0\u00a0\u00a0\u00a0\u00a0\u00a0\u00a0\u00a0\u00a0\u00a0\u00a0\u00a0\u00a0\u00a0\u00a0\u00a0\u00a0\u00a0\u00a0\u00a0\u00a0\u00a0\u00a0\u00a0\u00a0\u00a0 Aniko Drabon Lena Lehmann <em>Severin Chen\u00a0\u00a0\u00a0\u00a0\u00a0\u00a0\u00a0\u00a0\u00a0\u00a0 <\/em><\/p>\n<p>Isadora \u00a0 \u00a0\u00a0 Ankunft der Piraten auf der Hundeinsel \u00a0\u00a0\u00a0\u00a0\u00a0\u00a0\u00a0\u00a0\u00a0\u00a0\u00a0 Aniko Drabon<\/p>\n<p>Sahra \u00a0 \u00a0 Tanzparty\u00a0\u00a0\u00a0\u00a0\u00a0 \u00a0\u00a0\u00a0\u00a0\u00a0\u00a0\u00a0\u00a0\u00a0\u00a0\u00a0\u00a0\u00a0\u00a0\u00a0\u00a0\u00a0\u00a0\u00a0\u00a0\u00a0\u00a0\u00a0\u00a0\u00a0\u00a0\u00a0\u00a0\u00a0\u00a0\u00a0\u00a0\u00a0\u00a0 Aniko Drabon\u00a0\u00a0\u00a0\u00a0\u00a0\u00a0\u00a0\u00a0\u00a0 <em>Severin Chen<\/em><\/p>\n<p>Isadora \u00a0 \u00a0 \u00a0 Ungarischer Tanz \u00a0\u00a0\u00a0\u00a0\u00a0\u00a0\u00a0\u00a0\u00a0\u00a0\u00a0\u00a0\u00a0\u00a0\u00a0\u00a0\u00a0\u00a0\u00a0\u00a0\u00a0\u00a0\u00a0\u00a0\u00a0\u00a0 Clara Rullmann Sahra G\u00fcnvar<\/p>\n<p>Isadora \u00a0 \u00a0\u00a0 Indian War Chant\u00a0\u00a0\u00a0 \u00a0\u00a0\u00a0\u00a0\u00a0\u00a0\u00a0\u00a0\u00a0\u00a0\u00a0\u00a0\u00a0\u00a0\u00a0\u00a0\u00a0\u00a0\u00a0\u00a0\u00a0\u00a0\u00a0 William Gillock<\/p>\n<p>Elisabeth \u00a0 \u00a0\u00a0 Cello\u00a0\u00a0\u00a0\u00a0\u00a0\u00a0\u00a0\u00a0\u00a0\u00a0\u00a0\u00a0\u00a0 Chula aus S\u00fcdbrasilien<br \/>\n<em>Nicole Pe\u00f1a-Comas Cello\u00a0\u00a0\u00a0\u00a0\u00a0\u00a0\u00a0\u00a0\u00a0\u00a0\u00a0 \u00a0\u00a0\u00a0\u00a0\u00a0\u00a0\u00a0\u00a0\u00a0\u00a0 <\/em>The book of love\u00a0\u00a0\u00a0\u00a0\u00a0\u00a0\u00a0\u00a0\u00a0\u00a0\u00a0\u00a0\u00a0\u00a0\u00a0\u00a0\u00a0\u00a0\u00a0\u00a0\u00a0\u00a0\u00a0\u00a0\u00a0\u00a0\u00a0\u00a0 Peter Gabriel<\/p>\n<table width=\"100%\">\n<tbody>\n<tr>\n<td width=\"33%\">Younis *<\/td>\n<td width=\"33%\">Romanze Nadia&#8217;s Theme<\/td>\n<td width=\"33%\">Anonym, arr. Ahmed Mohamed Vladimir Cosma<\/td>\n<\/tr>\n<tr>\n<td width=\"33%\">Raphael *<\/td>\n<td width=\"33%\">Flow<\/td>\n<td width=\"33%\">Raphael Domb\u00e4ck<\/td>\n<\/tr>\n<tr>\n<td width=\"33%\">Victoria *<\/td>\n<td width=\"33%\">Mad World<\/td>\n<td width=\"33%\">Gary Jules<\/td>\n<\/tr>\n<tr>\n<td width=\"33%\">Florian *<\/td>\n<td width=\"33%\">Dreams I see fire<\/td>\n<td width=\"33%\">Florian Calura Ed Sheeran<\/td>\n<\/tr>\n<\/tbody>\n<\/table>\n<p>Lotte \u00a0 \u00a0\u00a0 Little Flower Girl of Paris\u00a0\u00a0\u00a0\u00a0 \u00a0\u00a0\u00a0\u00a0\u00a0\u00a0\u00a0\u00a0\u00a0\u00a0\u00a0 Willian Gillock<\/p>\n<p>Gideon \u00a0 \u00a0\u00a0 Zigeunertanz\u00a0\u00a0\u00a0\u00a0\u00a0\u00a0\u00a0\u00a0\u00a0\u00a0\u00a0 \u00a0\u00a0\u00a0\u00a0\u00a0\u00a0\u00a0\u00a0\u00a0\u00a0\u00a0\u00a0\u00a0\u00a0\u00a0\u00a0\u00a0\u00a0\u00a0\u00a0\u00a0\u00a0\u00a0 Josef Haydn<\/p>\n<p>Irmgard +\u00a0\u00a0\u00a0\u00a0\u00a0\u00a0\u00a0\u00a0\u00a0\u00a0 Pr\u00e4ludium c-moll\u00a0\u00a0\u00a0\u00a0\u00a0\u00a0\u00a0\u00a0\u00a0\u00a0\u00a0\u00a0\u00a0\u00a0\u00a0\u00a0\u00a0\u00a0\u00a0\u00a0\u00a0\u00a0\u00a0\u00a0\u00a0\u00a0\u00a0\u00a0 J.S.Bach<br \/>\nAutumn Sketch\u00a0\u00a0\u00a0\u00a0\u00a0\u00a0\u00a0\u00a0\u00a0\u00a0\u00a0\u00a0\u00a0\u00a0\u00a0\u00a0\u00a0\u00a0\u00a0\u00a0\u00a0\u00a0\u00a0\u00a0\u00a0\u00a0\u00a0\u00a0\u00a0\u00a0 William Gillock<\/p>\n<p>Ben \u00a0 \u00a0\u00a0 Imperial March\u00a0\u00a0\u00a0\u00a0\u00a0\u00a0\u00a0\u00a0\u00a0\u00a0\u00a0\u00a0\u00a0\u00a0\u00a0\u00a0\u00a0\u00a0\u00a0 \u00a0\u00a0\u00a0\u00a0\u00a0\u00a0\u00a0\u00a0\u00a0\u00a0\u00a0 John Williams<\/p>\n<p>Abby \u00a0 \u00a0\u00a0 Klavier\u00a0\u00a0\u00a0\u00a0\u00a0\u00a0\u00a0\u00a0\u00a0\u00a0\u00a0\u00a0\u00a0\u00a0\u00a0\u00a0\u00a0\u00a0\u00a0\u00a0\u00a0 Fight Song \u00a0\u00a0\u00a0\u00a0\u00a0\u00a0\u00a0\u00a0\u00a0\u00a0\u00a0\u00a0\u00a0\u00a0\u00a0\u00a0\u00a0\u00a0\u00a0\u00a0\u00a0\u00a0\u00a0\u00a0\u00a0\u00a0\u00a0\u00a0\u00a0\u00a0\u00a0\u00a0\u00a0\u00a0\u00a0\u00a0\u00a0\u00a0 Rachel Platten<br \/>\nMarina \u00a0\u00a0 Gitarre<\/p>\n<p>Paulina \u00a0 \u00a0\u00a0 Pr\u00e4ludium in C \u2013Dur, BWV 846\u00a0\u00a0\u00a0\u00a0\u00a0 \u00a0\u00a0\u00a0\u00a0\u00a0\u00a0\u00a0\u00a0\u00a0\u00a0\u00a0 J.S. Bach<\/p>\n<p>Ruben \u00a0 \u00a0\u00a0 7 Years\u00a0\u00a0\u00a0\u00a0\u00a0\u00a0\u00a0\u00a0\u00a0\u00a0\u00a0\u00a0\u00a0\u00a0\u00a0\u00a0\u00a0\u00a0\u00a0\u00a0\u00a0\u00a0\u00a0\u00a0\u00a0\u00a0\u00a0\u00a0\u00a0\u00a0\u00a0\u00a0\u00a0 \u00a0\u00a0\u00a0\u00a0\u00a0\u00a0\u00a0\u00a0\u00a0\u00a0\u00a0\u00a0\u00a0\u00a0\u00a0\u00a0\u00a0\u00a0\u00a0\u00a0\u00a0\u00a0\u00a0 Lukas Graham<\/p>\n<p>&nbsp;<\/p>\n<p>Sophia \u00a0 \u00a0\u00a0 Die Krankheit der Puppe\u00a0\u00a0 \u00a0\u00a0\u00a0\u00a0\u00a0\u00a0\u00a0\u00a0\u00a0\u00a0\u00a0 P.I. Tschaikowsky<br \/>\nDas Begr\u00e4bnis der Puppe<br \/>\nDie neue Puppe<\/p>\n<p>Andrea \u00a0 \u00a0\u00a0 Saxophon\u00b0\u00a0\u00a0\u00a0\u00a0\u00a0 Something\u00a0\u00a0\u00a0\u00a0\u00a0\u00a0\u00a0\u00a0\u00a0\u00a0\u00a0\u00a0\u00a0\u00a0\u00a0\u00a0\u00a0\u00a0\u00a0\u00a0\u00a0\u00a0\u00a0\u00a0\u00a0\u00a0\u00a0\u00a0\u00a0\u00a0\u00a0\u00a0\u00a0\u00a0\u00a0\u00a0\u00a0\u00a0 George Harrison<br \/>\nMichael \u00a0 \u00a0\u00a0 E-Gitarre\u00b0<\/p>\n<p>Kira \u00a0 \u00a0\u00a0 Bohemian Rhapsody\u00a0\u00a0\u00a0\u00a0\u00a0\u00a0\u00a0\u00a0\u00a0 \u00a0\u00a0\u00a0\u00a0\u00a0\u00a0\u00a0\u00a0\u00a0\u00a0\u00a0 Queen\u00a0\u00a0\u00a0\u00a0\u00a0\u00a0\u00a0\u00a0\u00a0\u00a0 <em>Severin Chen<\/em><\/p>\n<p>Sch\u00fcler von Cornelia Reutner und alle G\u00e4ste\u00a0\u00a0\u00a0\u00a0\u00a0\u00a0\u00a0\u00a0\u00a0\u00a0\u00a0\u00a0\u00a0\u00a0\u00a0\u00a0\u00a0\u00a0\u00a0\u00a0\u00a0\u00a0\u00a0\u00a0\u00a0\u00a0\u00a0\u00a0\u00a0\u00a0\u00a0 Halleluja\u00a0\u00a0\u00a0\u00a0\u00a0\u00a0\u00a0\u00a0\u00a0\u00a0\u00a0\u00a0\u00a0\u00a0\u00a0\u00a0\u00a0\u00a0\u00a0\u00a0\u00a0\u00a0\u00a0\u00a0\u00a0\u00a0\u00a0\u00a0\u00a0\u00a0\u00a0\u00a0\u00a0\u00a0\u00a0\u00a0\u00a0\u00a0\u00a0\u00a0\u00a0\u00a0\u00a0 Leonhard Cohen<\/p>\n<p>&nbsp;<\/p>\n<p>&nbsp;<\/p>\n<p>&nbsp;<\/p>\n<p>&nbsp;<\/p>\n<p>&nbsp;<\/p>\n<p>&nbsp;<\/p>\n<p>&nbsp;<\/p>\n<p>&nbsp;<\/p>\n<p>&nbsp;<\/p>\n<p>&nbsp;<\/p>\n<p>&nbsp;<\/p>\n<p>&nbsp;<\/p>\n<p>&nbsp;<\/p>\n<p>&nbsp;<\/p>\n<p>&nbsp;<\/p>\n<p>&nbsp;<\/p>\n<p>&nbsp;<\/p>\n<p>&nbsp;<\/p>\n<p>&nbsp;<\/p>\n<p>&nbsp;<\/p>\n<p>&nbsp;<\/p>\n<p>&nbsp;<\/p>\n<p>&nbsp;<\/p>\n<p>&nbsp;<\/p>\n<p>&nbsp;<\/p>\n<p>&nbsp;<\/p>\n<p>&nbsp;<\/p>\n<p>&nbsp;<\/p>\n<p>&nbsp;<\/p>\n<p>&nbsp;<\/p>\n<p>&nbsp;<\/p>\n<p>&nbsp;<\/p>\n<p>&nbsp;<\/p>\n","protected":false},"excerpt":{"rendered":"<p>Gro\u00dfer Tag der Musik 2017 \u00a0 \u00a0 &nbsp; Unser Programm um 11:00 Uhr Samstag, 29. April 2017 Kaoru Asayama Violine Flora Csejtei Blockfl\u00f6te Hans Haslinger Zither Ulrike Fl\u00f6rr\u00e9 Gitarre \u00a0\u00a0 Silvia \u00a0 \u00a0 Diskantzither 1\u00a0\u00a0\u00a0\u00a0\u00a0\u00a0\u00a0 Wenn es schneit im Zillertal\/Foxtrott\u00a0\u00a0\u00a0 Sepp Cervenka Hans Haslinger \u00a0 \u00a0\u00a0 Diskantzither 2 \u00a0 \u00a0 \u00a0 \u00a0 \u00a0 \u00a0 \u00a0 &#8230; <a title=\"GTdM 2017\" class=\"read-more\" href=\"https:\/\/www.pro-vo.at\/index.php\/chronik\/grosser-tag-der-musik-2017\/\" aria-label=\"Mehr Informationen \u00fcber GTdM 2017\">Weiterlesen<\/a><\/p>\n","protected":false},"author":1,"featured_media":0,"parent":28,"menu_order":0,"comment_status":"closed","ping_status":"closed","template":"","meta":{"footnotes":""},"class_list":["post-1174","page","type-page","status-publish"],"_links":{"self":[{"href":"https:\/\/www.pro-vo.at\/index.php\/wp-json\/wp\/v2\/pages\/1174","targetHints":{"allow":["GET"]}}],"collection":[{"href":"https:\/\/www.pro-vo.at\/index.php\/wp-json\/wp\/v2\/pages"}],"about":[{"href":"https:\/\/www.pro-vo.at\/index.php\/wp-json\/wp\/v2\/types\/page"}],"author":[{"embeddable":true,"href":"https:\/\/www.pro-vo.at\/index.php\/wp-json\/wp\/v2\/users\/1"}],"replies":[{"embeddable":true,"href":"https:\/\/www.pro-vo.at\/index.php\/wp-json\/wp\/v2\/comments?post=1174"}],"version-history":[{"count":7,"href":"https:\/\/www.pro-vo.at\/index.php\/wp-json\/wp\/v2\/pages\/1174\/revisions"}],"predecessor-version":[{"id":3897,"href":"https:\/\/www.pro-vo.at\/index.php\/wp-json\/wp\/v2\/pages\/1174\/revisions\/3897"}],"up":[{"embeddable":true,"href":"https:\/\/www.pro-vo.at\/index.php\/wp-json\/wp\/v2\/pages\/28"}],"wp:attachment":[{"href":"https:\/\/www.pro-vo.at\/index.php\/wp-json\/wp\/v2\/media?parent=1174"}],"curies":[{"name":"wp","href":"https:\/\/api.w.org\/{rel}","templated":true}]}}