{"id":1155,"date":"2017-09-24T16:41:49","date_gmt":"2017-09-24T16:41:49","guid":{"rendered":"http:\/\/www.pro-vo.at\/?page_id=1155"},"modified":"2017-09-24T16:41:49","modified_gmt":"2017-09-24T16:41:49","slug":"renate-eder","status":"publish","type":"page","link":"https:\/\/www.pro-vo.at\/index.php\/chronik\/renate-eder\/","title":{"rendered":"Renate Eder"},"content":{"rendered":"<h1>Vernissage Renate Eder<\/h1>\n<p>Vernissage Renate Eder<br \/>\nFreitag, 23. November 2001<br \/>\n18 Uhr 30<\/p>\n<p><a href=\"http:\/\/www.pro-vo.at\/wp-content\/uploads\/2017\/09\/re1.jpg\" data-rel=\"lightbox-gallery-9CtRhx4D\" data-rl_title=\"re1\" data-rl_caption=\"\" title=\"re1\"><img loading=\"lazy\" decoding=\"async\" class=\"alignnone size-thumbnail wp-image-1156\" src=\"http:\/\/www.pro-vo.at\/wp-content\/uploads\/2017\/09\/re1-150x150.jpg\" alt=\"\" width=\"150\" height=\"150\" \/><\/a> <a href=\"http:\/\/www.pro-vo.at\/wp-content\/uploads\/2017\/09\/re2.jpg\" data-rel=\"lightbox-gallery-9CtRhx4D\" data-rl_title=\"re2\" data-rl_caption=\"\" title=\"re2\"><img loading=\"lazy\" decoding=\"async\" class=\"alignnone size-thumbnail wp-image-1157\" src=\"http:\/\/www.pro-vo.at\/wp-content\/uploads\/2017\/09\/re2-150x150.jpg\" alt=\"\" width=\"150\" height=\"150\" \/><\/a><br \/>\n<a href=\"http:\/\/www.pro-vo.at\/wp-content\/uploads\/2017\/09\/re4.jpg\" data-rel=\"lightbox-gallery-9CtRhx4D\" data-rl_title=\"re4\" data-rl_caption=\"\" title=\"re4\"><img loading=\"lazy\" decoding=\"async\" class=\"alignnone size-thumbnail wp-image-1158\" src=\"http:\/\/www.pro-vo.at\/wp-content\/uploads\/2017\/09\/re4-150x150.jpg\" alt=\"\" width=\"150\" height=\"150\" \/><\/a> <a href=\"http:\/\/www.pro-vo.at\/wp-content\/uploads\/2017\/09\/re5.jpg\" data-rel=\"lightbox-gallery-9CtRhx4D\" data-rl_title=\"re5\" data-rl_caption=\"\" title=\"re5\"><img loading=\"lazy\" decoding=\"async\" class=\"alignnone size-thumbnail wp-image-1159\" src=\"http:\/\/www.pro-vo.at\/wp-content\/uploads\/2017\/09\/re5-150x150.jpg\" alt=\"\" width=\"150\" height=\"150\" \/><\/a> <a href=\"http:\/\/www.pro-vo.at\/wp-content\/uploads\/2017\/09\/re6.jpg\" data-rel=\"lightbox-gallery-9CtRhx4D\" data-rl_title=\"re6\" data-rl_caption=\"\" title=\"re6\"><img loading=\"lazy\" decoding=\"async\" class=\"alignnone size-thumbnail wp-image-1160\" src=\"http:\/\/www.pro-vo.at\/wp-content\/uploads\/2017\/09\/re6-150x150.jpg\" alt=\"\" width=\"150\" height=\"150\" \/><\/a> <a href=\"http:\/\/www.pro-vo.at\/wp-content\/uploads\/2017\/09\/re7.jpg\" data-rel=\"lightbox-gallery-9CtRhx4D\" data-rl_title=\"re7\" data-rl_caption=\"\" title=\"re7\"><img loading=\"lazy\" decoding=\"async\" class=\"alignnone size-thumbnail wp-image-1161\" src=\"http:\/\/www.pro-vo.at\/wp-content\/uploads\/2017\/09\/re7-150x150.jpg\" alt=\"\" width=\"150\" height=\"150\" \/><\/a> <a href=\"http:\/\/www.pro-vo.at\/wp-content\/uploads\/2017\/09\/re8.jpg\" data-rel=\"lightbox-gallery-9CtRhx4D\" data-rl_title=\"re8\" data-rl_caption=\"\" title=\"re8\"><img loading=\"lazy\" decoding=\"async\" class=\"alignnone size-thumbnail wp-image-1162\" src=\"http:\/\/www.pro-vo.at\/wp-content\/uploads\/2017\/09\/re8-150x150.jpg\" alt=\"\" width=\"150\" height=\"150\" \/><\/a> <a href=\"http:\/\/www.pro-vo.at\/wp-content\/uploads\/2017\/09\/re9.jpg\" data-rel=\"lightbox-gallery-9CtRhx4D\" data-rl_title=\"re9\" data-rl_caption=\"\" title=\"re9\"><img loading=\"lazy\" decoding=\"async\" class=\"alignnone size-thumbnail wp-image-1163\" src=\"http:\/\/www.pro-vo.at\/wp-content\/uploads\/2017\/09\/re9-150x150.jpg\" alt=\"\" width=\"150\" height=\"150\" \/><\/a> <a href=\"http:\/\/www.pro-vo.at\/wp-content\/uploads\/2017\/09\/re10.jpg\" data-rel=\"lightbox-gallery-9CtRhx4D\" data-rl_title=\"re10\" data-rl_caption=\"\" title=\"re10\"><img loading=\"lazy\" decoding=\"async\" class=\"alignnone size-thumbnail wp-image-1164\" src=\"http:\/\/www.pro-vo.at\/wp-content\/uploads\/2017\/09\/re10-150x150.jpg\" alt=\"\" width=\"150\" height=\"150\" \/><\/a> <a href=\"http:\/\/www.pro-vo.at\/wp-content\/uploads\/2017\/09\/re11.jpg\" data-rel=\"lightbox-gallery-9CtRhx4D\" data-rl_title=\"re11\" data-rl_caption=\"\" title=\"re11\"><img loading=\"lazy\" decoding=\"async\" class=\"alignnone size-thumbnail wp-image-1165\" src=\"http:\/\/www.pro-vo.at\/wp-content\/uploads\/2017\/09\/re11-150x150.jpg\" alt=\"\" width=\"150\" height=\"150\" \/><\/a> <a href=\"http:\/\/www.pro-vo.at\/wp-content\/uploads\/2017\/09\/re12.jpg\" data-rel=\"lightbox-gallery-9CtRhx4D\" data-rl_title=\"re12\" data-rl_caption=\"\" title=\"re12\"><img loading=\"lazy\" decoding=\"async\" class=\"alignnone size-thumbnail wp-image-1166\" src=\"http:\/\/www.pro-vo.at\/wp-content\/uploads\/2017\/09\/re12-150x150.jpg\" alt=\"\" width=\"150\" height=\"150\" \/><\/a><\/p>\n<p>Gedanken zur Ausstellung<br \/>\nvon Renate Eder<br \/>\nAnf\u00e4nglich entstanden meine Bilder in dem Wunsch, die Sch\u00f6nheiten der Natur wiederzugeben.<br \/>\nIm Laufe der Jahre versuchte ich die verschiedensten Techniken zu erlernen, mich mit K\u00fcnstlern der Vergangenheit zu besch\u00e4ftigen und speziell auch mit Gegenwartskunst auseinander zu setzen.<br \/>\nDie Internationale Sommerakademie in Salzburg mit ihren hervorragenden Lehrern<br \/>\nbeeinflu\u00dfte mich entscheidend und er\u00f6ffnete mir neue Horizonte.<br \/>\nDie detailgetreue Darstellung des Gesehenen wich immer mehr der spontanen Wiedergabe von Empfindungen,<br \/>\nausgel\u00f6st durch bewu\u00dft oder auch unbewu\u00dft Erlebtes.<br \/>\nDer Proze\u00df des Malens verschafft mir Vergn\u00fcgen, Ablenkung und das Gef\u00fchl von Freiheit.<br \/>\nJener Freiheit, die es eigentlich nur dem K\u00fcnstler gestattet, ohne Kompromisse das zu tun,<br \/>\nwas ihm im gegenw\u00e4rtigen Augenblick Anliegen und Bed\u00fcrfnis ist.<br \/>\nMein weiterer Weg in der Malerei ist ungewi\u00df &#8211; ein Experiment, ein Sich-Einlassen auf Neues,<br \/>\neine Suche nach neuen Ausdrucksformen.<br \/>\nIch werde den Weg mit Neugierde gehen &#8211; und im Wissen, da\u00df die Kunst ein weites Land ist.<\/p>\n<p><a href=\"http:\/\/www.pro-vo.at\/index.php\/chronik\/\">Zur\u00fcck zur Chronik<\/a><\/p>\n","protected":false},"excerpt":{"rendered":"<p>Vernissage Renate Eder Vernissage Renate Eder Freitag, 23. November 2001 18 Uhr 30 Gedanken zur Ausstellung von Renate Eder Anf\u00e4nglich entstanden meine Bilder in dem Wunsch, die Sch\u00f6nheiten der Natur wiederzugeben. Im Laufe der Jahre versuchte ich die verschiedensten Techniken zu erlernen, mich mit K\u00fcnstlern der Vergangenheit zu besch\u00e4ftigen und speziell auch mit Gegenwartskunst auseinander &#8230; <a title=\"Renate Eder\" class=\"read-more\" href=\"https:\/\/www.pro-vo.at\/index.php\/chronik\/renate-eder\/\" aria-label=\"Mehr Informationen \u00fcber Renate Eder\">Weiterlesen<\/a><\/p>\n","protected":false},"author":1,"featured_media":0,"parent":28,"menu_order":0,"comment_status":"closed","ping_status":"closed","template":"","meta":{"footnotes":""},"class_list":["post-1155","page","type-page","status-publish"],"_links":{"self":[{"href":"https:\/\/www.pro-vo.at\/index.php\/wp-json\/wp\/v2\/pages\/1155","targetHints":{"allow":["GET"]}}],"collection":[{"href":"https:\/\/www.pro-vo.at\/index.php\/wp-json\/wp\/v2\/pages"}],"about":[{"href":"https:\/\/www.pro-vo.at\/index.php\/wp-json\/wp\/v2\/types\/page"}],"author":[{"embeddable":true,"href":"https:\/\/www.pro-vo.at\/index.php\/wp-json\/wp\/v2\/users\/1"}],"replies":[{"embeddable":true,"href":"https:\/\/www.pro-vo.at\/index.php\/wp-json\/wp\/v2\/comments?post=1155"}],"version-history":[{"count":1,"href":"https:\/\/www.pro-vo.at\/index.php\/wp-json\/wp\/v2\/pages\/1155\/revisions"}],"predecessor-version":[{"id":1167,"href":"https:\/\/www.pro-vo.at\/index.php\/wp-json\/wp\/v2\/pages\/1155\/revisions\/1167"}],"up":[{"embeddable":true,"href":"https:\/\/www.pro-vo.at\/index.php\/wp-json\/wp\/v2\/pages\/28"}],"wp:attachment":[{"href":"https:\/\/www.pro-vo.at\/index.php\/wp-json\/wp\/v2\/media?parent=1155"}],"curies":[{"name":"wp","href":"https:\/\/api.w.org\/{rel}","templated":true}]}}