{"id":1130,"date":"2017-09-24T16:33:34","date_gmt":"2017-09-24T16:33:34","guid":{"rendered":"http:\/\/www.pro-vo.at\/?page_id=1130"},"modified":"2017-09-24T16:33:34","modified_gmt":"2017-09-24T16:33:34","slug":"waltraut-scherer","status":"publish","type":"page","link":"https:\/\/www.pro-vo.at\/index.php\/chronik\/waltraut-scherer\/","title":{"rendered":"Waltraut Scherer"},"content":{"rendered":"<h1>Waltraut Scherer &#8222;Alles Farbe&#8220;<\/h1>\n<p><a href=\"http:\/\/www.pro-vo.at\/wp-content\/uploads\/2017\/09\/ws2.jpg\" data-rel=\"lightbox-gallery-voFMRawG\" data-rl_title=\"ws2\" data-rl_caption=\"\" title=\"ws2\"><img loading=\"lazy\" decoding=\"async\" class=\"alignnone size-thumbnail wp-image-1131\" src=\"http:\/\/www.pro-vo.at\/wp-content\/uploads\/2017\/09\/ws2-150x150.jpg\" alt=\"\" width=\"150\" height=\"150\" \/><\/a> <a href=\"http:\/\/www.pro-vo.at\/wp-content\/uploads\/2017\/09\/ws4.jpg\" data-rel=\"lightbox-gallery-voFMRawG\" data-rl_title=\"ws4\" data-rl_caption=\"\" title=\"ws4\"><img loading=\"lazy\" decoding=\"async\" class=\"alignnone size-thumbnail wp-image-1132\" src=\"http:\/\/www.pro-vo.at\/wp-content\/uploads\/2017\/09\/ws4-150x150.jpg\" alt=\"\" width=\"150\" height=\"150\" \/><\/a> <a href=\"http:\/\/www.pro-vo.at\/wp-content\/uploads\/2017\/09\/ws1.jpg\" data-rel=\"lightbox-gallery-voFMRawG\" data-rl_title=\"ws1\" data-rl_caption=\"\" title=\"ws1\"><img loading=\"lazy\" decoding=\"async\" class=\"alignnone size-thumbnail wp-image-1139\" src=\"http:\/\/www.pro-vo.at\/wp-content\/uploads\/2017\/09\/ws1-150x150.jpg\" alt=\"\" width=\"150\" height=\"150\" \/><\/a><\/p>\n<p><a href=\"http:\/\/www.pro-vo.at\/wp-content\/uploads\/2017\/09\/wsch1.jpg\" data-rel=\"lightbox-gallery-voFMRawG\" data-rl_title=\"wsch1\" data-rl_caption=\"\" title=\"wsch1\"><img loading=\"lazy\" decoding=\"async\" class=\"alignnone size-thumbnail wp-image-1133\" src=\"http:\/\/www.pro-vo.at\/wp-content\/uploads\/2017\/09\/wsch1-150x150.jpg\" alt=\"\" width=\"150\" height=\"150\" \/><\/a> <a href=\"http:\/\/www.pro-vo.at\/wp-content\/uploads\/2017\/09\/wsch2.jpg\" data-rel=\"lightbox-gallery-voFMRawG\" data-rl_title=\"wsch2\" data-rl_caption=\"\" title=\"wsch2\"><img loading=\"lazy\" decoding=\"async\" class=\"alignnone size-thumbnail wp-image-1134\" src=\"http:\/\/www.pro-vo.at\/wp-content\/uploads\/2017\/09\/wsch2-150x150.jpg\" alt=\"\" width=\"150\" height=\"150\" \/><\/a> <a href=\"http:\/\/www.pro-vo.at\/wp-content\/uploads\/2017\/09\/wsch3.jpg\" data-rel=\"lightbox-gallery-voFMRawG\" data-rl_title=\"wsch3\" data-rl_caption=\"\" title=\"wsch3\"><img loading=\"lazy\" decoding=\"async\" class=\"alignnone size-thumbnail wp-image-1135\" src=\"http:\/\/www.pro-vo.at\/wp-content\/uploads\/2017\/09\/wsch3-150x150.jpg\" alt=\"\" width=\"150\" height=\"150\" \/><\/a> <a href=\"http:\/\/www.pro-vo.at\/wp-content\/uploads\/2017\/09\/wsch4.jpg\" data-rel=\"lightbox-gallery-voFMRawG\" data-rl_title=\"wsch4\" data-rl_caption=\"\" title=\"wsch4\"><img loading=\"lazy\" decoding=\"async\" class=\"alignnone size-thumbnail wp-image-1136\" src=\"http:\/\/www.pro-vo.at\/wp-content\/uploads\/2017\/09\/wsch4-150x150.jpg\" alt=\"\" width=\"150\" height=\"150\" \/><\/a> <a href=\"http:\/\/www.pro-vo.at\/wp-content\/uploads\/2017\/09\/wsch5.jpg\" data-rel=\"lightbox-gallery-voFMRawG\" data-rl_title=\"wsch5\" data-rl_caption=\"\" title=\"wsch5\"><img loading=\"lazy\" decoding=\"async\" class=\"alignnone size-thumbnail wp-image-1137\" src=\"http:\/\/www.pro-vo.at\/wp-content\/uploads\/2017\/09\/wsch5-150x150.jpg\" alt=\"\" width=\"150\" height=\"150\" \/><\/a> <a href=\"http:\/\/www.pro-vo.at\/wp-content\/uploads\/2017\/09\/wsch6.jpg\" data-rel=\"lightbox-gallery-voFMRawG\" data-rl_title=\"wsch6\" data-rl_caption=\"\" title=\"wsch6\"><img loading=\"lazy\" decoding=\"async\" class=\"alignnone size-thumbnail wp-image-1138\" src=\"http:\/\/www.pro-vo.at\/wp-content\/uploads\/2017\/09\/wsch6-150x150.jpg\" alt=\"\" width=\"150\" height=\"150\" \/><\/a><\/p>\n<p>&nbsp;<\/p>\n<p>Waltraut Scherer wurde 1940 in Storkow\/Mark Brandenburg (Deutschland) geboren und lebt seit 1961 in Wien.<br \/>\nDie K\u00fcnstlerin ist verheiratet und hat vier Kinder.<br \/>\nSeit 1995 besch\u00e4ftigt sich Waltraut Scherer intensiv mit der Malerei.<br \/>\nAls Mentor erwies sich Herr Prof. Fritz Martinz, indem er die K\u00fcnstlerin ermutigte, den Weg der Malerei fortzusetzen .<br \/>\nWaltraut Scherer bevorzugt die Pastelltechnik, aber auch die \u00d6lmalerei nimmt einen immer breiteren Raum in ihrem Wirken ein<\/p>\n<p>Bisherige Ausstellungen:<br \/>\nBelvedereschl\u00f6ssl Stockerau<br \/>\nGross-Engersdorf<br \/>\nMuseumsdorf Niedersulz<br \/>\nDie Ausstellung in der Pro-Vokation wurde durch Mag. Boris Koller er\u00f6ffnet<\/p>\n<p><a href=\"http:\/\/www.pro-vo.at\/index.php\/chronik\/\">Zur\u00fcck zur Chronik<\/a><\/p>\n","protected":false},"excerpt":{"rendered":"<p>Waltraut Scherer &#8222;Alles Farbe&#8220; &nbsp; Waltraut Scherer wurde 1940 in Storkow\/Mark Brandenburg (Deutschland) geboren und lebt seit 1961 in Wien. Die K\u00fcnstlerin ist verheiratet und hat vier Kinder. Seit 1995 besch\u00e4ftigt sich Waltraut Scherer intensiv mit der Malerei. Als Mentor erwies sich Herr Prof. Fritz Martinz, indem er die K\u00fcnstlerin ermutigte, den Weg der Malerei &#8230; <a title=\"Waltraut Scherer\" class=\"read-more\" href=\"https:\/\/www.pro-vo.at\/index.php\/chronik\/waltraut-scherer\/\" aria-label=\"Mehr Informationen \u00fcber Waltraut Scherer\">Weiterlesen<\/a><\/p>\n","protected":false},"author":1,"featured_media":0,"parent":28,"menu_order":0,"comment_status":"closed","ping_status":"closed","template":"","meta":{"footnotes":""},"class_list":["post-1130","page","type-page","status-publish"],"_links":{"self":[{"href":"https:\/\/www.pro-vo.at\/index.php\/wp-json\/wp\/v2\/pages\/1130","targetHints":{"allow":["GET"]}}],"collection":[{"href":"https:\/\/www.pro-vo.at\/index.php\/wp-json\/wp\/v2\/pages"}],"about":[{"href":"https:\/\/www.pro-vo.at\/index.php\/wp-json\/wp\/v2\/types\/page"}],"author":[{"embeddable":true,"href":"https:\/\/www.pro-vo.at\/index.php\/wp-json\/wp\/v2\/users\/1"}],"replies":[{"embeddable":true,"href":"https:\/\/www.pro-vo.at\/index.php\/wp-json\/wp\/v2\/comments?post=1130"}],"version-history":[{"count":1,"href":"https:\/\/www.pro-vo.at\/index.php\/wp-json\/wp\/v2\/pages\/1130\/revisions"}],"predecessor-version":[{"id":1140,"href":"https:\/\/www.pro-vo.at\/index.php\/wp-json\/wp\/v2\/pages\/1130\/revisions\/1140"}],"up":[{"embeddable":true,"href":"https:\/\/www.pro-vo.at\/index.php\/wp-json\/wp\/v2\/pages\/28"}],"wp:attachment":[{"href":"https:\/\/www.pro-vo.at\/index.php\/wp-json\/wp\/v2\/media?parent=1130"}],"curies":[{"name":"wp","href":"https:\/\/api.w.org\/{rel}","templated":true}]}}