{"id":1117,"date":"2017-09-24T16:27:57","date_gmt":"2017-09-24T16:27:57","guid":{"rendered":"http:\/\/www.pro-vo.at\/?page_id=1117"},"modified":"2017-09-24T16:28:22","modified_gmt":"2017-09-24T16:28:22","slug":"muteber-wurm-die-frau-im-wiener-kaffeehaus","status":"publish","type":"page","link":"https:\/\/www.pro-vo.at\/index.php\/chronik\/muteber-wurm-die-frau-im-wiener-kaffeehaus\/","title":{"rendered":"Muteber Wurm &#8211; Die Frau im Wiener Kaffeehaus"},"content":{"rendered":"<h1>Muteber Wurm &#8211; Die Frau im Wiener Kaffeehaus<\/h1>\n<p><a href=\"http:\/\/www.pro-vo.at\/wp-content\/uploads\/2017\/09\/ej.jpg\" data-rel=\"lightbox-gallery-Jsze1gcX\" data-rl_title=\"ej\" data-rl_caption=\"\" title=\"ej\"><img loading=\"lazy\" decoding=\"async\" class=\"alignnone size-thumbnail wp-image-1118\" src=\"http:\/\/www.pro-vo.at\/wp-content\/uploads\/2017\/09\/ej-150x150.jpg\" alt=\"\" width=\"150\" height=\"150\" \/><\/a> <a href=\"http:\/\/www.pro-vo.at\/wp-content\/uploads\/2017\/09\/FrauimKaffeehaus.jpg\" data-rel=\"lightbox-gallery-Jsze1gcX\" data-rl_title=\"FrauimKaffeehaus\" data-rl_caption=\"\" title=\"FrauimKaffeehaus\"><img loading=\"lazy\" decoding=\"async\" class=\"alignnone size-thumbnail wp-image-1119\" src=\"http:\/\/www.pro-vo.at\/wp-content\/uploads\/2017\/09\/FrauimKaffeehaus-150x150.jpg\" alt=\"\" width=\"150\" height=\"150\" \/><\/a> <a href=\"http:\/\/www.pro-vo.at\/wp-content\/uploads\/2017\/09\/Helgard.jpg\" data-rel=\"lightbox-gallery-Jsze1gcX\" data-rl_title=\"Helgard\" data-rl_caption=\"\" title=\"Helgard\"><img loading=\"lazy\" decoding=\"async\" class=\"alignnone size-thumbnail wp-image-1120\" src=\"http:\/\/www.pro-vo.at\/wp-content\/uploads\/2017\/09\/Helgard-150x150.jpg\" alt=\"\" width=\"150\" height=\"150\" \/><\/a> <a href=\"http:\/\/www.pro-vo.at\/wp-content\/uploads\/2017\/09\/Kleines.jpg\" data-rel=\"lightbox-gallery-Jsze1gcX\" data-rl_title=\"Kleines\" data-rl_caption=\"\" title=\"Kleines\"><img loading=\"lazy\" decoding=\"async\" class=\"alignnone size-thumbnail wp-image-1121\" src=\"http:\/\/www.pro-vo.at\/wp-content\/uploads\/2017\/09\/Kleines-150x150.jpg\" alt=\"\" width=\"150\" height=\"150\" \/><\/a> <a href=\"http:\/\/www.pro-vo.at\/wp-content\/uploads\/2017\/09\/LaudatioMuteber.jpg\" data-rel=\"lightbox-gallery-Jsze1gcX\" data-rl_title=\"LaudatioMuteber\" data-rl_caption=\"\" title=\"LaudatioMuteber\"><img loading=\"lazy\" decoding=\"async\" class=\"alignnone size-thumbnail wp-image-1122\" src=\"http:\/\/www.pro-vo.at\/wp-content\/uploads\/2017\/09\/LaudatioMuteber-150x150.jpg\" alt=\"\" width=\"150\" height=\"150\" \/><\/a> <a href=\"http:\/\/www.pro-vo.at\/wp-content\/uploads\/2017\/09\/MutebersSohn.jpg\" data-rel=\"lightbox-gallery-Jsze1gcX\" data-rl_title=\"MutebersSohn\" data-rl_caption=\"\" title=\"MutebersSohn\"><img loading=\"lazy\" decoding=\"async\" class=\"alignnone size-thumbnail wp-image-1123\" src=\"http:\/\/www.pro-vo.at\/wp-content\/uploads\/2017\/09\/MutebersSohn-150x150.jpg\" alt=\"\" width=\"150\" height=\"150\" \/><\/a> <a href=\"http:\/\/www.pro-vo.at\/wp-content\/uploads\/2017\/09\/MuteberundDrPrammer.jpg\" data-rel=\"lightbox-gallery-Jsze1gcX\" data-rl_title=\"MuteberundDrPrammer\" data-rl_caption=\"\" title=\"MuteberundDrPrammer\"><img loading=\"lazy\" decoding=\"async\" class=\"alignnone size-thumbnail wp-image-1124\" src=\"http:\/\/www.pro-vo.at\/wp-content\/uploads\/2017\/09\/MuteberundDrPrammer-150x150.jpg\" alt=\"\" width=\"150\" height=\"150\" \/><\/a> <a href=\"http:\/\/www.pro-vo.at\/wp-content\/uploads\/2017\/09\/NachderVernissage.jpg\" data-rel=\"lightbox-gallery-Jsze1gcX\" data-rl_title=\"NachderVernissage\" data-rl_caption=\"\" title=\"NachderVernissage\"><img loading=\"lazy\" decoding=\"async\" class=\"alignnone size-thumbnail wp-image-1125\" src=\"http:\/\/www.pro-vo.at\/wp-content\/uploads\/2017\/09\/NachderVernissage-150x150.jpg\" alt=\"\" width=\"150\" height=\"150\" \/><\/a> <a href=\"http:\/\/www.pro-vo.at\/wp-content\/uploads\/2017\/09\/TrioVernissageMuteber.jpg\" data-rel=\"lightbox-gallery-Jsze1gcX\" data-rl_title=\"TrioVernissageMuteber\" data-rl_caption=\"\" title=\"TrioVernissageMuteber\"><img loading=\"lazy\" decoding=\"async\" class=\"alignnone size-thumbnail wp-image-1126\" src=\"http:\/\/www.pro-vo.at\/wp-content\/uploads\/2017\/09\/TrioVernissageMuteber-150x150.jpg\" alt=\"\" width=\"150\" height=\"150\" \/><\/a> <a href=\"http:\/\/www.pro-vo.at\/wp-content\/uploads\/2017\/09\/VondenStufen.jpg\" data-rel=\"lightbox-gallery-Jsze1gcX\" data-rl_title=\"VondenStufen\" data-rl_caption=\"\" title=\"VondenStufen\"><img loading=\"lazy\" decoding=\"async\" class=\"alignnone size-thumbnail wp-image-1127\" src=\"http:\/\/www.pro-vo.at\/wp-content\/uploads\/2017\/09\/VondenStufen-150x150.jpg\" alt=\"\" width=\"150\" height=\"150\" \/><\/a><\/p>\n<p>Mag. Muteber Wurm<br \/>\nDie akademische Malerin pr\u00e4sentierte 21 Bilder zum Thema: &#8222;Die Frau im Wiener Kaffeehaus&#8220;. Dabei zeigte die K\u00fcnstlerin, dass das Kaffeehaus immer schon ein gesellschaftlicher Treffpunkt war, obwohl dies selten \u00f6ffentlich dokumentiert wurde.<\/p>\n<p>Frauen aus den unterschiedlichsten Epochen treffen in den Bildern aufeinander, ganz bewusst f\u00fcgt sich die Malerin selbst in die Bilder ein. L\u00e4sst heute lebende K\u00fcnstlerinnen, Architektinnen, Politikerinnen, die alten Damen aus Hietzing, neben l\u00e4ngst verstorbenen Pers\u00f6nlichkeiten Platz nehmen.<\/p>\n<p>Das Ergebnis ist ein Bilderzyklus, der dokumentarisch und gleichzeitig k\u00fcnstlerisch verfremdet, einen Blick auf die Wiener Institution Kaffeehaus zul\u00e4sst.<\/p>\n<p>Vernissage: Freitag, 19. Oktober 2001<\/p>\n<p><a href=\"http:\/\/www.pro-vo.at\/index.php\/chronik\/\">Zur\u00fcck zur Chronik<\/a><\/p>\n","protected":false},"excerpt":{"rendered":"<p>Muteber Wurm &#8211; Die Frau im Wiener Kaffeehaus Mag. Muteber Wurm Die akademische Malerin pr\u00e4sentierte 21 Bilder zum Thema: &#8222;Die Frau im Wiener Kaffeehaus&#8220;. Dabei zeigte die K\u00fcnstlerin, dass das Kaffeehaus immer schon ein gesellschaftlicher Treffpunkt war, obwohl dies selten \u00f6ffentlich dokumentiert wurde. Frauen aus den unterschiedlichsten Epochen treffen in den Bildern aufeinander, ganz bewusst &#8230; <a title=\"Muteber Wurm &#8211; Die Frau im Wiener Kaffeehaus\" class=\"read-more\" href=\"https:\/\/www.pro-vo.at\/index.php\/chronik\/muteber-wurm-die-frau-im-wiener-kaffeehaus\/\" aria-label=\"Mehr Informationen \u00fcber Muteber Wurm &#8211; Die Frau im Wiener Kaffeehaus\">Weiterlesen<\/a><\/p>\n","protected":false},"author":1,"featured_media":0,"parent":28,"menu_order":0,"comment_status":"closed","ping_status":"closed","template":"","meta":{"footnotes":""},"class_list":["post-1117","page","type-page","status-publish"],"_links":{"self":[{"href":"https:\/\/www.pro-vo.at\/index.php\/wp-json\/wp\/v2\/pages\/1117","targetHints":{"allow":["GET"]}}],"collection":[{"href":"https:\/\/www.pro-vo.at\/index.php\/wp-json\/wp\/v2\/pages"}],"about":[{"href":"https:\/\/www.pro-vo.at\/index.php\/wp-json\/wp\/v2\/types\/page"}],"author":[{"embeddable":true,"href":"https:\/\/www.pro-vo.at\/index.php\/wp-json\/wp\/v2\/users\/1"}],"replies":[{"embeddable":true,"href":"https:\/\/www.pro-vo.at\/index.php\/wp-json\/wp\/v2\/comments?post=1117"}],"version-history":[{"count":1,"href":"https:\/\/www.pro-vo.at\/index.php\/wp-json\/wp\/v2\/pages\/1117\/revisions"}],"predecessor-version":[{"id":1128,"href":"https:\/\/www.pro-vo.at\/index.php\/wp-json\/wp\/v2\/pages\/1117\/revisions\/1128"}],"up":[{"embeddable":true,"href":"https:\/\/www.pro-vo.at\/index.php\/wp-json\/wp\/v2\/pages\/28"}],"wp:attachment":[{"href":"https:\/\/www.pro-vo.at\/index.php\/wp-json\/wp\/v2\/media?parent=1117"}],"curies":[{"name":"wp","href":"https:\/\/api.w.org\/{rel}","templated":true}]}}