{"id":1100,"date":"2017-09-24T16:17:44","date_gmt":"2017-09-24T16:17:44","guid":{"rendered":"http:\/\/www.pro-vo.at\/?page_id=1100"},"modified":"2017-09-24T16:19:33","modified_gmt":"2017-09-24T16:19:33","slug":"salt-ministries","status":"publish","type":"page","link":"https:\/\/www.pro-vo.at\/index.php\/chronik\/salt-ministries\/","title":{"rendered":"Salt Ministries"},"content":{"rendered":"<h1>Konzert Salt Ministries<\/h1>\n<p><a href=\"http:\/\/www.pro-vo.at\/wp-content\/uploads\/2017\/09\/SM2.jpg\" data-rel=\"lightbox-gallery-3PRiOE9l\" data-rl_title=\"SM2\" data-rl_caption=\"\" title=\"SM2\"><img loading=\"lazy\" decoding=\"async\" class=\"alignnone size-thumbnail wp-image-1102\" src=\"http:\/\/www.pro-vo.at\/wp-content\/uploads\/2017\/09\/SM2-150x150.jpg\" alt=\"\" width=\"150\" height=\"150\" \/><\/a> <a href=\"http:\/\/www.pro-vo.at\/wp-content\/uploads\/2017\/09\/SM3.jpg\" data-rel=\"lightbox-gallery-3PRiOE9l\" data-rl_title=\"SM3\" data-rl_caption=\"\" title=\"SM3\"><img loading=\"lazy\" decoding=\"async\" class=\"alignnone size-thumbnail wp-image-1103\" src=\"http:\/\/www.pro-vo.at\/wp-content\/uploads\/2017\/09\/SM3-150x150.jpg\" alt=\"\" width=\"150\" height=\"150\" \/><\/a> <a href=\"http:\/\/www.pro-vo.at\/wp-content\/uploads\/2017\/09\/SM4.jpg\" data-rel=\"lightbox-gallery-3PRiOE9l\" data-rl_title=\"SM4\" data-rl_caption=\"\" title=\"SM4\"><img loading=\"lazy\" decoding=\"async\" class=\"alignnone size-thumbnail wp-image-1104\" src=\"http:\/\/www.pro-vo.at\/wp-content\/uploads\/2017\/09\/SM4-150x150.jpg\" alt=\"\" width=\"150\" height=\"150\" \/><\/a> <a href=\"http:\/\/www.pro-vo.at\/wp-content\/uploads\/2017\/09\/SM1.jpg\" data-rel=\"lightbox-gallery-3PRiOE9l\" data-rl_title=\"SM1\" data-rl_caption=\"\" title=\"SM1\"><img loading=\"lazy\" decoding=\"async\" class=\"alignnone size-thumbnail wp-image-1105\" src=\"http:\/\/www.pro-vo.at\/wp-content\/uploads\/2017\/09\/SM1-150x150.jpg\" alt=\"\" width=\"150\" height=\"150\" \/><\/a><\/p>\n<p>Konzert mit &#8222;Salt Ministries&#8220; am 21. September 2001<\/p>\n<p>Salt ministries ist ein Musikprojekt mit den verschiedensten Einfl\u00fcssen<br \/>\nwie z. B. Reggae, Pop, Rock, &#8230;<br \/>\nDie Musiker greifen in ihren Liedern, zum Gro\u00dfteil mit deutschen Texten,<br \/>\nchristliche Themen auf.<br \/>\nBasierend auf ihren Glauben werden auch &#8222;hei\u00dfe&#8220; Inhalte<br \/>\nvon den K\u00fcnstlern musikalisch umgesetzt.<br \/>\nEs lohnt sich, Salt ministries einmal geh\u00f6rt zu haben,<br \/>\ndie Musik und die Texte bleiben lange in Erinnerung.<\/p>\n<p><a href=\"http:\/\/www.pro-vo.at\/index.php\/chronik\/\">Zur\u00fcck zur Chronik<\/a><\/p>\n","protected":false},"excerpt":{"rendered":"<p>Konzert Salt Ministries Konzert mit &#8222;Salt Ministries&#8220; am 21. September 2001 Salt ministries ist ein Musikprojekt mit den verschiedensten Einfl\u00fcssen wie z. B. Reggae, Pop, Rock, &#8230; Die Musiker greifen in ihren Liedern, zum Gro\u00dfteil mit deutschen Texten, christliche Themen auf. Basierend auf ihren Glauben werden auch &#8222;hei\u00dfe&#8220; Inhalte von den K\u00fcnstlern musikalisch umgesetzt. Es &#8230; <a title=\"Salt Ministries\" class=\"read-more\" href=\"https:\/\/www.pro-vo.at\/index.php\/chronik\/salt-ministries\/\" aria-label=\"Mehr Informationen \u00fcber Salt Ministries\">Weiterlesen<\/a><\/p>\n","protected":false},"author":1,"featured_media":0,"parent":28,"menu_order":0,"comment_status":"closed","ping_status":"closed","template":"","meta":{"footnotes":""},"class_list":["post-1100","page","type-page","status-publish"],"_links":{"self":[{"href":"https:\/\/www.pro-vo.at\/index.php\/wp-json\/wp\/v2\/pages\/1100","targetHints":{"allow":["GET"]}}],"collection":[{"href":"https:\/\/www.pro-vo.at\/index.php\/wp-json\/wp\/v2\/pages"}],"about":[{"href":"https:\/\/www.pro-vo.at\/index.php\/wp-json\/wp\/v2\/types\/page"}],"author":[{"embeddable":true,"href":"https:\/\/www.pro-vo.at\/index.php\/wp-json\/wp\/v2\/users\/1"}],"replies":[{"embeddable":true,"href":"https:\/\/www.pro-vo.at\/index.php\/wp-json\/wp\/v2\/comments?post=1100"}],"version-history":[{"count":2,"href":"https:\/\/www.pro-vo.at\/index.php\/wp-json\/wp\/v2\/pages\/1100\/revisions"}],"predecessor-version":[{"id":1106,"href":"https:\/\/www.pro-vo.at\/index.php\/wp-json\/wp\/v2\/pages\/1100\/revisions\/1106"}],"up":[{"embeddable":true,"href":"https:\/\/www.pro-vo.at\/index.php\/wp-json\/wp\/v2\/pages\/28"}],"wp:attachment":[{"href":"https:\/\/www.pro-vo.at\/index.php\/wp-json\/wp\/v2\/media?parent=1100"}],"curies":[{"name":"wp","href":"https:\/\/api.w.org\/{rel}","templated":true}]}}