{"id":1019,"date":"2017-09-19T17:47:42","date_gmt":"2017-09-19T17:47:42","guid":{"rendered":"http:\/\/www.pro-vo.at\/?page_id=1019"},"modified":"2017-09-23T09:30:13","modified_gmt":"2017-09-23T09:30:13","slug":"vernissage-hellfried-boehm","status":"publish","type":"page","link":"https:\/\/www.pro-vo.at\/index.php\/chronik\/vernissage-hellfried-boehm\/","title":{"rendered":"Vernissage Hellfried B\u00f6hm"},"content":{"rendered":"<h1>Vernissage Hellfried B\u00f6hm<\/h1>\n<figure id=\"attachment_1031\" aria-describedby=\"caption-attachment-1031\" style=\"width: 140px\" class=\"wp-caption alignleft\"><a href=\"http:\/\/www.pro-vo.at\/wp-content\/uploads\/2017\/09\/vor1_hb.jpg\" rel=\"attachment wp-att-1031\" data-rel=\"lightbox-gallery-iiLXoKBS\" data-rl_title=\"vor1_hb\" data-rl_caption=\"\" title=\"vor1_hb\"><img loading=\"lazy\" decoding=\"async\" class=\"wp-image-1031 size-thumbnail\" src=\"http:\/\/www.pro-vo.at\/wp-content\/uploads\/2017\/09\/vor1_hb-150x150.jpg\" alt=\"\" width=\"150\" height=\"150\" \/><\/a><figcaption id=\"caption-attachment-1031\" class=\"wp-caption-text\">Helfried B\u00f6hm 01<\/figcaption><\/figure>\n<figure id=\"attachment_1022\" aria-describedby=\"caption-attachment-1022\" style=\"width: 140px\" class=\"wp-caption alignleft\"><a href=\"http:\/\/www.pro-vo.at\/wp-content\/uploads\/2017\/09\/vor2_hb.jpg\" data-rel=\"lightbox-gallery-iiLXoKBS\" data-rl_title=\"vor2_hb\" data-rl_caption=\"\" title=\"vor2_hb\"><img loading=\"lazy\" decoding=\"async\" class=\"wp-image-1022 size-thumbnail\" src=\"http:\/\/www.pro-vo.at\/wp-content\/uploads\/2017\/09\/vor2_hb-150x150.jpg\" alt=\"\" width=\"150\" height=\"150\" \/><\/a><figcaption id=\"caption-attachment-1022\" class=\"wp-caption-text\">Helfried B\u00f6hm 02<\/figcaption><\/figure>\n<p>&nbsp;<\/p>\n<p>&nbsp;<\/p>\n<p>&nbsp;<\/p>\n<p>&nbsp;<\/p>\n<p>&nbsp;<\/p>\n<p>&nbsp;<\/p>\n<p>Vernissage 8. Juni 2001<br \/>\nPhotophantasien<br \/>\nDer K\u00fcnstler wurde 1942 in Graz geboren und wuchs in einer<\/p>\n<p>Photographenfamilie auf.<br \/>\nIm Alter von 17 Jahren gewann er zum ersten Mal einen Photowettbewerb.<br \/>\nVon 1971 bis 1997 lebte Hellfried B\u00f6hm in Indien, Rum\u00e4nien, Peru, \u00c4gypten und Mexiko.<br \/>\nSeine Photos erschienen in einem Buch \u00fcber Peru (1982) und Mexiko (1996) sowie in zahlreichen Zeitschriften.<br \/>\nSeit 1999 besch\u00e4ftigt sich Hellfried B\u00f6hm mit Photomalerei und Photo\u00fcberarbeitungen.<br \/>\nAusstellungen:<br \/>\n1995 Mexiko Stadt &#8211; Kunstforum Plaza Loretto<br \/>\n1996 Mexiko Stadt &#8211; Presseklub<br \/>\n1997 Teilnahme an der 8. Photobiennale in Mexiko<br \/>\n1998 Wien &#8211; Kulturinstitut der mexikanischen Botschaft<br \/>\n1998 Wien Stammersdorf &#8211; Galerie am Weinkeller<br \/>\n1998 Teilnahme am World Press Photowettbewerb<br \/>\n2000 Wien &#8211; Kulturinstitut der mexikanischen Botschaft<br \/>\n2001 Wien &#8211; Pro-Vokation<\/p>\n<p>&nbsp;<\/p>\n<p>&nbsp;<\/p>\n<p><a href=\"http:\/\/www.pro-vo.at\/wp-content\/uploads\/2017\/09\/vor_hb4.jpg\" data-rel=\"lightbox-gallery-iiLXoKBS\" data-rl_title=\"vor_hb4\" data-rl_caption=\"\"><img loading=\"lazy\" decoding=\"async\" class=\"alignnone wp-image-1025 size-thumbnail\" title=\"vor_hb4\" src=\"http:\/\/www.pro-vo.at\/wp-content\/uploads\/2017\/09\/vor_hb4-150x150.jpg\" alt=\"\" width=\"150\" height=\"150\" \/><\/a> <a href=\"http:\/\/www.pro-vo.at\/wp-content\/uploads\/2017\/09\/vor_hb5.jpg\" data-rel=\"lightbox-gallery-iiLXoKBS\" data-rl_title=\"vor_hb5\" data-rl_caption=\"\" title=\"vor_hb5\"><img loading=\"lazy\" decoding=\"async\" class=\"alignnone wp-image-1026 size-thumbnail\" src=\"http:\/\/www.pro-vo.at\/wp-content\/uploads\/2017\/09\/vor_hb5-150x150.jpg\" alt=\"\" width=\"150\" height=\"150\" \/><\/a> <a href=\"http:\/\/www.pro-vo.at\/wp-content\/uploads\/2017\/09\/vor_hb7.jpg\" data-rel=\"lightbox-gallery-iiLXoKBS\" data-rl_title=\"vor_hb7\" data-rl_caption=\"\" title=\"vor_hb7\"><img loading=\"lazy\" decoding=\"async\" class=\"alignnone wp-image-1028 size-thumbnail\" src=\"http:\/\/www.pro-vo.at\/wp-content\/uploads\/2017\/09\/vor_hb7-150x150.jpg\" alt=\"\" width=\"150\" height=\"150\" \/><\/a>\u00a0<a href=\"http:\/\/www.pro-vo.at\/wp-content\/uploads\/2017\/09\/vor_hb8.jpg\" data-rel=\"lightbox-gallery-iiLXoKBS\" data-rl_title=\"vor_hb8\" data-rl_caption=\"\" title=\"vor_hb8\"><img loading=\"lazy\" decoding=\"async\" class=\"alignnone wp-image-1029 size-thumbnail\" src=\"http:\/\/www.pro-vo.at\/wp-content\/uploads\/2017\/09\/vor_hb8-150x150.jpg\" alt=\"\" width=\"150\" height=\"150\" \/><\/a> <a href=\"http:\/\/www.pro-vo.at\/wp-content\/uploads\/2017\/09\/vor_hb9.jpg\" data-rel=\"lightbox-gallery-iiLXoKBS\" data-rl_title=\"vor_hb9\" data-rl_caption=\"\" title=\"vor_hb9\"><img loading=\"lazy\" decoding=\"async\" class=\"alignnone wp-image-1030 size-thumbnail\" src=\"http:\/\/www.pro-vo.at\/wp-content\/uploads\/2017\/09\/vor_hb9-150x150.jpg\" alt=\"\" width=\"150\" height=\"150\" \/>\u00a0<\/a><a href=\"http:\/\/www.pro-vo.at\/wp-content\/uploads\/2017\/09\/vor_hb6.jpg\" data-rel=\"lightbox-gallery-iiLXoKBS\" data-rl_title=\"vor_hb6\" data-rl_caption=\"\" title=\"vor_hb6\"><img loading=\"lazy\" decoding=\"async\" class=\"alignnone wp-image-1027 size-thumbnail\" src=\"http:\/\/www.pro-vo.at\/wp-content\/uploads\/2017\/09\/vor_hb6-150x150.jpg\" alt=\"\" width=\"150\" height=\"150\" \/><\/a> <a href=\"http:\/\/www.pro-vo.at\/wp-content\/uploads\/2017\/09\/vor_hb3.jpg\" data-rel=\"lightbox-gallery-iiLXoKBS\" data-rl_title=\"vor_hb3\" data-rl_caption=\"\" title=\"vor_hb3\"><img loading=\"lazy\" decoding=\"async\" class=\"alignnone wp-image-1024 size-thumbnail\" src=\"http:\/\/www.pro-vo.at\/wp-content\/uploads\/2017\/09\/vor_hb3-150x150.jpg\" alt=\"\" width=\"150\" height=\"150\" \/>\u00a0<\/a><a href=\"http:\/\/www.pro-vo.at\/wp-content\/uploads\/2017\/09\/vor_hb2.jpg\" data-rel=\"lightbox-gallery-iiLXoKBS\" data-rl_title=\"vor_hb2\" data-rl_caption=\"\" title=\"vor_hb2\"><img loading=\"lazy\" decoding=\"async\" class=\"alignnone wp-image-1023 size-thumbnail\" src=\"http:\/\/www.pro-vo.at\/wp-content\/uploads\/2017\/09\/vor_hb2-150x150.jpg\" alt=\"\" width=\"150\" height=\"150\" \/><\/a>\u00a0<a href=\"http:\/\/www.pro-vo.at\/wp-content\/uploads\/2017\/09\/vor_hb1.jpg\" data-rel=\"lightbox-gallery-iiLXoKBS\" data-rl_title=\"vor_hb1\" data-rl_caption=\"\" title=\"vor_hb1\"><img loading=\"lazy\" decoding=\"async\" class=\"alignnone wp-image-1021 size-thumbnail\" src=\"http:\/\/www.pro-vo.at\/wp-content\/uploads\/2017\/09\/vor_hb1-150x150.jpg\" alt=\"\" width=\"150\" height=\"150\" \/><\/a><\/p>\n","protected":false},"excerpt":{"rendered":"<p>Vernissage Hellfried B\u00f6hm &nbsp; &nbsp; &nbsp; &nbsp; &nbsp; &nbsp; Vernissage 8. Juni 2001 Photophantasien Der K\u00fcnstler wurde 1942 in Graz geboren und wuchs in einer Photographenfamilie auf. Im Alter von 17 Jahren gewann er zum ersten Mal einen Photowettbewerb. Von 1971 bis 1997 lebte Hellfried B\u00f6hm in Indien, Rum\u00e4nien, Peru, \u00c4gypten und Mexiko. Seine Photos &#8230; <a title=\"Vernissage Hellfried B\u00f6hm\" class=\"read-more\" href=\"https:\/\/www.pro-vo.at\/index.php\/chronik\/vernissage-hellfried-boehm\/\" aria-label=\"Mehr Informationen \u00fcber Vernissage Hellfried B\u00f6hm\">Weiterlesen<\/a><\/p>\n","protected":false},"author":1,"featured_media":0,"parent":28,"menu_order":0,"comment_status":"closed","ping_status":"closed","template":"","meta":{"footnotes":""},"class_list":["post-1019","page","type-page","status-publish"],"_links":{"self":[{"href":"https:\/\/www.pro-vo.at\/index.php\/wp-json\/wp\/v2\/pages\/1019","targetHints":{"allow":["GET"]}}],"collection":[{"href":"https:\/\/www.pro-vo.at\/index.php\/wp-json\/wp\/v2\/pages"}],"about":[{"href":"https:\/\/www.pro-vo.at\/index.php\/wp-json\/wp\/v2\/types\/page"}],"author":[{"embeddable":true,"href":"https:\/\/www.pro-vo.at\/index.php\/wp-json\/wp\/v2\/users\/1"}],"replies":[{"embeddable":true,"href":"https:\/\/www.pro-vo.at\/index.php\/wp-json\/wp\/v2\/comments?post=1019"}],"version-history":[{"count":17,"href":"https:\/\/www.pro-vo.at\/index.php\/wp-json\/wp\/v2\/pages\/1019\/revisions"}],"predecessor-version":[{"id":1048,"href":"https:\/\/www.pro-vo.at\/index.php\/wp-json\/wp\/v2\/pages\/1019\/revisions\/1048"}],"up":[{"embeddable":true,"href":"https:\/\/www.pro-vo.at\/index.php\/wp-json\/wp\/v2\/pages\/28"}],"wp:attachment":[{"href":"https:\/\/www.pro-vo.at\/index.php\/wp-json\/wp\/v2\/media?parent=1019"}],"curies":[{"name":"wp","href":"https:\/\/api.w.org\/{rel}","templated":true}]}}